{"id":45943,"date":"2022-01-22T15:17:27","date_gmt":"2022-01-22T14:17:27","guid":{"rendered":"https:\/\/demoweb.info\/sexshop001\/producto\/pup-puppy-play-mascara-con-mordaza\/"},"modified":"2022-01-22T15:17:36","modified_gmt":"2022-01-22T14:17:36","slug":"pup-puppy-play-mascara-con-mordaza","status":"publish","type":"product","link":"https:\/\/demoweb.info\/sexshop001\/producto\/pup-puppy-play-mascara-con-mordaza\/","title":{"rendered":"PUP PUPPY PLAY MASCARA CON MORDAZA"},"content":{"rendered":"<p><strong>PUP PUPPY PLAY HOOD AND GAG<\/strong><\/p>\n<p>Esta m\u00e1scara es ideal para los entusiastas del juego del perrito. Dejando los ojos al descubierto para que su cachorro vea todo lo que haces, esta m\u00e1scara tambi\u00e9n sirve como mordaza con bola transpirable y extra\u00edble.<\/p>\n<p>Dise\u00f1ado para un ajuste c\u00f3modo y restrictivo, cada una de las tres correas es ajustable para que pueda adaptarse a todos los tama\u00f1os.<\/p>\n","protected":false},"excerpt":{"rendered":"<p>PUP PUPPY PLAY HOOD AND GAG Esta m\u00e1scara es ideal para los entusiastas del juego del perrito. Dejando los ojos<\/p>\n","protected":false},"featured_media":45944,"comment_status":"open","ping_status":"open","template":"","meta":[],"product_cat":[287],"product_tag":[463,274],"class_list":["post-45943","product","type-product","status-publish","has-post-thumbnail","hentry","product_cat-extreme-bdsm","product_tag-master-series","product_tag-xr-brands"],"bundled_by":[],"bundle_stock_status":"outofstock","bundle_stock_quantity":0,"bundle_virtual":false,"bundle_layout":"","bundle_add_to_cart_form_location":"","bundle_editable_in_cart":false,"bundle_sold_individually_context":"","bundle_item_grouping":"","bundle_min_size":"","bundle_max_size":"","bundled_items":[],"yoast_head":"<!-- This site is optimized with the Yoast SEO plugin v20.6 - https:\/\/yoast.com\/wordpress\/plugins\/seo\/ -->\n<title>PUP PUPPY PLAY MASCARA CON MORDAZA - Tienda Er\u00f3tica<\/title>\n<meta name=\"robots\" content=\"noindex, follow, max-snippet:-1, max-image-preview:large, max-video-preview:-1\" \/>\n<meta property=\"og:locale\" content=\"es_ES\" \/>\n<meta property=\"og:type\" content=\"article\" \/>\n<meta property=\"og:title\" content=\"PUP PUPPY PLAY MASCARA CON MORDAZA - Tienda Er\u00f3tica\" \/>\n<meta property=\"og:description\" content=\"PUP PUPPY PLAY HOOD AND GAG Esta m\u00e1scara es ideal para los entusiastas del juego del perrito. Dejando los ojos\" \/>\n<meta property=\"og:url\" content=\"https:\/\/demoweb.info\/sexshop001\/producto\/pup-puppy-play-mascara-con-mordaza\/\" \/>\n<meta property=\"og:site_name\" content=\"Tienda Er\u00f3tica\" \/>\n<meta property=\"article:modified_time\" content=\"2022-01-22T14:17:36+00:00\" \/>\n<meta property=\"og:image\" content=\"https:\/\/demoweb.info\/sexshop001\/wp-content\/uploads\/2022\/01\/PUP-PUPPY-PLAY-MASCARA-CON-MORDAZA.jpg\" \/>\n\t<meta property=\"og:image:width\" content=\"550\" \/>\n\t<meta property=\"og:image:height\" content=\"550\" \/>\n\t<meta property=\"og:image:type\" content=\"image\/jpeg\" \/>\n<meta name=\"twitter:card\" content=\"summary_large_image\" \/>\n<script type=\"application\/ld+json\" class=\"yoast-schema-graph\">{\"@context\":\"https:\/\/schema.org\",\"@graph\":[{\"@type\":\"WebPage\",\"@id\":\"https:\/\/demoweb.info\/sexshop001\/producto\/pup-puppy-play-mascara-con-mordaza\/\",\"url\":\"https:\/\/demoweb.info\/sexshop001\/producto\/pup-puppy-play-mascara-con-mordaza\/\",\"name\":\"PUP PUPPY PLAY MASCARA CON MORDAZA - Tienda Er\u00f3tica\",\"isPartOf\":{\"@id\":\"https:\/\/demoweb.info\/sexshop001\/#website\"},\"datePublished\":\"2022-01-22T14:17:27+00:00\",\"dateModified\":\"2022-01-22T14:17:36+00:00\",\"breadcrumb\":{\"@id\":\"https:\/\/demoweb.info\/sexshop001\/producto\/pup-puppy-play-mascara-con-mordaza\/#breadcrumb\"},\"inLanguage\":\"es\",\"potentialAction\":[{\"@type\":\"ReadAction\",\"target\":[\"https:\/\/demoweb.info\/sexshop001\/producto\/pup-puppy-play-mascara-con-mordaza\/\"]}]},{\"@type\":\"BreadcrumbList\",\"@id\":\"https:\/\/demoweb.info\/sexshop001\/producto\/pup-puppy-play-mascara-con-mordaza\/#breadcrumb\",\"itemListElement\":[{\"@type\":\"ListItem\",\"position\":1,\"name\":\"Portada\",\"item\":\"https:\/\/demoweb.info\/sexshop001\/\"},{\"@type\":\"ListItem\",\"position\":2,\"name\":\"Tienda\",\"item\":\"https:\/\/demoweb.info\/sexshop001\/tienda\/\"},{\"@type\":\"ListItem\",\"position\":3,\"name\":\"PUP PUPPY PLAY MASCARA CON MORDAZA\"}]},{\"@type\":\"WebSite\",\"@id\":\"https:\/\/demoweb.info\/sexshop001\/#website\",\"url\":\"https:\/\/demoweb.info\/sexshop001\/\",\"name\":\"Tienda Er\u00f3tica\",\"description\":\"DEMOWEB SL\",\"potentialAction\":[{\"@type\":\"SearchAction\",\"target\":{\"@type\":\"EntryPoint\",\"urlTemplate\":\"https:\/\/demoweb.info\/sexshop001\/?s={search_term_string}\"},\"query-input\":\"required name=search_term_string\"}],\"inLanguage\":\"es\"}]}<\/script>\n<!-- \/ Yoast SEO plugin. -->","yoast_head_json":{"title":"PUP PUPPY PLAY MASCARA CON MORDAZA - Tienda Er\u00f3tica","robots":{"index":"noindex","follow":"follow","max-snippet":"max-snippet:-1","max-image-preview":"max-image-preview:large","max-video-preview":"max-video-preview:-1"},"og_locale":"es_ES","og_type":"article","og_title":"PUP PUPPY PLAY MASCARA CON MORDAZA - Tienda Er\u00f3tica","og_description":"PUP PUPPY PLAY HOOD AND GAG Esta m\u00e1scara es ideal para los entusiastas del juego del perrito. Dejando los ojos","og_url":"https:\/\/demoweb.info\/sexshop001\/producto\/pup-puppy-play-mascara-con-mordaza\/","og_site_name":"Tienda Er\u00f3tica","article_modified_time":"2022-01-22T14:17:36+00:00","og_image":[{"width":550,"height":550,"url":"https:\/\/demoweb.info\/sexshop001\/wp-content\/uploads\/2022\/01\/PUP-PUPPY-PLAY-MASCARA-CON-MORDAZA.jpg","type":"image\/jpeg"}],"twitter_card":"summary_large_image","schema":{"@context":"https:\/\/schema.org","@graph":[{"@type":"WebPage","@id":"https:\/\/demoweb.info\/sexshop001\/producto\/pup-puppy-play-mascara-con-mordaza\/","url":"https:\/\/demoweb.info\/sexshop001\/producto\/pup-puppy-play-mascara-con-mordaza\/","name":"PUP PUPPY PLAY MASCARA CON MORDAZA - Tienda Er\u00f3tica","isPartOf":{"@id":"https:\/\/demoweb.info\/sexshop001\/#website"},"datePublished":"2022-01-22T14:17:27+00:00","dateModified":"2022-01-22T14:17:36+00:00","breadcrumb":{"@id":"https:\/\/demoweb.info\/sexshop001\/producto\/pup-puppy-play-mascara-con-mordaza\/#breadcrumb"},"inLanguage":"es","potentialAction":[{"@type":"ReadAction","target":["https:\/\/demoweb.info\/sexshop001\/producto\/pup-puppy-play-mascara-con-mordaza\/"]}]},{"@type":"BreadcrumbList","@id":"https:\/\/demoweb.info\/sexshop001\/producto\/pup-puppy-play-mascara-con-mordaza\/#breadcrumb","itemListElement":[{"@type":"ListItem","position":1,"name":"Portada","item":"https:\/\/demoweb.info\/sexshop001\/"},{"@type":"ListItem","position":2,"name":"Tienda","item":"https:\/\/demoweb.info\/sexshop001\/tienda\/"},{"@type":"ListItem","position":3,"name":"PUP PUPPY PLAY MASCARA CON MORDAZA"}]},{"@type":"WebSite","@id":"https:\/\/demoweb.info\/sexshop001\/#website","url":"https:\/\/demoweb.info\/sexshop001\/","name":"Tienda Er\u00f3tica","description":"DEMOWEB SL","potentialAction":[{"@type":"SearchAction","target":{"@type":"EntryPoint","urlTemplate":"https:\/\/demoweb.info\/sexshop001\/?s={search_term_string}"},"query-input":"required name=search_term_string"}],"inLanguage":"es"}]}},"_links":{"self":[{"href":"https:\/\/demoweb.info\/sexshop001\/wp-json\/wp\/v3\/product\/45943","targetHints":{"allow":["GET"]}}],"collection":[{"href":"https:\/\/demoweb.info\/sexshop001\/wp-json\/wp\/v3\/product"}],"about":[{"href":"https:\/\/demoweb.info\/sexshop001\/wp-json\/wp\/v2\/types\/product"}],"replies":[{"embeddable":true,"href":"https:\/\/demoweb.info\/sexshop001\/wp-json\/wp\/v2\/comments?post=45943"}],"wp:featuredmedia":[{"embeddable":true,"href":"https:\/\/demoweb.info\/sexshop001\/wp-json\/wp\/v2\/media\/45944"}],"wp:attachment":[{"href":"https:\/\/demoweb.info\/sexshop001\/wp-json\/wp\/v2\/media?parent=45943"}],"wp:term":[{"taxonomy":"product_cat","embeddable":true,"href":"https:\/\/demoweb.info\/sexshop001\/wp-json\/wp\/v2\/product_cat?post=45943"},{"taxonomy":"product_tag","embeddable":true,"href":"https:\/\/demoweb.info\/sexshop001\/wp-json\/wp\/v2\/product_tag?post=45943"}],"curies":[{"name":"wp","href":"https:\/\/api.w.org\/{rel}","templated":true}]}}