{"id":45925,"date":"2022-01-22T15:17:27","date_gmt":"2022-01-22T14:17:27","guid":{"rendered":"https:\/\/demoweb.info\/sexshop001\/producto\/funda-pene-realistica-con-eyaculacion\/"},"modified":"2022-01-22T15:17:27","modified_gmt":"2022-01-22T14:17:27","slug":"funda-pene-realistica-con-eyaculacion","status":"publish","type":"product","link":"https:\/\/demoweb.info\/sexshop001\/producto\/funda-pene-realistica-con-eyaculacion\/","title":{"rendered":"FUNDA PENE REAL\u00cdSTICA CON EYACULACI\u00d3N"},"content":{"rendered":"<p><strong>REALISTIC EJACULATING PENIS SHEATH<\/strong><\/p>\n<p>Prep\u00e1rese para lo \u00faltimo en la ampliaci\u00f3n del pene instant\u00e1nea y realista con esta funda eyaculadora para el pene. No s\u00f3lo le da mayor longitud y circunferencia con un toque realista tambi\u00e9n permite con unas gotas en la bomba disparar una carga en o sobre su pareja, para un cl\u00edmax explosivo.<\/p>\n<p>Llene la bomba con cualquier l\u00edquido que desees. Puede contener hasta 60 ml por lo que puede soplar carga tras carga hasta que est\u00e9 completamente gastado. El caucho flexible es lo suficientemente el\u00e1stico para adaptarse a la mayor\u00eda de los tama\u00f1os, sin dejar de ser lo suficientemente firme para una penetraci\u00f3n grave.<\/p>\n<p>El interior est\u00e1 forrado con grandes nodos de textura para una mayor sensaci\u00f3n, opresi\u00f3n, y agarre. <\/p>\n<p>Caracter\u00edsticas:<\/p>\n<p>&#8211; Longitud total: 24,1 cm<br \/>\n&#8211; Longitud Insertable: 16,5 cm<br \/>\n&#8211; Di\u00e1metro exterior: 4,4 cm<br \/>\n&#8211; Di\u00e1metro interior (sin estirar): 2,5 cm<br \/>\n&#8211; Material: TPR y Goma<\/p>\n","protected":false},"excerpt":{"rendered":"<p>REALISTIC EJACULATING PENIS SHEATH Prep\u00e1rese para lo \u00faltimo en la ampliaci\u00f3n del pene instant\u00e1nea y realista con esta funda eyaculadora<\/p>\n","protected":false},"featured_media":45926,"comment_status":"open","ping_status":"open","template":"","meta":[],"product_cat":[543],"product_tag":[789,274],"class_list":["post-45925","product","type-product","status-publish","has-post-thumbnail","hentry","product_cat-fundas","product_tag-size-matters","product_tag-xr-brands"],"bundled_by":[],"bundle_stock_status":"outofstock","bundle_stock_quantity":0,"bundle_virtual":false,"bundle_layout":"","bundle_add_to_cart_form_location":"","bundle_editable_in_cart":false,"bundle_sold_individually_context":"","bundle_item_grouping":"","bundle_min_size":"","bundle_max_size":"","bundled_items":[],"yoast_head":"<!-- This site is optimized with the Yoast SEO plugin v20.6 - https:\/\/yoast.com\/wordpress\/plugins\/seo\/ -->\n<title>FUNDA PENE REAL\u00cdSTICA CON EYACULACI\u00d3N - Tienda Er\u00f3tica<\/title>\n<meta name=\"robots\" content=\"noindex, follow, max-snippet:-1, max-image-preview:large, max-video-preview:-1\" \/>\n<meta property=\"og:locale\" content=\"es_ES\" \/>\n<meta property=\"og:type\" content=\"article\" \/>\n<meta property=\"og:title\" content=\"FUNDA PENE REAL\u00cdSTICA CON EYACULACI\u00d3N - Tienda Er\u00f3tica\" \/>\n<meta property=\"og:description\" content=\"REALISTIC EJACULATING PENIS SHEATH Prep\u00e1rese para lo \u00faltimo en la ampliaci\u00f3n del pene instant\u00e1nea y realista con esta funda eyaculadora\" \/>\n<meta property=\"og:url\" content=\"https:\/\/demoweb.info\/sexshop001\/producto\/funda-pene-realistica-con-eyaculacion\/\" \/>\n<meta property=\"og:site_name\" content=\"Tienda Er\u00f3tica\" \/>\n<meta property=\"og:image\" content=\"https:\/\/demoweb.info\/sexshop001\/wp-content\/uploads\/2022\/01\/FUNDA-PENE-REALISTICA-CON-EYACULACION.jpg\" \/>\n\t<meta property=\"og:image:width\" content=\"550\" \/>\n\t<meta property=\"og:image:height\" content=\"550\" \/>\n\t<meta property=\"og:image:type\" content=\"image\/jpeg\" \/>\n<meta name=\"twitter:card\" content=\"summary_large_image\" \/>\n<meta name=\"twitter:label1\" content=\"Tiempo de lectura\" \/>\n\t<meta name=\"twitter:data1\" content=\"1 minuto\" \/>\n<script type=\"application\/ld+json\" class=\"yoast-schema-graph\">{\"@context\":\"https:\/\/schema.org\",\"@graph\":[{\"@type\":\"WebPage\",\"@id\":\"https:\/\/demoweb.info\/sexshop001\/producto\/funda-pene-realistica-con-eyaculacion\/\",\"url\":\"https:\/\/demoweb.info\/sexshop001\/producto\/funda-pene-realistica-con-eyaculacion\/\",\"name\":\"FUNDA PENE REAL\u00cdSTICA CON EYACULACI\u00d3N - Tienda Er\u00f3tica\",\"isPartOf\":{\"@id\":\"https:\/\/demoweb.info\/sexshop001\/#website\"},\"datePublished\":\"2022-01-22T14:17:27+00:00\",\"dateModified\":\"2022-01-22T14:17:27+00:00\",\"breadcrumb\":{\"@id\":\"https:\/\/demoweb.info\/sexshop001\/producto\/funda-pene-realistica-con-eyaculacion\/#breadcrumb\"},\"inLanguage\":\"es\",\"potentialAction\":[{\"@type\":\"ReadAction\",\"target\":[\"https:\/\/demoweb.info\/sexshop001\/producto\/funda-pene-realistica-con-eyaculacion\/\"]}]},{\"@type\":\"BreadcrumbList\",\"@id\":\"https:\/\/demoweb.info\/sexshop001\/producto\/funda-pene-realistica-con-eyaculacion\/#breadcrumb\",\"itemListElement\":[{\"@type\":\"ListItem\",\"position\":1,\"name\":\"Portada\",\"item\":\"https:\/\/demoweb.info\/sexshop001\/\"},{\"@type\":\"ListItem\",\"position\":2,\"name\":\"Tienda\",\"item\":\"https:\/\/demoweb.info\/sexshop001\/tienda\/\"},{\"@type\":\"ListItem\",\"position\":3,\"name\":\"FUNDA PENE REAL\u00cdSTICA CON EYACULACI\u00d3N\"}]},{\"@type\":\"WebSite\",\"@id\":\"https:\/\/demoweb.info\/sexshop001\/#website\",\"url\":\"https:\/\/demoweb.info\/sexshop001\/\",\"name\":\"Tienda Er\u00f3tica\",\"description\":\"DEMOWEB SL\",\"potentialAction\":[{\"@type\":\"SearchAction\",\"target\":{\"@type\":\"EntryPoint\",\"urlTemplate\":\"https:\/\/demoweb.info\/sexshop001\/?s={search_term_string}\"},\"query-input\":\"required name=search_term_string\"}],\"inLanguage\":\"es\"}]}<\/script>\n<!-- \/ Yoast SEO plugin. -->","yoast_head_json":{"title":"FUNDA PENE REAL\u00cdSTICA CON EYACULACI\u00d3N - Tienda Er\u00f3tica","robots":{"index":"noindex","follow":"follow","max-snippet":"max-snippet:-1","max-image-preview":"max-image-preview:large","max-video-preview":"max-video-preview:-1"},"og_locale":"es_ES","og_type":"article","og_title":"FUNDA PENE REAL\u00cdSTICA CON EYACULACI\u00d3N - Tienda Er\u00f3tica","og_description":"REALISTIC EJACULATING PENIS SHEATH Prep\u00e1rese para lo \u00faltimo en la ampliaci\u00f3n del pene instant\u00e1nea y realista con esta funda eyaculadora","og_url":"https:\/\/demoweb.info\/sexshop001\/producto\/funda-pene-realistica-con-eyaculacion\/","og_site_name":"Tienda Er\u00f3tica","og_image":[{"width":550,"height":550,"url":"https:\/\/demoweb.info\/sexshop001\/wp-content\/uploads\/2022\/01\/FUNDA-PENE-REALISTICA-CON-EYACULACION.jpg","type":"image\/jpeg"}],"twitter_card":"summary_large_image","twitter_misc":{"Tiempo de lectura":"1 minuto"},"schema":{"@context":"https:\/\/schema.org","@graph":[{"@type":"WebPage","@id":"https:\/\/demoweb.info\/sexshop001\/producto\/funda-pene-realistica-con-eyaculacion\/","url":"https:\/\/demoweb.info\/sexshop001\/producto\/funda-pene-realistica-con-eyaculacion\/","name":"FUNDA PENE REAL\u00cdSTICA CON EYACULACI\u00d3N - Tienda Er\u00f3tica","isPartOf":{"@id":"https:\/\/demoweb.info\/sexshop001\/#website"},"datePublished":"2022-01-22T14:17:27+00:00","dateModified":"2022-01-22T14:17:27+00:00","breadcrumb":{"@id":"https:\/\/demoweb.info\/sexshop001\/producto\/funda-pene-realistica-con-eyaculacion\/#breadcrumb"},"inLanguage":"es","potentialAction":[{"@type":"ReadAction","target":["https:\/\/demoweb.info\/sexshop001\/producto\/funda-pene-realistica-con-eyaculacion\/"]}]},{"@type":"BreadcrumbList","@id":"https:\/\/demoweb.info\/sexshop001\/producto\/funda-pene-realistica-con-eyaculacion\/#breadcrumb","itemListElement":[{"@type":"ListItem","position":1,"name":"Portada","item":"https:\/\/demoweb.info\/sexshop001\/"},{"@type":"ListItem","position":2,"name":"Tienda","item":"https:\/\/demoweb.info\/sexshop001\/tienda\/"},{"@type":"ListItem","position":3,"name":"FUNDA PENE REAL\u00cdSTICA CON EYACULACI\u00d3N"}]},{"@type":"WebSite","@id":"https:\/\/demoweb.info\/sexshop001\/#website","url":"https:\/\/demoweb.info\/sexshop001\/","name":"Tienda Er\u00f3tica","description":"DEMOWEB SL","potentialAction":[{"@type":"SearchAction","target":{"@type":"EntryPoint","urlTemplate":"https:\/\/demoweb.info\/sexshop001\/?s={search_term_string}"},"query-input":"required name=search_term_string"}],"inLanguage":"es"}]}},"_links":{"self":[{"href":"https:\/\/demoweb.info\/sexshop001\/wp-json\/wp\/v3\/product\/45925","targetHints":{"allow":["GET"]}}],"collection":[{"href":"https:\/\/demoweb.info\/sexshop001\/wp-json\/wp\/v3\/product"}],"about":[{"href":"https:\/\/demoweb.info\/sexshop001\/wp-json\/wp\/v2\/types\/product"}],"replies":[{"embeddable":true,"href":"https:\/\/demoweb.info\/sexshop001\/wp-json\/wp\/v2\/comments?post=45925"}],"wp:featuredmedia":[{"embeddable":true,"href":"https:\/\/demoweb.info\/sexshop001\/wp-json\/wp\/v2\/media\/45926"}],"wp:attachment":[{"href":"https:\/\/demoweb.info\/sexshop001\/wp-json\/wp\/v2\/media?parent=45925"}],"wp:term":[{"taxonomy":"product_cat","embeddable":true,"href":"https:\/\/demoweb.info\/sexshop001\/wp-json\/wp\/v2\/product_cat?post=45925"},{"taxonomy":"product_tag","embeddable":true,"href":"https:\/\/demoweb.info\/sexshop001\/wp-json\/wp\/v2\/product_tag?post=45925"}],"curies":[{"name":"wp","href":"https:\/\/api.w.org\/{rel}","templated":true}]}}