{"id":45919,"date":"2022-01-22T15:17:11","date_gmt":"2022-01-22T14:17:11","guid":{"rendered":"https:\/\/demoweb.info\/sexshop001\/producto\/the-spire-anillo-con-plug-negro\/"},"modified":"2022-01-22T15:17:22","modified_gmt":"2022-01-22T14:17:22","slug":"the-spire-anillo-con-plug-negro","status":"publish","type":"product","link":"https:\/\/demoweb.info\/sexshop001\/producto\/the-spire-anillo-con-plug-negro\/","title":{"rendered":"THE SPIRE &#8211; ANILLO CON PLUG NEGRO"},"content":{"rendered":"<p><strong>THE SPIRE<\/strong><\/p>\n<p><em>The Spire <\/em>cuenta con un plug anal bulboso para la estimulaci\u00f3n, mientras que el pene y los test\u00edculos est\u00e1n confinados dentro de su propio arn\u00e9s c\u00f3modamente, proporcionando una erecci\u00f3n prolongada.<\/p>\n<p>El material TPR flexible, se extiende para adaptarse y se inclina para moverse con el cuerpo, proporcionando una estimulaci\u00f3n interna intensa con cada empuje y movimiento.<\/p>\n<p>Caracter\u00edsticas:<\/p>\n<ul>\n<li>Medidas insertables del plug: 10,1 cm x 3,8 cm<\/li>\n<li>Di\u00e1metro del anillo: 4,4 cm<\/li>\n<li>Longitud total: 17,8 cm<\/li>\n<\/ul>\n","protected":false},"excerpt":{"rendered":"<p>THE SPIRE The Spire cuenta con un plug anal bulboso para la estimulaci\u00f3n, mientras que el pene y los test\u00edculos<\/p>\n","protected":false},"featured_media":45920,"comment_status":"open","ping_status":"open","template":"","meta":[],"product_cat":[279],"product_tag":[463,274],"class_list":["post-45919","product","type-product","status-publish","has-post-thumbnail","hentry","product_cat-plugs","product_tag-master-series","product_tag-xr-brands"],"bundled_by":[],"bundle_stock_status":"instock","bundle_stock_quantity":1,"bundle_virtual":false,"bundle_layout":"","bundle_add_to_cart_form_location":"","bundle_editable_in_cart":false,"bundle_sold_individually_context":"","bundle_item_grouping":"","bundle_min_size":"","bundle_max_size":"","bundled_items":[],"yoast_head":"<!-- This site is optimized with the Yoast SEO plugin v20.6 - https:\/\/yoast.com\/wordpress\/plugins\/seo\/ -->\n<title>THE SPIRE - ANILLO CON PLUG NEGRO - Tienda Er\u00f3tica<\/title>\n<meta name=\"robots\" content=\"noindex, follow, max-snippet:-1, max-image-preview:large, max-video-preview:-1\" \/>\n<meta property=\"og:locale\" content=\"es_ES\" \/>\n<meta property=\"og:type\" content=\"article\" \/>\n<meta property=\"og:title\" content=\"THE SPIRE - ANILLO CON PLUG NEGRO - Tienda Er\u00f3tica\" \/>\n<meta property=\"og:description\" content=\"THE SPIRE The Spire cuenta con un plug anal bulboso para la estimulaci\u00f3n, mientras que el pene y los test\u00edculos\" \/>\n<meta property=\"og:url\" content=\"https:\/\/demoweb.info\/sexshop001\/producto\/the-spire-anillo-con-plug-negro\/\" \/>\n<meta property=\"og:site_name\" content=\"Tienda Er\u00f3tica\" \/>\n<meta property=\"article:modified_time\" content=\"2022-01-22T14:17:22+00:00\" \/>\n<meta property=\"og:image\" content=\"https:\/\/demoweb.info\/sexshop001\/wp-content\/uploads\/2022\/01\/THE-SPIRE-ANILLO-CON-PLUG-NEGRO.jpg\" \/>\n\t<meta property=\"og:image:width\" content=\"550\" \/>\n\t<meta property=\"og:image:height\" content=\"550\" \/>\n\t<meta property=\"og:image:type\" content=\"image\/jpeg\" \/>\n<meta name=\"twitter:card\" content=\"summary_large_image\" \/>\n<script type=\"application\/ld+json\" class=\"yoast-schema-graph\">{\"@context\":\"https:\/\/schema.org\",\"@graph\":[{\"@type\":\"WebPage\",\"@id\":\"https:\/\/demoweb.info\/sexshop001\/producto\/the-spire-anillo-con-plug-negro\/\",\"url\":\"https:\/\/demoweb.info\/sexshop001\/producto\/the-spire-anillo-con-plug-negro\/\",\"name\":\"THE SPIRE - ANILLO CON PLUG NEGRO - Tienda Er\u00f3tica\",\"isPartOf\":{\"@id\":\"https:\/\/demoweb.info\/sexshop001\/#website\"},\"datePublished\":\"2022-01-22T14:17:11+00:00\",\"dateModified\":\"2022-01-22T14:17:22+00:00\",\"breadcrumb\":{\"@id\":\"https:\/\/demoweb.info\/sexshop001\/producto\/the-spire-anillo-con-plug-negro\/#breadcrumb\"},\"inLanguage\":\"es\",\"potentialAction\":[{\"@type\":\"ReadAction\",\"target\":[\"https:\/\/demoweb.info\/sexshop001\/producto\/the-spire-anillo-con-plug-negro\/\"]}]},{\"@type\":\"BreadcrumbList\",\"@id\":\"https:\/\/demoweb.info\/sexshop001\/producto\/the-spire-anillo-con-plug-negro\/#breadcrumb\",\"itemListElement\":[{\"@type\":\"ListItem\",\"position\":1,\"name\":\"Portada\",\"item\":\"https:\/\/demoweb.info\/sexshop001\/\"},{\"@type\":\"ListItem\",\"position\":2,\"name\":\"Tienda\",\"item\":\"https:\/\/demoweb.info\/sexshop001\/tienda\/\"},{\"@type\":\"ListItem\",\"position\":3,\"name\":\"THE SPIRE &#8211; ANILLO CON PLUG NEGRO\"}]},{\"@type\":\"WebSite\",\"@id\":\"https:\/\/demoweb.info\/sexshop001\/#website\",\"url\":\"https:\/\/demoweb.info\/sexshop001\/\",\"name\":\"Tienda Er\u00f3tica\",\"description\":\"DEMOWEB SL\",\"potentialAction\":[{\"@type\":\"SearchAction\",\"target\":{\"@type\":\"EntryPoint\",\"urlTemplate\":\"https:\/\/demoweb.info\/sexshop001\/?s={search_term_string}\"},\"query-input\":\"required name=search_term_string\"}],\"inLanguage\":\"es\"}]}<\/script>\n<!-- \/ Yoast SEO plugin. -->","yoast_head_json":{"title":"THE SPIRE - ANILLO CON PLUG NEGRO - Tienda Er\u00f3tica","robots":{"index":"noindex","follow":"follow","max-snippet":"max-snippet:-1","max-image-preview":"max-image-preview:large","max-video-preview":"max-video-preview:-1"},"og_locale":"es_ES","og_type":"article","og_title":"THE SPIRE - ANILLO CON PLUG NEGRO - Tienda Er\u00f3tica","og_description":"THE SPIRE The Spire cuenta con un plug anal bulboso para la estimulaci\u00f3n, mientras que el pene y los test\u00edculos","og_url":"https:\/\/demoweb.info\/sexshop001\/producto\/the-spire-anillo-con-plug-negro\/","og_site_name":"Tienda Er\u00f3tica","article_modified_time":"2022-01-22T14:17:22+00:00","og_image":[{"width":550,"height":550,"url":"https:\/\/demoweb.info\/sexshop001\/wp-content\/uploads\/2022\/01\/THE-SPIRE-ANILLO-CON-PLUG-NEGRO.jpg","type":"image\/jpeg"}],"twitter_card":"summary_large_image","schema":{"@context":"https:\/\/schema.org","@graph":[{"@type":"WebPage","@id":"https:\/\/demoweb.info\/sexshop001\/producto\/the-spire-anillo-con-plug-negro\/","url":"https:\/\/demoweb.info\/sexshop001\/producto\/the-spire-anillo-con-plug-negro\/","name":"THE SPIRE - ANILLO CON PLUG NEGRO - Tienda Er\u00f3tica","isPartOf":{"@id":"https:\/\/demoweb.info\/sexshop001\/#website"},"datePublished":"2022-01-22T14:17:11+00:00","dateModified":"2022-01-22T14:17:22+00:00","breadcrumb":{"@id":"https:\/\/demoweb.info\/sexshop001\/producto\/the-spire-anillo-con-plug-negro\/#breadcrumb"},"inLanguage":"es","potentialAction":[{"@type":"ReadAction","target":["https:\/\/demoweb.info\/sexshop001\/producto\/the-spire-anillo-con-plug-negro\/"]}]},{"@type":"BreadcrumbList","@id":"https:\/\/demoweb.info\/sexshop001\/producto\/the-spire-anillo-con-plug-negro\/#breadcrumb","itemListElement":[{"@type":"ListItem","position":1,"name":"Portada","item":"https:\/\/demoweb.info\/sexshop001\/"},{"@type":"ListItem","position":2,"name":"Tienda","item":"https:\/\/demoweb.info\/sexshop001\/tienda\/"},{"@type":"ListItem","position":3,"name":"THE SPIRE &#8211; ANILLO CON PLUG NEGRO"}]},{"@type":"WebSite","@id":"https:\/\/demoweb.info\/sexshop001\/#website","url":"https:\/\/demoweb.info\/sexshop001\/","name":"Tienda Er\u00f3tica","description":"DEMOWEB SL","potentialAction":[{"@type":"SearchAction","target":{"@type":"EntryPoint","urlTemplate":"https:\/\/demoweb.info\/sexshop001\/?s={search_term_string}"},"query-input":"required name=search_term_string"}],"inLanguage":"es"}]}},"_links":{"self":[{"href":"https:\/\/demoweb.info\/sexshop001\/wp-json\/wp\/v3\/product\/45919","targetHints":{"allow":["GET"]}}],"collection":[{"href":"https:\/\/demoweb.info\/sexshop001\/wp-json\/wp\/v3\/product"}],"about":[{"href":"https:\/\/demoweb.info\/sexshop001\/wp-json\/wp\/v2\/types\/product"}],"replies":[{"embeddable":true,"href":"https:\/\/demoweb.info\/sexshop001\/wp-json\/wp\/v2\/comments?post=45919"}],"wp:featuredmedia":[{"embeddable":true,"href":"https:\/\/demoweb.info\/sexshop001\/wp-json\/wp\/v2\/media\/45920"}],"wp:attachment":[{"href":"https:\/\/demoweb.info\/sexshop001\/wp-json\/wp\/v2\/media?parent=45919"}],"wp:term":[{"taxonomy":"product_cat","embeddable":true,"href":"https:\/\/demoweb.info\/sexshop001\/wp-json\/wp\/v2\/product_cat?post=45919"},{"taxonomy":"product_tag","embeddable":true,"href":"https:\/\/demoweb.info\/sexshop001\/wp-json\/wp\/v2\/product_tag?post=45919"}],"curies":[{"name":"wp","href":"https:\/\/api.w.org\/{rel}","templated":true}]}}