{"id":45909,"date":"2022-01-22T15:17:11","date_gmt":"2022-01-22T14:17:11","guid":{"rendered":"https:\/\/demoweb.info\/sexshop001\/producto\/incite-anillo-10-velocidades-con-mando\/"},"modified":"2022-01-22T15:17:16","modified_gmt":"2022-01-22T14:17:16","slug":"incite-anillo-10-velocidades-con-mando","status":"publish","type":"product","link":"https:\/\/demoweb.info\/sexshop001\/producto\/incite-anillo-10-velocidades-con-mando\/","title":{"rendered":"INCITE &#8211; ANILLO 10 VELOCIDADES CON MANDO"},"content":{"rendered":"<p><strong>INCITE &#8211; 10 SPEED &#8211; COCK RING<\/strong><\/p>\n<p>Anillo para el pene de silicona suave que incorpora una vibraci\u00f3n intensa.<\/p>\n<p>El anillo de silicona el\u00e1stica se adapta c\u00f3modamente sobre su eje y test\u00edculos, lo que ayuda a mantener una erecci\u00f3n s\u00faper dura, mientras que la poderosa sensaci\u00f3n de la bala proporciona la estimulaci\u00f3n intensa de su pareja. El control remoto inal\u00e1mbrico de tacto aterciopelado le permite elegir f\u00e1cilmente entre cualquiera de las 10 funciones r\u00edtmicas intoxicantes.<\/p>\n<p>Resistente al agua por lo que se puede usar en la ducha.<\/p>\n<p>Caracter\u00edsticas:<\/p>\n<p>&#8211; Material: Silicona y ABS<br \/>\n&#8211; Di\u00e1metro: 4,4 cm<br \/>\n&#8211; Bater\u00edas: 1 x AAA y 1 x 12C (incluidas)<\/p>\n","protected":false},"excerpt":{"rendered":"<p>INCITE &#8211; 10 SPEED &#8211; COCK RING Anillo para el pene de silicona suave que incorpora una vibraci\u00f3n intensa. El<\/p>\n","protected":false},"featured_media":45910,"comment_status":"open","ping_status":"open","template":"","meta":[],"product_cat":[438],"product_tag":[463,274],"class_list":["post-45909","product","type-product","status-publish","has-post-thumbnail","hentry","product_cat-con-vibrador-anillos","product_tag-master-series","product_tag-xr-brands"],"bundled_by":[],"bundle_stock_status":"outofstock","bundle_stock_quantity":0,"bundle_virtual":false,"bundle_layout":"","bundle_add_to_cart_form_location":"","bundle_editable_in_cart":false,"bundle_sold_individually_context":"","bundle_item_grouping":"","bundle_min_size":"","bundle_max_size":"","bundled_items":[],"yoast_head":"<!-- This site is optimized with the Yoast SEO plugin v20.6 - https:\/\/yoast.com\/wordpress\/plugins\/seo\/ -->\n<title>INCITE - ANILLO 10 VELOCIDADES CON MANDO - Tienda Er\u00f3tica<\/title>\n<meta name=\"robots\" content=\"noindex, follow, max-snippet:-1, max-image-preview:large, max-video-preview:-1\" \/>\n<meta property=\"og:locale\" content=\"es_ES\" \/>\n<meta property=\"og:type\" content=\"article\" \/>\n<meta property=\"og:title\" content=\"INCITE - ANILLO 10 VELOCIDADES CON MANDO - Tienda Er\u00f3tica\" \/>\n<meta property=\"og:description\" content=\"INCITE &#8211; 10 SPEED &#8211; COCK RING Anillo para el pene de silicona suave que incorpora una vibraci\u00f3n intensa. El\" \/>\n<meta property=\"og:url\" content=\"https:\/\/demoweb.info\/sexshop001\/producto\/incite-anillo-10-velocidades-con-mando\/\" \/>\n<meta property=\"og:site_name\" content=\"Tienda Er\u00f3tica\" \/>\n<meta property=\"article:modified_time\" content=\"2022-01-22T14:17:16+00:00\" \/>\n<meta property=\"og:image\" content=\"https:\/\/demoweb.info\/sexshop001\/wp-content\/uploads\/2022\/01\/INCITE-ANILLO-10-VELOCIDADES-CON-MANDO.jpg\" \/>\n\t<meta property=\"og:image:width\" content=\"550\" \/>\n\t<meta property=\"og:image:height\" content=\"550\" \/>\n\t<meta property=\"og:image:type\" content=\"image\/jpeg\" \/>\n<meta name=\"twitter:card\" content=\"summary_large_image\" \/>\n<meta name=\"twitter:label1\" content=\"Tiempo de lectura\" \/>\n\t<meta name=\"twitter:data1\" content=\"1 minuto\" \/>\n<script type=\"application\/ld+json\" class=\"yoast-schema-graph\">{\"@context\":\"https:\/\/schema.org\",\"@graph\":[{\"@type\":\"WebPage\",\"@id\":\"https:\/\/demoweb.info\/sexshop001\/producto\/incite-anillo-10-velocidades-con-mando\/\",\"url\":\"https:\/\/demoweb.info\/sexshop001\/producto\/incite-anillo-10-velocidades-con-mando\/\",\"name\":\"INCITE - ANILLO 10 VELOCIDADES CON MANDO - Tienda Er\u00f3tica\",\"isPartOf\":{\"@id\":\"https:\/\/demoweb.info\/sexshop001\/#website\"},\"datePublished\":\"2022-01-22T14:17:11+00:00\",\"dateModified\":\"2022-01-22T14:17:16+00:00\",\"breadcrumb\":{\"@id\":\"https:\/\/demoweb.info\/sexshop001\/producto\/incite-anillo-10-velocidades-con-mando\/#breadcrumb\"},\"inLanguage\":\"es\",\"potentialAction\":[{\"@type\":\"ReadAction\",\"target\":[\"https:\/\/demoweb.info\/sexshop001\/producto\/incite-anillo-10-velocidades-con-mando\/\"]}]},{\"@type\":\"BreadcrumbList\",\"@id\":\"https:\/\/demoweb.info\/sexshop001\/producto\/incite-anillo-10-velocidades-con-mando\/#breadcrumb\",\"itemListElement\":[{\"@type\":\"ListItem\",\"position\":1,\"name\":\"Portada\",\"item\":\"https:\/\/demoweb.info\/sexshop001\/\"},{\"@type\":\"ListItem\",\"position\":2,\"name\":\"Tienda\",\"item\":\"https:\/\/demoweb.info\/sexshop001\/tienda\/\"},{\"@type\":\"ListItem\",\"position\":3,\"name\":\"INCITE &#8211; ANILLO 10 VELOCIDADES CON MANDO\"}]},{\"@type\":\"WebSite\",\"@id\":\"https:\/\/demoweb.info\/sexshop001\/#website\",\"url\":\"https:\/\/demoweb.info\/sexshop001\/\",\"name\":\"Tienda Er\u00f3tica\",\"description\":\"DEMOWEB SL\",\"potentialAction\":[{\"@type\":\"SearchAction\",\"target\":{\"@type\":\"EntryPoint\",\"urlTemplate\":\"https:\/\/demoweb.info\/sexshop001\/?s={search_term_string}\"},\"query-input\":\"required name=search_term_string\"}],\"inLanguage\":\"es\"}]}<\/script>\n<!-- \/ Yoast SEO plugin. -->","yoast_head_json":{"title":"INCITE - ANILLO 10 VELOCIDADES CON MANDO - Tienda Er\u00f3tica","robots":{"index":"noindex","follow":"follow","max-snippet":"max-snippet:-1","max-image-preview":"max-image-preview:large","max-video-preview":"max-video-preview:-1"},"og_locale":"es_ES","og_type":"article","og_title":"INCITE - ANILLO 10 VELOCIDADES CON MANDO - Tienda Er\u00f3tica","og_description":"INCITE &#8211; 10 SPEED &#8211; COCK RING Anillo para el pene de silicona suave que incorpora una vibraci\u00f3n intensa. El","og_url":"https:\/\/demoweb.info\/sexshop001\/producto\/incite-anillo-10-velocidades-con-mando\/","og_site_name":"Tienda Er\u00f3tica","article_modified_time":"2022-01-22T14:17:16+00:00","og_image":[{"width":550,"height":550,"url":"https:\/\/demoweb.info\/sexshop001\/wp-content\/uploads\/2022\/01\/INCITE-ANILLO-10-VELOCIDADES-CON-MANDO.jpg","type":"image\/jpeg"}],"twitter_card":"summary_large_image","twitter_misc":{"Tiempo de lectura":"1 minuto"},"schema":{"@context":"https:\/\/schema.org","@graph":[{"@type":"WebPage","@id":"https:\/\/demoweb.info\/sexshop001\/producto\/incite-anillo-10-velocidades-con-mando\/","url":"https:\/\/demoweb.info\/sexshop001\/producto\/incite-anillo-10-velocidades-con-mando\/","name":"INCITE - ANILLO 10 VELOCIDADES CON MANDO - Tienda Er\u00f3tica","isPartOf":{"@id":"https:\/\/demoweb.info\/sexshop001\/#website"},"datePublished":"2022-01-22T14:17:11+00:00","dateModified":"2022-01-22T14:17:16+00:00","breadcrumb":{"@id":"https:\/\/demoweb.info\/sexshop001\/producto\/incite-anillo-10-velocidades-con-mando\/#breadcrumb"},"inLanguage":"es","potentialAction":[{"@type":"ReadAction","target":["https:\/\/demoweb.info\/sexshop001\/producto\/incite-anillo-10-velocidades-con-mando\/"]}]},{"@type":"BreadcrumbList","@id":"https:\/\/demoweb.info\/sexshop001\/producto\/incite-anillo-10-velocidades-con-mando\/#breadcrumb","itemListElement":[{"@type":"ListItem","position":1,"name":"Portada","item":"https:\/\/demoweb.info\/sexshop001\/"},{"@type":"ListItem","position":2,"name":"Tienda","item":"https:\/\/demoweb.info\/sexshop001\/tienda\/"},{"@type":"ListItem","position":3,"name":"INCITE &#8211; ANILLO 10 VELOCIDADES CON MANDO"}]},{"@type":"WebSite","@id":"https:\/\/demoweb.info\/sexshop001\/#website","url":"https:\/\/demoweb.info\/sexshop001\/","name":"Tienda Er\u00f3tica","description":"DEMOWEB SL","potentialAction":[{"@type":"SearchAction","target":{"@type":"EntryPoint","urlTemplate":"https:\/\/demoweb.info\/sexshop001\/?s={search_term_string}"},"query-input":"required name=search_term_string"}],"inLanguage":"es"}]}},"_links":{"self":[{"href":"https:\/\/demoweb.info\/sexshop001\/wp-json\/wp\/v3\/product\/45909","targetHints":{"allow":["GET"]}}],"collection":[{"href":"https:\/\/demoweb.info\/sexshop001\/wp-json\/wp\/v3\/product"}],"about":[{"href":"https:\/\/demoweb.info\/sexshop001\/wp-json\/wp\/v2\/types\/product"}],"replies":[{"embeddable":true,"href":"https:\/\/demoweb.info\/sexshop001\/wp-json\/wp\/v2\/comments?post=45909"}],"wp:featuredmedia":[{"embeddable":true,"href":"https:\/\/demoweb.info\/sexshop001\/wp-json\/wp\/v2\/media\/45910"}],"wp:attachment":[{"href":"https:\/\/demoweb.info\/sexshop001\/wp-json\/wp\/v2\/media?parent=45909"}],"wp:term":[{"taxonomy":"product_cat","embeddable":true,"href":"https:\/\/demoweb.info\/sexshop001\/wp-json\/wp\/v2\/product_cat?post=45909"},{"taxonomy":"product_tag","embeddable":true,"href":"https:\/\/demoweb.info\/sexshop001\/wp-json\/wp\/v2\/product_tag?post=45909"}],"curies":[{"name":"wp","href":"https:\/\/api.w.org\/{rel}","templated":true}]}}