{"id":45906,"date":"2022-01-22T15:17:11","date_gmt":"2022-01-22T14:17:11","guid":{"rendered":"https:\/\/demoweb.info\/sexshop001\/producto\/possessor-funda-para-escroto-compatible-con-electroestimulacion\/"},"modified":"2022-01-22T15:17:15","modified_gmt":"2022-01-22T14:17:15","slug":"possessor-funda-para-escroto-compatible-con-electroestimulacion","status":"publish","type":"product","link":"https:\/\/demoweb.info\/sexshop001\/producto\/possessor-funda-para-escroto-compatible-con-electroestimulacion\/","title":{"rendered":"POSSESSOR &#8211; FUNDA PARA ESCROTO COMPATIBLE CON ELECTROESTIMULACI\u00d3N"},"content":{"rendered":"<p><strong>POSSESSOR ELECTRO SCROTUM SAC<\/strong><\/p>\n<p><em>El Possessor<\/em> le provee de todo lo necesario para una sesi\u00f3n de juego muy tortuosa. Basta con aplicar el Gel Zeus Electro Sex a los test\u00edculos y colocar el pene a trav\u00e9s del compartimiento superior, desliz\u00e1ndose sobre la pieza inferior del escroto.<\/p>\n<p>El material el\u00e1stico es capaz de adaptarse a casi cualquier tama\u00f1o, sin embargo, proporciona un ajuste perfecto y un ligero apret\u00f3n a la vez. Coloque los test\u00edculos en los agujeros en la parte inferior. <em>\u00a1Ahora ya est\u00e1 listo para encender la estimulaci\u00f3n! <\/em><\/p>\n<p>Este juguete es compatible con cualquiera de las cajas el\u00e9ctricas Zeus, que se venden por separado.<\/p>\n<p><em>\u00a1Perfecto para encontrar el nivel de intensidad y la sensaci\u00f3n de estilo que es adecuado para usted!<\/em><\/p>\n<p>Caracter\u00edsticas:<\/p>\n<p>&#8211; Longitud total: 12 cm<br \/>\n&#8211; Ancho: 8,25 cm<br \/>\n&#8211; Di\u00e1metro interior (sin estirar): 3,8 cm<br \/>\n&#8211; Material: TPR y Metal<\/p>\n","protected":false},"excerpt":{"rendered":"<p>POSSESSOR ELECTRO SCROTUM SAC El Possessor le provee de todo lo necesario para una sesi\u00f3n de juego muy tortuosa. Basta<\/p>\n","protected":false},"featured_media":45907,"comment_status":"open","ping_status":"open","template":"","meta":[],"product_cat":[543],"product_tag":[463,274],"class_list":["post-45906","product","type-product","status-publish","has-post-thumbnail","hentry","product_cat-fundas","product_tag-master-series","product_tag-xr-brands"],"bundled_by":[],"bundle_stock_status":"instock","bundle_stock_quantity":1,"bundle_virtual":false,"bundle_layout":"","bundle_add_to_cart_form_location":"","bundle_editable_in_cart":false,"bundle_sold_individually_context":"","bundle_item_grouping":"","bundle_min_size":"","bundle_max_size":"","bundled_items":[],"yoast_head":"<!-- This site is optimized with the Yoast SEO plugin v20.6 - https:\/\/yoast.com\/wordpress\/plugins\/seo\/ -->\n<title>POSSESSOR - FUNDA PARA ESCROTO COMPATIBLE CON ELECTROESTIMULACI\u00d3N - Tienda Er\u00f3tica<\/title>\n<meta name=\"robots\" content=\"noindex, follow, max-snippet:-1, max-image-preview:large, max-video-preview:-1\" \/>\n<meta property=\"og:locale\" content=\"es_ES\" \/>\n<meta property=\"og:type\" content=\"article\" \/>\n<meta property=\"og:title\" content=\"POSSESSOR - FUNDA PARA ESCROTO COMPATIBLE CON ELECTROESTIMULACI\u00d3N - Tienda Er\u00f3tica\" \/>\n<meta property=\"og:description\" content=\"POSSESSOR ELECTRO SCROTUM SAC El Possessor le provee de todo lo necesario para una sesi\u00f3n de juego muy tortuosa. Basta\" \/>\n<meta property=\"og:url\" content=\"https:\/\/demoweb.info\/sexshop001\/producto\/possessor-funda-para-escroto-compatible-con-electroestimulacion\/\" \/>\n<meta property=\"og:site_name\" content=\"Tienda Er\u00f3tica\" \/>\n<meta property=\"article:modified_time\" content=\"2022-01-22T14:17:15+00:00\" \/>\n<meta property=\"og:image\" content=\"https:\/\/demoweb.info\/sexshop001\/wp-content\/uploads\/2022\/01\/POSSESSOR-FUNDA-PARA-ESCROTO-COMPATIBLE-CON-ELECTROESTIMULACION.jpg\" \/>\n\t<meta property=\"og:image:width\" content=\"550\" \/>\n\t<meta property=\"og:image:height\" content=\"550\" \/>\n\t<meta property=\"og:image:type\" content=\"image\/jpeg\" \/>\n<meta name=\"twitter:card\" content=\"summary_large_image\" \/>\n<meta name=\"twitter:label1\" content=\"Tiempo de lectura\" \/>\n\t<meta name=\"twitter:data1\" content=\"1 minuto\" \/>\n<script type=\"application\/ld+json\" class=\"yoast-schema-graph\">{\"@context\":\"https:\/\/schema.org\",\"@graph\":[{\"@type\":\"WebPage\",\"@id\":\"https:\/\/demoweb.info\/sexshop001\/producto\/possessor-funda-para-escroto-compatible-con-electroestimulacion\/\",\"url\":\"https:\/\/demoweb.info\/sexshop001\/producto\/possessor-funda-para-escroto-compatible-con-electroestimulacion\/\",\"name\":\"POSSESSOR - FUNDA PARA ESCROTO COMPATIBLE CON ELECTROESTIMULACI\u00d3N - Tienda Er\u00f3tica\",\"isPartOf\":{\"@id\":\"https:\/\/demoweb.info\/sexshop001\/#website\"},\"datePublished\":\"2022-01-22T14:17:11+00:00\",\"dateModified\":\"2022-01-22T14:17:15+00:00\",\"breadcrumb\":{\"@id\":\"https:\/\/demoweb.info\/sexshop001\/producto\/possessor-funda-para-escroto-compatible-con-electroestimulacion\/#breadcrumb\"},\"inLanguage\":\"es\",\"potentialAction\":[{\"@type\":\"ReadAction\",\"target\":[\"https:\/\/demoweb.info\/sexshop001\/producto\/possessor-funda-para-escroto-compatible-con-electroestimulacion\/\"]}]},{\"@type\":\"BreadcrumbList\",\"@id\":\"https:\/\/demoweb.info\/sexshop001\/producto\/possessor-funda-para-escroto-compatible-con-electroestimulacion\/#breadcrumb\",\"itemListElement\":[{\"@type\":\"ListItem\",\"position\":1,\"name\":\"Portada\",\"item\":\"https:\/\/demoweb.info\/sexshop001\/\"},{\"@type\":\"ListItem\",\"position\":2,\"name\":\"Tienda\",\"item\":\"https:\/\/demoweb.info\/sexshop001\/tienda\/\"},{\"@type\":\"ListItem\",\"position\":3,\"name\":\"POSSESSOR &#8211; FUNDA PARA ESCROTO COMPATIBLE CON ELECTROESTIMULACI\u00d3N\"}]},{\"@type\":\"WebSite\",\"@id\":\"https:\/\/demoweb.info\/sexshop001\/#website\",\"url\":\"https:\/\/demoweb.info\/sexshop001\/\",\"name\":\"Tienda Er\u00f3tica\",\"description\":\"DEMOWEB SL\",\"potentialAction\":[{\"@type\":\"SearchAction\",\"target\":{\"@type\":\"EntryPoint\",\"urlTemplate\":\"https:\/\/demoweb.info\/sexshop001\/?s={search_term_string}\"},\"query-input\":\"required name=search_term_string\"}],\"inLanguage\":\"es\"}]}<\/script>\n<!-- \/ Yoast SEO plugin. -->","yoast_head_json":{"title":"POSSESSOR - FUNDA PARA ESCROTO COMPATIBLE CON ELECTROESTIMULACI\u00d3N - Tienda Er\u00f3tica","robots":{"index":"noindex","follow":"follow","max-snippet":"max-snippet:-1","max-image-preview":"max-image-preview:large","max-video-preview":"max-video-preview:-1"},"og_locale":"es_ES","og_type":"article","og_title":"POSSESSOR - FUNDA PARA ESCROTO COMPATIBLE CON ELECTROESTIMULACI\u00d3N - Tienda Er\u00f3tica","og_description":"POSSESSOR ELECTRO SCROTUM SAC El Possessor le provee de todo lo necesario para una sesi\u00f3n de juego muy tortuosa. Basta","og_url":"https:\/\/demoweb.info\/sexshop001\/producto\/possessor-funda-para-escroto-compatible-con-electroestimulacion\/","og_site_name":"Tienda Er\u00f3tica","article_modified_time":"2022-01-22T14:17:15+00:00","og_image":[{"width":550,"height":550,"url":"https:\/\/demoweb.info\/sexshop001\/wp-content\/uploads\/2022\/01\/POSSESSOR-FUNDA-PARA-ESCROTO-COMPATIBLE-CON-ELECTROESTIMULACION.jpg","type":"image\/jpeg"}],"twitter_card":"summary_large_image","twitter_misc":{"Tiempo de lectura":"1 minuto"},"schema":{"@context":"https:\/\/schema.org","@graph":[{"@type":"WebPage","@id":"https:\/\/demoweb.info\/sexshop001\/producto\/possessor-funda-para-escroto-compatible-con-electroestimulacion\/","url":"https:\/\/demoweb.info\/sexshop001\/producto\/possessor-funda-para-escroto-compatible-con-electroestimulacion\/","name":"POSSESSOR - FUNDA PARA ESCROTO COMPATIBLE CON ELECTROESTIMULACI\u00d3N - Tienda Er\u00f3tica","isPartOf":{"@id":"https:\/\/demoweb.info\/sexshop001\/#website"},"datePublished":"2022-01-22T14:17:11+00:00","dateModified":"2022-01-22T14:17:15+00:00","breadcrumb":{"@id":"https:\/\/demoweb.info\/sexshop001\/producto\/possessor-funda-para-escroto-compatible-con-electroestimulacion\/#breadcrumb"},"inLanguage":"es","potentialAction":[{"@type":"ReadAction","target":["https:\/\/demoweb.info\/sexshop001\/producto\/possessor-funda-para-escroto-compatible-con-electroestimulacion\/"]}]},{"@type":"BreadcrumbList","@id":"https:\/\/demoweb.info\/sexshop001\/producto\/possessor-funda-para-escroto-compatible-con-electroestimulacion\/#breadcrumb","itemListElement":[{"@type":"ListItem","position":1,"name":"Portada","item":"https:\/\/demoweb.info\/sexshop001\/"},{"@type":"ListItem","position":2,"name":"Tienda","item":"https:\/\/demoweb.info\/sexshop001\/tienda\/"},{"@type":"ListItem","position":3,"name":"POSSESSOR &#8211; FUNDA PARA ESCROTO COMPATIBLE CON ELECTROESTIMULACI\u00d3N"}]},{"@type":"WebSite","@id":"https:\/\/demoweb.info\/sexshop001\/#website","url":"https:\/\/demoweb.info\/sexshop001\/","name":"Tienda Er\u00f3tica","description":"DEMOWEB SL","potentialAction":[{"@type":"SearchAction","target":{"@type":"EntryPoint","urlTemplate":"https:\/\/demoweb.info\/sexshop001\/?s={search_term_string}"},"query-input":"required name=search_term_string"}],"inLanguage":"es"}]}},"_links":{"self":[{"href":"https:\/\/demoweb.info\/sexshop001\/wp-json\/wp\/v3\/product\/45906","targetHints":{"allow":["GET"]}}],"collection":[{"href":"https:\/\/demoweb.info\/sexshop001\/wp-json\/wp\/v3\/product"}],"about":[{"href":"https:\/\/demoweb.info\/sexshop001\/wp-json\/wp\/v2\/types\/product"}],"replies":[{"embeddable":true,"href":"https:\/\/demoweb.info\/sexshop001\/wp-json\/wp\/v2\/comments?post=45906"}],"wp:featuredmedia":[{"embeddable":true,"href":"https:\/\/demoweb.info\/sexshop001\/wp-json\/wp\/v2\/media\/45907"}],"wp:attachment":[{"href":"https:\/\/demoweb.info\/sexshop001\/wp-json\/wp\/v2\/media?parent=45906"}],"wp:term":[{"taxonomy":"product_cat","embeddable":true,"href":"https:\/\/demoweb.info\/sexshop001\/wp-json\/wp\/v2\/product_cat?post=45906"},{"taxonomy":"product_tag","embeddable":true,"href":"https:\/\/demoweb.info\/sexshop001\/wp-json\/wp\/v2\/product_tag?post=45906"}],"curies":[{"name":"wp","href":"https:\/\/api.w.org\/{rel}","templated":true}]}}