{"id":45899,"date":"2022-01-22T15:17:11","date_gmt":"2022-01-22T14:17:11","guid":{"rendered":"https:\/\/demoweb.info\/sexshop001\/producto\/mascara-bondage-con-abertura-boca\/"},"modified":"2022-01-22T15:17:11","modified_gmt":"2022-01-22T14:17:11","slug":"mascara-bondage-con-abertura-boca","status":"publish","type":"product","link":"https:\/\/demoweb.info\/sexshop001\/producto\/mascara-bondage-con-abertura-boca\/","title":{"rendered":"M\u00c1SCARA BONDAGE CON ABERTURA BOCA"},"content":{"rendered":"<p><strong>DISGUISE OPEN MOUTH HOOD<\/strong><\/p>\n<p>Esta m\u00e1scara de peso ligero est\u00e1 dise\u00f1ada para ser c\u00f3moda, extiendose por completo sobre su cabeza y oscureciendo su vista, dejando la boca accesible. Cuenta con una venda en los ojos acolchada que no obstaculiza la respiraci\u00f3n. La abertura en la boca permite un sin f\u00edn de posibilidades en tus juegos de bondage.<\/p>\n<p>&#8211; Talla \u00fanica.<br \/>\n&#8211; Material: Spandex<\/p>\n","protected":false},"excerpt":{"rendered":"<p>DISGUISE OPEN MOUTH HOOD Esta m\u00e1scara de peso ligero est\u00e1 dise\u00f1ada para ser c\u00f3moda, extiendose por completo sobre su cabeza<\/p>\n","protected":false},"featured_media":45900,"comment_status":"open","ping_status":"open","template":"","meta":[],"product_cat":[287],"product_tag":[463,274],"class_list":["post-45899","product","type-product","status-publish","has-post-thumbnail","hentry","product_cat-extreme-bdsm","product_tag-master-series","product_tag-xr-brands"],"bundled_by":[],"bundle_stock_status":"instock","bundle_stock_quantity":3,"bundle_virtual":false,"bundle_layout":"","bundle_add_to_cart_form_location":"","bundle_editable_in_cart":false,"bundle_sold_individually_context":"","bundle_item_grouping":"","bundle_min_size":"","bundle_max_size":"","bundled_items":[],"yoast_head":"<!-- This site is optimized with the Yoast SEO plugin v20.6 - https:\/\/yoast.com\/wordpress\/plugins\/seo\/ -->\n<title>M\u00c1SCARA BONDAGE CON ABERTURA BOCA - Tienda Er\u00f3tica<\/title>\n<meta name=\"robots\" content=\"noindex, follow, max-snippet:-1, max-image-preview:large, max-video-preview:-1\" \/>\n<meta property=\"og:locale\" content=\"es_ES\" \/>\n<meta property=\"og:type\" content=\"article\" \/>\n<meta property=\"og:title\" content=\"M\u00c1SCARA BONDAGE CON ABERTURA BOCA - Tienda Er\u00f3tica\" \/>\n<meta property=\"og:description\" content=\"DISGUISE OPEN MOUTH HOOD Esta m\u00e1scara de peso ligero est\u00e1 dise\u00f1ada para ser c\u00f3moda, extiendose por completo sobre su cabeza\" \/>\n<meta property=\"og:url\" content=\"https:\/\/demoweb.info\/sexshop001\/producto\/mascara-bondage-con-abertura-boca\/\" \/>\n<meta property=\"og:site_name\" content=\"Tienda Er\u00f3tica\" \/>\n<meta property=\"og:image\" content=\"https:\/\/demoweb.info\/sexshop001\/wp-content\/uploads\/2022\/01\/MASCARA-BONDAGE-CON-ABERTURA-BOCA.jpg\" \/>\n\t<meta property=\"og:image:width\" content=\"550\" \/>\n\t<meta property=\"og:image:height\" content=\"550\" \/>\n\t<meta property=\"og:image:type\" content=\"image\/jpeg\" \/>\n<meta name=\"twitter:card\" content=\"summary_large_image\" \/>\n<script type=\"application\/ld+json\" class=\"yoast-schema-graph\">{\"@context\":\"https:\/\/schema.org\",\"@graph\":[{\"@type\":\"WebPage\",\"@id\":\"https:\/\/demoweb.info\/sexshop001\/producto\/mascara-bondage-con-abertura-boca\/\",\"url\":\"https:\/\/demoweb.info\/sexshop001\/producto\/mascara-bondage-con-abertura-boca\/\",\"name\":\"M\u00c1SCARA BONDAGE CON ABERTURA BOCA - Tienda Er\u00f3tica\",\"isPartOf\":{\"@id\":\"https:\/\/demoweb.info\/sexshop001\/#website\"},\"datePublished\":\"2022-01-22T14:17:11+00:00\",\"dateModified\":\"2022-01-22T14:17:11+00:00\",\"breadcrumb\":{\"@id\":\"https:\/\/demoweb.info\/sexshop001\/producto\/mascara-bondage-con-abertura-boca\/#breadcrumb\"},\"inLanguage\":\"es\",\"potentialAction\":[{\"@type\":\"ReadAction\",\"target\":[\"https:\/\/demoweb.info\/sexshop001\/producto\/mascara-bondage-con-abertura-boca\/\"]}]},{\"@type\":\"BreadcrumbList\",\"@id\":\"https:\/\/demoweb.info\/sexshop001\/producto\/mascara-bondage-con-abertura-boca\/#breadcrumb\",\"itemListElement\":[{\"@type\":\"ListItem\",\"position\":1,\"name\":\"Portada\",\"item\":\"https:\/\/demoweb.info\/sexshop001\/\"},{\"@type\":\"ListItem\",\"position\":2,\"name\":\"Tienda\",\"item\":\"https:\/\/demoweb.info\/sexshop001\/tienda\/\"},{\"@type\":\"ListItem\",\"position\":3,\"name\":\"M\u00c1SCARA BONDAGE CON ABERTURA BOCA\"}]},{\"@type\":\"WebSite\",\"@id\":\"https:\/\/demoweb.info\/sexshop001\/#website\",\"url\":\"https:\/\/demoweb.info\/sexshop001\/\",\"name\":\"Tienda Er\u00f3tica\",\"description\":\"DEMOWEB SL\",\"potentialAction\":[{\"@type\":\"SearchAction\",\"target\":{\"@type\":\"EntryPoint\",\"urlTemplate\":\"https:\/\/demoweb.info\/sexshop001\/?s={search_term_string}\"},\"query-input\":\"required name=search_term_string\"}],\"inLanguage\":\"es\"}]}<\/script>\n<!-- \/ Yoast SEO plugin. -->","yoast_head_json":{"title":"M\u00c1SCARA BONDAGE CON ABERTURA BOCA - Tienda Er\u00f3tica","robots":{"index":"noindex","follow":"follow","max-snippet":"max-snippet:-1","max-image-preview":"max-image-preview:large","max-video-preview":"max-video-preview:-1"},"og_locale":"es_ES","og_type":"article","og_title":"M\u00c1SCARA BONDAGE CON ABERTURA BOCA - Tienda Er\u00f3tica","og_description":"DISGUISE OPEN MOUTH HOOD Esta m\u00e1scara de peso ligero est\u00e1 dise\u00f1ada para ser c\u00f3moda, extiendose por completo sobre su cabeza","og_url":"https:\/\/demoweb.info\/sexshop001\/producto\/mascara-bondage-con-abertura-boca\/","og_site_name":"Tienda Er\u00f3tica","og_image":[{"width":550,"height":550,"url":"https:\/\/demoweb.info\/sexshop001\/wp-content\/uploads\/2022\/01\/MASCARA-BONDAGE-CON-ABERTURA-BOCA.jpg","type":"image\/jpeg"}],"twitter_card":"summary_large_image","schema":{"@context":"https:\/\/schema.org","@graph":[{"@type":"WebPage","@id":"https:\/\/demoweb.info\/sexshop001\/producto\/mascara-bondage-con-abertura-boca\/","url":"https:\/\/demoweb.info\/sexshop001\/producto\/mascara-bondage-con-abertura-boca\/","name":"M\u00c1SCARA BONDAGE CON ABERTURA BOCA - Tienda Er\u00f3tica","isPartOf":{"@id":"https:\/\/demoweb.info\/sexshop001\/#website"},"datePublished":"2022-01-22T14:17:11+00:00","dateModified":"2022-01-22T14:17:11+00:00","breadcrumb":{"@id":"https:\/\/demoweb.info\/sexshop001\/producto\/mascara-bondage-con-abertura-boca\/#breadcrumb"},"inLanguage":"es","potentialAction":[{"@type":"ReadAction","target":["https:\/\/demoweb.info\/sexshop001\/producto\/mascara-bondage-con-abertura-boca\/"]}]},{"@type":"BreadcrumbList","@id":"https:\/\/demoweb.info\/sexshop001\/producto\/mascara-bondage-con-abertura-boca\/#breadcrumb","itemListElement":[{"@type":"ListItem","position":1,"name":"Portada","item":"https:\/\/demoweb.info\/sexshop001\/"},{"@type":"ListItem","position":2,"name":"Tienda","item":"https:\/\/demoweb.info\/sexshop001\/tienda\/"},{"@type":"ListItem","position":3,"name":"M\u00c1SCARA BONDAGE CON ABERTURA BOCA"}]},{"@type":"WebSite","@id":"https:\/\/demoweb.info\/sexshop001\/#website","url":"https:\/\/demoweb.info\/sexshop001\/","name":"Tienda Er\u00f3tica","description":"DEMOWEB SL","potentialAction":[{"@type":"SearchAction","target":{"@type":"EntryPoint","urlTemplate":"https:\/\/demoweb.info\/sexshop001\/?s={search_term_string}"},"query-input":"required name=search_term_string"}],"inLanguage":"es"}]}},"_links":{"self":[{"href":"https:\/\/demoweb.info\/sexshop001\/wp-json\/wp\/v3\/product\/45899","targetHints":{"allow":["GET"]}}],"collection":[{"href":"https:\/\/demoweb.info\/sexshop001\/wp-json\/wp\/v3\/product"}],"about":[{"href":"https:\/\/demoweb.info\/sexshop001\/wp-json\/wp\/v2\/types\/product"}],"replies":[{"embeddable":true,"href":"https:\/\/demoweb.info\/sexshop001\/wp-json\/wp\/v2\/comments?post=45899"}],"wp:featuredmedia":[{"embeddable":true,"href":"https:\/\/demoweb.info\/sexshop001\/wp-json\/wp\/v2\/media\/45900"}],"wp:attachment":[{"href":"https:\/\/demoweb.info\/sexshop001\/wp-json\/wp\/v2\/media?parent=45899"}],"wp:term":[{"taxonomy":"product_cat","embeddable":true,"href":"https:\/\/demoweb.info\/sexshop001\/wp-json\/wp\/v2\/product_cat?post=45899"},{"taxonomy":"product_tag","embeddable":true,"href":"https:\/\/demoweb.info\/sexshop001\/wp-json\/wp\/v2\/product_tag?post=45899"}],"curies":[{"name":"wp","href":"https:\/\/api.w.org\/{rel}","templated":true}]}}