{"id":45893,"date":"2022-01-22T15:16:57","date_gmt":"2022-01-22T14:16:57","guid":{"rendered":"https:\/\/demoweb.info\/sexshop001\/producto\/captivate-me-plug-silicona-10-bolas-anales\/"},"modified":"2022-01-22T15:17:06","modified_gmt":"2022-01-22T14:17:06","slug":"captivate-me-plug-silicona-10-bolas-anales","status":"publish","type":"product","link":"https:\/\/demoweb.info\/sexshop001\/producto\/captivate-me-plug-silicona-10-bolas-anales\/","title":{"rendered":"CAPTIVATE ME &#8211; PLUG SILICONA 10 BOLAS ANALES"},"content":{"rendered":"<p><strong>CAPTIVATE ME &#8211; 10 SILICONE BEADS<\/strong><\/p>\n<p>Este plug de bolas anales de silicona sedosa se deslizar\u00e1 dentro y fuera de ti, ofreciendo un placer aterciopeladao con cada cuenta. Las 10 perlas graduadas empiezan desde abajo y se hinchan a medida que se avanza.<\/p>\n<p>El dise\u00f1o extra largo contribuye a un placer prolongado a medida que lo retiras. El eje flexible y fuerte est\u00e1 coronado por dos anillas que facilitan su extracci\u00f3n. Con un material hipoalerg\u00e9nico y libre de ftalatos que se limpia f\u00e1cilmente.<\/p>\n<p>Caracter\u00edsticas:<\/p>\n<p>&#8211; Longitud total: 34,3 cm<br \/>\n&#8211; Longitud Insertable: 28,6 cm<br \/>\n&#8211; Di\u00e1metro en el punto m\u00e1s ancho: 2,5<br \/>\n&#8211; Material: Silicona<\/p>\n","protected":false},"excerpt":{"rendered":"<p>CAPTIVATE ME &#8211; 10 SILICONE BEADS Este plug de bolas anales de silicona sedosa se deslizar\u00e1 dentro y fuera de<\/p>\n","protected":false},"featured_media":45894,"comment_status":"open","ping_status":"open","template":"","meta":[],"product_cat":[338],"product_tag":[274],"class_list":["post-45893","product","type-product","status-publish","has-post-thumbnail","hentry","product_cat-silicona-plugs","product_tag-xr-brands"],"bundled_by":[],"bundle_stock_status":"instock","bundle_stock_quantity":5,"bundle_virtual":false,"bundle_layout":"","bundle_add_to_cart_form_location":"","bundle_editable_in_cart":false,"bundle_sold_individually_context":"","bundle_item_grouping":"","bundle_min_size":"","bundle_max_size":"","bundled_items":[],"yoast_head":"<!-- This site is optimized with the Yoast SEO plugin v20.6 - https:\/\/yoast.com\/wordpress\/plugins\/seo\/ -->\n<title>CAPTIVATE ME - PLUG SILICONA 10 BOLAS ANALES - Tienda Er\u00f3tica<\/title>\n<meta name=\"robots\" content=\"noindex, follow, max-snippet:-1, max-image-preview:large, max-video-preview:-1\" \/>\n<meta property=\"og:locale\" content=\"es_ES\" \/>\n<meta property=\"og:type\" content=\"article\" \/>\n<meta property=\"og:title\" content=\"CAPTIVATE ME - PLUG SILICONA 10 BOLAS ANALES - Tienda Er\u00f3tica\" \/>\n<meta property=\"og:description\" content=\"CAPTIVATE ME &#8211; 10 SILICONE BEADS Este plug de bolas anales de silicona sedosa se deslizar\u00e1 dentro y fuera de\" \/>\n<meta property=\"og:url\" content=\"https:\/\/demoweb.info\/sexshop001\/producto\/captivate-me-plug-silicona-10-bolas-anales\/\" \/>\n<meta property=\"og:site_name\" content=\"Tienda Er\u00f3tica\" \/>\n<meta property=\"article:modified_time\" content=\"2022-01-22T14:17:06+00:00\" \/>\n<meta property=\"og:image\" content=\"https:\/\/demoweb.info\/sexshop001\/wp-content\/uploads\/2022\/01\/CAPTIVATE-ME-PLUG-SILICONA-10-BOLAS-ANALES.jpg\" \/>\n\t<meta property=\"og:image:width\" content=\"550\" \/>\n\t<meta property=\"og:image:height\" content=\"550\" \/>\n\t<meta property=\"og:image:type\" content=\"image\/jpeg\" \/>\n<meta name=\"twitter:card\" content=\"summary_large_image\" \/>\n<meta name=\"twitter:label1\" content=\"Tiempo de lectura\" \/>\n\t<meta name=\"twitter:data1\" content=\"1 minuto\" \/>\n<script type=\"application\/ld+json\" class=\"yoast-schema-graph\">{\"@context\":\"https:\/\/schema.org\",\"@graph\":[{\"@type\":\"WebPage\",\"@id\":\"https:\/\/demoweb.info\/sexshop001\/producto\/captivate-me-plug-silicona-10-bolas-anales\/\",\"url\":\"https:\/\/demoweb.info\/sexshop001\/producto\/captivate-me-plug-silicona-10-bolas-anales\/\",\"name\":\"CAPTIVATE ME - PLUG SILICONA 10 BOLAS ANALES - Tienda Er\u00f3tica\",\"isPartOf\":{\"@id\":\"https:\/\/demoweb.info\/sexshop001\/#website\"},\"datePublished\":\"2022-01-22T14:16:57+00:00\",\"dateModified\":\"2022-01-22T14:17:06+00:00\",\"breadcrumb\":{\"@id\":\"https:\/\/demoweb.info\/sexshop001\/producto\/captivate-me-plug-silicona-10-bolas-anales\/#breadcrumb\"},\"inLanguage\":\"es\",\"potentialAction\":[{\"@type\":\"ReadAction\",\"target\":[\"https:\/\/demoweb.info\/sexshop001\/producto\/captivate-me-plug-silicona-10-bolas-anales\/\"]}]},{\"@type\":\"BreadcrumbList\",\"@id\":\"https:\/\/demoweb.info\/sexshop001\/producto\/captivate-me-plug-silicona-10-bolas-anales\/#breadcrumb\",\"itemListElement\":[{\"@type\":\"ListItem\",\"position\":1,\"name\":\"Portada\",\"item\":\"https:\/\/demoweb.info\/sexshop001\/\"},{\"@type\":\"ListItem\",\"position\":2,\"name\":\"Tienda\",\"item\":\"https:\/\/demoweb.info\/sexshop001\/tienda\/\"},{\"@type\":\"ListItem\",\"position\":3,\"name\":\"CAPTIVATE ME &#8211; PLUG SILICONA 10 BOLAS ANALES\"}]},{\"@type\":\"WebSite\",\"@id\":\"https:\/\/demoweb.info\/sexshop001\/#website\",\"url\":\"https:\/\/demoweb.info\/sexshop001\/\",\"name\":\"Tienda Er\u00f3tica\",\"description\":\"DEMOWEB SL\",\"potentialAction\":[{\"@type\":\"SearchAction\",\"target\":{\"@type\":\"EntryPoint\",\"urlTemplate\":\"https:\/\/demoweb.info\/sexshop001\/?s={search_term_string}\"},\"query-input\":\"required name=search_term_string\"}],\"inLanguage\":\"es\"}]}<\/script>\n<!-- \/ Yoast SEO plugin. -->","yoast_head_json":{"title":"CAPTIVATE ME - PLUG SILICONA 10 BOLAS ANALES - Tienda Er\u00f3tica","robots":{"index":"noindex","follow":"follow","max-snippet":"max-snippet:-1","max-image-preview":"max-image-preview:large","max-video-preview":"max-video-preview:-1"},"og_locale":"es_ES","og_type":"article","og_title":"CAPTIVATE ME - PLUG SILICONA 10 BOLAS ANALES - Tienda Er\u00f3tica","og_description":"CAPTIVATE ME &#8211; 10 SILICONE BEADS Este plug de bolas anales de silicona sedosa se deslizar\u00e1 dentro y fuera de","og_url":"https:\/\/demoweb.info\/sexshop001\/producto\/captivate-me-plug-silicona-10-bolas-anales\/","og_site_name":"Tienda Er\u00f3tica","article_modified_time":"2022-01-22T14:17:06+00:00","og_image":[{"width":550,"height":550,"url":"https:\/\/demoweb.info\/sexshop001\/wp-content\/uploads\/2022\/01\/CAPTIVATE-ME-PLUG-SILICONA-10-BOLAS-ANALES.jpg","type":"image\/jpeg"}],"twitter_card":"summary_large_image","twitter_misc":{"Tiempo de lectura":"1 minuto"},"schema":{"@context":"https:\/\/schema.org","@graph":[{"@type":"WebPage","@id":"https:\/\/demoweb.info\/sexshop001\/producto\/captivate-me-plug-silicona-10-bolas-anales\/","url":"https:\/\/demoweb.info\/sexshop001\/producto\/captivate-me-plug-silicona-10-bolas-anales\/","name":"CAPTIVATE ME - PLUG SILICONA 10 BOLAS ANALES - Tienda Er\u00f3tica","isPartOf":{"@id":"https:\/\/demoweb.info\/sexshop001\/#website"},"datePublished":"2022-01-22T14:16:57+00:00","dateModified":"2022-01-22T14:17:06+00:00","breadcrumb":{"@id":"https:\/\/demoweb.info\/sexshop001\/producto\/captivate-me-plug-silicona-10-bolas-anales\/#breadcrumb"},"inLanguage":"es","potentialAction":[{"@type":"ReadAction","target":["https:\/\/demoweb.info\/sexshop001\/producto\/captivate-me-plug-silicona-10-bolas-anales\/"]}]},{"@type":"BreadcrumbList","@id":"https:\/\/demoweb.info\/sexshop001\/producto\/captivate-me-plug-silicona-10-bolas-anales\/#breadcrumb","itemListElement":[{"@type":"ListItem","position":1,"name":"Portada","item":"https:\/\/demoweb.info\/sexshop001\/"},{"@type":"ListItem","position":2,"name":"Tienda","item":"https:\/\/demoweb.info\/sexshop001\/tienda\/"},{"@type":"ListItem","position":3,"name":"CAPTIVATE ME &#8211; PLUG SILICONA 10 BOLAS ANALES"}]},{"@type":"WebSite","@id":"https:\/\/demoweb.info\/sexshop001\/#website","url":"https:\/\/demoweb.info\/sexshop001\/","name":"Tienda Er\u00f3tica","description":"DEMOWEB SL","potentialAction":[{"@type":"SearchAction","target":{"@type":"EntryPoint","urlTemplate":"https:\/\/demoweb.info\/sexshop001\/?s={search_term_string}"},"query-input":"required name=search_term_string"}],"inLanguage":"es"}]}},"_links":{"self":[{"href":"https:\/\/demoweb.info\/sexshop001\/wp-json\/wp\/v3\/product\/45893","targetHints":{"allow":["GET"]}}],"collection":[{"href":"https:\/\/demoweb.info\/sexshop001\/wp-json\/wp\/v3\/product"}],"about":[{"href":"https:\/\/demoweb.info\/sexshop001\/wp-json\/wp\/v2\/types\/product"}],"replies":[{"embeddable":true,"href":"https:\/\/demoweb.info\/sexshop001\/wp-json\/wp\/v2\/comments?post=45893"}],"wp:featuredmedia":[{"embeddable":true,"href":"https:\/\/demoweb.info\/sexshop001\/wp-json\/wp\/v2\/media\/45894"}],"wp:attachment":[{"href":"https:\/\/demoweb.info\/sexshop001\/wp-json\/wp\/v2\/media?parent=45893"}],"wp:term":[{"taxonomy":"product_cat","embeddable":true,"href":"https:\/\/demoweb.info\/sexshop001\/wp-json\/wp\/v2\/product_cat?post=45893"},{"taxonomy":"product_tag","embeddable":true,"href":"https:\/\/demoweb.info\/sexshop001\/wp-json\/wp\/v2\/product_tag?post=45893"}],"curies":[{"name":"wp","href":"https:\/\/api.w.org\/{rel}","templated":true}]}}