{"id":45887,"date":"2022-01-22T15:16:57","date_gmt":"2022-01-22T14:16:57","guid":{"rendered":"https:\/\/demoweb.info\/sexshop001\/producto\/diabolic-anillo-para-el-pene\/"},"modified":"2022-01-22T15:17:03","modified_gmt":"2022-01-22T14:17:03","slug":"diabolic-anillo-para-el-pene","status":"publish","type":"product","link":"https:\/\/demoweb.info\/sexshop001\/producto\/diabolic-anillo-para-el-pene\/","title":{"rendered":"DIABOLIC &#8211; ANILLO PARA EL PENE"},"content":{"rendered":"<p><strong>DIABOLIC<\/strong><\/p>\n<p>Coloca el pene a trav\u00e9s del anillo superior y los test\u00edculos a trav\u00e9s del anillo inferior. El material TPR flexible proporciona lo suficiente para poder llevarlo c\u00f3modamente, mientras proporciona un buen agarre. Un estimulador de perineo remata este dispositivo diab\u00f3lico que lo hace aparentar grande y sentirse a\u00fan mejor.<\/p>\n<p>Caracter\u00edsticas:<\/p>\n<p>&#8211; Longitud total: 13 cm<br \/>\n&#8211; Anchura total: 6 cm<br \/>\n&#8211; Anchura interior: 3,7 cm<br \/>\n&#8211; Material TPR<\/p>\n","protected":false},"excerpt":{"rendered":"<p>DIABOLIC Coloca el pene a trav\u00e9s del anillo superior y los test\u00edculos a trav\u00e9s del anillo inferior. El material TPR<\/p>\n","protected":false},"featured_media":45888,"comment_status":"open","ping_status":"open","template":"","meta":[],"product_cat":[643],"product_tag":[463,274],"class_list":["post-45887","product","type-product","status-publish","has-post-thumbnail","hentry","product_cat-basicos-anillos","product_tag-master-series","product_tag-xr-brands"],"bundled_by":[],"bundle_stock_status":"instock","bundle_stock_quantity":1,"bundle_virtual":false,"bundle_layout":"","bundle_add_to_cart_form_location":"","bundle_editable_in_cart":false,"bundle_sold_individually_context":"","bundle_item_grouping":"","bundle_min_size":"","bundle_max_size":"","bundled_items":[],"yoast_head":"<!-- This site is optimized with the Yoast SEO plugin v20.6 - https:\/\/yoast.com\/wordpress\/plugins\/seo\/ -->\n<title>DIABOLIC - ANILLO PARA EL PENE - Tienda Er\u00f3tica<\/title>\n<meta name=\"robots\" content=\"noindex, follow, max-snippet:-1, max-image-preview:large, max-video-preview:-1\" \/>\n<meta property=\"og:locale\" content=\"es_ES\" \/>\n<meta property=\"og:type\" content=\"article\" \/>\n<meta property=\"og:title\" content=\"DIABOLIC - ANILLO PARA EL PENE - Tienda Er\u00f3tica\" \/>\n<meta property=\"og:description\" content=\"DIABOLIC Coloca el pene a trav\u00e9s del anillo superior y los test\u00edculos a trav\u00e9s del anillo inferior. El material TPR\" \/>\n<meta property=\"og:url\" content=\"https:\/\/demoweb.info\/sexshop001\/producto\/diabolic-anillo-para-el-pene\/\" \/>\n<meta property=\"og:site_name\" content=\"Tienda Er\u00f3tica\" \/>\n<meta property=\"article:modified_time\" content=\"2022-01-22T14:17:03+00:00\" \/>\n<meta property=\"og:image\" content=\"https:\/\/demoweb.info\/sexshop001\/wp-content\/uploads\/2022\/01\/DIABOLIC-ANILLO-PARA-EL-PENE.jpg\" \/>\n\t<meta property=\"og:image:width\" content=\"550\" \/>\n\t<meta property=\"og:image:height\" content=\"550\" \/>\n\t<meta property=\"og:image:type\" content=\"image\/jpeg\" \/>\n<meta name=\"twitter:card\" content=\"summary_large_image\" \/>\n<script type=\"application\/ld+json\" class=\"yoast-schema-graph\">{\"@context\":\"https:\/\/schema.org\",\"@graph\":[{\"@type\":\"WebPage\",\"@id\":\"https:\/\/demoweb.info\/sexshop001\/producto\/diabolic-anillo-para-el-pene\/\",\"url\":\"https:\/\/demoweb.info\/sexshop001\/producto\/diabolic-anillo-para-el-pene\/\",\"name\":\"DIABOLIC - ANILLO PARA EL PENE - Tienda Er\u00f3tica\",\"isPartOf\":{\"@id\":\"https:\/\/demoweb.info\/sexshop001\/#website\"},\"datePublished\":\"2022-01-22T14:16:57+00:00\",\"dateModified\":\"2022-01-22T14:17:03+00:00\",\"breadcrumb\":{\"@id\":\"https:\/\/demoweb.info\/sexshop001\/producto\/diabolic-anillo-para-el-pene\/#breadcrumb\"},\"inLanguage\":\"es\",\"potentialAction\":[{\"@type\":\"ReadAction\",\"target\":[\"https:\/\/demoweb.info\/sexshop001\/producto\/diabolic-anillo-para-el-pene\/\"]}]},{\"@type\":\"BreadcrumbList\",\"@id\":\"https:\/\/demoweb.info\/sexshop001\/producto\/diabolic-anillo-para-el-pene\/#breadcrumb\",\"itemListElement\":[{\"@type\":\"ListItem\",\"position\":1,\"name\":\"Portada\",\"item\":\"https:\/\/demoweb.info\/sexshop001\/\"},{\"@type\":\"ListItem\",\"position\":2,\"name\":\"Tienda\",\"item\":\"https:\/\/demoweb.info\/sexshop001\/tienda\/\"},{\"@type\":\"ListItem\",\"position\":3,\"name\":\"DIABOLIC &#8211; ANILLO PARA EL PENE\"}]},{\"@type\":\"WebSite\",\"@id\":\"https:\/\/demoweb.info\/sexshop001\/#website\",\"url\":\"https:\/\/demoweb.info\/sexshop001\/\",\"name\":\"Tienda Er\u00f3tica\",\"description\":\"DEMOWEB SL\",\"potentialAction\":[{\"@type\":\"SearchAction\",\"target\":{\"@type\":\"EntryPoint\",\"urlTemplate\":\"https:\/\/demoweb.info\/sexshop001\/?s={search_term_string}\"},\"query-input\":\"required name=search_term_string\"}],\"inLanguage\":\"es\"}]}<\/script>\n<!-- \/ Yoast SEO plugin. -->","yoast_head_json":{"title":"DIABOLIC - ANILLO PARA EL PENE - Tienda Er\u00f3tica","robots":{"index":"noindex","follow":"follow","max-snippet":"max-snippet:-1","max-image-preview":"max-image-preview:large","max-video-preview":"max-video-preview:-1"},"og_locale":"es_ES","og_type":"article","og_title":"DIABOLIC - ANILLO PARA EL PENE - Tienda Er\u00f3tica","og_description":"DIABOLIC Coloca el pene a trav\u00e9s del anillo superior y los test\u00edculos a trav\u00e9s del anillo inferior. El material TPR","og_url":"https:\/\/demoweb.info\/sexshop001\/producto\/diabolic-anillo-para-el-pene\/","og_site_name":"Tienda Er\u00f3tica","article_modified_time":"2022-01-22T14:17:03+00:00","og_image":[{"width":550,"height":550,"url":"https:\/\/demoweb.info\/sexshop001\/wp-content\/uploads\/2022\/01\/DIABOLIC-ANILLO-PARA-EL-PENE.jpg","type":"image\/jpeg"}],"twitter_card":"summary_large_image","schema":{"@context":"https:\/\/schema.org","@graph":[{"@type":"WebPage","@id":"https:\/\/demoweb.info\/sexshop001\/producto\/diabolic-anillo-para-el-pene\/","url":"https:\/\/demoweb.info\/sexshop001\/producto\/diabolic-anillo-para-el-pene\/","name":"DIABOLIC - ANILLO PARA EL PENE - Tienda Er\u00f3tica","isPartOf":{"@id":"https:\/\/demoweb.info\/sexshop001\/#website"},"datePublished":"2022-01-22T14:16:57+00:00","dateModified":"2022-01-22T14:17:03+00:00","breadcrumb":{"@id":"https:\/\/demoweb.info\/sexshop001\/producto\/diabolic-anillo-para-el-pene\/#breadcrumb"},"inLanguage":"es","potentialAction":[{"@type":"ReadAction","target":["https:\/\/demoweb.info\/sexshop001\/producto\/diabolic-anillo-para-el-pene\/"]}]},{"@type":"BreadcrumbList","@id":"https:\/\/demoweb.info\/sexshop001\/producto\/diabolic-anillo-para-el-pene\/#breadcrumb","itemListElement":[{"@type":"ListItem","position":1,"name":"Portada","item":"https:\/\/demoweb.info\/sexshop001\/"},{"@type":"ListItem","position":2,"name":"Tienda","item":"https:\/\/demoweb.info\/sexshop001\/tienda\/"},{"@type":"ListItem","position":3,"name":"DIABOLIC &#8211; ANILLO PARA EL PENE"}]},{"@type":"WebSite","@id":"https:\/\/demoweb.info\/sexshop001\/#website","url":"https:\/\/demoweb.info\/sexshop001\/","name":"Tienda Er\u00f3tica","description":"DEMOWEB SL","potentialAction":[{"@type":"SearchAction","target":{"@type":"EntryPoint","urlTemplate":"https:\/\/demoweb.info\/sexshop001\/?s={search_term_string}"},"query-input":"required name=search_term_string"}],"inLanguage":"es"}]}},"_links":{"self":[{"href":"https:\/\/demoweb.info\/sexshop001\/wp-json\/wp\/v3\/product\/45887","targetHints":{"allow":["GET"]}}],"collection":[{"href":"https:\/\/demoweb.info\/sexshop001\/wp-json\/wp\/v3\/product"}],"about":[{"href":"https:\/\/demoweb.info\/sexshop001\/wp-json\/wp\/v2\/types\/product"}],"replies":[{"embeddable":true,"href":"https:\/\/demoweb.info\/sexshop001\/wp-json\/wp\/v2\/comments?post=45887"}],"wp:featuredmedia":[{"embeddable":true,"href":"https:\/\/demoweb.info\/sexshop001\/wp-json\/wp\/v2\/media\/45888"}],"wp:attachment":[{"href":"https:\/\/demoweb.info\/sexshop001\/wp-json\/wp\/v2\/media?parent=45887"}],"wp:term":[{"taxonomy":"product_cat","embeddable":true,"href":"https:\/\/demoweb.info\/sexshop001\/wp-json\/wp\/v2\/product_cat?post=45887"},{"taxonomy":"product_tag","embeddable":true,"href":"https:\/\/demoweb.info\/sexshop001\/wp-json\/wp\/v2\/product_tag?post=45887"}],"curies":[{"name":"wp","href":"https:\/\/api.w.org\/{rel}","templated":true}]}}