{"id":45866,"date":"2022-01-22T15:16:43","date_gmt":"2022-01-22T14:16:43","guid":{"rendered":"https:\/\/demoweb.info\/sexshop001\/producto\/flex-tip-enema-limpiador-azul\/"},"modified":"2022-01-22T15:16:51","modified_gmt":"2022-01-22T14:16:51","slug":"flex-tip-enema-limpiador-azul","status":"publish","type":"product","link":"https:\/\/demoweb.info\/sexshop001\/producto\/flex-tip-enema-limpiador-azul\/","title":{"rendered":"FLEX-TIP ENEMA LIMPIADOR AZUL"},"content":{"rendered":"<p><strong>FLEX-TIP CLEANSING BULB<\/strong><\/p>\n<p>El Flex-Tip es un complemento vers\u00e1til para su limpieza m\u00e1s \u00edntima. Hecho de silicona es resistente y f\u00e1cil de usar.<\/p>\n<p>La bombilla tiene una punta c\u00f3nica flexible, de modo que se dobla con su cuerpo. El tornillo de rosca en la base de la punta est\u00e1 hecho de pl\u00e1stico ABS seguro. La punta extra\u00edble tambi\u00e9n se puede utilizar con cualquiera de los sistemas <em>CleanStream <\/em>para la ducha y bolsas de limpieza.<\/p>\n<p>Caracter\u00edsticas:<\/p>\n<p>&#8211; Altura total: 19 cm<br \/>\n&#8211; Di\u00e1metro: 6,35 cm<br \/>\n&#8211; Bombilla con capacidad para 250 ml.<br \/>\n&#8211; Material: Silicona y pl\u00e1stico ABS<\/p>\n","protected":false},"excerpt":{"rendered":"<p>FLEX-TIP CLEANSING BULB El Flex-Tip es un complemento vers\u00e1til para su limpieza m\u00e1s \u00edntima. Hecho de silicona es resistente y<\/p>\n","protected":false},"featured_media":45867,"comment_status":"open","ping_status":"open","template":"","meta":[],"product_cat":[558],"product_tag":[786,274],"class_list":["post-45866","product","type-product","status-publish","has-post-thumbnail","hentry","product_cat-enemas","product_tag-clean-stream","product_tag-xr-brands"],"bundled_by":[],"bundle_stock_status":"instock","bundle_stock_quantity":1,"bundle_virtual":false,"bundle_layout":"","bundle_add_to_cart_form_location":"","bundle_editable_in_cart":false,"bundle_sold_individually_context":"","bundle_item_grouping":"","bundle_min_size":"","bundle_max_size":"","bundled_items":[],"yoast_head":"<!-- This site is optimized with the Yoast SEO plugin v20.6 - https:\/\/yoast.com\/wordpress\/plugins\/seo\/ -->\n<title>FLEX-TIP ENEMA LIMPIADOR AZUL - Tienda Er\u00f3tica<\/title>\n<meta name=\"robots\" content=\"noindex, follow, max-snippet:-1, max-image-preview:large, max-video-preview:-1\" \/>\n<meta property=\"og:locale\" content=\"es_ES\" \/>\n<meta property=\"og:type\" content=\"article\" \/>\n<meta property=\"og:title\" content=\"FLEX-TIP ENEMA LIMPIADOR AZUL - Tienda Er\u00f3tica\" \/>\n<meta property=\"og:description\" content=\"FLEX-TIP CLEANSING BULB El Flex-Tip es un complemento vers\u00e1til para su limpieza m\u00e1s \u00edntima. Hecho de silicona es resistente y\" \/>\n<meta property=\"og:url\" content=\"https:\/\/demoweb.info\/sexshop001\/producto\/flex-tip-enema-limpiador-azul\/\" \/>\n<meta property=\"og:site_name\" content=\"Tienda Er\u00f3tica\" \/>\n<meta property=\"article:modified_time\" content=\"2022-01-22T14:16:51+00:00\" \/>\n<meta property=\"og:image\" content=\"https:\/\/demoweb.info\/sexshop001\/wp-content\/uploads\/2022\/01\/FLEX-TIP-ENEMA-LIMPIADOR-AZUL.jpg\" \/>\n\t<meta property=\"og:image:width\" content=\"550\" \/>\n\t<meta property=\"og:image:height\" content=\"550\" \/>\n\t<meta property=\"og:image:type\" content=\"image\/jpeg\" \/>\n<meta name=\"twitter:card\" content=\"summary_large_image\" \/>\n<meta name=\"twitter:label1\" content=\"Tiempo de lectura\" \/>\n\t<meta name=\"twitter:data1\" content=\"1 minuto\" \/>\n<script type=\"application\/ld+json\" class=\"yoast-schema-graph\">{\"@context\":\"https:\/\/schema.org\",\"@graph\":[{\"@type\":\"WebPage\",\"@id\":\"https:\/\/demoweb.info\/sexshop001\/producto\/flex-tip-enema-limpiador-azul\/\",\"url\":\"https:\/\/demoweb.info\/sexshop001\/producto\/flex-tip-enema-limpiador-azul\/\",\"name\":\"FLEX-TIP ENEMA LIMPIADOR AZUL - Tienda Er\u00f3tica\",\"isPartOf\":{\"@id\":\"https:\/\/demoweb.info\/sexshop001\/#website\"},\"datePublished\":\"2022-01-22T14:16:43+00:00\",\"dateModified\":\"2022-01-22T14:16:51+00:00\",\"breadcrumb\":{\"@id\":\"https:\/\/demoweb.info\/sexshop001\/producto\/flex-tip-enema-limpiador-azul\/#breadcrumb\"},\"inLanguage\":\"es\",\"potentialAction\":[{\"@type\":\"ReadAction\",\"target\":[\"https:\/\/demoweb.info\/sexshop001\/producto\/flex-tip-enema-limpiador-azul\/\"]}]},{\"@type\":\"BreadcrumbList\",\"@id\":\"https:\/\/demoweb.info\/sexshop001\/producto\/flex-tip-enema-limpiador-azul\/#breadcrumb\",\"itemListElement\":[{\"@type\":\"ListItem\",\"position\":1,\"name\":\"Portada\",\"item\":\"https:\/\/demoweb.info\/sexshop001\/\"},{\"@type\":\"ListItem\",\"position\":2,\"name\":\"Tienda\",\"item\":\"https:\/\/demoweb.info\/sexshop001\/tienda\/\"},{\"@type\":\"ListItem\",\"position\":3,\"name\":\"FLEX-TIP ENEMA LIMPIADOR AZUL\"}]},{\"@type\":\"WebSite\",\"@id\":\"https:\/\/demoweb.info\/sexshop001\/#website\",\"url\":\"https:\/\/demoweb.info\/sexshop001\/\",\"name\":\"Tienda Er\u00f3tica\",\"description\":\"DEMOWEB SL\",\"potentialAction\":[{\"@type\":\"SearchAction\",\"target\":{\"@type\":\"EntryPoint\",\"urlTemplate\":\"https:\/\/demoweb.info\/sexshop001\/?s={search_term_string}\"},\"query-input\":\"required name=search_term_string\"}],\"inLanguage\":\"es\"}]}<\/script>\n<!-- \/ Yoast SEO plugin. -->","yoast_head_json":{"title":"FLEX-TIP ENEMA LIMPIADOR AZUL - Tienda Er\u00f3tica","robots":{"index":"noindex","follow":"follow","max-snippet":"max-snippet:-1","max-image-preview":"max-image-preview:large","max-video-preview":"max-video-preview:-1"},"og_locale":"es_ES","og_type":"article","og_title":"FLEX-TIP ENEMA LIMPIADOR AZUL - Tienda Er\u00f3tica","og_description":"FLEX-TIP CLEANSING BULB El Flex-Tip es un complemento vers\u00e1til para su limpieza m\u00e1s \u00edntima. Hecho de silicona es resistente y","og_url":"https:\/\/demoweb.info\/sexshop001\/producto\/flex-tip-enema-limpiador-azul\/","og_site_name":"Tienda Er\u00f3tica","article_modified_time":"2022-01-22T14:16:51+00:00","og_image":[{"width":550,"height":550,"url":"https:\/\/demoweb.info\/sexshop001\/wp-content\/uploads\/2022\/01\/FLEX-TIP-ENEMA-LIMPIADOR-AZUL.jpg","type":"image\/jpeg"}],"twitter_card":"summary_large_image","twitter_misc":{"Tiempo de lectura":"1 minuto"},"schema":{"@context":"https:\/\/schema.org","@graph":[{"@type":"WebPage","@id":"https:\/\/demoweb.info\/sexshop001\/producto\/flex-tip-enema-limpiador-azul\/","url":"https:\/\/demoweb.info\/sexshop001\/producto\/flex-tip-enema-limpiador-azul\/","name":"FLEX-TIP ENEMA LIMPIADOR AZUL - Tienda Er\u00f3tica","isPartOf":{"@id":"https:\/\/demoweb.info\/sexshop001\/#website"},"datePublished":"2022-01-22T14:16:43+00:00","dateModified":"2022-01-22T14:16:51+00:00","breadcrumb":{"@id":"https:\/\/demoweb.info\/sexshop001\/producto\/flex-tip-enema-limpiador-azul\/#breadcrumb"},"inLanguage":"es","potentialAction":[{"@type":"ReadAction","target":["https:\/\/demoweb.info\/sexshop001\/producto\/flex-tip-enema-limpiador-azul\/"]}]},{"@type":"BreadcrumbList","@id":"https:\/\/demoweb.info\/sexshop001\/producto\/flex-tip-enema-limpiador-azul\/#breadcrumb","itemListElement":[{"@type":"ListItem","position":1,"name":"Portada","item":"https:\/\/demoweb.info\/sexshop001\/"},{"@type":"ListItem","position":2,"name":"Tienda","item":"https:\/\/demoweb.info\/sexshop001\/tienda\/"},{"@type":"ListItem","position":3,"name":"FLEX-TIP ENEMA LIMPIADOR AZUL"}]},{"@type":"WebSite","@id":"https:\/\/demoweb.info\/sexshop001\/#website","url":"https:\/\/demoweb.info\/sexshop001\/","name":"Tienda Er\u00f3tica","description":"DEMOWEB SL","potentialAction":[{"@type":"SearchAction","target":{"@type":"EntryPoint","urlTemplate":"https:\/\/demoweb.info\/sexshop001\/?s={search_term_string}"},"query-input":"required name=search_term_string"}],"inLanguage":"es"}]}},"_links":{"self":[{"href":"https:\/\/demoweb.info\/sexshop001\/wp-json\/wp\/v3\/product\/45866","targetHints":{"allow":["GET"]}}],"collection":[{"href":"https:\/\/demoweb.info\/sexshop001\/wp-json\/wp\/v3\/product"}],"about":[{"href":"https:\/\/demoweb.info\/sexshop001\/wp-json\/wp\/v2\/types\/product"}],"replies":[{"embeddable":true,"href":"https:\/\/demoweb.info\/sexshop001\/wp-json\/wp\/v2\/comments?post=45866"}],"wp:featuredmedia":[{"embeddable":true,"href":"https:\/\/demoweb.info\/sexshop001\/wp-json\/wp\/v2\/media\/45867"}],"wp:attachment":[{"href":"https:\/\/demoweb.info\/sexshop001\/wp-json\/wp\/v2\/media?parent=45866"}],"wp:term":[{"taxonomy":"product_cat","embeddable":true,"href":"https:\/\/demoweb.info\/sexshop001\/wp-json\/wp\/v2\/product_cat?post=45866"},{"taxonomy":"product_tag","embeddable":true,"href":"https:\/\/demoweb.info\/sexshop001\/wp-json\/wp\/v2\/product_tag?post=45866"}],"curies":[{"name":"wp","href":"https:\/\/api.w.org\/{rel}","templated":true}]}}