{"id":45863,"date":"2022-01-22T15:16:43","date_gmt":"2022-01-22T14:16:43","guid":{"rendered":"https:\/\/demoweb.info\/sexshop001\/producto\/lektor-zipper-mascara\/"},"modified":"2022-01-22T15:16:49","modified_gmt":"2022-01-22T14:16:49","slug":"lektor-zipper-mascara","status":"publish","type":"product","link":"https:\/\/demoweb.info\/sexshop001\/producto\/lektor-zipper-mascara\/","title":{"rendered":"LEKTOR ZIPPER M\u00c1SCARA"},"content":{"rendered":"<p><strong>LEKTOR ZIPPER MOUTH MUZZLE<\/strong><\/p>\n<p>M\u00e1scara extrema con un agujero para la boca con cremallera atractiva. Con exterior de vinilo cubre la mitad inferior de la cara, tiene un forro interior de neopreno y dos orificios transpirables para la nariz. Las bandas el\u00e1sticas la hacen flexible asegurando que no se mueva de su lugar.<\/p>\n<p>Una vez colocada esta m\u00e1scara crear\u00e1 una sensaci\u00f3n de confinamiento sin ser demasiado abrumadora para el usuario.<\/p>\n<p>Talla \u00danica.<\/p>\n","protected":false},"excerpt":{"rendered":"<p>LEKTOR ZIPPER MOUTH MUZZLE M\u00e1scara extrema con un agujero para la boca con cremallera atractiva. Con exterior de vinilo cubre<\/p>\n","protected":false},"featured_media":45864,"comment_status":"open","ping_status":"open","template":"","meta":[],"product_cat":[287],"product_tag":[463,274],"class_list":["post-45863","product","type-product","status-publish","has-post-thumbnail","hentry","product_cat-extreme-bdsm","product_tag-master-series","product_tag-xr-brands"],"bundled_by":[],"bundle_stock_status":"instock","bundle_stock_quantity":2,"bundle_virtual":false,"bundle_layout":"","bundle_add_to_cart_form_location":"","bundle_editable_in_cart":false,"bundle_sold_individually_context":"","bundle_item_grouping":"","bundle_min_size":"","bundle_max_size":"","bundled_items":[],"yoast_head":"<!-- This site is optimized with the Yoast SEO plugin v20.6 - https:\/\/yoast.com\/wordpress\/plugins\/seo\/ -->\n<title>LEKTOR ZIPPER M\u00c1SCARA - Tienda Er\u00f3tica<\/title>\n<meta name=\"robots\" content=\"noindex, follow, max-snippet:-1, max-image-preview:large, max-video-preview:-1\" \/>\n<meta property=\"og:locale\" content=\"es_ES\" \/>\n<meta property=\"og:type\" content=\"article\" \/>\n<meta property=\"og:title\" content=\"LEKTOR ZIPPER M\u00c1SCARA - Tienda Er\u00f3tica\" \/>\n<meta property=\"og:description\" content=\"LEKTOR ZIPPER MOUTH MUZZLE M\u00e1scara extrema con un agujero para la boca con cremallera atractiva. Con exterior de vinilo cubre\" \/>\n<meta property=\"og:url\" content=\"https:\/\/demoweb.info\/sexshop001\/producto\/lektor-zipper-mascara\/\" \/>\n<meta property=\"og:site_name\" content=\"Tienda Er\u00f3tica\" \/>\n<meta property=\"article:modified_time\" content=\"2022-01-22T14:16:49+00:00\" \/>\n<meta property=\"og:image\" content=\"https:\/\/demoweb.info\/sexshop001\/wp-content\/uploads\/2022\/01\/LEKTOR-ZIPPER-MASCARA.jpg\" \/>\n\t<meta property=\"og:image:width\" content=\"550\" \/>\n\t<meta property=\"og:image:height\" content=\"550\" \/>\n\t<meta property=\"og:image:type\" content=\"image\/jpeg\" \/>\n<meta name=\"twitter:card\" content=\"summary_large_image\" \/>\n<script type=\"application\/ld+json\" class=\"yoast-schema-graph\">{\"@context\":\"https:\/\/schema.org\",\"@graph\":[{\"@type\":\"WebPage\",\"@id\":\"https:\/\/demoweb.info\/sexshop001\/producto\/lektor-zipper-mascara\/\",\"url\":\"https:\/\/demoweb.info\/sexshop001\/producto\/lektor-zipper-mascara\/\",\"name\":\"LEKTOR ZIPPER M\u00c1SCARA - Tienda Er\u00f3tica\",\"isPartOf\":{\"@id\":\"https:\/\/demoweb.info\/sexshop001\/#website\"},\"datePublished\":\"2022-01-22T14:16:43+00:00\",\"dateModified\":\"2022-01-22T14:16:49+00:00\",\"breadcrumb\":{\"@id\":\"https:\/\/demoweb.info\/sexshop001\/producto\/lektor-zipper-mascara\/#breadcrumb\"},\"inLanguage\":\"es\",\"potentialAction\":[{\"@type\":\"ReadAction\",\"target\":[\"https:\/\/demoweb.info\/sexshop001\/producto\/lektor-zipper-mascara\/\"]}]},{\"@type\":\"BreadcrumbList\",\"@id\":\"https:\/\/demoweb.info\/sexshop001\/producto\/lektor-zipper-mascara\/#breadcrumb\",\"itemListElement\":[{\"@type\":\"ListItem\",\"position\":1,\"name\":\"Portada\",\"item\":\"https:\/\/demoweb.info\/sexshop001\/\"},{\"@type\":\"ListItem\",\"position\":2,\"name\":\"Tienda\",\"item\":\"https:\/\/demoweb.info\/sexshop001\/tienda\/\"},{\"@type\":\"ListItem\",\"position\":3,\"name\":\"LEKTOR ZIPPER M\u00c1SCARA\"}]},{\"@type\":\"WebSite\",\"@id\":\"https:\/\/demoweb.info\/sexshop001\/#website\",\"url\":\"https:\/\/demoweb.info\/sexshop001\/\",\"name\":\"Tienda Er\u00f3tica\",\"description\":\"DEMOWEB SL\",\"potentialAction\":[{\"@type\":\"SearchAction\",\"target\":{\"@type\":\"EntryPoint\",\"urlTemplate\":\"https:\/\/demoweb.info\/sexshop001\/?s={search_term_string}\"},\"query-input\":\"required name=search_term_string\"}],\"inLanguage\":\"es\"}]}<\/script>\n<!-- \/ Yoast SEO plugin. -->","yoast_head_json":{"title":"LEKTOR ZIPPER M\u00c1SCARA - Tienda Er\u00f3tica","robots":{"index":"noindex","follow":"follow","max-snippet":"max-snippet:-1","max-image-preview":"max-image-preview:large","max-video-preview":"max-video-preview:-1"},"og_locale":"es_ES","og_type":"article","og_title":"LEKTOR ZIPPER M\u00c1SCARA - Tienda Er\u00f3tica","og_description":"LEKTOR ZIPPER MOUTH MUZZLE M\u00e1scara extrema con un agujero para la boca con cremallera atractiva. Con exterior de vinilo cubre","og_url":"https:\/\/demoweb.info\/sexshop001\/producto\/lektor-zipper-mascara\/","og_site_name":"Tienda Er\u00f3tica","article_modified_time":"2022-01-22T14:16:49+00:00","og_image":[{"width":550,"height":550,"url":"https:\/\/demoweb.info\/sexshop001\/wp-content\/uploads\/2022\/01\/LEKTOR-ZIPPER-MASCARA.jpg","type":"image\/jpeg"}],"twitter_card":"summary_large_image","schema":{"@context":"https:\/\/schema.org","@graph":[{"@type":"WebPage","@id":"https:\/\/demoweb.info\/sexshop001\/producto\/lektor-zipper-mascara\/","url":"https:\/\/demoweb.info\/sexshop001\/producto\/lektor-zipper-mascara\/","name":"LEKTOR ZIPPER M\u00c1SCARA - Tienda Er\u00f3tica","isPartOf":{"@id":"https:\/\/demoweb.info\/sexshop001\/#website"},"datePublished":"2022-01-22T14:16:43+00:00","dateModified":"2022-01-22T14:16:49+00:00","breadcrumb":{"@id":"https:\/\/demoweb.info\/sexshop001\/producto\/lektor-zipper-mascara\/#breadcrumb"},"inLanguage":"es","potentialAction":[{"@type":"ReadAction","target":["https:\/\/demoweb.info\/sexshop001\/producto\/lektor-zipper-mascara\/"]}]},{"@type":"BreadcrumbList","@id":"https:\/\/demoweb.info\/sexshop001\/producto\/lektor-zipper-mascara\/#breadcrumb","itemListElement":[{"@type":"ListItem","position":1,"name":"Portada","item":"https:\/\/demoweb.info\/sexshop001\/"},{"@type":"ListItem","position":2,"name":"Tienda","item":"https:\/\/demoweb.info\/sexshop001\/tienda\/"},{"@type":"ListItem","position":3,"name":"LEKTOR ZIPPER M\u00c1SCARA"}]},{"@type":"WebSite","@id":"https:\/\/demoweb.info\/sexshop001\/#website","url":"https:\/\/demoweb.info\/sexshop001\/","name":"Tienda Er\u00f3tica","description":"DEMOWEB SL","potentialAction":[{"@type":"SearchAction","target":{"@type":"EntryPoint","urlTemplate":"https:\/\/demoweb.info\/sexshop001\/?s={search_term_string}"},"query-input":"required name=search_term_string"}],"inLanguage":"es"}]}},"_links":{"self":[{"href":"https:\/\/demoweb.info\/sexshop001\/wp-json\/wp\/v3\/product\/45863","targetHints":{"allow":["GET"]}}],"collection":[{"href":"https:\/\/demoweb.info\/sexshop001\/wp-json\/wp\/v3\/product"}],"about":[{"href":"https:\/\/demoweb.info\/sexshop001\/wp-json\/wp\/v2\/types\/product"}],"replies":[{"embeddable":true,"href":"https:\/\/demoweb.info\/sexshop001\/wp-json\/wp\/v2\/comments?post=45863"}],"wp:featuredmedia":[{"embeddable":true,"href":"https:\/\/demoweb.info\/sexshop001\/wp-json\/wp\/v2\/media\/45864"}],"wp:attachment":[{"href":"https:\/\/demoweb.info\/sexshop001\/wp-json\/wp\/v2\/media?parent=45863"}],"wp:term":[{"taxonomy":"product_cat","embeddable":true,"href":"https:\/\/demoweb.info\/sexshop001\/wp-json\/wp\/v2\/product_cat?post=45863"},{"taxonomy":"product_tag","embeddable":true,"href":"https:\/\/demoweb.info\/sexshop001\/wp-json\/wp\/v2\/product_tag?post=45863"}],"curies":[{"name":"wp","href":"https:\/\/api.w.org\/{rel}","templated":true}]}}