{"id":45842,"date":"2022-01-22T15:16:28","date_gmt":"2022-01-22T14:16:28","guid":{"rendered":"https:\/\/demoweb.info\/sexshop001\/producto\/cum-thru-plug-para-el-pene\/"},"modified":"2022-01-22T15:16:36","modified_gmt":"2022-01-22T14:16:36","slug":"cum-thru-plug-para-el-pene","status":"publish","type":"product","link":"https:\/\/demoweb.info\/sexshop001\/producto\/cum-thru-plug-para-el-pene\/","title":{"rendered":"CUM-THRU PLUG PARA EL PENE"},"content":{"rendered":"<p><strong>CUM-THRU PLUG<\/strong><\/p>\n<p>Original tap\u00f3n uretral de acero inoxidable duradero y f\u00e1cil de esterilizar acero inoxidable. El placer se incrementa por la intensa presi\u00f3n una vez que la inserci\u00f3n uretral extra ancha est\u00e1 en su lugar. Cuatro anillos intercambiables proporcionan un ajuste personalizado, uno detr\u00e1s de la cabeza del pene y uno a lo largo del eje.<\/p>\n<p>El acero inoxidable es no poroso, higi\u00e9nico, f\u00e1cil de esterilizar, resistente a la temperatura y al impacto, y ofrece un valor a largo plazo. El anillo inferior se fija en el extremo del brazo de soporte, que est\u00e1 dise\u00f1ado para sentarse mediados de eje. El anillo superior, cerca de la cabeza, puede deslizarse hacia arriba y hacia abajo a lo largo del brazo de soporte, para permitir cambios en el tama\u00f1o y el movimiento normal, as\u00ed como un ajuste personalizado.<\/p>\n<p>La inserci\u00f3n uretral hueca se redondea al final con un pulido suave, sin costuras, rebabas o aristas, alcanza y se abre para facilitar la limpieza. El brazo de soporte es estable y se fija fuertemente, creando un juguete que le durar\u00e1 muchos a\u00f1os con el cuidado adecuado.<\/p>\n<p>Caracter\u00edsticas:<\/p>\n<p>&#8211; Longitud total del Plug: 9,4 cm<br \/>\n&#8211; Longitud Insertable: 8 cm<br \/>\n&#8211; Di\u00e1metro Insertable: 0,76 cm<br \/>\n&#8211; Di\u00e1metro de la cabeza: 15,24 cm<br \/>\n&#8211; Di\u00e1metro anillo peque\u00f1o: 2,67 cm<br \/>\n&#8211; Di\u00e1metro anillo grande: 3,17 cm<br \/>\n&#8211; Longitud total del brazo de apoyo: 7,16 cm<br \/>\n&#8211; Rango ajustable superior: 5,46 cm (Arriba y Abajo)<br \/>\n&#8211; Material: Acero inoxidable<\/p>\n","protected":false},"excerpt":{"rendered":"<p>CUM-THRU PLUG Original tap\u00f3n uretral de acero inoxidable duradero y f\u00e1cil de esterilizar acero inoxidable. El placer se incrementa por<\/p>\n","protected":false},"featured_media":45843,"comment_status":"open","ping_status":"open","template":"","meta":[],"product_cat":[290],"product_tag":[463,274],"class_list":["post-45842","product","type-product","status-publish","has-post-thumbnail","hentry","product_cat-penis-plug","product_tag-master-series","product_tag-xr-brands"],"bundled_by":[],"bundle_stock_status":"instock","bundle_stock_quantity":1,"bundle_virtual":false,"bundle_layout":"","bundle_add_to_cart_form_location":"","bundle_editable_in_cart":false,"bundle_sold_individually_context":"","bundle_item_grouping":"","bundle_min_size":"","bundle_max_size":"","bundled_items":[],"yoast_head":"<!-- This site is optimized with the Yoast SEO plugin v20.6 - https:\/\/yoast.com\/wordpress\/plugins\/seo\/ -->\n<title>CUM-THRU PLUG PARA EL PENE - Tienda Er\u00f3tica<\/title>\n<meta name=\"robots\" content=\"noindex, follow, max-snippet:-1, max-image-preview:large, max-video-preview:-1\" \/>\n<meta property=\"og:locale\" content=\"es_ES\" \/>\n<meta property=\"og:type\" content=\"article\" \/>\n<meta property=\"og:title\" content=\"CUM-THRU PLUG PARA EL PENE - Tienda Er\u00f3tica\" \/>\n<meta property=\"og:description\" content=\"CUM-THRU PLUG Original tap\u00f3n uretral de acero inoxidable duradero y f\u00e1cil de esterilizar acero inoxidable. El placer se incrementa por\" \/>\n<meta property=\"og:url\" content=\"https:\/\/demoweb.info\/sexshop001\/producto\/cum-thru-plug-para-el-pene\/\" \/>\n<meta property=\"og:site_name\" content=\"Tienda Er\u00f3tica\" \/>\n<meta property=\"article:modified_time\" content=\"2022-01-22T14:16:36+00:00\" \/>\n<meta property=\"og:image\" content=\"https:\/\/demoweb.info\/sexshop001\/wp-content\/uploads\/2022\/01\/CUM-THRU-PLUG-PARA-EL-PENE.jpg\" \/>\n\t<meta property=\"og:image:width\" content=\"550\" \/>\n\t<meta property=\"og:image:height\" content=\"550\" \/>\n\t<meta property=\"og:image:type\" content=\"image\/jpeg\" \/>\n<meta name=\"twitter:card\" content=\"summary_large_image\" \/>\n<meta name=\"twitter:label1\" content=\"Tiempo de lectura\" \/>\n\t<meta name=\"twitter:data1\" content=\"1 minuto\" \/>\n<script type=\"application\/ld+json\" class=\"yoast-schema-graph\">{\"@context\":\"https:\/\/schema.org\",\"@graph\":[{\"@type\":\"WebPage\",\"@id\":\"https:\/\/demoweb.info\/sexshop001\/producto\/cum-thru-plug-para-el-pene\/\",\"url\":\"https:\/\/demoweb.info\/sexshop001\/producto\/cum-thru-plug-para-el-pene\/\",\"name\":\"CUM-THRU PLUG PARA EL PENE - Tienda Er\u00f3tica\",\"isPartOf\":{\"@id\":\"https:\/\/demoweb.info\/sexshop001\/#website\"},\"datePublished\":\"2022-01-22T14:16:28+00:00\",\"dateModified\":\"2022-01-22T14:16:36+00:00\",\"breadcrumb\":{\"@id\":\"https:\/\/demoweb.info\/sexshop001\/producto\/cum-thru-plug-para-el-pene\/#breadcrumb\"},\"inLanguage\":\"es\",\"potentialAction\":[{\"@type\":\"ReadAction\",\"target\":[\"https:\/\/demoweb.info\/sexshop001\/producto\/cum-thru-plug-para-el-pene\/\"]}]},{\"@type\":\"BreadcrumbList\",\"@id\":\"https:\/\/demoweb.info\/sexshop001\/producto\/cum-thru-plug-para-el-pene\/#breadcrumb\",\"itemListElement\":[{\"@type\":\"ListItem\",\"position\":1,\"name\":\"Portada\",\"item\":\"https:\/\/demoweb.info\/sexshop001\/\"},{\"@type\":\"ListItem\",\"position\":2,\"name\":\"Tienda\",\"item\":\"https:\/\/demoweb.info\/sexshop001\/tienda\/\"},{\"@type\":\"ListItem\",\"position\":3,\"name\":\"CUM-THRU PLUG PARA EL PENE\"}]},{\"@type\":\"WebSite\",\"@id\":\"https:\/\/demoweb.info\/sexshop001\/#website\",\"url\":\"https:\/\/demoweb.info\/sexshop001\/\",\"name\":\"Tienda Er\u00f3tica\",\"description\":\"DEMOWEB SL\",\"potentialAction\":[{\"@type\":\"SearchAction\",\"target\":{\"@type\":\"EntryPoint\",\"urlTemplate\":\"https:\/\/demoweb.info\/sexshop001\/?s={search_term_string}\"},\"query-input\":\"required name=search_term_string\"}],\"inLanguage\":\"es\"}]}<\/script>\n<!-- \/ Yoast SEO plugin. -->","yoast_head_json":{"title":"CUM-THRU PLUG PARA EL PENE - Tienda Er\u00f3tica","robots":{"index":"noindex","follow":"follow","max-snippet":"max-snippet:-1","max-image-preview":"max-image-preview:large","max-video-preview":"max-video-preview:-1"},"og_locale":"es_ES","og_type":"article","og_title":"CUM-THRU PLUG PARA EL PENE - Tienda Er\u00f3tica","og_description":"CUM-THRU PLUG Original tap\u00f3n uretral de acero inoxidable duradero y f\u00e1cil de esterilizar acero inoxidable. El placer se incrementa por","og_url":"https:\/\/demoweb.info\/sexshop001\/producto\/cum-thru-plug-para-el-pene\/","og_site_name":"Tienda Er\u00f3tica","article_modified_time":"2022-01-22T14:16:36+00:00","og_image":[{"width":550,"height":550,"url":"https:\/\/demoweb.info\/sexshop001\/wp-content\/uploads\/2022\/01\/CUM-THRU-PLUG-PARA-EL-PENE.jpg","type":"image\/jpeg"}],"twitter_card":"summary_large_image","twitter_misc":{"Tiempo de lectura":"1 minuto"},"schema":{"@context":"https:\/\/schema.org","@graph":[{"@type":"WebPage","@id":"https:\/\/demoweb.info\/sexshop001\/producto\/cum-thru-plug-para-el-pene\/","url":"https:\/\/demoweb.info\/sexshop001\/producto\/cum-thru-plug-para-el-pene\/","name":"CUM-THRU PLUG PARA EL PENE - Tienda Er\u00f3tica","isPartOf":{"@id":"https:\/\/demoweb.info\/sexshop001\/#website"},"datePublished":"2022-01-22T14:16:28+00:00","dateModified":"2022-01-22T14:16:36+00:00","breadcrumb":{"@id":"https:\/\/demoweb.info\/sexshop001\/producto\/cum-thru-plug-para-el-pene\/#breadcrumb"},"inLanguage":"es","potentialAction":[{"@type":"ReadAction","target":["https:\/\/demoweb.info\/sexshop001\/producto\/cum-thru-plug-para-el-pene\/"]}]},{"@type":"BreadcrumbList","@id":"https:\/\/demoweb.info\/sexshop001\/producto\/cum-thru-plug-para-el-pene\/#breadcrumb","itemListElement":[{"@type":"ListItem","position":1,"name":"Portada","item":"https:\/\/demoweb.info\/sexshop001\/"},{"@type":"ListItem","position":2,"name":"Tienda","item":"https:\/\/demoweb.info\/sexshop001\/tienda\/"},{"@type":"ListItem","position":3,"name":"CUM-THRU PLUG PARA EL PENE"}]},{"@type":"WebSite","@id":"https:\/\/demoweb.info\/sexshop001\/#website","url":"https:\/\/demoweb.info\/sexshop001\/","name":"Tienda Er\u00f3tica","description":"DEMOWEB SL","potentialAction":[{"@type":"SearchAction","target":{"@type":"EntryPoint","urlTemplate":"https:\/\/demoweb.info\/sexshop001\/?s={search_term_string}"},"query-input":"required name=search_term_string"}],"inLanguage":"es"}]}},"_links":{"self":[{"href":"https:\/\/demoweb.info\/sexshop001\/wp-json\/wp\/v3\/product\/45842","targetHints":{"allow":["GET"]}}],"collection":[{"href":"https:\/\/demoweb.info\/sexshop001\/wp-json\/wp\/v3\/product"}],"about":[{"href":"https:\/\/demoweb.info\/sexshop001\/wp-json\/wp\/v2\/types\/product"}],"replies":[{"embeddable":true,"href":"https:\/\/demoweb.info\/sexshop001\/wp-json\/wp\/v2\/comments?post=45842"}],"wp:featuredmedia":[{"embeddable":true,"href":"https:\/\/demoweb.info\/sexshop001\/wp-json\/wp\/v2\/media\/45843"}],"wp:attachment":[{"href":"https:\/\/demoweb.info\/sexshop001\/wp-json\/wp\/v2\/media?parent=45842"}],"wp:term":[{"taxonomy":"product_cat","embeddable":true,"href":"https:\/\/demoweb.info\/sexshop001\/wp-json\/wp\/v2\/product_cat?post=45842"},{"taxonomy":"product_tag","embeddable":true,"href":"https:\/\/demoweb.info\/sexshop001\/wp-json\/wp\/v2\/product_tag?post=45842"}],"curies":[{"name":"wp","href":"https:\/\/api.w.org\/{rel}","templated":true}]}}