{"id":45836,"date":"2022-01-22T15:16:28","date_gmt":"2022-01-22T14:16:28","guid":{"rendered":"https:\/\/demoweb.info\/sexshop001\/producto\/funda-para-el-pene-realistica\/"},"modified":"2022-01-22T15:16:33","modified_gmt":"2022-01-22T14:16:33","slug":"funda-para-el-pene-realistica","status":"publish","type":"product","link":"https:\/\/demoweb.info\/sexshop001\/producto\/funda-para-el-pene-realistica\/","title":{"rendered":"FUNDA PARA EL PENE REAL\u00cdSTICA"},"content":{"rendered":"<p><strong>PENIS ENHANCER AND BALL STRETCHER<\/strong><\/p>\n<p>Funda para el pene realista con venas que ofrece resultados instant\u00e1neos sin dejar que se mueva de su lugar. Proporciona un impulso instant\u00e1neo en volumen y longitud. Su material resbaladizo se inserta f\u00e1cilmente, mientras que las c\u00e1maras del pene y test\u00edculos proporcionan separaci\u00f3n y seguridad.<\/p>\n<p><em>Ahora puedes disfrutar de un mejor rendimiento y un ajuste perfecto, sin ning\u00fan tipo de cremas u horarios a seguir. <\/em><\/p>\n<p>Caracter\u00edsticas:<\/p>\n<p>&#8211; Longitud: 20,3 cm<br \/>\n&#8211; Longitud Insertable: 16,5 cm<br \/>\n&#8211; Di\u00e1metro: 4,45 cm<br \/>\n&#8211; Material: TPR<\/p>\n","protected":false},"excerpt":{"rendered":"<p>PENIS ENHANCER AND BALL STRETCHER Funda para el pene realista con venas que ofrece resultados instant\u00e1neos sin dejar que se<\/p>\n","protected":false},"featured_media":45837,"comment_status":"open","ping_status":"open","template":"","meta":[],"product_cat":[543],"product_tag":[789,274],"class_list":["post-45836","product","type-product","status-publish","has-post-thumbnail","hentry","product_cat-fundas","product_tag-size-matters","product_tag-xr-brands"],"bundled_by":[],"bundle_stock_status":"instock","bundle_stock_quantity":3,"bundle_virtual":false,"bundle_layout":"","bundle_add_to_cart_form_location":"","bundle_editable_in_cart":false,"bundle_sold_individually_context":"","bundle_item_grouping":"","bundle_min_size":"","bundle_max_size":"","bundled_items":[],"yoast_head":"<!-- This site is optimized with the Yoast SEO plugin v20.6 - https:\/\/yoast.com\/wordpress\/plugins\/seo\/ -->\n<title>FUNDA PARA EL PENE REAL\u00cdSTICA - Tienda Er\u00f3tica<\/title>\n<meta name=\"robots\" content=\"noindex, follow, max-snippet:-1, max-image-preview:large, max-video-preview:-1\" \/>\n<meta property=\"og:locale\" content=\"es_ES\" \/>\n<meta property=\"og:type\" content=\"article\" \/>\n<meta property=\"og:title\" content=\"FUNDA PARA EL PENE REAL\u00cdSTICA - Tienda Er\u00f3tica\" \/>\n<meta property=\"og:description\" content=\"PENIS ENHANCER AND BALL STRETCHER Funda para el pene realista con venas que ofrece resultados instant\u00e1neos sin dejar que se\" \/>\n<meta property=\"og:url\" content=\"https:\/\/demoweb.info\/sexshop001\/producto\/funda-para-el-pene-realistica\/\" \/>\n<meta property=\"og:site_name\" content=\"Tienda Er\u00f3tica\" \/>\n<meta property=\"article:modified_time\" content=\"2022-01-22T14:16:33+00:00\" \/>\n<meta property=\"og:image\" content=\"https:\/\/demoweb.info\/sexshop001\/wp-content\/uploads\/2022\/01\/FUNDA-PARA-EL-PENE-REALISTICA.jpg\" \/>\n\t<meta property=\"og:image:width\" content=\"550\" \/>\n\t<meta property=\"og:image:height\" content=\"550\" \/>\n\t<meta property=\"og:image:type\" content=\"image\/jpeg\" \/>\n<meta name=\"twitter:card\" content=\"summary_large_image\" \/>\n<script type=\"application\/ld+json\" class=\"yoast-schema-graph\">{\"@context\":\"https:\/\/schema.org\",\"@graph\":[{\"@type\":\"WebPage\",\"@id\":\"https:\/\/demoweb.info\/sexshop001\/producto\/funda-para-el-pene-realistica\/\",\"url\":\"https:\/\/demoweb.info\/sexshop001\/producto\/funda-para-el-pene-realistica\/\",\"name\":\"FUNDA PARA EL PENE REAL\u00cdSTICA - Tienda Er\u00f3tica\",\"isPartOf\":{\"@id\":\"https:\/\/demoweb.info\/sexshop001\/#website\"},\"datePublished\":\"2022-01-22T14:16:28+00:00\",\"dateModified\":\"2022-01-22T14:16:33+00:00\",\"breadcrumb\":{\"@id\":\"https:\/\/demoweb.info\/sexshop001\/producto\/funda-para-el-pene-realistica\/#breadcrumb\"},\"inLanguage\":\"es\",\"potentialAction\":[{\"@type\":\"ReadAction\",\"target\":[\"https:\/\/demoweb.info\/sexshop001\/producto\/funda-para-el-pene-realistica\/\"]}]},{\"@type\":\"BreadcrumbList\",\"@id\":\"https:\/\/demoweb.info\/sexshop001\/producto\/funda-para-el-pene-realistica\/#breadcrumb\",\"itemListElement\":[{\"@type\":\"ListItem\",\"position\":1,\"name\":\"Portada\",\"item\":\"https:\/\/demoweb.info\/sexshop001\/\"},{\"@type\":\"ListItem\",\"position\":2,\"name\":\"Tienda\",\"item\":\"https:\/\/demoweb.info\/sexshop001\/tienda\/\"},{\"@type\":\"ListItem\",\"position\":3,\"name\":\"FUNDA PARA EL PENE REAL\u00cdSTICA\"}]},{\"@type\":\"WebSite\",\"@id\":\"https:\/\/demoweb.info\/sexshop001\/#website\",\"url\":\"https:\/\/demoweb.info\/sexshop001\/\",\"name\":\"Tienda Er\u00f3tica\",\"description\":\"DEMOWEB SL\",\"potentialAction\":[{\"@type\":\"SearchAction\",\"target\":{\"@type\":\"EntryPoint\",\"urlTemplate\":\"https:\/\/demoweb.info\/sexshop001\/?s={search_term_string}\"},\"query-input\":\"required name=search_term_string\"}],\"inLanguage\":\"es\"}]}<\/script>\n<!-- \/ Yoast SEO plugin. -->","yoast_head_json":{"title":"FUNDA PARA EL PENE REAL\u00cdSTICA - Tienda Er\u00f3tica","robots":{"index":"noindex","follow":"follow","max-snippet":"max-snippet:-1","max-image-preview":"max-image-preview:large","max-video-preview":"max-video-preview:-1"},"og_locale":"es_ES","og_type":"article","og_title":"FUNDA PARA EL PENE REAL\u00cdSTICA - Tienda Er\u00f3tica","og_description":"PENIS ENHANCER AND BALL STRETCHER Funda para el pene realista con venas que ofrece resultados instant\u00e1neos sin dejar que se","og_url":"https:\/\/demoweb.info\/sexshop001\/producto\/funda-para-el-pene-realistica\/","og_site_name":"Tienda Er\u00f3tica","article_modified_time":"2022-01-22T14:16:33+00:00","og_image":[{"width":550,"height":550,"url":"https:\/\/demoweb.info\/sexshop001\/wp-content\/uploads\/2022\/01\/FUNDA-PARA-EL-PENE-REALISTICA.jpg","type":"image\/jpeg"}],"twitter_card":"summary_large_image","schema":{"@context":"https:\/\/schema.org","@graph":[{"@type":"WebPage","@id":"https:\/\/demoweb.info\/sexshop001\/producto\/funda-para-el-pene-realistica\/","url":"https:\/\/demoweb.info\/sexshop001\/producto\/funda-para-el-pene-realistica\/","name":"FUNDA PARA EL PENE REAL\u00cdSTICA - Tienda Er\u00f3tica","isPartOf":{"@id":"https:\/\/demoweb.info\/sexshop001\/#website"},"datePublished":"2022-01-22T14:16:28+00:00","dateModified":"2022-01-22T14:16:33+00:00","breadcrumb":{"@id":"https:\/\/demoweb.info\/sexshop001\/producto\/funda-para-el-pene-realistica\/#breadcrumb"},"inLanguage":"es","potentialAction":[{"@type":"ReadAction","target":["https:\/\/demoweb.info\/sexshop001\/producto\/funda-para-el-pene-realistica\/"]}]},{"@type":"BreadcrumbList","@id":"https:\/\/demoweb.info\/sexshop001\/producto\/funda-para-el-pene-realistica\/#breadcrumb","itemListElement":[{"@type":"ListItem","position":1,"name":"Portada","item":"https:\/\/demoweb.info\/sexshop001\/"},{"@type":"ListItem","position":2,"name":"Tienda","item":"https:\/\/demoweb.info\/sexshop001\/tienda\/"},{"@type":"ListItem","position":3,"name":"FUNDA PARA EL PENE REAL\u00cdSTICA"}]},{"@type":"WebSite","@id":"https:\/\/demoweb.info\/sexshop001\/#website","url":"https:\/\/demoweb.info\/sexshop001\/","name":"Tienda Er\u00f3tica","description":"DEMOWEB SL","potentialAction":[{"@type":"SearchAction","target":{"@type":"EntryPoint","urlTemplate":"https:\/\/demoweb.info\/sexshop001\/?s={search_term_string}"},"query-input":"required name=search_term_string"}],"inLanguage":"es"}]}},"_links":{"self":[{"href":"https:\/\/demoweb.info\/sexshop001\/wp-json\/wp\/v3\/product\/45836","targetHints":{"allow":["GET"]}}],"collection":[{"href":"https:\/\/demoweb.info\/sexshop001\/wp-json\/wp\/v3\/product"}],"about":[{"href":"https:\/\/demoweb.info\/sexshop001\/wp-json\/wp\/v2\/types\/product"}],"replies":[{"embeddable":true,"href":"https:\/\/demoweb.info\/sexshop001\/wp-json\/wp\/v2\/comments?post=45836"}],"wp:featuredmedia":[{"embeddable":true,"href":"https:\/\/demoweb.info\/sexshop001\/wp-json\/wp\/v2\/media\/45837"}],"wp:attachment":[{"href":"https:\/\/demoweb.info\/sexshop001\/wp-json\/wp\/v2\/media?parent=45836"}],"wp:term":[{"taxonomy":"product_cat","embeddable":true,"href":"https:\/\/demoweb.info\/sexshop001\/wp-json\/wp\/v2\/product_cat?post=45836"},{"taxonomy":"product_tag","embeddable":true,"href":"https:\/\/demoweb.info\/sexshop001\/wp-json\/wp\/v2\/product_tag?post=45836"}],"curies":[{"name":"wp","href":"https:\/\/api.w.org\/{rel}","templated":true}]}}