{"id":45829,"date":"2022-01-22T15:16:28","date_gmt":"2022-01-22T14:16:28","guid":{"rendered":"https:\/\/demoweb.info\/sexshop001\/producto\/kit-de-limpieza-bolsa-de-agua\/"},"modified":"2022-01-22T15:16:29","modified_gmt":"2022-01-22T14:16:29","slug":"kit-de-limpieza-bolsa-de-agua","status":"publish","type":"product","link":"https:\/\/demoweb.info\/sexshop001\/producto\/kit-de-limpieza-bolsa-de-agua\/","title":{"rendered":"KIT DE LIMPIEZA BOLSA DE AGUA"},"content":{"rendered":"<p><strong>WATER BOTTLE CLEANSING KIT<\/strong><\/p>\n<p>El Kit Water Bottle de la colecci\u00f3n <em>CleanStream<\/em> es un sistema de limpieza f\u00e1cil de usar y eficaz que tiene todo lo necesario para una limpieza a fondo y confortable.<\/p>\n<p>Este kit incluye una punta c\u00f3nica, una punta de la boquilla, un gancho f\u00e1cil de colgar, una pinza de control de flujo, un adaptador y 12,7 cm de tuber\u00eda flexible.<\/p>\n<p>La botella de agua es de alta calidad, de caucho resistente y contiene aproximadamente 2 litros de l\u00edquido.<\/p>\n","protected":false},"excerpt":{"rendered":"<p>WATER BOTTLE CLEANSING KIT El Kit Water Bottle de la colecci\u00f3n CleanStream es un sistema de limpieza f\u00e1cil de usar<\/p>\n","protected":false},"featured_media":45830,"comment_status":"open","ping_status":"open","template":"","meta":[],"product_cat":[723],"product_tag":[786,274],"class_list":["post-45829","product","type-product","status-publish","has-post-thumbnail","hentry","product_cat-kits-limpieza-intima","product_tag-clean-stream","product_tag-xr-brands"],"bundled_by":[],"bundle_stock_status":"outofstock","bundle_stock_quantity":0,"bundle_virtual":false,"bundle_layout":"","bundle_add_to_cart_form_location":"","bundle_editable_in_cart":false,"bundle_sold_individually_context":"","bundle_item_grouping":"","bundle_min_size":"","bundle_max_size":"","bundled_items":[],"yoast_head":"<!-- This site is optimized with the Yoast SEO plugin v20.6 - https:\/\/yoast.com\/wordpress\/plugins\/seo\/ -->\n<title>KIT DE LIMPIEZA BOLSA DE AGUA - Tienda Er\u00f3tica<\/title>\n<meta name=\"robots\" content=\"noindex, follow, max-snippet:-1, max-image-preview:large, max-video-preview:-1\" \/>\n<meta property=\"og:locale\" content=\"es_ES\" \/>\n<meta property=\"og:type\" content=\"article\" \/>\n<meta property=\"og:title\" content=\"KIT DE LIMPIEZA BOLSA DE AGUA - Tienda Er\u00f3tica\" \/>\n<meta property=\"og:description\" content=\"WATER BOTTLE CLEANSING KIT El Kit Water Bottle de la colecci\u00f3n CleanStream es un sistema de limpieza f\u00e1cil de usar\" \/>\n<meta property=\"og:url\" content=\"https:\/\/demoweb.info\/sexshop001\/producto\/kit-de-limpieza-bolsa-de-agua\/\" \/>\n<meta property=\"og:site_name\" content=\"Tienda Er\u00f3tica\" \/>\n<meta property=\"article:modified_time\" content=\"2022-01-22T14:16:29+00:00\" \/>\n<meta property=\"og:image\" content=\"https:\/\/demoweb.info\/sexshop001\/wp-content\/uploads\/2022\/01\/KIT-DE-LIMPIEZA-BOLSA-DE-AGUA.jpg\" \/>\n\t<meta property=\"og:image:width\" content=\"550\" \/>\n\t<meta property=\"og:image:height\" content=\"550\" \/>\n\t<meta property=\"og:image:type\" content=\"image\/jpeg\" \/>\n<meta name=\"twitter:card\" content=\"summary_large_image\" \/>\n<script type=\"application\/ld+json\" class=\"yoast-schema-graph\">{\"@context\":\"https:\/\/schema.org\",\"@graph\":[{\"@type\":\"WebPage\",\"@id\":\"https:\/\/demoweb.info\/sexshop001\/producto\/kit-de-limpieza-bolsa-de-agua\/\",\"url\":\"https:\/\/demoweb.info\/sexshop001\/producto\/kit-de-limpieza-bolsa-de-agua\/\",\"name\":\"KIT DE LIMPIEZA BOLSA DE AGUA - Tienda Er\u00f3tica\",\"isPartOf\":{\"@id\":\"https:\/\/demoweb.info\/sexshop001\/#website\"},\"datePublished\":\"2022-01-22T14:16:28+00:00\",\"dateModified\":\"2022-01-22T14:16:29+00:00\",\"breadcrumb\":{\"@id\":\"https:\/\/demoweb.info\/sexshop001\/producto\/kit-de-limpieza-bolsa-de-agua\/#breadcrumb\"},\"inLanguage\":\"es\",\"potentialAction\":[{\"@type\":\"ReadAction\",\"target\":[\"https:\/\/demoweb.info\/sexshop001\/producto\/kit-de-limpieza-bolsa-de-agua\/\"]}]},{\"@type\":\"BreadcrumbList\",\"@id\":\"https:\/\/demoweb.info\/sexshop001\/producto\/kit-de-limpieza-bolsa-de-agua\/#breadcrumb\",\"itemListElement\":[{\"@type\":\"ListItem\",\"position\":1,\"name\":\"Portada\",\"item\":\"https:\/\/demoweb.info\/sexshop001\/\"},{\"@type\":\"ListItem\",\"position\":2,\"name\":\"Tienda\",\"item\":\"https:\/\/demoweb.info\/sexshop001\/tienda\/\"},{\"@type\":\"ListItem\",\"position\":3,\"name\":\"KIT DE LIMPIEZA BOLSA DE AGUA\"}]},{\"@type\":\"WebSite\",\"@id\":\"https:\/\/demoweb.info\/sexshop001\/#website\",\"url\":\"https:\/\/demoweb.info\/sexshop001\/\",\"name\":\"Tienda Er\u00f3tica\",\"description\":\"DEMOWEB SL\",\"potentialAction\":[{\"@type\":\"SearchAction\",\"target\":{\"@type\":\"EntryPoint\",\"urlTemplate\":\"https:\/\/demoweb.info\/sexshop001\/?s={search_term_string}\"},\"query-input\":\"required name=search_term_string\"}],\"inLanguage\":\"es\"}]}<\/script>\n<!-- \/ Yoast SEO plugin. -->","yoast_head_json":{"title":"KIT DE LIMPIEZA BOLSA DE AGUA - Tienda Er\u00f3tica","robots":{"index":"noindex","follow":"follow","max-snippet":"max-snippet:-1","max-image-preview":"max-image-preview:large","max-video-preview":"max-video-preview:-1"},"og_locale":"es_ES","og_type":"article","og_title":"KIT DE LIMPIEZA BOLSA DE AGUA - Tienda Er\u00f3tica","og_description":"WATER BOTTLE CLEANSING KIT El Kit Water Bottle de la colecci\u00f3n CleanStream es un sistema de limpieza f\u00e1cil de usar","og_url":"https:\/\/demoweb.info\/sexshop001\/producto\/kit-de-limpieza-bolsa-de-agua\/","og_site_name":"Tienda Er\u00f3tica","article_modified_time":"2022-01-22T14:16:29+00:00","og_image":[{"width":550,"height":550,"url":"https:\/\/demoweb.info\/sexshop001\/wp-content\/uploads\/2022\/01\/KIT-DE-LIMPIEZA-BOLSA-DE-AGUA.jpg","type":"image\/jpeg"}],"twitter_card":"summary_large_image","schema":{"@context":"https:\/\/schema.org","@graph":[{"@type":"WebPage","@id":"https:\/\/demoweb.info\/sexshop001\/producto\/kit-de-limpieza-bolsa-de-agua\/","url":"https:\/\/demoweb.info\/sexshop001\/producto\/kit-de-limpieza-bolsa-de-agua\/","name":"KIT DE LIMPIEZA BOLSA DE AGUA - Tienda Er\u00f3tica","isPartOf":{"@id":"https:\/\/demoweb.info\/sexshop001\/#website"},"datePublished":"2022-01-22T14:16:28+00:00","dateModified":"2022-01-22T14:16:29+00:00","breadcrumb":{"@id":"https:\/\/demoweb.info\/sexshop001\/producto\/kit-de-limpieza-bolsa-de-agua\/#breadcrumb"},"inLanguage":"es","potentialAction":[{"@type":"ReadAction","target":["https:\/\/demoweb.info\/sexshop001\/producto\/kit-de-limpieza-bolsa-de-agua\/"]}]},{"@type":"BreadcrumbList","@id":"https:\/\/demoweb.info\/sexshop001\/producto\/kit-de-limpieza-bolsa-de-agua\/#breadcrumb","itemListElement":[{"@type":"ListItem","position":1,"name":"Portada","item":"https:\/\/demoweb.info\/sexshop001\/"},{"@type":"ListItem","position":2,"name":"Tienda","item":"https:\/\/demoweb.info\/sexshop001\/tienda\/"},{"@type":"ListItem","position":3,"name":"KIT DE LIMPIEZA BOLSA DE AGUA"}]},{"@type":"WebSite","@id":"https:\/\/demoweb.info\/sexshop001\/#website","url":"https:\/\/demoweb.info\/sexshop001\/","name":"Tienda Er\u00f3tica","description":"DEMOWEB SL","potentialAction":[{"@type":"SearchAction","target":{"@type":"EntryPoint","urlTemplate":"https:\/\/demoweb.info\/sexshop001\/?s={search_term_string}"},"query-input":"required name=search_term_string"}],"inLanguage":"es"}]}},"_links":{"self":[{"href":"https:\/\/demoweb.info\/sexshop001\/wp-json\/wp\/v3\/product\/45829","targetHints":{"allow":["GET"]}}],"collection":[{"href":"https:\/\/demoweb.info\/sexshop001\/wp-json\/wp\/v3\/product"}],"about":[{"href":"https:\/\/demoweb.info\/sexshop001\/wp-json\/wp\/v2\/types\/product"}],"replies":[{"embeddable":true,"href":"https:\/\/demoweb.info\/sexshop001\/wp-json\/wp\/v2\/comments?post=45829"}],"wp:featuredmedia":[{"embeddable":true,"href":"https:\/\/demoweb.info\/sexshop001\/wp-json\/wp\/v2\/media\/45830"}],"wp:attachment":[{"href":"https:\/\/demoweb.info\/sexshop001\/wp-json\/wp\/v2\/media?parent=45829"}],"wp:term":[{"taxonomy":"product_cat","embeddable":true,"href":"https:\/\/demoweb.info\/sexshop001\/wp-json\/wp\/v2\/product_cat?post=45829"},{"taxonomy":"product_tag","embeddable":true,"href":"https:\/\/demoweb.info\/sexshop001\/wp-json\/wp\/v2\/product_tag?post=45829"}],"curies":[{"name":"wp","href":"https:\/\/api.w.org\/{rel}","templated":true}]}}