{"id":45799,"date":"2022-01-22T15:16:11","date_gmt":"2022-01-22T14:16:11","guid":{"rendered":"https:\/\/demoweb.info\/sexshop001\/producto\/columpio-spinning-sex-giratorio-360\/"},"modified":"2022-01-22T15:16:11","modified_gmt":"2022-01-22T14:16:11","slug":"columpio-spinning-sex-giratorio-360","status":"publish","type":"product","link":"https:\/\/demoweb.info\/sexshop001\/producto\/columpio-spinning-sex-giratorio-360\/","title":{"rendered":"COLUMPIO SPINNING SEX GIRATORIO 360."},"content":{"rendered":"<p><strong>360 SPINNING SEX SWING<\/strong><\/p>\n<p>Disfruta de una gran variedad de posiciones con este columpio que sin duda ayudar\u00e1 a dar vida a tus relaciones amorosas, a\u00f1adiendo ahora m\u00e1s posibilidades gracias a su opci\u00f3n de giro.<\/p>\n<p>Tiene el asiento y los soportes para la espalda acolchados y una barra de torsi\u00f3n para un mayor apoyo. Correas de nylon extra anchas con auto-ajuste para colocar las hebillas ajuste perfecto.<\/p>\n<p>La instalaci\u00f3n es r\u00e1pida y sencilla y s\u00f3lo requiere unas pocas herramientas comunes (no incluidas).<\/p>\n<p>Instrucciones de montaje incluidas.<\/p>\n<p>&#8211; Material: Nylon, ABS y Metal<\/p>\n","protected":false},"excerpt":{"rendered":"<p>360 SPINNING SEX SWING Disfruta de una gran variedad de posiciones con este columpio que sin duda ayudar\u00e1 a dar<\/p>\n","protected":false},"featured_media":45800,"comment_status":"open","ping_status":"open","template":"","meta":[],"product_cat":[627],"product_tag":[274],"class_list":["post-45799","product","type-product","status-publish","has-post-thumbnail","hentry","product_cat-columpios","product_tag-xr-brands"],"bundled_by":[],"bundle_stock_status":"instock","bundle_stock_quantity":2,"bundle_virtual":false,"bundle_layout":"","bundle_add_to_cart_form_location":"","bundle_editable_in_cart":false,"bundle_sold_individually_context":"","bundle_item_grouping":"","bundle_min_size":"","bundle_max_size":"","bundled_items":[],"yoast_head":"<!-- This site is optimized with the Yoast SEO plugin v20.6 - https:\/\/yoast.com\/wordpress\/plugins\/seo\/ -->\n<title>COLUMPIO SPINNING SEX GIRATORIO 360. - Tienda Er\u00f3tica<\/title>\n<meta name=\"robots\" content=\"noindex, follow, max-snippet:-1, max-image-preview:large, max-video-preview:-1\" \/>\n<meta property=\"og:locale\" content=\"es_ES\" \/>\n<meta property=\"og:type\" content=\"article\" \/>\n<meta property=\"og:title\" content=\"COLUMPIO SPINNING SEX GIRATORIO 360. - Tienda Er\u00f3tica\" \/>\n<meta property=\"og:description\" content=\"360 SPINNING SEX SWING Disfruta de una gran variedad de posiciones con este columpio que sin duda ayudar\u00e1 a dar\" \/>\n<meta property=\"og:url\" content=\"https:\/\/demoweb.info\/sexshop001\/producto\/columpio-spinning-sex-giratorio-360\/\" \/>\n<meta property=\"og:site_name\" content=\"Tienda Er\u00f3tica\" \/>\n<meta property=\"og:image\" content=\"https:\/\/demoweb.info\/sexshop001\/wp-content\/uploads\/2022\/01\/COLUMPIO-SPINNING-SEX-GIRATORIO-360.jpg\" \/>\n\t<meta property=\"og:image:width\" content=\"550\" \/>\n\t<meta property=\"og:image:height\" content=\"550\" \/>\n\t<meta property=\"og:image:type\" content=\"image\/jpeg\" \/>\n<meta name=\"twitter:card\" content=\"summary_large_image\" \/>\n<script type=\"application\/ld+json\" class=\"yoast-schema-graph\">{\"@context\":\"https:\/\/schema.org\",\"@graph\":[{\"@type\":\"WebPage\",\"@id\":\"https:\/\/demoweb.info\/sexshop001\/producto\/columpio-spinning-sex-giratorio-360\/\",\"url\":\"https:\/\/demoweb.info\/sexshop001\/producto\/columpio-spinning-sex-giratorio-360\/\",\"name\":\"COLUMPIO SPINNING SEX GIRATORIO 360. - Tienda Er\u00f3tica\",\"isPartOf\":{\"@id\":\"https:\/\/demoweb.info\/sexshop001\/#website\"},\"datePublished\":\"2022-01-22T14:16:11+00:00\",\"dateModified\":\"2022-01-22T14:16:11+00:00\",\"breadcrumb\":{\"@id\":\"https:\/\/demoweb.info\/sexshop001\/producto\/columpio-spinning-sex-giratorio-360\/#breadcrumb\"},\"inLanguage\":\"es\",\"potentialAction\":[{\"@type\":\"ReadAction\",\"target\":[\"https:\/\/demoweb.info\/sexshop001\/producto\/columpio-spinning-sex-giratorio-360\/\"]}]},{\"@type\":\"BreadcrumbList\",\"@id\":\"https:\/\/demoweb.info\/sexshop001\/producto\/columpio-spinning-sex-giratorio-360\/#breadcrumb\",\"itemListElement\":[{\"@type\":\"ListItem\",\"position\":1,\"name\":\"Portada\",\"item\":\"https:\/\/demoweb.info\/sexshop001\/\"},{\"@type\":\"ListItem\",\"position\":2,\"name\":\"Tienda\",\"item\":\"https:\/\/demoweb.info\/sexshop001\/tienda\/\"},{\"@type\":\"ListItem\",\"position\":3,\"name\":\"COLUMPIO SPINNING SEX GIRATORIO 360.\"}]},{\"@type\":\"WebSite\",\"@id\":\"https:\/\/demoweb.info\/sexshop001\/#website\",\"url\":\"https:\/\/demoweb.info\/sexshop001\/\",\"name\":\"Tienda Er\u00f3tica\",\"description\":\"DEMOWEB SL\",\"potentialAction\":[{\"@type\":\"SearchAction\",\"target\":{\"@type\":\"EntryPoint\",\"urlTemplate\":\"https:\/\/demoweb.info\/sexshop001\/?s={search_term_string}\"},\"query-input\":\"required name=search_term_string\"}],\"inLanguage\":\"es\"}]}<\/script>\n<!-- \/ Yoast SEO plugin. -->","yoast_head_json":{"title":"COLUMPIO SPINNING SEX GIRATORIO 360. - Tienda Er\u00f3tica","robots":{"index":"noindex","follow":"follow","max-snippet":"max-snippet:-1","max-image-preview":"max-image-preview:large","max-video-preview":"max-video-preview:-1"},"og_locale":"es_ES","og_type":"article","og_title":"COLUMPIO SPINNING SEX GIRATORIO 360. - Tienda Er\u00f3tica","og_description":"360 SPINNING SEX SWING Disfruta de una gran variedad de posiciones con este columpio que sin duda ayudar\u00e1 a dar","og_url":"https:\/\/demoweb.info\/sexshop001\/producto\/columpio-spinning-sex-giratorio-360\/","og_site_name":"Tienda Er\u00f3tica","og_image":[{"width":550,"height":550,"url":"https:\/\/demoweb.info\/sexshop001\/wp-content\/uploads\/2022\/01\/COLUMPIO-SPINNING-SEX-GIRATORIO-360.jpg","type":"image\/jpeg"}],"twitter_card":"summary_large_image","schema":{"@context":"https:\/\/schema.org","@graph":[{"@type":"WebPage","@id":"https:\/\/demoweb.info\/sexshop001\/producto\/columpio-spinning-sex-giratorio-360\/","url":"https:\/\/demoweb.info\/sexshop001\/producto\/columpio-spinning-sex-giratorio-360\/","name":"COLUMPIO SPINNING SEX GIRATORIO 360. - Tienda Er\u00f3tica","isPartOf":{"@id":"https:\/\/demoweb.info\/sexshop001\/#website"},"datePublished":"2022-01-22T14:16:11+00:00","dateModified":"2022-01-22T14:16:11+00:00","breadcrumb":{"@id":"https:\/\/demoweb.info\/sexshop001\/producto\/columpio-spinning-sex-giratorio-360\/#breadcrumb"},"inLanguage":"es","potentialAction":[{"@type":"ReadAction","target":["https:\/\/demoweb.info\/sexshop001\/producto\/columpio-spinning-sex-giratorio-360\/"]}]},{"@type":"BreadcrumbList","@id":"https:\/\/demoweb.info\/sexshop001\/producto\/columpio-spinning-sex-giratorio-360\/#breadcrumb","itemListElement":[{"@type":"ListItem","position":1,"name":"Portada","item":"https:\/\/demoweb.info\/sexshop001\/"},{"@type":"ListItem","position":2,"name":"Tienda","item":"https:\/\/demoweb.info\/sexshop001\/tienda\/"},{"@type":"ListItem","position":3,"name":"COLUMPIO SPINNING SEX GIRATORIO 360."}]},{"@type":"WebSite","@id":"https:\/\/demoweb.info\/sexshop001\/#website","url":"https:\/\/demoweb.info\/sexshop001\/","name":"Tienda Er\u00f3tica","description":"DEMOWEB SL","potentialAction":[{"@type":"SearchAction","target":{"@type":"EntryPoint","urlTemplate":"https:\/\/demoweb.info\/sexshop001\/?s={search_term_string}"},"query-input":"required name=search_term_string"}],"inLanguage":"es"}]}},"_links":{"self":[{"href":"https:\/\/demoweb.info\/sexshop001\/wp-json\/wp\/v3\/product\/45799","targetHints":{"allow":["GET"]}}],"collection":[{"href":"https:\/\/demoweb.info\/sexshop001\/wp-json\/wp\/v3\/product"}],"about":[{"href":"https:\/\/demoweb.info\/sexshop001\/wp-json\/wp\/v2\/types\/product"}],"replies":[{"embeddable":true,"href":"https:\/\/demoweb.info\/sexshop001\/wp-json\/wp\/v2\/comments?post=45799"}],"wp:featuredmedia":[{"embeddable":true,"href":"https:\/\/demoweb.info\/sexshop001\/wp-json\/wp\/v2\/media\/45800"}],"wp:attachment":[{"href":"https:\/\/demoweb.info\/sexshop001\/wp-json\/wp\/v2\/media?parent=45799"}],"wp:term":[{"taxonomy":"product_cat","embeddable":true,"href":"https:\/\/demoweb.info\/sexshop001\/wp-json\/wp\/v2\/product_cat?post=45799"},{"taxonomy":"product_tag","embeddable":true,"href":"https:\/\/demoweb.info\/sexshop001\/wp-json\/wp\/v2\/product_tag?post=45799"}],"curies":[{"name":"wp","href":"https:\/\/api.w.org\/{rel}","templated":true}]}}