{"id":45793,"date":"2022-01-22T15:15:57","date_gmt":"2022-01-22T14:15:57","guid":{"rendered":"https:\/\/demoweb.info\/sexshop001\/producto\/rover-estimulador-de-prostata-silicona\/"},"modified":"2022-01-22T15:16:07","modified_gmt":"2022-01-22T14:16:07","slug":"rover-estimulador-de-prostata-silicona","status":"publish","type":"product","link":"https:\/\/demoweb.info\/sexshop001\/producto\/rover-estimulador-de-prostata-silicona\/","title":{"rendered":"ROVER &#8211; ESTIMULADOR DE PR\u00d3STATA SILICONA"},"content":{"rendered":"<p><strong>ROVER &#8211; SILICONE<\/strong><\/p>\n<p>Este anillo para el pene de silicona y su conector trasero proporciona una estimulaci\u00f3n dirigidas a su punto-P y mejora la erecci\u00f3n en una sola herramienta.<\/p>\n<p>El material de silicona es no es poroso y se esteriliza f\u00e1cilmente. Su forma cl\u00e1sica tiene una punta ligeramente c\u00f3nica y el eje delgado, mientras que el anillo firme proporciona el m\u00e1ximo realce de la erecci\u00f3n.<\/p>\n<p>Caracter\u00edsticas:<\/p>\n<p>&#8211; Longitud total: 18,7 cm<br \/>\n&#8211; Longitud Insertable: 7,6 cm<br \/>\n&#8211; Di\u00e1metro del plug: 3,3 cm<br \/>\n&#8211; Diametro del anillo: 3,8 cm<br \/>\n&#8211; Material: Silicona<\/p>\n","protected":false},"excerpt":{"rendered":"<p>ROVER &#8211; SILICONE Este anillo para el pene de silicona y su conector trasero proporciona una estimulaci\u00f3n dirigidas a su<\/p>\n","protected":false},"featured_media":45794,"comment_status":"open","ping_status":"open","template":"","meta":[],"product_cat":[323],"product_tag":[463,274],"class_list":["post-45793","product","type-product","status-publish","has-post-thumbnail","hentry","product_cat-silicona-anillos","product_tag-master-series","product_tag-xr-brands"],"bundled_by":[],"bundle_stock_status":"instock","bundle_stock_quantity":1,"bundle_virtual":false,"bundle_layout":"","bundle_add_to_cart_form_location":"","bundle_editable_in_cart":false,"bundle_sold_individually_context":"","bundle_item_grouping":"","bundle_min_size":"","bundle_max_size":"","bundled_items":[],"yoast_head":"<!-- This site is optimized with the Yoast SEO plugin v20.6 - https:\/\/yoast.com\/wordpress\/plugins\/seo\/ -->\n<title>ROVER - ESTIMULADOR DE PR\u00d3STATA SILICONA - Tienda Er\u00f3tica<\/title>\n<meta name=\"robots\" content=\"noindex, follow, max-snippet:-1, max-image-preview:large, max-video-preview:-1\" \/>\n<meta property=\"og:locale\" content=\"es_ES\" \/>\n<meta property=\"og:type\" content=\"article\" \/>\n<meta property=\"og:title\" content=\"ROVER - ESTIMULADOR DE PR\u00d3STATA SILICONA - Tienda Er\u00f3tica\" \/>\n<meta property=\"og:description\" content=\"ROVER &#8211; SILICONE Este anillo para el pene de silicona y su conector trasero proporciona una estimulaci\u00f3n dirigidas a su\" \/>\n<meta property=\"og:url\" content=\"https:\/\/demoweb.info\/sexshop001\/producto\/rover-estimulador-de-prostata-silicona\/\" \/>\n<meta property=\"og:site_name\" content=\"Tienda Er\u00f3tica\" \/>\n<meta property=\"article:modified_time\" content=\"2022-01-22T14:16:07+00:00\" \/>\n<meta property=\"og:image\" content=\"https:\/\/demoweb.info\/sexshop001\/wp-content\/uploads\/2022\/01\/ROVER-ESTIMULADOR-DE-PROSTATA-SILICONA.jpg\" \/>\n\t<meta property=\"og:image:width\" content=\"550\" \/>\n\t<meta property=\"og:image:height\" content=\"550\" \/>\n\t<meta property=\"og:image:type\" content=\"image\/jpeg\" \/>\n<meta name=\"twitter:card\" content=\"summary_large_image\" \/>\n<script type=\"application\/ld+json\" class=\"yoast-schema-graph\">{\"@context\":\"https:\/\/schema.org\",\"@graph\":[{\"@type\":\"WebPage\",\"@id\":\"https:\/\/demoweb.info\/sexshop001\/producto\/rover-estimulador-de-prostata-silicona\/\",\"url\":\"https:\/\/demoweb.info\/sexshop001\/producto\/rover-estimulador-de-prostata-silicona\/\",\"name\":\"ROVER - ESTIMULADOR DE PR\u00d3STATA SILICONA - Tienda Er\u00f3tica\",\"isPartOf\":{\"@id\":\"https:\/\/demoweb.info\/sexshop001\/#website\"},\"datePublished\":\"2022-01-22T14:15:57+00:00\",\"dateModified\":\"2022-01-22T14:16:07+00:00\",\"breadcrumb\":{\"@id\":\"https:\/\/demoweb.info\/sexshop001\/producto\/rover-estimulador-de-prostata-silicona\/#breadcrumb\"},\"inLanguage\":\"es\",\"potentialAction\":[{\"@type\":\"ReadAction\",\"target\":[\"https:\/\/demoweb.info\/sexshop001\/producto\/rover-estimulador-de-prostata-silicona\/\"]}]},{\"@type\":\"BreadcrumbList\",\"@id\":\"https:\/\/demoweb.info\/sexshop001\/producto\/rover-estimulador-de-prostata-silicona\/#breadcrumb\",\"itemListElement\":[{\"@type\":\"ListItem\",\"position\":1,\"name\":\"Portada\",\"item\":\"https:\/\/demoweb.info\/sexshop001\/\"},{\"@type\":\"ListItem\",\"position\":2,\"name\":\"Tienda\",\"item\":\"https:\/\/demoweb.info\/sexshop001\/tienda\/\"},{\"@type\":\"ListItem\",\"position\":3,\"name\":\"ROVER &#8211; ESTIMULADOR DE PR\u00d3STATA SILICONA\"}]},{\"@type\":\"WebSite\",\"@id\":\"https:\/\/demoweb.info\/sexshop001\/#website\",\"url\":\"https:\/\/demoweb.info\/sexshop001\/\",\"name\":\"Tienda Er\u00f3tica\",\"description\":\"DEMOWEB SL\",\"potentialAction\":[{\"@type\":\"SearchAction\",\"target\":{\"@type\":\"EntryPoint\",\"urlTemplate\":\"https:\/\/demoweb.info\/sexshop001\/?s={search_term_string}\"},\"query-input\":\"required name=search_term_string\"}],\"inLanguage\":\"es\"}]}<\/script>\n<!-- \/ Yoast SEO plugin. -->","yoast_head_json":{"title":"ROVER - ESTIMULADOR DE PR\u00d3STATA SILICONA - Tienda Er\u00f3tica","robots":{"index":"noindex","follow":"follow","max-snippet":"max-snippet:-1","max-image-preview":"max-image-preview:large","max-video-preview":"max-video-preview:-1"},"og_locale":"es_ES","og_type":"article","og_title":"ROVER - ESTIMULADOR DE PR\u00d3STATA SILICONA - Tienda Er\u00f3tica","og_description":"ROVER &#8211; SILICONE Este anillo para el pene de silicona y su conector trasero proporciona una estimulaci\u00f3n dirigidas a su","og_url":"https:\/\/demoweb.info\/sexshop001\/producto\/rover-estimulador-de-prostata-silicona\/","og_site_name":"Tienda Er\u00f3tica","article_modified_time":"2022-01-22T14:16:07+00:00","og_image":[{"width":550,"height":550,"url":"https:\/\/demoweb.info\/sexshop001\/wp-content\/uploads\/2022\/01\/ROVER-ESTIMULADOR-DE-PROSTATA-SILICONA.jpg","type":"image\/jpeg"}],"twitter_card":"summary_large_image","schema":{"@context":"https:\/\/schema.org","@graph":[{"@type":"WebPage","@id":"https:\/\/demoweb.info\/sexshop001\/producto\/rover-estimulador-de-prostata-silicona\/","url":"https:\/\/demoweb.info\/sexshop001\/producto\/rover-estimulador-de-prostata-silicona\/","name":"ROVER - ESTIMULADOR DE PR\u00d3STATA SILICONA - Tienda Er\u00f3tica","isPartOf":{"@id":"https:\/\/demoweb.info\/sexshop001\/#website"},"datePublished":"2022-01-22T14:15:57+00:00","dateModified":"2022-01-22T14:16:07+00:00","breadcrumb":{"@id":"https:\/\/demoweb.info\/sexshop001\/producto\/rover-estimulador-de-prostata-silicona\/#breadcrumb"},"inLanguage":"es","potentialAction":[{"@type":"ReadAction","target":["https:\/\/demoweb.info\/sexshop001\/producto\/rover-estimulador-de-prostata-silicona\/"]}]},{"@type":"BreadcrumbList","@id":"https:\/\/demoweb.info\/sexshop001\/producto\/rover-estimulador-de-prostata-silicona\/#breadcrumb","itemListElement":[{"@type":"ListItem","position":1,"name":"Portada","item":"https:\/\/demoweb.info\/sexshop001\/"},{"@type":"ListItem","position":2,"name":"Tienda","item":"https:\/\/demoweb.info\/sexshop001\/tienda\/"},{"@type":"ListItem","position":3,"name":"ROVER &#8211; ESTIMULADOR DE PR\u00d3STATA SILICONA"}]},{"@type":"WebSite","@id":"https:\/\/demoweb.info\/sexshop001\/#website","url":"https:\/\/demoweb.info\/sexshop001\/","name":"Tienda Er\u00f3tica","description":"DEMOWEB SL","potentialAction":[{"@type":"SearchAction","target":{"@type":"EntryPoint","urlTemplate":"https:\/\/demoweb.info\/sexshop001\/?s={search_term_string}"},"query-input":"required name=search_term_string"}],"inLanguage":"es"}]}},"_links":{"self":[{"href":"https:\/\/demoweb.info\/sexshop001\/wp-json\/wp\/v3\/product\/45793","targetHints":{"allow":["GET"]}}],"collection":[{"href":"https:\/\/demoweb.info\/sexshop001\/wp-json\/wp\/v3\/product"}],"about":[{"href":"https:\/\/demoweb.info\/sexshop001\/wp-json\/wp\/v2\/types\/product"}],"replies":[{"embeddable":true,"href":"https:\/\/demoweb.info\/sexshop001\/wp-json\/wp\/v2\/comments?post=45793"}],"wp:featuredmedia":[{"embeddable":true,"href":"https:\/\/demoweb.info\/sexshop001\/wp-json\/wp\/v2\/media\/45794"}],"wp:attachment":[{"href":"https:\/\/demoweb.info\/sexshop001\/wp-json\/wp\/v2\/media?parent=45793"}],"wp:term":[{"taxonomy":"product_cat","embeddable":true,"href":"https:\/\/demoweb.info\/sexshop001\/wp-json\/wp\/v2\/product_cat?post=45793"},{"taxonomy":"product_tag","embeddable":true,"href":"https:\/\/demoweb.info\/sexshop001\/wp-json\/wp\/v2\/product_tag?post=45793"}],"curies":[{"name":"wp","href":"https:\/\/api.w.org\/{rel}","templated":true}]}}