{"id":45778,"date":"2022-01-22T15:15:57","date_gmt":"2022-01-22T14:15:57","guid":{"rendered":"https:\/\/demoweb.info\/sexshop001\/producto\/asylum-dispositivo-castidad-4-anillos\/"},"modified":"2022-01-22T15:15:58","modified_gmt":"2022-01-22T14:15:58","slug":"asylum-dispositivo-castidad-4-anillos","status":"publish","type":"product","link":"https:\/\/demoweb.info\/sexshop001\/producto\/asylum-dispositivo-castidad-4-anillos\/","title":{"rendered":"ASYLUM &#8211; DISPOSITIVO CASTIDAD 4 ANILLOS"},"content":{"rendered":"<p><strong>ASYLUM &#8211; 4 RING CHASITY CAGE<\/strong><\/p>\n<p>Encierra tu pene y test\u00edculos en esta jaula de castidad totalmente ajustable de acero inoxidable con una cadena de 4 anillos con tap\u00f3n desmontable. Basta con colocar el pene en la jaula y apretar el anillo de base detr\u00e1s de los test\u00edculos, luego encierralo con el candado y el juego de llaves.<\/p>\n<p><u>El juego incluye<\/u>: 1 caja de cuatro anillos para el pene, 1 anillo de base, 1 tap\u00f3n desmontable, 1 tubo de bisagra c\u00f3modo, 1 candado y 3 llaves.<\/p>\n<p>El material de acero inoxidable no es poroso, higi\u00e9nico, f\u00e1cil de esterilizar, resistente a la temperatura, resistente al impacto, y ofrece un gran valor a largo plazo.<\/p>\n<p>Caracter\u00edsticas:<\/p>\n<p>&#8211; Longitud de la jaula: 10,1 cm<br \/>\n&#8211; Di\u00e1metro de la jaula: 3,3 cm<br \/>\n&#8211; Longitud del canal\u00f3n de la uretra: 5 cm<br \/>\n&#8211; Di\u00e1metro del canal\u00f3n de la uretra: 0,63 cm<br \/>\n&#8211; Di\u00e1metro del anillo: 4,45 cm<br \/>\n&#8211; Material: Acero inoxidable<\/p>\n","protected":false},"excerpt":{"rendered":"<p>ASYLUM &#8211; 4 RING CHASITY CAGE Encierra tu pene y test\u00edculos en esta jaula de castidad totalmente ajustable de acero<\/p>\n","protected":false},"featured_media":45779,"comment_status":"open","ping_status":"open","template":"","meta":[],"product_cat":[305],"product_tag":[463,274],"class_list":["post-45778","product","type-product","status-publish","has-post-thumbnail","hentry","product_cat-castidad","product_tag-master-series","product_tag-xr-brands"],"bundled_by":[],"bundle_stock_status":"instock","bundle_stock_quantity":1,"bundle_virtual":false,"bundle_layout":"","bundle_add_to_cart_form_location":"","bundle_editable_in_cart":false,"bundle_sold_individually_context":"","bundle_item_grouping":"","bundle_min_size":"","bundle_max_size":"","bundled_items":[],"yoast_head":"<!-- This site is optimized with the Yoast SEO plugin v20.6 - https:\/\/yoast.com\/wordpress\/plugins\/seo\/ -->\n<title>ASYLUM - DISPOSITIVO CASTIDAD 4 ANILLOS - Tienda Er\u00f3tica<\/title>\n<meta name=\"robots\" content=\"noindex, follow, max-snippet:-1, max-image-preview:large, max-video-preview:-1\" \/>\n<meta property=\"og:locale\" content=\"es_ES\" \/>\n<meta property=\"og:type\" content=\"article\" \/>\n<meta property=\"og:title\" content=\"ASYLUM - DISPOSITIVO CASTIDAD 4 ANILLOS - Tienda Er\u00f3tica\" \/>\n<meta property=\"og:description\" content=\"ASYLUM &#8211; 4 RING CHASITY CAGE Encierra tu pene y test\u00edculos en esta jaula de castidad totalmente ajustable de acero\" \/>\n<meta property=\"og:url\" content=\"https:\/\/demoweb.info\/sexshop001\/producto\/asylum-dispositivo-castidad-4-anillos\/\" \/>\n<meta property=\"og:site_name\" content=\"Tienda Er\u00f3tica\" \/>\n<meta property=\"article:modified_time\" content=\"2022-01-22T14:15:58+00:00\" \/>\n<meta property=\"og:image\" content=\"https:\/\/demoweb.info\/sexshop001\/wp-content\/uploads\/2022\/01\/ASYLUM-DISPOSITIVO-CASTIDAD-4-ANILLOS.jpg\" \/>\n\t<meta property=\"og:image:width\" content=\"550\" \/>\n\t<meta property=\"og:image:height\" content=\"550\" \/>\n\t<meta property=\"og:image:type\" content=\"image\/jpeg\" \/>\n<meta name=\"twitter:card\" content=\"summary_large_image\" \/>\n<meta name=\"twitter:label1\" content=\"Tiempo de lectura\" \/>\n\t<meta name=\"twitter:data1\" content=\"1 minuto\" \/>\n<script type=\"application\/ld+json\" class=\"yoast-schema-graph\">{\"@context\":\"https:\/\/schema.org\",\"@graph\":[{\"@type\":\"WebPage\",\"@id\":\"https:\/\/demoweb.info\/sexshop001\/producto\/asylum-dispositivo-castidad-4-anillos\/\",\"url\":\"https:\/\/demoweb.info\/sexshop001\/producto\/asylum-dispositivo-castidad-4-anillos\/\",\"name\":\"ASYLUM - DISPOSITIVO CASTIDAD 4 ANILLOS - Tienda Er\u00f3tica\",\"isPartOf\":{\"@id\":\"https:\/\/demoweb.info\/sexshop001\/#website\"},\"datePublished\":\"2022-01-22T14:15:57+00:00\",\"dateModified\":\"2022-01-22T14:15:58+00:00\",\"breadcrumb\":{\"@id\":\"https:\/\/demoweb.info\/sexshop001\/producto\/asylum-dispositivo-castidad-4-anillos\/#breadcrumb\"},\"inLanguage\":\"es\",\"potentialAction\":[{\"@type\":\"ReadAction\",\"target\":[\"https:\/\/demoweb.info\/sexshop001\/producto\/asylum-dispositivo-castidad-4-anillos\/\"]}]},{\"@type\":\"BreadcrumbList\",\"@id\":\"https:\/\/demoweb.info\/sexshop001\/producto\/asylum-dispositivo-castidad-4-anillos\/#breadcrumb\",\"itemListElement\":[{\"@type\":\"ListItem\",\"position\":1,\"name\":\"Portada\",\"item\":\"https:\/\/demoweb.info\/sexshop001\/\"},{\"@type\":\"ListItem\",\"position\":2,\"name\":\"Tienda\",\"item\":\"https:\/\/demoweb.info\/sexshop001\/tienda\/\"},{\"@type\":\"ListItem\",\"position\":3,\"name\":\"ASYLUM &#8211; DISPOSITIVO CASTIDAD 4 ANILLOS\"}]},{\"@type\":\"WebSite\",\"@id\":\"https:\/\/demoweb.info\/sexshop001\/#website\",\"url\":\"https:\/\/demoweb.info\/sexshop001\/\",\"name\":\"Tienda Er\u00f3tica\",\"description\":\"DEMOWEB SL\",\"potentialAction\":[{\"@type\":\"SearchAction\",\"target\":{\"@type\":\"EntryPoint\",\"urlTemplate\":\"https:\/\/demoweb.info\/sexshop001\/?s={search_term_string}\"},\"query-input\":\"required name=search_term_string\"}],\"inLanguage\":\"es\"}]}<\/script>\n<!-- \/ Yoast SEO plugin. -->","yoast_head_json":{"title":"ASYLUM - DISPOSITIVO CASTIDAD 4 ANILLOS - Tienda Er\u00f3tica","robots":{"index":"noindex","follow":"follow","max-snippet":"max-snippet:-1","max-image-preview":"max-image-preview:large","max-video-preview":"max-video-preview:-1"},"og_locale":"es_ES","og_type":"article","og_title":"ASYLUM - DISPOSITIVO CASTIDAD 4 ANILLOS - Tienda Er\u00f3tica","og_description":"ASYLUM &#8211; 4 RING CHASITY CAGE Encierra tu pene y test\u00edculos en esta jaula de castidad totalmente ajustable de acero","og_url":"https:\/\/demoweb.info\/sexshop001\/producto\/asylum-dispositivo-castidad-4-anillos\/","og_site_name":"Tienda Er\u00f3tica","article_modified_time":"2022-01-22T14:15:58+00:00","og_image":[{"width":550,"height":550,"url":"https:\/\/demoweb.info\/sexshop001\/wp-content\/uploads\/2022\/01\/ASYLUM-DISPOSITIVO-CASTIDAD-4-ANILLOS.jpg","type":"image\/jpeg"}],"twitter_card":"summary_large_image","twitter_misc":{"Tiempo de lectura":"1 minuto"},"schema":{"@context":"https:\/\/schema.org","@graph":[{"@type":"WebPage","@id":"https:\/\/demoweb.info\/sexshop001\/producto\/asylum-dispositivo-castidad-4-anillos\/","url":"https:\/\/demoweb.info\/sexshop001\/producto\/asylum-dispositivo-castidad-4-anillos\/","name":"ASYLUM - DISPOSITIVO CASTIDAD 4 ANILLOS - Tienda Er\u00f3tica","isPartOf":{"@id":"https:\/\/demoweb.info\/sexshop001\/#website"},"datePublished":"2022-01-22T14:15:57+00:00","dateModified":"2022-01-22T14:15:58+00:00","breadcrumb":{"@id":"https:\/\/demoweb.info\/sexshop001\/producto\/asylum-dispositivo-castidad-4-anillos\/#breadcrumb"},"inLanguage":"es","potentialAction":[{"@type":"ReadAction","target":["https:\/\/demoweb.info\/sexshop001\/producto\/asylum-dispositivo-castidad-4-anillos\/"]}]},{"@type":"BreadcrumbList","@id":"https:\/\/demoweb.info\/sexshop001\/producto\/asylum-dispositivo-castidad-4-anillos\/#breadcrumb","itemListElement":[{"@type":"ListItem","position":1,"name":"Portada","item":"https:\/\/demoweb.info\/sexshop001\/"},{"@type":"ListItem","position":2,"name":"Tienda","item":"https:\/\/demoweb.info\/sexshop001\/tienda\/"},{"@type":"ListItem","position":3,"name":"ASYLUM &#8211; DISPOSITIVO CASTIDAD 4 ANILLOS"}]},{"@type":"WebSite","@id":"https:\/\/demoweb.info\/sexshop001\/#website","url":"https:\/\/demoweb.info\/sexshop001\/","name":"Tienda Er\u00f3tica","description":"DEMOWEB SL","potentialAction":[{"@type":"SearchAction","target":{"@type":"EntryPoint","urlTemplate":"https:\/\/demoweb.info\/sexshop001\/?s={search_term_string}"},"query-input":"required name=search_term_string"}],"inLanguage":"es"}]}},"_links":{"self":[{"href":"https:\/\/demoweb.info\/sexshop001\/wp-json\/wp\/v3\/product\/45778","targetHints":{"allow":["GET"]}}],"collection":[{"href":"https:\/\/demoweb.info\/sexshop001\/wp-json\/wp\/v3\/product"}],"about":[{"href":"https:\/\/demoweb.info\/sexshop001\/wp-json\/wp\/v2\/types\/product"}],"replies":[{"embeddable":true,"href":"https:\/\/demoweb.info\/sexshop001\/wp-json\/wp\/v2\/comments?post=45778"}],"wp:featuredmedia":[{"embeddable":true,"href":"https:\/\/demoweb.info\/sexshop001\/wp-json\/wp\/v2\/media\/45779"}],"wp:attachment":[{"href":"https:\/\/demoweb.info\/sexshop001\/wp-json\/wp\/v2\/media?parent=45778"}],"wp:term":[{"taxonomy":"product_cat","embeddable":true,"href":"https:\/\/demoweb.info\/sexshop001\/wp-json\/wp\/v2\/product_cat?post=45778"},{"taxonomy":"product_tag","embeddable":true,"href":"https:\/\/demoweb.info\/sexshop001\/wp-json\/wp\/v2\/product_tag?post=45778"}],"curies":[{"name":"wp","href":"https:\/\/api.w.org\/{rel}","templated":true}]}}