{"id":45772,"date":"2022-01-22T15:15:40","date_gmt":"2022-01-22T14:15:40","guid":{"rendered":"https:\/\/demoweb.info\/sexshop001\/producto\/kit-enema-de-metal-para-la-ducha\/"},"modified":"2022-01-22T15:15:53","modified_gmt":"2022-01-22T14:15:53","slug":"kit-enema-de-metal-para-la-ducha","status":"publish","type":"product","link":"https:\/\/demoweb.info\/sexshop001\/producto\/kit-enema-de-metal-para-la-ducha\/","title":{"rendered":"KIT ENEMA DE METAL PARA LA DUCHA"},"content":{"rendered":"<p><strong>SHOWER &#8211; METAL ENEMA SET<\/strong><\/p>\n<p>Kit de enema met\u00e1lico con cabezal para la ducha. Con el pomo podr\u00e1s regular la fuerza del agua a trav\u00e9s de la manguera. Esto permite una experiencia m\u00e1s gradual y c\u00f3moda.<\/p>\n<p>Su boquilla de ducha \/ enema est\u00e1 equipada para su uso como un accesorio de la ducha. Viene con dos boquillas, y con una manguera de 2 m de metal. Uno de los extremos de los tornillos de la manguera en la ducha, el otro extremo es donde se conecta la boquilla. Cuando el equipo de enema se conecta con su ducha tiene una v\u00e1lvula que dirige el agua, ya sea a trav\u00e9s de la boquilla o a trav\u00e9s del cabezal de la ducha, como se prefiera.<\/p>\n<p>Caracter\u00edsticas:<\/p>\n<ul>\n<li>Longitud de la manguera: 2 metros<\/li>\n<li>Longitud boquilla grandes: 12,7 cm<\/li>\n<li>Longitud boquilla peque\u00f1a: 8,9 cm<\/li>\n<\/ul>\n","protected":false},"excerpt":{"rendered":"<p>SHOWER &#8211; METAL ENEMA SET Kit de enema met\u00e1lico con cabezal para la ducha. Con el pomo podr\u00e1s regular la<\/p>\n","protected":false},"featured_media":45773,"comment_status":"open","ping_status":"open","template":"","meta":[],"product_cat":[723],"product_tag":[786,274],"class_list":["post-45772","product","type-product","status-publish","has-post-thumbnail","hentry","product_cat-kits-limpieza-intima","product_tag-clean-stream","product_tag-xr-brands"],"bundled_by":[],"bundle_stock_status":"outofstock","bundle_stock_quantity":0,"bundle_virtual":false,"bundle_layout":"","bundle_add_to_cart_form_location":"","bundle_editable_in_cart":false,"bundle_sold_individually_context":"","bundle_item_grouping":"","bundle_min_size":"","bundle_max_size":"","bundled_items":[],"yoast_head":"<!-- This site is optimized with the Yoast SEO plugin v20.6 - https:\/\/yoast.com\/wordpress\/plugins\/seo\/ -->\n<title>KIT ENEMA DE METAL PARA LA DUCHA - Tienda Er\u00f3tica<\/title>\n<meta name=\"robots\" content=\"noindex, follow, max-snippet:-1, max-image-preview:large, max-video-preview:-1\" \/>\n<meta property=\"og:locale\" content=\"es_ES\" \/>\n<meta property=\"og:type\" content=\"article\" \/>\n<meta property=\"og:title\" content=\"KIT ENEMA DE METAL PARA LA DUCHA - Tienda Er\u00f3tica\" \/>\n<meta property=\"og:description\" content=\"SHOWER &#8211; METAL ENEMA SET Kit de enema met\u00e1lico con cabezal para la ducha. Con el pomo podr\u00e1s regular la\" \/>\n<meta property=\"og:url\" content=\"https:\/\/demoweb.info\/sexshop001\/producto\/kit-enema-de-metal-para-la-ducha\/\" \/>\n<meta property=\"og:site_name\" content=\"Tienda Er\u00f3tica\" \/>\n<meta property=\"article:modified_time\" content=\"2022-01-22T14:15:53+00:00\" \/>\n<meta property=\"og:image\" content=\"https:\/\/demoweb.info\/sexshop001\/wp-content\/uploads\/2022\/01\/KIT-ENEMA-DE-METAL-PARA-LA-DUCHA.jpg\" \/>\n\t<meta property=\"og:image:width\" content=\"550\" \/>\n\t<meta property=\"og:image:height\" content=\"550\" \/>\n\t<meta property=\"og:image:type\" content=\"image\/jpeg\" \/>\n<meta name=\"twitter:card\" content=\"summary_large_image\" \/>\n<meta name=\"twitter:label1\" content=\"Tiempo de lectura\" \/>\n\t<meta name=\"twitter:data1\" content=\"1 minuto\" \/>\n<script type=\"application\/ld+json\" class=\"yoast-schema-graph\">{\"@context\":\"https:\/\/schema.org\",\"@graph\":[{\"@type\":\"WebPage\",\"@id\":\"https:\/\/demoweb.info\/sexshop001\/producto\/kit-enema-de-metal-para-la-ducha\/\",\"url\":\"https:\/\/demoweb.info\/sexshop001\/producto\/kit-enema-de-metal-para-la-ducha\/\",\"name\":\"KIT ENEMA DE METAL PARA LA DUCHA - Tienda Er\u00f3tica\",\"isPartOf\":{\"@id\":\"https:\/\/demoweb.info\/sexshop001\/#website\"},\"datePublished\":\"2022-01-22T14:15:40+00:00\",\"dateModified\":\"2022-01-22T14:15:53+00:00\",\"breadcrumb\":{\"@id\":\"https:\/\/demoweb.info\/sexshop001\/producto\/kit-enema-de-metal-para-la-ducha\/#breadcrumb\"},\"inLanguage\":\"es\",\"potentialAction\":[{\"@type\":\"ReadAction\",\"target\":[\"https:\/\/demoweb.info\/sexshop001\/producto\/kit-enema-de-metal-para-la-ducha\/\"]}]},{\"@type\":\"BreadcrumbList\",\"@id\":\"https:\/\/demoweb.info\/sexshop001\/producto\/kit-enema-de-metal-para-la-ducha\/#breadcrumb\",\"itemListElement\":[{\"@type\":\"ListItem\",\"position\":1,\"name\":\"Portada\",\"item\":\"https:\/\/demoweb.info\/sexshop001\/\"},{\"@type\":\"ListItem\",\"position\":2,\"name\":\"Tienda\",\"item\":\"https:\/\/demoweb.info\/sexshop001\/tienda\/\"},{\"@type\":\"ListItem\",\"position\":3,\"name\":\"KIT ENEMA DE METAL PARA LA DUCHA\"}]},{\"@type\":\"WebSite\",\"@id\":\"https:\/\/demoweb.info\/sexshop001\/#website\",\"url\":\"https:\/\/demoweb.info\/sexshop001\/\",\"name\":\"Tienda Er\u00f3tica\",\"description\":\"DEMOWEB SL\",\"potentialAction\":[{\"@type\":\"SearchAction\",\"target\":{\"@type\":\"EntryPoint\",\"urlTemplate\":\"https:\/\/demoweb.info\/sexshop001\/?s={search_term_string}\"},\"query-input\":\"required name=search_term_string\"}],\"inLanguage\":\"es\"}]}<\/script>\n<!-- \/ Yoast SEO plugin. -->","yoast_head_json":{"title":"KIT ENEMA DE METAL PARA LA DUCHA - Tienda Er\u00f3tica","robots":{"index":"noindex","follow":"follow","max-snippet":"max-snippet:-1","max-image-preview":"max-image-preview:large","max-video-preview":"max-video-preview:-1"},"og_locale":"es_ES","og_type":"article","og_title":"KIT ENEMA DE METAL PARA LA DUCHA - Tienda Er\u00f3tica","og_description":"SHOWER &#8211; METAL ENEMA SET Kit de enema met\u00e1lico con cabezal para la ducha. Con el pomo podr\u00e1s regular la","og_url":"https:\/\/demoweb.info\/sexshop001\/producto\/kit-enema-de-metal-para-la-ducha\/","og_site_name":"Tienda Er\u00f3tica","article_modified_time":"2022-01-22T14:15:53+00:00","og_image":[{"width":550,"height":550,"url":"https:\/\/demoweb.info\/sexshop001\/wp-content\/uploads\/2022\/01\/KIT-ENEMA-DE-METAL-PARA-LA-DUCHA.jpg","type":"image\/jpeg"}],"twitter_card":"summary_large_image","twitter_misc":{"Tiempo de lectura":"1 minuto"},"schema":{"@context":"https:\/\/schema.org","@graph":[{"@type":"WebPage","@id":"https:\/\/demoweb.info\/sexshop001\/producto\/kit-enema-de-metal-para-la-ducha\/","url":"https:\/\/demoweb.info\/sexshop001\/producto\/kit-enema-de-metal-para-la-ducha\/","name":"KIT ENEMA DE METAL PARA LA DUCHA - Tienda Er\u00f3tica","isPartOf":{"@id":"https:\/\/demoweb.info\/sexshop001\/#website"},"datePublished":"2022-01-22T14:15:40+00:00","dateModified":"2022-01-22T14:15:53+00:00","breadcrumb":{"@id":"https:\/\/demoweb.info\/sexshop001\/producto\/kit-enema-de-metal-para-la-ducha\/#breadcrumb"},"inLanguage":"es","potentialAction":[{"@type":"ReadAction","target":["https:\/\/demoweb.info\/sexshop001\/producto\/kit-enema-de-metal-para-la-ducha\/"]}]},{"@type":"BreadcrumbList","@id":"https:\/\/demoweb.info\/sexshop001\/producto\/kit-enema-de-metal-para-la-ducha\/#breadcrumb","itemListElement":[{"@type":"ListItem","position":1,"name":"Portada","item":"https:\/\/demoweb.info\/sexshop001\/"},{"@type":"ListItem","position":2,"name":"Tienda","item":"https:\/\/demoweb.info\/sexshop001\/tienda\/"},{"@type":"ListItem","position":3,"name":"KIT ENEMA DE METAL PARA LA DUCHA"}]},{"@type":"WebSite","@id":"https:\/\/demoweb.info\/sexshop001\/#website","url":"https:\/\/demoweb.info\/sexshop001\/","name":"Tienda Er\u00f3tica","description":"DEMOWEB SL","potentialAction":[{"@type":"SearchAction","target":{"@type":"EntryPoint","urlTemplate":"https:\/\/demoweb.info\/sexshop001\/?s={search_term_string}"},"query-input":"required name=search_term_string"}],"inLanguage":"es"}]}},"_links":{"self":[{"href":"https:\/\/demoweb.info\/sexshop001\/wp-json\/wp\/v3\/product\/45772","targetHints":{"allow":["GET"]}}],"collection":[{"href":"https:\/\/demoweb.info\/sexshop001\/wp-json\/wp\/v3\/product"}],"about":[{"href":"https:\/\/demoweb.info\/sexshop001\/wp-json\/wp\/v2\/types\/product"}],"replies":[{"embeddable":true,"href":"https:\/\/demoweb.info\/sexshop001\/wp-json\/wp\/v2\/comments?post=45772"}],"wp:featuredmedia":[{"embeddable":true,"href":"https:\/\/demoweb.info\/sexshop001\/wp-json\/wp\/v2\/media\/45773"}],"wp:attachment":[{"href":"https:\/\/demoweb.info\/sexshop001\/wp-json\/wp\/v2\/media?parent=45772"}],"wp:term":[{"taxonomy":"product_cat","embeddable":true,"href":"https:\/\/demoweb.info\/sexshop001\/wp-json\/wp\/v2\/product_cat?post=45772"},{"taxonomy":"product_tag","embeddable":true,"href":"https:\/\/demoweb.info\/sexshop001\/wp-json\/wp\/v2\/product_tag?post=45772"}],"curies":[{"name":"wp","href":"https:\/\/api.w.org\/{rel}","templated":true}]}}