{"id":45756,"date":"2022-01-22T15:15:40","date_gmt":"2022-01-22T14:15:40","guid":{"rendered":"https:\/\/demoweb.info\/sexshop001\/producto\/invasion-kit-de-entrenamiento-uretral-silicona\/"},"modified":"2022-01-22T15:15:45","modified_gmt":"2022-01-22T14:15:45","slug":"invasion-kit-de-entrenamiento-uretral-silicona","status":"publish","type":"product","link":"https:\/\/demoweb.info\/sexshop001\/producto\/invasion-kit-de-entrenamiento-uretral-silicona\/","title":{"rendered":"INVASION &#8211; KIT DE ENTRENAMIENTO URETRAL SILICONA"},"content":{"rendered":"<p><strong>INVASION &#8211; SILICONE URETHRAL TRAINER SET<\/strong><\/p>\n<p>Fabricado en silicona de alta calidad, libre de ftalatos y no porosa, estas varitas uretrales son flexibles se doblan con el cuerpo, desliz\u00e1ndose por su eje para que disfrute de sensaciones \u00fanicas. Cada varita es de doble cara, con una circunferencia de diferente tama\u00f1o en cada extremo.<\/p>\n<p>Caracter\u00edsticas:<\/p>\n<p>&#8211; Longitud: 20,32 cm<br \/>\n&#8211; Di\u00e1metro Varita Peque\u00f1a: 0,48 cm &lt;-&gt; 0,58 cm<br \/>\n&#8211; Di\u00e1metro Varita Mediana: 0,68 cm &lt;-&gt; 0,81 cm<br \/>\n&#8211; Di\u00e1metro Varita Grande: 0,86 cm &lt;-&gt; 0,96 cm<\/p>\n","protected":false},"excerpt":{"rendered":"<p>INVASION &#8211; SILICONE URETHRAL TRAINER SET Fabricado en silicona de alta calidad, libre de ftalatos y no porosa, estas varitas<\/p>\n","protected":false},"featured_media":45757,"comment_status":"open","ping_status":"open","template":"","meta":[],"product_cat":[290],"product_tag":[463,274],"class_list":["post-45756","product","type-product","status-publish","has-post-thumbnail","hentry","product_cat-penis-plug","product_tag-master-series","product_tag-xr-brands"],"bundled_by":[],"bundle_stock_status":"instock","bundle_stock_quantity":2,"bundle_virtual":false,"bundle_layout":"","bundle_add_to_cart_form_location":"","bundle_editable_in_cart":false,"bundle_sold_individually_context":"","bundle_item_grouping":"","bundle_min_size":"","bundle_max_size":"","bundled_items":[],"yoast_head":"<!-- This site is optimized with the Yoast SEO plugin v20.6 - https:\/\/yoast.com\/wordpress\/plugins\/seo\/ -->\n<title>INVASION - KIT DE ENTRENAMIENTO URETRAL SILICONA - Tienda Er\u00f3tica<\/title>\n<meta name=\"robots\" content=\"noindex, follow, max-snippet:-1, max-image-preview:large, max-video-preview:-1\" \/>\n<meta property=\"og:locale\" content=\"es_ES\" \/>\n<meta property=\"og:type\" content=\"article\" \/>\n<meta property=\"og:title\" content=\"INVASION - KIT DE ENTRENAMIENTO URETRAL SILICONA - Tienda Er\u00f3tica\" \/>\n<meta property=\"og:description\" content=\"INVASION &#8211; SILICONE URETHRAL TRAINER SET Fabricado en silicona de alta calidad, libre de ftalatos y no porosa, estas varitas\" \/>\n<meta property=\"og:url\" content=\"https:\/\/demoweb.info\/sexshop001\/producto\/invasion-kit-de-entrenamiento-uretral-silicona\/\" \/>\n<meta property=\"og:site_name\" content=\"Tienda Er\u00f3tica\" \/>\n<meta property=\"article:modified_time\" content=\"2022-01-22T14:15:45+00:00\" \/>\n<meta property=\"og:image\" content=\"https:\/\/demoweb.info\/sexshop001\/wp-content\/uploads\/2022\/01\/INVASION-KIT-DE-ENTRENAMIENTO-URETRAL-SILICONA.jpg\" \/>\n\t<meta property=\"og:image:width\" content=\"550\" \/>\n\t<meta property=\"og:image:height\" content=\"550\" \/>\n\t<meta property=\"og:image:type\" content=\"image\/jpeg\" \/>\n<meta name=\"twitter:card\" content=\"summary_large_image\" \/>\n<script type=\"application\/ld+json\" class=\"yoast-schema-graph\">{\"@context\":\"https:\/\/schema.org\",\"@graph\":[{\"@type\":\"WebPage\",\"@id\":\"https:\/\/demoweb.info\/sexshop001\/producto\/invasion-kit-de-entrenamiento-uretral-silicona\/\",\"url\":\"https:\/\/demoweb.info\/sexshop001\/producto\/invasion-kit-de-entrenamiento-uretral-silicona\/\",\"name\":\"INVASION - KIT DE ENTRENAMIENTO URETRAL SILICONA - Tienda Er\u00f3tica\",\"isPartOf\":{\"@id\":\"https:\/\/demoweb.info\/sexshop001\/#website\"},\"datePublished\":\"2022-01-22T14:15:40+00:00\",\"dateModified\":\"2022-01-22T14:15:45+00:00\",\"breadcrumb\":{\"@id\":\"https:\/\/demoweb.info\/sexshop001\/producto\/invasion-kit-de-entrenamiento-uretral-silicona\/#breadcrumb\"},\"inLanguage\":\"es\",\"potentialAction\":[{\"@type\":\"ReadAction\",\"target\":[\"https:\/\/demoweb.info\/sexshop001\/producto\/invasion-kit-de-entrenamiento-uretral-silicona\/\"]}]},{\"@type\":\"BreadcrumbList\",\"@id\":\"https:\/\/demoweb.info\/sexshop001\/producto\/invasion-kit-de-entrenamiento-uretral-silicona\/#breadcrumb\",\"itemListElement\":[{\"@type\":\"ListItem\",\"position\":1,\"name\":\"Portada\",\"item\":\"https:\/\/demoweb.info\/sexshop001\/\"},{\"@type\":\"ListItem\",\"position\":2,\"name\":\"Tienda\",\"item\":\"https:\/\/demoweb.info\/sexshop001\/tienda\/\"},{\"@type\":\"ListItem\",\"position\":3,\"name\":\"INVASION &#8211; KIT DE ENTRENAMIENTO URETRAL SILICONA\"}]},{\"@type\":\"WebSite\",\"@id\":\"https:\/\/demoweb.info\/sexshop001\/#website\",\"url\":\"https:\/\/demoweb.info\/sexshop001\/\",\"name\":\"Tienda Er\u00f3tica\",\"description\":\"DEMOWEB SL\",\"potentialAction\":[{\"@type\":\"SearchAction\",\"target\":{\"@type\":\"EntryPoint\",\"urlTemplate\":\"https:\/\/demoweb.info\/sexshop001\/?s={search_term_string}\"},\"query-input\":\"required name=search_term_string\"}],\"inLanguage\":\"es\"}]}<\/script>\n<!-- \/ Yoast SEO plugin. -->","yoast_head_json":{"title":"INVASION - KIT DE ENTRENAMIENTO URETRAL SILICONA - Tienda Er\u00f3tica","robots":{"index":"noindex","follow":"follow","max-snippet":"max-snippet:-1","max-image-preview":"max-image-preview:large","max-video-preview":"max-video-preview:-1"},"og_locale":"es_ES","og_type":"article","og_title":"INVASION - KIT DE ENTRENAMIENTO URETRAL SILICONA - Tienda Er\u00f3tica","og_description":"INVASION &#8211; SILICONE URETHRAL TRAINER SET Fabricado en silicona de alta calidad, libre de ftalatos y no porosa, estas varitas","og_url":"https:\/\/demoweb.info\/sexshop001\/producto\/invasion-kit-de-entrenamiento-uretral-silicona\/","og_site_name":"Tienda Er\u00f3tica","article_modified_time":"2022-01-22T14:15:45+00:00","og_image":[{"width":550,"height":550,"url":"https:\/\/demoweb.info\/sexshop001\/wp-content\/uploads\/2022\/01\/INVASION-KIT-DE-ENTRENAMIENTO-URETRAL-SILICONA.jpg","type":"image\/jpeg"}],"twitter_card":"summary_large_image","schema":{"@context":"https:\/\/schema.org","@graph":[{"@type":"WebPage","@id":"https:\/\/demoweb.info\/sexshop001\/producto\/invasion-kit-de-entrenamiento-uretral-silicona\/","url":"https:\/\/demoweb.info\/sexshop001\/producto\/invasion-kit-de-entrenamiento-uretral-silicona\/","name":"INVASION - KIT DE ENTRENAMIENTO URETRAL SILICONA - Tienda Er\u00f3tica","isPartOf":{"@id":"https:\/\/demoweb.info\/sexshop001\/#website"},"datePublished":"2022-01-22T14:15:40+00:00","dateModified":"2022-01-22T14:15:45+00:00","breadcrumb":{"@id":"https:\/\/demoweb.info\/sexshop001\/producto\/invasion-kit-de-entrenamiento-uretral-silicona\/#breadcrumb"},"inLanguage":"es","potentialAction":[{"@type":"ReadAction","target":["https:\/\/demoweb.info\/sexshop001\/producto\/invasion-kit-de-entrenamiento-uretral-silicona\/"]}]},{"@type":"BreadcrumbList","@id":"https:\/\/demoweb.info\/sexshop001\/producto\/invasion-kit-de-entrenamiento-uretral-silicona\/#breadcrumb","itemListElement":[{"@type":"ListItem","position":1,"name":"Portada","item":"https:\/\/demoweb.info\/sexshop001\/"},{"@type":"ListItem","position":2,"name":"Tienda","item":"https:\/\/demoweb.info\/sexshop001\/tienda\/"},{"@type":"ListItem","position":3,"name":"INVASION &#8211; KIT DE ENTRENAMIENTO URETRAL SILICONA"}]},{"@type":"WebSite","@id":"https:\/\/demoweb.info\/sexshop001\/#website","url":"https:\/\/demoweb.info\/sexshop001\/","name":"Tienda Er\u00f3tica","description":"DEMOWEB SL","potentialAction":[{"@type":"SearchAction","target":{"@type":"EntryPoint","urlTemplate":"https:\/\/demoweb.info\/sexshop001\/?s={search_term_string}"},"query-input":"required name=search_term_string"}],"inLanguage":"es"}]}},"_links":{"self":[{"href":"https:\/\/demoweb.info\/sexshop001\/wp-json\/wp\/v3\/product\/45756","targetHints":{"allow":["GET"]}}],"collection":[{"href":"https:\/\/demoweb.info\/sexshop001\/wp-json\/wp\/v3\/product"}],"about":[{"href":"https:\/\/demoweb.info\/sexshop001\/wp-json\/wp\/v2\/types\/product"}],"replies":[{"embeddable":true,"href":"https:\/\/demoweb.info\/sexshop001\/wp-json\/wp\/v2\/comments?post=45756"}],"wp:featuredmedia":[{"embeddable":true,"href":"https:\/\/demoweb.info\/sexshop001\/wp-json\/wp\/v2\/media\/45757"}],"wp:attachment":[{"href":"https:\/\/demoweb.info\/sexshop001\/wp-json\/wp\/v2\/media?parent=45756"}],"wp:term":[{"taxonomy":"product_cat","embeddable":true,"href":"https:\/\/demoweb.info\/sexshop001\/wp-json\/wp\/v2\/product_cat?post=45756"},{"taxonomy":"product_tag","embeddable":true,"href":"https:\/\/demoweb.info\/sexshop001\/wp-json\/wp\/v2\/product_tag?post=45756"}],"curies":[{"name":"wp","href":"https:\/\/api.w.org\/{rel}","templated":true}]}}