{"id":45748,"date":"2022-01-22T15:15:40","date_gmt":"2022-01-22T14:15:40","guid":{"rendered":"https:\/\/demoweb.info\/sexshop001\/producto\/plena-ii-arnes-doble-penetracion\/"},"modified":"2022-01-22T15:15:40","modified_gmt":"2022-01-22T14:15:40","slug":"plena-ii-arnes-doble-penetracion","status":"publish","type":"product","link":"https:\/\/demoweb.info\/sexshop001\/producto\/plena-ii-arnes-doble-penetracion\/","title":{"rendered":"PLENA II &#8211; ARN\u00c9S DOBLE PENETRACI\u00d3N"},"content":{"rendered":"<p><strong>PLENA II<\/strong><\/p>\n<p>Ambos amantes pueden experimentar el placer de la penetraci\u00f3n con este innovador arn\u00e9s. Perfecto para dos mujeres, el consolador m\u00e1s peque\u00f1o se desliza con facilidad y comodidad, mientras que una peque\u00f1a protuberancia estimula su cl\u00edtoris. El consolador m\u00e1s grande es delgado y elegante para un uso anal o vaginal c\u00f3modo.<\/p>\n<p>El arn\u00e9s atractivo y ajustable mantiene el consolador en su lugar, incluso para las acciones m\u00e1s fuertes.<\/p>\n<p>Caracter\u00edsticas:<\/p>\n<p>&#8211; Longitud total: 25,4 cm<br \/>\n&#8211; Longitud Insertable Consolador Grande: 17,8 cm<br \/>\n&#8211; Di\u00e1metro Consolador Grande: 3,8 cm<br \/>\n&#8211; Longitud Insertable Consolador Peque\u00f1o: 8,9 cm<br \/>\n&#8211; Di\u00e1metro Consolador Peque\u00f1o: 3,8 cm<br \/>\n&#8211; Material: TPR, PU cuero y vinilo<\/p>\n","protected":false},"excerpt":{"rendered":"<p>PLENA II Ambos amantes pueden experimentar el placer de la penetraci\u00f3n con este innovador arn\u00e9s. Perfecto para dos mujeres, el<\/p>\n","protected":false},"featured_media":45749,"comment_status":"open","ping_status":"open","template":"","meta":[],"product_cat":[1082],"product_tag":[274],"class_list":["post-45748","product","type-product","status-publish","has-post-thumbnail","hentry","product_cat-dobles-con-dildo","product_tag-xr-brands"],"bundled_by":[],"bundle_stock_status":"instock","bundle_stock_quantity":1,"bundle_virtual":false,"bundle_layout":"","bundle_add_to_cart_form_location":"","bundle_editable_in_cart":false,"bundle_sold_individually_context":"","bundle_item_grouping":"","bundle_min_size":"","bundle_max_size":"","bundled_items":[],"yoast_head":"<!-- This site is optimized with the Yoast SEO plugin v20.6 - https:\/\/yoast.com\/wordpress\/plugins\/seo\/ -->\n<title>PLENA II - ARN\u00c9S DOBLE PENETRACI\u00d3N - Tienda Er\u00f3tica<\/title>\n<meta name=\"robots\" content=\"noindex, follow, max-snippet:-1, max-image-preview:large, max-video-preview:-1\" \/>\n<meta property=\"og:locale\" content=\"es_ES\" \/>\n<meta property=\"og:type\" content=\"article\" \/>\n<meta property=\"og:title\" content=\"PLENA II - ARN\u00c9S DOBLE PENETRACI\u00d3N - Tienda Er\u00f3tica\" \/>\n<meta property=\"og:description\" content=\"PLENA II Ambos amantes pueden experimentar el placer de la penetraci\u00f3n con este innovador arn\u00e9s. Perfecto para dos mujeres, el\" \/>\n<meta property=\"og:url\" content=\"https:\/\/demoweb.info\/sexshop001\/producto\/plena-ii-arnes-doble-penetracion\/\" \/>\n<meta property=\"og:site_name\" content=\"Tienda Er\u00f3tica\" \/>\n<meta property=\"og:image\" content=\"https:\/\/demoweb.info\/sexshop001\/wp-content\/uploads\/2022\/01\/PLENA-II-ARNES-DOBLE-PENETRACION.jpg\" \/>\n\t<meta property=\"og:image:width\" content=\"550\" \/>\n\t<meta property=\"og:image:height\" content=\"550\" \/>\n\t<meta property=\"og:image:type\" content=\"image\/jpeg\" \/>\n<meta name=\"twitter:card\" content=\"summary_large_image\" \/>\n<meta name=\"twitter:label1\" content=\"Tiempo de lectura\" \/>\n\t<meta name=\"twitter:data1\" content=\"1 minuto\" \/>\n<script type=\"application\/ld+json\" class=\"yoast-schema-graph\">{\"@context\":\"https:\/\/schema.org\",\"@graph\":[{\"@type\":\"WebPage\",\"@id\":\"https:\/\/demoweb.info\/sexshop001\/producto\/plena-ii-arnes-doble-penetracion\/\",\"url\":\"https:\/\/demoweb.info\/sexshop001\/producto\/plena-ii-arnes-doble-penetracion\/\",\"name\":\"PLENA II - ARN\u00c9S DOBLE PENETRACI\u00d3N - Tienda Er\u00f3tica\",\"isPartOf\":{\"@id\":\"https:\/\/demoweb.info\/sexshop001\/#website\"},\"datePublished\":\"2022-01-22T14:15:40+00:00\",\"dateModified\":\"2022-01-22T14:15:40+00:00\",\"breadcrumb\":{\"@id\":\"https:\/\/demoweb.info\/sexshop001\/producto\/plena-ii-arnes-doble-penetracion\/#breadcrumb\"},\"inLanguage\":\"es\",\"potentialAction\":[{\"@type\":\"ReadAction\",\"target\":[\"https:\/\/demoweb.info\/sexshop001\/producto\/plena-ii-arnes-doble-penetracion\/\"]}]},{\"@type\":\"BreadcrumbList\",\"@id\":\"https:\/\/demoweb.info\/sexshop001\/producto\/plena-ii-arnes-doble-penetracion\/#breadcrumb\",\"itemListElement\":[{\"@type\":\"ListItem\",\"position\":1,\"name\":\"Portada\",\"item\":\"https:\/\/demoweb.info\/sexshop001\/\"},{\"@type\":\"ListItem\",\"position\":2,\"name\":\"Tienda\",\"item\":\"https:\/\/demoweb.info\/sexshop001\/tienda\/\"},{\"@type\":\"ListItem\",\"position\":3,\"name\":\"PLENA II &#8211; ARN\u00c9S DOBLE PENETRACI\u00d3N\"}]},{\"@type\":\"WebSite\",\"@id\":\"https:\/\/demoweb.info\/sexshop001\/#website\",\"url\":\"https:\/\/demoweb.info\/sexshop001\/\",\"name\":\"Tienda Er\u00f3tica\",\"description\":\"DEMOWEB SL\",\"potentialAction\":[{\"@type\":\"SearchAction\",\"target\":{\"@type\":\"EntryPoint\",\"urlTemplate\":\"https:\/\/demoweb.info\/sexshop001\/?s={search_term_string}\"},\"query-input\":\"required name=search_term_string\"}],\"inLanguage\":\"es\"}]}<\/script>\n<!-- \/ Yoast SEO plugin. -->","yoast_head_json":{"title":"PLENA II - ARN\u00c9S DOBLE PENETRACI\u00d3N - Tienda Er\u00f3tica","robots":{"index":"noindex","follow":"follow","max-snippet":"max-snippet:-1","max-image-preview":"max-image-preview:large","max-video-preview":"max-video-preview:-1"},"og_locale":"es_ES","og_type":"article","og_title":"PLENA II - ARN\u00c9S DOBLE PENETRACI\u00d3N - Tienda Er\u00f3tica","og_description":"PLENA II Ambos amantes pueden experimentar el placer de la penetraci\u00f3n con este innovador arn\u00e9s. Perfecto para dos mujeres, el","og_url":"https:\/\/demoweb.info\/sexshop001\/producto\/plena-ii-arnes-doble-penetracion\/","og_site_name":"Tienda Er\u00f3tica","og_image":[{"width":550,"height":550,"url":"https:\/\/demoweb.info\/sexshop001\/wp-content\/uploads\/2022\/01\/PLENA-II-ARNES-DOBLE-PENETRACION.jpg","type":"image\/jpeg"}],"twitter_card":"summary_large_image","twitter_misc":{"Tiempo de lectura":"1 minuto"},"schema":{"@context":"https:\/\/schema.org","@graph":[{"@type":"WebPage","@id":"https:\/\/demoweb.info\/sexshop001\/producto\/plena-ii-arnes-doble-penetracion\/","url":"https:\/\/demoweb.info\/sexshop001\/producto\/plena-ii-arnes-doble-penetracion\/","name":"PLENA II - ARN\u00c9S DOBLE PENETRACI\u00d3N - Tienda Er\u00f3tica","isPartOf":{"@id":"https:\/\/demoweb.info\/sexshop001\/#website"},"datePublished":"2022-01-22T14:15:40+00:00","dateModified":"2022-01-22T14:15:40+00:00","breadcrumb":{"@id":"https:\/\/demoweb.info\/sexshop001\/producto\/plena-ii-arnes-doble-penetracion\/#breadcrumb"},"inLanguage":"es","potentialAction":[{"@type":"ReadAction","target":["https:\/\/demoweb.info\/sexshop001\/producto\/plena-ii-arnes-doble-penetracion\/"]}]},{"@type":"BreadcrumbList","@id":"https:\/\/demoweb.info\/sexshop001\/producto\/plena-ii-arnes-doble-penetracion\/#breadcrumb","itemListElement":[{"@type":"ListItem","position":1,"name":"Portada","item":"https:\/\/demoweb.info\/sexshop001\/"},{"@type":"ListItem","position":2,"name":"Tienda","item":"https:\/\/demoweb.info\/sexshop001\/tienda\/"},{"@type":"ListItem","position":3,"name":"PLENA II &#8211; ARN\u00c9S DOBLE PENETRACI\u00d3N"}]},{"@type":"WebSite","@id":"https:\/\/demoweb.info\/sexshop001\/#website","url":"https:\/\/demoweb.info\/sexshop001\/","name":"Tienda Er\u00f3tica","description":"DEMOWEB SL","potentialAction":[{"@type":"SearchAction","target":{"@type":"EntryPoint","urlTemplate":"https:\/\/demoweb.info\/sexshop001\/?s={search_term_string}"},"query-input":"required name=search_term_string"}],"inLanguage":"es"}]}},"_links":{"self":[{"href":"https:\/\/demoweb.info\/sexshop001\/wp-json\/wp\/v3\/product\/45748","targetHints":{"allow":["GET"]}}],"collection":[{"href":"https:\/\/demoweb.info\/sexshop001\/wp-json\/wp\/v3\/product"}],"about":[{"href":"https:\/\/demoweb.info\/sexshop001\/wp-json\/wp\/v2\/types\/product"}],"replies":[{"embeddable":true,"href":"https:\/\/demoweb.info\/sexshop001\/wp-json\/wp\/v2\/comments?post=45748"}],"wp:featuredmedia":[{"embeddable":true,"href":"https:\/\/demoweb.info\/sexshop001\/wp-json\/wp\/v2\/media\/45749"}],"wp:attachment":[{"href":"https:\/\/demoweb.info\/sexshop001\/wp-json\/wp\/v2\/media?parent=45748"}],"wp:term":[{"taxonomy":"product_cat","embeddable":true,"href":"https:\/\/demoweb.info\/sexshop001\/wp-json\/wp\/v2\/product_cat?post=45748"},{"taxonomy":"product_tag","embeddable":true,"href":"https:\/\/demoweb.info\/sexshop001\/wp-json\/wp\/v2\/product_tag?post=45748"}],"curies":[{"name":"wp","href":"https:\/\/api.w.org\/{rel}","templated":true}]}}