{"id":45736,"date":"2022-01-22T15:15:24","date_gmt":"2022-01-22T14:15:24","guid":{"rendered":"https:\/\/demoweb.info\/sexshop001\/producto\/odax-sensation-rueda-de-estimulacion\/"},"modified":"2022-01-22T15:15:32","modified_gmt":"2022-01-22T14:15:32","slug":"odax-sensation-rueda-de-estimulacion","status":"publish","type":"product","link":"https:\/\/demoweb.info\/sexshop001\/producto\/odax-sensation-rueda-de-estimulacion\/","title":{"rendered":"ODAX SENSATION RUEDA DE ESTIMULACI\u00d3N"},"content":{"rendered":"<p><strong>ODAX SENSATION WHEEL<\/strong><\/p>\n<p>Prueba los l\u00edmites de la sensibilidad con la sensaci\u00f3n de ruedas Odax de la colecci\u00f3n <em>Master Series<\/em>. Mueve esta rueda a trav\u00e9s de la piel y descubre un cosquilleo excitante de placer gracias a sus pinchos.<\/p>\n<p>Hecha de acero inoxidable y sinuosamente dise\u00f1ado con una fila de pasadores afilados a distancias iguales, que gira suavemente a medida que rueda a trav\u00e9s de la piel, la Odax est\u00e1 idealmente dise\u00f1ada para proporcionar un intenso y exquisito placer.<\/p>\n<p>Puede ser calentado o enfriado para llevarte al siguiente nivel. <\/p>\n<p>Caracter\u00edsticas:<\/p>\n<p>&#8211; Longitud total: 17,78 cm<br \/>\n&#8211; Di\u00e1metro de la rueda: 3 cm<br \/>\n&#8211; Material: Acero inoxidable<\/p>\n","protected":false},"excerpt":{"rendered":"<p>ODAX SENSATION WHEEL Prueba los l\u00edmites de la sensibilidad con la sensaci\u00f3n de ruedas Odax de la colecci\u00f3n Master Series.<\/p>\n","protected":false},"featured_media":45737,"comment_status":"open","ping_status":"open","template":"","meta":[],"product_cat":[649],"product_tag":[463,274],"class_list":["post-45736","product","type-product","status-publish","has-post-thumbnail","hentry","product_cat-ruedas-estimulacion","product_tag-master-series","product_tag-xr-brands"],"bundled_by":[],"bundle_stock_status":"outofstock","bundle_stock_quantity":0,"bundle_virtual":false,"bundle_layout":"","bundle_add_to_cart_form_location":"","bundle_editable_in_cart":false,"bundle_sold_individually_context":"","bundle_item_grouping":"","bundle_min_size":"","bundle_max_size":"","bundled_items":[],"yoast_head":"<!-- This site is optimized with the Yoast SEO plugin v20.6 - https:\/\/yoast.com\/wordpress\/plugins\/seo\/ -->\n<title>ODAX SENSATION RUEDA DE ESTIMULACI\u00d3N - Tienda Er\u00f3tica<\/title>\n<meta name=\"robots\" content=\"noindex, follow, max-snippet:-1, max-image-preview:large, max-video-preview:-1\" \/>\n<meta property=\"og:locale\" content=\"es_ES\" \/>\n<meta property=\"og:type\" content=\"article\" \/>\n<meta property=\"og:title\" content=\"ODAX SENSATION RUEDA DE ESTIMULACI\u00d3N - Tienda Er\u00f3tica\" \/>\n<meta property=\"og:description\" content=\"ODAX SENSATION WHEEL Prueba los l\u00edmites de la sensibilidad con la sensaci\u00f3n de ruedas Odax de la colecci\u00f3n Master Series.\" \/>\n<meta property=\"og:url\" content=\"https:\/\/demoweb.info\/sexshop001\/producto\/odax-sensation-rueda-de-estimulacion\/\" \/>\n<meta property=\"og:site_name\" content=\"Tienda Er\u00f3tica\" \/>\n<meta property=\"article:modified_time\" content=\"2022-01-22T14:15:32+00:00\" \/>\n<meta property=\"og:image\" content=\"https:\/\/demoweb.info\/sexshop001\/wp-content\/uploads\/2022\/01\/ODAX-SENSATION-RUEDA-DE-ESTIMULACION.jpg\" \/>\n\t<meta property=\"og:image:width\" content=\"550\" \/>\n\t<meta property=\"og:image:height\" content=\"550\" \/>\n\t<meta property=\"og:image:type\" content=\"image\/jpeg\" \/>\n<meta name=\"twitter:card\" content=\"summary_large_image\" \/>\n<meta name=\"twitter:label1\" content=\"Tiempo de lectura\" \/>\n\t<meta name=\"twitter:data1\" content=\"1 minuto\" \/>\n<script type=\"application\/ld+json\" class=\"yoast-schema-graph\">{\"@context\":\"https:\/\/schema.org\",\"@graph\":[{\"@type\":\"WebPage\",\"@id\":\"https:\/\/demoweb.info\/sexshop001\/producto\/odax-sensation-rueda-de-estimulacion\/\",\"url\":\"https:\/\/demoweb.info\/sexshop001\/producto\/odax-sensation-rueda-de-estimulacion\/\",\"name\":\"ODAX SENSATION RUEDA DE ESTIMULACI\u00d3N - Tienda Er\u00f3tica\",\"isPartOf\":{\"@id\":\"https:\/\/demoweb.info\/sexshop001\/#website\"},\"datePublished\":\"2022-01-22T14:15:24+00:00\",\"dateModified\":\"2022-01-22T14:15:32+00:00\",\"breadcrumb\":{\"@id\":\"https:\/\/demoweb.info\/sexshop001\/producto\/odax-sensation-rueda-de-estimulacion\/#breadcrumb\"},\"inLanguage\":\"es\",\"potentialAction\":[{\"@type\":\"ReadAction\",\"target\":[\"https:\/\/demoweb.info\/sexshop001\/producto\/odax-sensation-rueda-de-estimulacion\/\"]}]},{\"@type\":\"BreadcrumbList\",\"@id\":\"https:\/\/demoweb.info\/sexshop001\/producto\/odax-sensation-rueda-de-estimulacion\/#breadcrumb\",\"itemListElement\":[{\"@type\":\"ListItem\",\"position\":1,\"name\":\"Portada\",\"item\":\"https:\/\/demoweb.info\/sexshop001\/\"},{\"@type\":\"ListItem\",\"position\":2,\"name\":\"Tienda\",\"item\":\"https:\/\/demoweb.info\/sexshop001\/tienda\/\"},{\"@type\":\"ListItem\",\"position\":3,\"name\":\"ODAX SENSATION RUEDA DE ESTIMULACI\u00d3N\"}]},{\"@type\":\"WebSite\",\"@id\":\"https:\/\/demoweb.info\/sexshop001\/#website\",\"url\":\"https:\/\/demoweb.info\/sexshop001\/\",\"name\":\"Tienda Er\u00f3tica\",\"description\":\"DEMOWEB SL\",\"potentialAction\":[{\"@type\":\"SearchAction\",\"target\":{\"@type\":\"EntryPoint\",\"urlTemplate\":\"https:\/\/demoweb.info\/sexshop001\/?s={search_term_string}\"},\"query-input\":\"required name=search_term_string\"}],\"inLanguage\":\"es\"}]}<\/script>\n<!-- \/ Yoast SEO plugin. -->","yoast_head_json":{"title":"ODAX SENSATION RUEDA DE ESTIMULACI\u00d3N - Tienda Er\u00f3tica","robots":{"index":"noindex","follow":"follow","max-snippet":"max-snippet:-1","max-image-preview":"max-image-preview:large","max-video-preview":"max-video-preview:-1"},"og_locale":"es_ES","og_type":"article","og_title":"ODAX SENSATION RUEDA DE ESTIMULACI\u00d3N - Tienda Er\u00f3tica","og_description":"ODAX SENSATION WHEEL Prueba los l\u00edmites de la sensibilidad con la sensaci\u00f3n de ruedas Odax de la colecci\u00f3n Master Series.","og_url":"https:\/\/demoweb.info\/sexshop001\/producto\/odax-sensation-rueda-de-estimulacion\/","og_site_name":"Tienda Er\u00f3tica","article_modified_time":"2022-01-22T14:15:32+00:00","og_image":[{"width":550,"height":550,"url":"https:\/\/demoweb.info\/sexshop001\/wp-content\/uploads\/2022\/01\/ODAX-SENSATION-RUEDA-DE-ESTIMULACION.jpg","type":"image\/jpeg"}],"twitter_card":"summary_large_image","twitter_misc":{"Tiempo de lectura":"1 minuto"},"schema":{"@context":"https:\/\/schema.org","@graph":[{"@type":"WebPage","@id":"https:\/\/demoweb.info\/sexshop001\/producto\/odax-sensation-rueda-de-estimulacion\/","url":"https:\/\/demoweb.info\/sexshop001\/producto\/odax-sensation-rueda-de-estimulacion\/","name":"ODAX SENSATION RUEDA DE ESTIMULACI\u00d3N - Tienda Er\u00f3tica","isPartOf":{"@id":"https:\/\/demoweb.info\/sexshop001\/#website"},"datePublished":"2022-01-22T14:15:24+00:00","dateModified":"2022-01-22T14:15:32+00:00","breadcrumb":{"@id":"https:\/\/demoweb.info\/sexshop001\/producto\/odax-sensation-rueda-de-estimulacion\/#breadcrumb"},"inLanguage":"es","potentialAction":[{"@type":"ReadAction","target":["https:\/\/demoweb.info\/sexshop001\/producto\/odax-sensation-rueda-de-estimulacion\/"]}]},{"@type":"BreadcrumbList","@id":"https:\/\/demoweb.info\/sexshop001\/producto\/odax-sensation-rueda-de-estimulacion\/#breadcrumb","itemListElement":[{"@type":"ListItem","position":1,"name":"Portada","item":"https:\/\/demoweb.info\/sexshop001\/"},{"@type":"ListItem","position":2,"name":"Tienda","item":"https:\/\/demoweb.info\/sexshop001\/tienda\/"},{"@type":"ListItem","position":3,"name":"ODAX SENSATION RUEDA DE ESTIMULACI\u00d3N"}]},{"@type":"WebSite","@id":"https:\/\/demoweb.info\/sexshop001\/#website","url":"https:\/\/demoweb.info\/sexshop001\/","name":"Tienda Er\u00f3tica","description":"DEMOWEB SL","potentialAction":[{"@type":"SearchAction","target":{"@type":"EntryPoint","urlTemplate":"https:\/\/demoweb.info\/sexshop001\/?s={search_term_string}"},"query-input":"required name=search_term_string"}],"inLanguage":"es"}]}},"_links":{"self":[{"href":"https:\/\/demoweb.info\/sexshop001\/wp-json\/wp\/v3\/product\/45736","targetHints":{"allow":["GET"]}}],"collection":[{"href":"https:\/\/demoweb.info\/sexshop001\/wp-json\/wp\/v3\/product"}],"about":[{"href":"https:\/\/demoweb.info\/sexshop001\/wp-json\/wp\/v2\/types\/product"}],"replies":[{"embeddable":true,"href":"https:\/\/demoweb.info\/sexshop001\/wp-json\/wp\/v2\/comments?post=45736"}],"wp:featuredmedia":[{"embeddable":true,"href":"https:\/\/demoweb.info\/sexshop001\/wp-json\/wp\/v2\/media\/45737"}],"wp:attachment":[{"href":"https:\/\/demoweb.info\/sexshop001\/wp-json\/wp\/v2\/media?parent=45736"}],"wp:term":[{"taxonomy":"product_cat","embeddable":true,"href":"https:\/\/demoweb.info\/sexshop001\/wp-json\/wp\/v2\/product_cat?post=45736"},{"taxonomy":"product_tag","embeddable":true,"href":"https:\/\/demoweb.info\/sexshop001\/wp-json\/wp\/v2\/product_tag?post=45736"}],"curies":[{"name":"wp","href":"https:\/\/api.w.org\/{rel}","templated":true}]}}