{"id":45725,"date":"2022-01-22T15:15:24","date_gmt":"2022-01-22T14:15:24","guid":{"rendered":"https:\/\/demoweb.info\/sexshop001\/producto\/incarcerator-dispositivo-castidad\/"},"modified":"2022-01-22T15:15:26","modified_gmt":"2022-01-22T14:15:26","slug":"incarcerator-dispositivo-castidad","status":"publish","type":"product","link":"https:\/\/demoweb.info\/sexshop001\/producto\/incarcerator-dispositivo-castidad\/","title":{"rendered":"INCARCERATOR &#8211; DISPOSITIVO CASTIDAD"},"content":{"rendered":"<p><strong>INCARCERATOR<\/strong><\/p>\n<p>Encierra tu pene y test\u00edculos en esta jaula de castidad totalmente ajustable de acero inoxidable. Con un dise\u00f1o similar al brazalete, el anillo de base de este dispositivo tiene capacidad para seis tama\u00f1os diferentes. Bloquea el anillo para atrapar los test\u00edculos, mientras tu miembro fl\u00e1cido se ha quedado atascado en la peque\u00f1a jaula de metal sin escapatoria.<\/p>\n<p>Tres separadores te permiten ajustar la jaula para adaptarse a su longitud, encerrarlo y verlo luchar por el tiempo que tu quieras. Este dispositivo es transpirable e incluye un agujero a trav\u00e9s del que se puede orinar permitiendo su uso prolongado.<\/p>\n<p>Caracter\u00edsticas:<\/p>\n<p>&#8211; Longitud total: 10,8 cm<br \/>\n&#8211; Longitud Insertable : 8,25 cm<br \/>\n&#8211; Di\u00e1metro (en el punto m\u00e1s ancho): 3,3 cm<br \/>\n&#8211; Incluye: Jaula, anillo, 3 separadores, candado y llave.<\/p>\n","protected":false},"excerpt":{"rendered":"<p>INCARCERATOR Encierra tu pene y test\u00edculos en esta jaula de castidad totalmente ajustable de acero inoxidable. Con un dise\u00f1o similar<\/p>\n","protected":false},"featured_media":45726,"comment_status":"open","ping_status":"open","template":"","meta":[],"product_cat":[305],"product_tag":[463,274],"class_list":["post-45725","product","type-product","status-publish","has-post-thumbnail","hentry","product_cat-castidad","product_tag-master-series","product_tag-xr-brands"],"bundled_by":[],"bundle_stock_status":"instock","bundle_stock_quantity":1,"bundle_virtual":false,"bundle_layout":"","bundle_add_to_cart_form_location":"","bundle_editable_in_cart":false,"bundle_sold_individually_context":"","bundle_item_grouping":"","bundle_min_size":"","bundle_max_size":"","bundled_items":[],"yoast_head":"<!-- This site is optimized with the Yoast SEO plugin v20.6 - https:\/\/yoast.com\/wordpress\/plugins\/seo\/ -->\n<title>INCARCERATOR - DISPOSITIVO CASTIDAD - Tienda Er\u00f3tica<\/title>\n<meta name=\"robots\" content=\"noindex, follow, max-snippet:-1, max-image-preview:large, max-video-preview:-1\" \/>\n<meta property=\"og:locale\" content=\"es_ES\" \/>\n<meta property=\"og:type\" content=\"article\" \/>\n<meta property=\"og:title\" content=\"INCARCERATOR - DISPOSITIVO CASTIDAD - Tienda Er\u00f3tica\" \/>\n<meta property=\"og:description\" content=\"INCARCERATOR Encierra tu pene y test\u00edculos en esta jaula de castidad totalmente ajustable de acero inoxidable. Con un dise\u00f1o similar\" \/>\n<meta property=\"og:url\" content=\"https:\/\/demoweb.info\/sexshop001\/producto\/incarcerator-dispositivo-castidad\/\" \/>\n<meta property=\"og:site_name\" content=\"Tienda Er\u00f3tica\" \/>\n<meta property=\"article:modified_time\" content=\"2022-01-22T14:15:26+00:00\" \/>\n<meta property=\"og:image\" content=\"https:\/\/demoweb.info\/sexshop001\/wp-content\/uploads\/2022\/01\/INCARCERATOR-DISPOSITIVO-CASTIDAD.jpg\" \/>\n\t<meta property=\"og:image:width\" content=\"550\" \/>\n\t<meta property=\"og:image:height\" content=\"550\" \/>\n\t<meta property=\"og:image:type\" content=\"image\/jpeg\" \/>\n<meta name=\"twitter:card\" content=\"summary_large_image\" \/>\n<meta name=\"twitter:label1\" content=\"Tiempo de lectura\" \/>\n\t<meta name=\"twitter:data1\" content=\"1 minuto\" \/>\n<script type=\"application\/ld+json\" class=\"yoast-schema-graph\">{\"@context\":\"https:\/\/schema.org\",\"@graph\":[{\"@type\":\"WebPage\",\"@id\":\"https:\/\/demoweb.info\/sexshop001\/producto\/incarcerator-dispositivo-castidad\/\",\"url\":\"https:\/\/demoweb.info\/sexshop001\/producto\/incarcerator-dispositivo-castidad\/\",\"name\":\"INCARCERATOR - DISPOSITIVO CASTIDAD - Tienda Er\u00f3tica\",\"isPartOf\":{\"@id\":\"https:\/\/demoweb.info\/sexshop001\/#website\"},\"datePublished\":\"2022-01-22T14:15:24+00:00\",\"dateModified\":\"2022-01-22T14:15:26+00:00\",\"breadcrumb\":{\"@id\":\"https:\/\/demoweb.info\/sexshop001\/producto\/incarcerator-dispositivo-castidad\/#breadcrumb\"},\"inLanguage\":\"es\",\"potentialAction\":[{\"@type\":\"ReadAction\",\"target\":[\"https:\/\/demoweb.info\/sexshop001\/producto\/incarcerator-dispositivo-castidad\/\"]}]},{\"@type\":\"BreadcrumbList\",\"@id\":\"https:\/\/demoweb.info\/sexshop001\/producto\/incarcerator-dispositivo-castidad\/#breadcrumb\",\"itemListElement\":[{\"@type\":\"ListItem\",\"position\":1,\"name\":\"Portada\",\"item\":\"https:\/\/demoweb.info\/sexshop001\/\"},{\"@type\":\"ListItem\",\"position\":2,\"name\":\"Tienda\",\"item\":\"https:\/\/demoweb.info\/sexshop001\/tienda\/\"},{\"@type\":\"ListItem\",\"position\":3,\"name\":\"INCARCERATOR &#8211; DISPOSITIVO CASTIDAD\"}]},{\"@type\":\"WebSite\",\"@id\":\"https:\/\/demoweb.info\/sexshop001\/#website\",\"url\":\"https:\/\/demoweb.info\/sexshop001\/\",\"name\":\"Tienda Er\u00f3tica\",\"description\":\"DEMOWEB SL\",\"potentialAction\":[{\"@type\":\"SearchAction\",\"target\":{\"@type\":\"EntryPoint\",\"urlTemplate\":\"https:\/\/demoweb.info\/sexshop001\/?s={search_term_string}\"},\"query-input\":\"required name=search_term_string\"}],\"inLanguage\":\"es\"}]}<\/script>\n<!-- \/ Yoast SEO plugin. -->","yoast_head_json":{"title":"INCARCERATOR - DISPOSITIVO CASTIDAD - Tienda Er\u00f3tica","robots":{"index":"noindex","follow":"follow","max-snippet":"max-snippet:-1","max-image-preview":"max-image-preview:large","max-video-preview":"max-video-preview:-1"},"og_locale":"es_ES","og_type":"article","og_title":"INCARCERATOR - DISPOSITIVO CASTIDAD - Tienda Er\u00f3tica","og_description":"INCARCERATOR Encierra tu pene y test\u00edculos en esta jaula de castidad totalmente ajustable de acero inoxidable. Con un dise\u00f1o similar","og_url":"https:\/\/demoweb.info\/sexshop001\/producto\/incarcerator-dispositivo-castidad\/","og_site_name":"Tienda Er\u00f3tica","article_modified_time":"2022-01-22T14:15:26+00:00","og_image":[{"width":550,"height":550,"url":"https:\/\/demoweb.info\/sexshop001\/wp-content\/uploads\/2022\/01\/INCARCERATOR-DISPOSITIVO-CASTIDAD.jpg","type":"image\/jpeg"}],"twitter_card":"summary_large_image","twitter_misc":{"Tiempo de lectura":"1 minuto"},"schema":{"@context":"https:\/\/schema.org","@graph":[{"@type":"WebPage","@id":"https:\/\/demoweb.info\/sexshop001\/producto\/incarcerator-dispositivo-castidad\/","url":"https:\/\/demoweb.info\/sexshop001\/producto\/incarcerator-dispositivo-castidad\/","name":"INCARCERATOR - DISPOSITIVO CASTIDAD - Tienda Er\u00f3tica","isPartOf":{"@id":"https:\/\/demoweb.info\/sexshop001\/#website"},"datePublished":"2022-01-22T14:15:24+00:00","dateModified":"2022-01-22T14:15:26+00:00","breadcrumb":{"@id":"https:\/\/demoweb.info\/sexshop001\/producto\/incarcerator-dispositivo-castidad\/#breadcrumb"},"inLanguage":"es","potentialAction":[{"@type":"ReadAction","target":["https:\/\/demoweb.info\/sexshop001\/producto\/incarcerator-dispositivo-castidad\/"]}]},{"@type":"BreadcrumbList","@id":"https:\/\/demoweb.info\/sexshop001\/producto\/incarcerator-dispositivo-castidad\/#breadcrumb","itemListElement":[{"@type":"ListItem","position":1,"name":"Portada","item":"https:\/\/demoweb.info\/sexshop001\/"},{"@type":"ListItem","position":2,"name":"Tienda","item":"https:\/\/demoweb.info\/sexshop001\/tienda\/"},{"@type":"ListItem","position":3,"name":"INCARCERATOR &#8211; DISPOSITIVO CASTIDAD"}]},{"@type":"WebSite","@id":"https:\/\/demoweb.info\/sexshop001\/#website","url":"https:\/\/demoweb.info\/sexshop001\/","name":"Tienda Er\u00f3tica","description":"DEMOWEB SL","potentialAction":[{"@type":"SearchAction","target":{"@type":"EntryPoint","urlTemplate":"https:\/\/demoweb.info\/sexshop001\/?s={search_term_string}"},"query-input":"required name=search_term_string"}],"inLanguage":"es"}]}},"_links":{"self":[{"href":"https:\/\/demoweb.info\/sexshop001\/wp-json\/wp\/v3\/product\/45725","targetHints":{"allow":["GET"]}}],"collection":[{"href":"https:\/\/demoweb.info\/sexshop001\/wp-json\/wp\/v3\/product"}],"about":[{"href":"https:\/\/demoweb.info\/sexshop001\/wp-json\/wp\/v2\/types\/product"}],"replies":[{"embeddable":true,"href":"https:\/\/demoweb.info\/sexshop001\/wp-json\/wp\/v2\/comments?post=45725"}],"wp:featuredmedia":[{"embeddable":true,"href":"https:\/\/demoweb.info\/sexshop001\/wp-json\/wp\/v2\/media\/45726"}],"wp:attachment":[{"href":"https:\/\/demoweb.info\/sexshop001\/wp-json\/wp\/v2\/media?parent=45725"}],"wp:term":[{"taxonomy":"product_cat","embeddable":true,"href":"https:\/\/demoweb.info\/sexshop001\/wp-json\/wp\/v2\/product_cat?post=45725"},{"taxonomy":"product_tag","embeddable":true,"href":"https:\/\/demoweb.info\/sexshop001\/wp-json\/wp\/v2\/product_tag?post=45725"}],"curies":[{"name":"wp","href":"https:\/\/api.w.org\/{rel}","templated":true}]}}