{"id":45699,"date":"2022-01-22T15:15:08","date_gmt":"2022-01-22T14:15:08","guid":{"rendered":"https:\/\/demoweb.info\/sexshop001\/producto\/plug-vibrador-xl\/"},"modified":"2022-01-22T15:15:10","modified_gmt":"2022-01-22T14:15:10","slug":"plug-vibrador-xl","status":"publish","type":"product","link":"https:\/\/demoweb.info\/sexshop001\/producto\/plug-vibrador-xl\/","title":{"rendered":"PLUG VIBRADOR XL"},"content":{"rendered":"<p><strong>VIBRATING PLUG &#8211; MEDIUM<\/strong><\/p>\n<p>Este tap\u00f3n est\u00e1 hecho de silicona de alta calidad y no es poroso. Est\u00e1 dise\u00f1ado con una base ensanchada para mantenerlo c\u00f3modamente en su sitio durante el tiempo que se desee. S\u00f3lo tiene que pulsar el bot\u00f3n de un solo toque para disfrutar de una potente vibraci\u00f3n que es seguro le llevar\u00e1 al borde de placer.<\/p>\n<p>Caracter\u00edsticas:<\/p>\n<p>&#8211; Longitud total: 19,7 cm<br \/>\n&#8211; Insertable Longitud: 15,2 cm<br \/>\n&#8211; Di\u00e1metro (En el punto m\u00e1s ancho): 5 cm<br \/>\n&#8211; Pilas: 1x AAA (no incluidas)<br \/>\n&#8211; Material: silicona y ABS<\/p>\n","protected":false},"excerpt":{"rendered":"<p>VIBRATING PLUG &#8211; MEDIUM Este tap\u00f3n est\u00e1 hecho de silicona de alta calidad y no es poroso. Est\u00e1 dise\u00f1ado con<\/p>\n","protected":false},"featured_media":45700,"comment_status":"open","ping_status":"open","template":"","meta":[],"product_cat":[915],"product_tag":[501,274],"class_list":["post-45699","product","type-product","status-publish","has-post-thumbnail","hentry","product_cat-anales-penes","product_tag-tom-of-finland","product_tag-xr-brands"],"bundled_by":[],"bundle_stock_status":"outofstock","bundle_stock_quantity":0,"bundle_virtual":false,"bundle_layout":"","bundle_add_to_cart_form_location":"","bundle_editable_in_cart":false,"bundle_sold_individually_context":"","bundle_item_grouping":"","bundle_min_size":"","bundle_max_size":"","bundled_items":[],"yoast_head":"<!-- This site is optimized with the Yoast SEO plugin v20.6 - https:\/\/yoast.com\/wordpress\/plugins\/seo\/ -->\n<title>PLUG VIBRADOR XL - Tienda Er\u00f3tica<\/title>\n<meta name=\"robots\" content=\"noindex, follow, max-snippet:-1, max-image-preview:large, max-video-preview:-1\" \/>\n<meta property=\"og:locale\" content=\"es_ES\" \/>\n<meta property=\"og:type\" content=\"article\" \/>\n<meta property=\"og:title\" content=\"PLUG VIBRADOR XL - Tienda Er\u00f3tica\" \/>\n<meta property=\"og:description\" content=\"VIBRATING PLUG &#8211; MEDIUM Este tap\u00f3n est\u00e1 hecho de silicona de alta calidad y no es poroso. Est\u00e1 dise\u00f1ado con\" \/>\n<meta property=\"og:url\" content=\"https:\/\/demoweb.info\/sexshop001\/producto\/plug-vibrador-xl\/\" \/>\n<meta property=\"og:site_name\" content=\"Tienda Er\u00f3tica\" \/>\n<meta property=\"article:modified_time\" content=\"2022-01-22T14:15:10+00:00\" \/>\n<meta property=\"og:image\" content=\"https:\/\/demoweb.info\/sexshop001\/wp-content\/uploads\/2022\/01\/PLUG-VIBRADOR-XL.jpg\" \/>\n\t<meta property=\"og:image:width\" content=\"550\" \/>\n\t<meta property=\"og:image:height\" content=\"550\" \/>\n\t<meta property=\"og:image:type\" content=\"image\/jpeg\" \/>\n<meta name=\"twitter:card\" content=\"summary_large_image\" \/>\n<script type=\"application\/ld+json\" class=\"yoast-schema-graph\">{\"@context\":\"https:\/\/schema.org\",\"@graph\":[{\"@type\":\"WebPage\",\"@id\":\"https:\/\/demoweb.info\/sexshop001\/producto\/plug-vibrador-xl\/\",\"url\":\"https:\/\/demoweb.info\/sexshop001\/producto\/plug-vibrador-xl\/\",\"name\":\"PLUG VIBRADOR XL - Tienda Er\u00f3tica\",\"isPartOf\":{\"@id\":\"https:\/\/demoweb.info\/sexshop001\/#website\"},\"datePublished\":\"2022-01-22T14:15:08+00:00\",\"dateModified\":\"2022-01-22T14:15:10+00:00\",\"breadcrumb\":{\"@id\":\"https:\/\/demoweb.info\/sexshop001\/producto\/plug-vibrador-xl\/#breadcrumb\"},\"inLanguage\":\"es\",\"potentialAction\":[{\"@type\":\"ReadAction\",\"target\":[\"https:\/\/demoweb.info\/sexshop001\/producto\/plug-vibrador-xl\/\"]}]},{\"@type\":\"BreadcrumbList\",\"@id\":\"https:\/\/demoweb.info\/sexshop001\/producto\/plug-vibrador-xl\/#breadcrumb\",\"itemListElement\":[{\"@type\":\"ListItem\",\"position\":1,\"name\":\"Portada\",\"item\":\"https:\/\/demoweb.info\/sexshop001\/\"},{\"@type\":\"ListItem\",\"position\":2,\"name\":\"Tienda\",\"item\":\"https:\/\/demoweb.info\/sexshop001\/tienda\/\"},{\"@type\":\"ListItem\",\"position\":3,\"name\":\"PLUG VIBRADOR XL\"}]},{\"@type\":\"WebSite\",\"@id\":\"https:\/\/demoweb.info\/sexshop001\/#website\",\"url\":\"https:\/\/demoweb.info\/sexshop001\/\",\"name\":\"Tienda Er\u00f3tica\",\"description\":\"DEMOWEB SL\",\"potentialAction\":[{\"@type\":\"SearchAction\",\"target\":{\"@type\":\"EntryPoint\",\"urlTemplate\":\"https:\/\/demoweb.info\/sexshop001\/?s={search_term_string}\"},\"query-input\":\"required name=search_term_string\"}],\"inLanguage\":\"es\"}]}<\/script>\n<!-- \/ Yoast SEO plugin. -->","yoast_head_json":{"title":"PLUG VIBRADOR XL - Tienda Er\u00f3tica","robots":{"index":"noindex","follow":"follow","max-snippet":"max-snippet:-1","max-image-preview":"max-image-preview:large","max-video-preview":"max-video-preview:-1"},"og_locale":"es_ES","og_type":"article","og_title":"PLUG VIBRADOR XL - Tienda Er\u00f3tica","og_description":"VIBRATING PLUG &#8211; MEDIUM Este tap\u00f3n est\u00e1 hecho de silicona de alta calidad y no es poroso. Est\u00e1 dise\u00f1ado con","og_url":"https:\/\/demoweb.info\/sexshop001\/producto\/plug-vibrador-xl\/","og_site_name":"Tienda Er\u00f3tica","article_modified_time":"2022-01-22T14:15:10+00:00","og_image":[{"width":550,"height":550,"url":"https:\/\/demoweb.info\/sexshop001\/wp-content\/uploads\/2022\/01\/PLUG-VIBRADOR-XL.jpg","type":"image\/jpeg"}],"twitter_card":"summary_large_image","schema":{"@context":"https:\/\/schema.org","@graph":[{"@type":"WebPage","@id":"https:\/\/demoweb.info\/sexshop001\/producto\/plug-vibrador-xl\/","url":"https:\/\/demoweb.info\/sexshop001\/producto\/plug-vibrador-xl\/","name":"PLUG VIBRADOR XL - Tienda Er\u00f3tica","isPartOf":{"@id":"https:\/\/demoweb.info\/sexshop001\/#website"},"datePublished":"2022-01-22T14:15:08+00:00","dateModified":"2022-01-22T14:15:10+00:00","breadcrumb":{"@id":"https:\/\/demoweb.info\/sexshop001\/producto\/plug-vibrador-xl\/#breadcrumb"},"inLanguage":"es","potentialAction":[{"@type":"ReadAction","target":["https:\/\/demoweb.info\/sexshop001\/producto\/plug-vibrador-xl\/"]}]},{"@type":"BreadcrumbList","@id":"https:\/\/demoweb.info\/sexshop001\/producto\/plug-vibrador-xl\/#breadcrumb","itemListElement":[{"@type":"ListItem","position":1,"name":"Portada","item":"https:\/\/demoweb.info\/sexshop001\/"},{"@type":"ListItem","position":2,"name":"Tienda","item":"https:\/\/demoweb.info\/sexshop001\/tienda\/"},{"@type":"ListItem","position":3,"name":"PLUG VIBRADOR XL"}]},{"@type":"WebSite","@id":"https:\/\/demoweb.info\/sexshop001\/#website","url":"https:\/\/demoweb.info\/sexshop001\/","name":"Tienda Er\u00f3tica","description":"DEMOWEB SL","potentialAction":[{"@type":"SearchAction","target":{"@type":"EntryPoint","urlTemplate":"https:\/\/demoweb.info\/sexshop001\/?s={search_term_string}"},"query-input":"required name=search_term_string"}],"inLanguage":"es"}]}},"_links":{"self":[{"href":"https:\/\/demoweb.info\/sexshop001\/wp-json\/wp\/v3\/product\/45699","targetHints":{"allow":["GET"]}}],"collection":[{"href":"https:\/\/demoweb.info\/sexshop001\/wp-json\/wp\/v3\/product"}],"about":[{"href":"https:\/\/demoweb.info\/sexshop001\/wp-json\/wp\/v2\/types\/product"}],"replies":[{"embeddable":true,"href":"https:\/\/demoweb.info\/sexshop001\/wp-json\/wp\/v2\/comments?post=45699"}],"wp:featuredmedia":[{"embeddable":true,"href":"https:\/\/demoweb.info\/sexshop001\/wp-json\/wp\/v2\/media\/45700"}],"wp:attachment":[{"href":"https:\/\/demoweb.info\/sexshop001\/wp-json\/wp\/v2\/media?parent=45699"}],"wp:term":[{"taxonomy":"product_cat","embeddable":true,"href":"https:\/\/demoweb.info\/sexshop001\/wp-json\/wp\/v2\/product_cat?post=45699"},{"taxonomy":"product_tag","embeddable":true,"href":"https:\/\/demoweb.info\/sexshop001\/wp-json\/wp\/v2\/product_tag?post=45699"}],"curies":[{"name":"wp","href":"https:\/\/api.w.org\/{rel}","templated":true}]}}