{"id":45671,"date":"2022-01-22T15:14:52","date_gmt":"2022-01-22T14:14:52","guid":{"rendered":"https:\/\/demoweb.info\/sexshop001\/producto\/cobra-silicona-anillo-para-el-pene-y-masajeador-punto-p\/"},"modified":"2022-01-22T15:14:53","modified_gmt":"2022-01-22T14:14:53","slug":"cobra-silicona-anillo-para-el-pene-y-masajeador-punto-p","status":"publish","type":"product","link":"https:\/\/demoweb.info\/sexshop001\/producto\/cobra-silicona-anillo-para-el-pene-y-masajeador-punto-p\/","title":{"rendered":"COBRA SILICONA- ANILLO PARA EL PENE Y MASAJEADOR PUNTO P"},"content":{"rendered":"<p><strong>COBRA SILICONE &#8211; P-SPOT MASSAGER AND COCKRING<\/strong><\/p>\n<p>Potenciador para el pene de textura \u00fanica con un estimulador anal emocionante con cada golpe. Dise\u00f1ado para moverse con su cuerpo, la cabeza angulada proporcionar\u00e1 estimulaci\u00f3n directa en el Punto P con cada empuje.Tiene un eje acanalado y curvas ergon\u00f3micas. Fabricado en silicona el\u00e1stica, no porosa y libre de phalatos mantendr\u00e1 tu erecci\u00f3n firme y mejorar\u00e1 la visi\u00f3n de tu pene.<\/p>\n<p>Caracter\u00edsticas:<\/p>\n<p>&#8211; Longitud total: 12,7 cm<br \/>\n&#8211; Longitud Insertable : 8,25 cm<br \/>\n&#8211; Di\u00e1metro de la cabeza: 3,55 cm<br \/>\n&#8211; Di\u00e1metro Anillo: 3,8 cm<br \/>\n&#8211; Material: Silicona<\/p>\n","protected":false},"excerpt":{"rendered":"<p>COBRA SILICONE &#8211; P-SPOT MASSAGER AND COCKRING Potenciador para el pene de textura \u00fanica con un estimulador anal emocionante con<\/p>\n","protected":false},"featured_media":45672,"comment_status":"open","ping_status":"open","template":"","meta":[],"product_cat":[338],"product_tag":[463,274],"class_list":["post-45671","product","type-product","status-publish","has-post-thumbnail","hentry","product_cat-silicona-plugs","product_tag-master-series","product_tag-xr-brands"],"bundled_by":[],"bundle_stock_status":"instock","bundle_stock_quantity":1,"bundle_virtual":false,"bundle_layout":"","bundle_add_to_cart_form_location":"","bundle_editable_in_cart":false,"bundle_sold_individually_context":"","bundle_item_grouping":"","bundle_min_size":"","bundle_max_size":"","bundled_items":[],"yoast_head":"<!-- This site is optimized with the Yoast SEO plugin v20.6 - https:\/\/yoast.com\/wordpress\/plugins\/seo\/ -->\n<title>COBRA SILICONA- ANILLO PARA EL PENE Y MASAJEADOR PUNTO P - Tienda Er\u00f3tica<\/title>\n<meta name=\"robots\" content=\"noindex, follow, max-snippet:-1, max-image-preview:large, max-video-preview:-1\" \/>\n<meta property=\"og:locale\" content=\"es_ES\" \/>\n<meta property=\"og:type\" content=\"article\" \/>\n<meta property=\"og:title\" content=\"COBRA SILICONA- ANILLO PARA EL PENE Y MASAJEADOR PUNTO P - Tienda Er\u00f3tica\" \/>\n<meta property=\"og:description\" content=\"COBRA SILICONE &#8211; P-SPOT MASSAGER AND COCKRING Potenciador para el pene de textura \u00fanica con un estimulador anal emocionante con\" \/>\n<meta property=\"og:url\" content=\"https:\/\/demoweb.info\/sexshop001\/producto\/cobra-silicona-anillo-para-el-pene-y-masajeador-punto-p\/\" \/>\n<meta property=\"og:site_name\" content=\"Tienda Er\u00f3tica\" \/>\n<meta property=\"article:modified_time\" content=\"2022-01-22T14:14:53+00:00\" \/>\n<meta property=\"og:image\" content=\"https:\/\/demoweb.info\/sexshop001\/wp-content\/uploads\/2022\/01\/COBRA-SILICONA-ANILLO-PARA-EL-PENE-Y-MASAJEADOR-PUNTO-P.jpg\" \/>\n\t<meta property=\"og:image:width\" content=\"550\" \/>\n\t<meta property=\"og:image:height\" content=\"550\" \/>\n\t<meta property=\"og:image:type\" content=\"image\/jpeg\" \/>\n<meta name=\"twitter:card\" content=\"summary_large_image\" \/>\n<meta name=\"twitter:label1\" content=\"Tiempo de lectura\" \/>\n\t<meta name=\"twitter:data1\" content=\"1 minuto\" \/>\n<script type=\"application\/ld+json\" class=\"yoast-schema-graph\">{\"@context\":\"https:\/\/schema.org\",\"@graph\":[{\"@type\":\"WebPage\",\"@id\":\"https:\/\/demoweb.info\/sexshop001\/producto\/cobra-silicona-anillo-para-el-pene-y-masajeador-punto-p\/\",\"url\":\"https:\/\/demoweb.info\/sexshop001\/producto\/cobra-silicona-anillo-para-el-pene-y-masajeador-punto-p\/\",\"name\":\"COBRA SILICONA- ANILLO PARA EL PENE Y MASAJEADOR PUNTO P - Tienda Er\u00f3tica\",\"isPartOf\":{\"@id\":\"https:\/\/demoweb.info\/sexshop001\/#website\"},\"datePublished\":\"2022-01-22T14:14:52+00:00\",\"dateModified\":\"2022-01-22T14:14:53+00:00\",\"breadcrumb\":{\"@id\":\"https:\/\/demoweb.info\/sexshop001\/producto\/cobra-silicona-anillo-para-el-pene-y-masajeador-punto-p\/#breadcrumb\"},\"inLanguage\":\"es\",\"potentialAction\":[{\"@type\":\"ReadAction\",\"target\":[\"https:\/\/demoweb.info\/sexshop001\/producto\/cobra-silicona-anillo-para-el-pene-y-masajeador-punto-p\/\"]}]},{\"@type\":\"BreadcrumbList\",\"@id\":\"https:\/\/demoweb.info\/sexshop001\/producto\/cobra-silicona-anillo-para-el-pene-y-masajeador-punto-p\/#breadcrumb\",\"itemListElement\":[{\"@type\":\"ListItem\",\"position\":1,\"name\":\"Portada\",\"item\":\"https:\/\/demoweb.info\/sexshop001\/\"},{\"@type\":\"ListItem\",\"position\":2,\"name\":\"Tienda\",\"item\":\"https:\/\/demoweb.info\/sexshop001\/tienda\/\"},{\"@type\":\"ListItem\",\"position\":3,\"name\":\"COBRA SILICONA- ANILLO PARA EL PENE Y MASAJEADOR PUNTO P\"}]},{\"@type\":\"WebSite\",\"@id\":\"https:\/\/demoweb.info\/sexshop001\/#website\",\"url\":\"https:\/\/demoweb.info\/sexshop001\/\",\"name\":\"Tienda Er\u00f3tica\",\"description\":\"DEMOWEB SL\",\"potentialAction\":[{\"@type\":\"SearchAction\",\"target\":{\"@type\":\"EntryPoint\",\"urlTemplate\":\"https:\/\/demoweb.info\/sexshop001\/?s={search_term_string}\"},\"query-input\":\"required name=search_term_string\"}],\"inLanguage\":\"es\"}]}<\/script>\n<!-- \/ Yoast SEO plugin. -->","yoast_head_json":{"title":"COBRA SILICONA- ANILLO PARA EL PENE Y MASAJEADOR PUNTO P - Tienda Er\u00f3tica","robots":{"index":"noindex","follow":"follow","max-snippet":"max-snippet:-1","max-image-preview":"max-image-preview:large","max-video-preview":"max-video-preview:-1"},"og_locale":"es_ES","og_type":"article","og_title":"COBRA SILICONA- ANILLO PARA EL PENE Y MASAJEADOR PUNTO P - Tienda Er\u00f3tica","og_description":"COBRA SILICONE &#8211; P-SPOT MASSAGER AND COCKRING Potenciador para el pene de textura \u00fanica con un estimulador anal emocionante con","og_url":"https:\/\/demoweb.info\/sexshop001\/producto\/cobra-silicona-anillo-para-el-pene-y-masajeador-punto-p\/","og_site_name":"Tienda Er\u00f3tica","article_modified_time":"2022-01-22T14:14:53+00:00","og_image":[{"width":550,"height":550,"url":"https:\/\/demoweb.info\/sexshop001\/wp-content\/uploads\/2022\/01\/COBRA-SILICONA-ANILLO-PARA-EL-PENE-Y-MASAJEADOR-PUNTO-P.jpg","type":"image\/jpeg"}],"twitter_card":"summary_large_image","twitter_misc":{"Tiempo de lectura":"1 minuto"},"schema":{"@context":"https:\/\/schema.org","@graph":[{"@type":"WebPage","@id":"https:\/\/demoweb.info\/sexshop001\/producto\/cobra-silicona-anillo-para-el-pene-y-masajeador-punto-p\/","url":"https:\/\/demoweb.info\/sexshop001\/producto\/cobra-silicona-anillo-para-el-pene-y-masajeador-punto-p\/","name":"COBRA SILICONA- ANILLO PARA EL PENE Y MASAJEADOR PUNTO P - Tienda Er\u00f3tica","isPartOf":{"@id":"https:\/\/demoweb.info\/sexshop001\/#website"},"datePublished":"2022-01-22T14:14:52+00:00","dateModified":"2022-01-22T14:14:53+00:00","breadcrumb":{"@id":"https:\/\/demoweb.info\/sexshop001\/producto\/cobra-silicona-anillo-para-el-pene-y-masajeador-punto-p\/#breadcrumb"},"inLanguage":"es","potentialAction":[{"@type":"ReadAction","target":["https:\/\/demoweb.info\/sexshop001\/producto\/cobra-silicona-anillo-para-el-pene-y-masajeador-punto-p\/"]}]},{"@type":"BreadcrumbList","@id":"https:\/\/demoweb.info\/sexshop001\/producto\/cobra-silicona-anillo-para-el-pene-y-masajeador-punto-p\/#breadcrumb","itemListElement":[{"@type":"ListItem","position":1,"name":"Portada","item":"https:\/\/demoweb.info\/sexshop001\/"},{"@type":"ListItem","position":2,"name":"Tienda","item":"https:\/\/demoweb.info\/sexshop001\/tienda\/"},{"@type":"ListItem","position":3,"name":"COBRA SILICONA- ANILLO PARA EL PENE Y MASAJEADOR PUNTO P"}]},{"@type":"WebSite","@id":"https:\/\/demoweb.info\/sexshop001\/#website","url":"https:\/\/demoweb.info\/sexshop001\/","name":"Tienda Er\u00f3tica","description":"DEMOWEB SL","potentialAction":[{"@type":"SearchAction","target":{"@type":"EntryPoint","urlTemplate":"https:\/\/demoweb.info\/sexshop001\/?s={search_term_string}"},"query-input":"required name=search_term_string"}],"inLanguage":"es"}]}},"_links":{"self":[{"href":"https:\/\/demoweb.info\/sexshop001\/wp-json\/wp\/v3\/product\/45671","targetHints":{"allow":["GET"]}}],"collection":[{"href":"https:\/\/demoweb.info\/sexshop001\/wp-json\/wp\/v3\/product"}],"about":[{"href":"https:\/\/demoweb.info\/sexshop001\/wp-json\/wp\/v2\/types\/product"}],"replies":[{"embeddable":true,"href":"https:\/\/demoweb.info\/sexshop001\/wp-json\/wp\/v2\/comments?post=45671"}],"wp:featuredmedia":[{"embeddable":true,"href":"https:\/\/demoweb.info\/sexshop001\/wp-json\/wp\/v2\/media\/45672"}],"wp:attachment":[{"href":"https:\/\/demoweb.info\/sexshop001\/wp-json\/wp\/v2\/media?parent=45671"}],"wp:term":[{"taxonomy":"product_cat","embeddable":true,"href":"https:\/\/demoweb.info\/sexshop001\/wp-json\/wp\/v2\/product_cat?post=45671"},{"taxonomy":"product_tag","embeddable":true,"href":"https:\/\/demoweb.info\/sexshop001\/wp-json\/wp\/v2\/product_tag?post=45671"}],"curies":[{"name":"wp","href":"https:\/\/api.w.org\/{rel}","templated":true}]}}