{"id":45617,"date":"2022-01-22T15:14:05","date_gmt":"2022-01-22T14:14:05","guid":{"rendered":"https:\/\/demoweb.info\/sexshop001\/producto\/trazos-de-placer-trilogia-del-placer-i\/"},"modified":"2022-01-22T15:14:18","modified_gmt":"2022-01-22T14:14:18","slug":"trazos-de-placer-trilogia-del-placer-i","status":"publish","type":"product","link":"https:\/\/demoweb.info\/sexshop001\/producto\/trazos-de-placer-trilogia-del-placer-i\/","title":{"rendered":"TRAZOS DE PLACER (TRILOG\u00cdA DEL PLACER I)"},"content":{"rendered":"<p><strong>TRAZOS DE PLACER (TRILOG\u00cdA DEL PLACER I)<\/strong><\/p>\n<p>Elena Montagud.<\/p>\n<p><strong>Llega la trilog\u00eda m\u00e1s fresca y sensual de la temporada. Acompa\u00f1a a Melissa en este t\u00f3rrido viaje en busca del amor.<\/strong><\/p>\n<p><strong>Con la \u00abTrilog\u00eda del Placer\u00bb, \u00a1volver\u00e1s a so\u00f1ar!<\/strong><\/p>\n<p>Melissa estaba convencida de que Germ\u00e1n iba a ser el hombre de su vida, pero \u00e9l la abandon\u00f3 poco antes de la boda.<\/p>\n<p>Melissa cree que Aar\u00f3n es un pintor bohemio y sexy que huye del compromiso. Sin embargo, est\u00e1 decidida a lig\u00e1rselo.<\/p>\n<p>Melissa ve a H\u00e9ctor, su jefe en la editorial, como uno de los hombres m\u00e1s atractivos que ha conocido, aunque algo en \u00e9l la asusta y atrae a la vez.<\/p>\n<p>En el fondo, Melissa sabe que est\u00e1 buscando el verdadero amor. Pero piensa tomarse su tiempo antes de decidir. Le han roto el coraz\u00f3n una vez; dos ser\u00edan demasiadas. Ahora es el momento de disfrutar del placer.<\/p>\n<p><strong>Una historia de hoy sobre mujeres que buscan el amor y hombres que dicen querer solo sexo.<\/strong><\/p>\n<p><strong>Tan real y tan intensa como la vida misma&#8230;<\/strong><\/p>\n<ul>\n<li>N&ordm; de p\u00e1ginas: 384 p\u00e1gs.<\/li>\n<li>Encuadernaci\u00f3n: Tapa blanda<\/li>\n<\/ul>\n","protected":false},"excerpt":{"rendered":"<p>TRAZOS DE PLACER (TRILOG\u00cdA DEL PLACER I) Elena Montagud. Llega la trilog\u00eda m\u00e1s fresca y sensual de la temporada. Acompa\u00f1a<\/p>\n","protected":false},"featured_media":45618,"comment_status":"open","ping_status":"open","template":"","meta":[],"product_cat":[713],"product_tag":[722,415],"class_list":["post-45617","product","type-product","status-publish","has-post-thumbnail","hentry","product_cat-libros-lectura","product_tag-debolsillo","product_tag-random-house"],"bundled_by":[],"bundle_stock_status":"instock","bundle_stock_quantity":1,"bundle_virtual":false,"bundle_layout":"","bundle_add_to_cart_form_location":"","bundle_editable_in_cart":false,"bundle_sold_individually_context":"","bundle_item_grouping":"","bundle_min_size":"","bundle_max_size":"","bundled_items":[],"yoast_head":"<!-- This site is optimized with the Yoast SEO plugin v20.6 - https:\/\/yoast.com\/wordpress\/plugins\/seo\/ -->\n<title>TRAZOS DE PLACER (TRILOG\u00cdA DEL PLACER I) - Tienda Er\u00f3tica<\/title>\n<meta name=\"robots\" content=\"noindex, follow, max-snippet:-1, max-image-preview:large, max-video-preview:-1\" \/>\n<meta property=\"og:locale\" content=\"es_ES\" \/>\n<meta property=\"og:type\" content=\"article\" \/>\n<meta property=\"og:title\" content=\"TRAZOS DE PLACER (TRILOG\u00cdA DEL PLACER I) - Tienda Er\u00f3tica\" \/>\n<meta property=\"og:description\" content=\"TRAZOS DE PLACER (TRILOG\u00cdA DEL PLACER I) Elena Montagud. Llega la trilog\u00eda m\u00e1s fresca y sensual de la temporada. Acompa\u00f1a\" \/>\n<meta property=\"og:url\" content=\"https:\/\/demoweb.info\/sexshop001\/producto\/trazos-de-placer-trilogia-del-placer-i\/\" \/>\n<meta property=\"og:site_name\" content=\"Tienda Er\u00f3tica\" \/>\n<meta property=\"article:modified_time\" content=\"2022-01-22T14:14:18+00:00\" \/>\n<meta property=\"og:image\" content=\"https:\/\/demoweb.info\/sexshop001\/wp-content\/uploads\/2022\/01\/TRAZOS-DE-PLACER-TRILOGIA-DEL-PLACER-I.jpg\" \/>\n\t<meta property=\"og:image:width\" content=\"550\" \/>\n\t<meta property=\"og:image:height\" content=\"550\" \/>\n\t<meta property=\"og:image:type\" content=\"image\/jpeg\" \/>\n<meta name=\"twitter:card\" content=\"summary_large_image\" \/>\n<meta name=\"twitter:label1\" content=\"Tiempo de lectura\" \/>\n\t<meta name=\"twitter:data1\" content=\"1 minuto\" \/>\n<script type=\"application\/ld+json\" class=\"yoast-schema-graph\">{\"@context\":\"https:\/\/schema.org\",\"@graph\":[{\"@type\":\"WebPage\",\"@id\":\"https:\/\/demoweb.info\/sexshop001\/producto\/trazos-de-placer-trilogia-del-placer-i\/\",\"url\":\"https:\/\/demoweb.info\/sexshop001\/producto\/trazos-de-placer-trilogia-del-placer-i\/\",\"name\":\"TRAZOS DE PLACER (TRILOG\u00cdA DEL PLACER I) - Tienda Er\u00f3tica\",\"isPartOf\":{\"@id\":\"https:\/\/demoweb.info\/sexshop001\/#website\"},\"datePublished\":\"2022-01-22T14:14:05+00:00\",\"dateModified\":\"2022-01-22T14:14:18+00:00\",\"breadcrumb\":{\"@id\":\"https:\/\/demoweb.info\/sexshop001\/producto\/trazos-de-placer-trilogia-del-placer-i\/#breadcrumb\"},\"inLanguage\":\"es\",\"potentialAction\":[{\"@type\":\"ReadAction\",\"target\":[\"https:\/\/demoweb.info\/sexshop001\/producto\/trazos-de-placer-trilogia-del-placer-i\/\"]}]},{\"@type\":\"BreadcrumbList\",\"@id\":\"https:\/\/demoweb.info\/sexshop001\/producto\/trazos-de-placer-trilogia-del-placer-i\/#breadcrumb\",\"itemListElement\":[{\"@type\":\"ListItem\",\"position\":1,\"name\":\"Portada\",\"item\":\"https:\/\/demoweb.info\/sexshop001\/\"},{\"@type\":\"ListItem\",\"position\":2,\"name\":\"Tienda\",\"item\":\"https:\/\/demoweb.info\/sexshop001\/tienda\/\"},{\"@type\":\"ListItem\",\"position\":3,\"name\":\"TRAZOS DE PLACER (TRILOG\u00cdA DEL PLACER I)\"}]},{\"@type\":\"WebSite\",\"@id\":\"https:\/\/demoweb.info\/sexshop001\/#website\",\"url\":\"https:\/\/demoweb.info\/sexshop001\/\",\"name\":\"Tienda Er\u00f3tica\",\"description\":\"DEMOWEB SL\",\"potentialAction\":[{\"@type\":\"SearchAction\",\"target\":{\"@type\":\"EntryPoint\",\"urlTemplate\":\"https:\/\/demoweb.info\/sexshop001\/?s={search_term_string}\"},\"query-input\":\"required name=search_term_string\"}],\"inLanguage\":\"es\"}]}<\/script>\n<!-- \/ Yoast SEO plugin. -->","yoast_head_json":{"title":"TRAZOS DE PLACER (TRILOG\u00cdA DEL PLACER I) - Tienda Er\u00f3tica","robots":{"index":"noindex","follow":"follow","max-snippet":"max-snippet:-1","max-image-preview":"max-image-preview:large","max-video-preview":"max-video-preview:-1"},"og_locale":"es_ES","og_type":"article","og_title":"TRAZOS DE PLACER (TRILOG\u00cdA DEL PLACER I) - Tienda Er\u00f3tica","og_description":"TRAZOS DE PLACER (TRILOG\u00cdA DEL PLACER I) Elena Montagud. Llega la trilog\u00eda m\u00e1s fresca y sensual de la temporada. Acompa\u00f1a","og_url":"https:\/\/demoweb.info\/sexshop001\/producto\/trazos-de-placer-trilogia-del-placer-i\/","og_site_name":"Tienda Er\u00f3tica","article_modified_time":"2022-01-22T14:14:18+00:00","og_image":[{"width":550,"height":550,"url":"https:\/\/demoweb.info\/sexshop001\/wp-content\/uploads\/2022\/01\/TRAZOS-DE-PLACER-TRILOGIA-DEL-PLACER-I.jpg","type":"image\/jpeg"}],"twitter_card":"summary_large_image","twitter_misc":{"Tiempo de lectura":"1 minuto"},"schema":{"@context":"https:\/\/schema.org","@graph":[{"@type":"WebPage","@id":"https:\/\/demoweb.info\/sexshop001\/producto\/trazos-de-placer-trilogia-del-placer-i\/","url":"https:\/\/demoweb.info\/sexshop001\/producto\/trazos-de-placer-trilogia-del-placer-i\/","name":"TRAZOS DE PLACER (TRILOG\u00cdA DEL PLACER I) - Tienda Er\u00f3tica","isPartOf":{"@id":"https:\/\/demoweb.info\/sexshop001\/#website"},"datePublished":"2022-01-22T14:14:05+00:00","dateModified":"2022-01-22T14:14:18+00:00","breadcrumb":{"@id":"https:\/\/demoweb.info\/sexshop001\/producto\/trazos-de-placer-trilogia-del-placer-i\/#breadcrumb"},"inLanguage":"es","potentialAction":[{"@type":"ReadAction","target":["https:\/\/demoweb.info\/sexshop001\/producto\/trazos-de-placer-trilogia-del-placer-i\/"]}]},{"@type":"BreadcrumbList","@id":"https:\/\/demoweb.info\/sexshop001\/producto\/trazos-de-placer-trilogia-del-placer-i\/#breadcrumb","itemListElement":[{"@type":"ListItem","position":1,"name":"Portada","item":"https:\/\/demoweb.info\/sexshop001\/"},{"@type":"ListItem","position":2,"name":"Tienda","item":"https:\/\/demoweb.info\/sexshop001\/tienda\/"},{"@type":"ListItem","position":3,"name":"TRAZOS DE PLACER (TRILOG\u00cdA DEL PLACER I)"}]},{"@type":"WebSite","@id":"https:\/\/demoweb.info\/sexshop001\/#website","url":"https:\/\/demoweb.info\/sexshop001\/","name":"Tienda Er\u00f3tica","description":"DEMOWEB SL","potentialAction":[{"@type":"SearchAction","target":{"@type":"EntryPoint","urlTemplate":"https:\/\/demoweb.info\/sexshop001\/?s={search_term_string}"},"query-input":"required name=search_term_string"}],"inLanguage":"es"}]}},"_links":{"self":[{"href":"https:\/\/demoweb.info\/sexshop001\/wp-json\/wp\/v3\/product\/45617","targetHints":{"allow":["GET"]}}],"collection":[{"href":"https:\/\/demoweb.info\/sexshop001\/wp-json\/wp\/v3\/product"}],"about":[{"href":"https:\/\/demoweb.info\/sexshop001\/wp-json\/wp\/v2\/types\/product"}],"replies":[{"embeddable":true,"href":"https:\/\/demoweb.info\/sexshop001\/wp-json\/wp\/v2\/comments?post=45617"}],"wp:featuredmedia":[{"embeddable":true,"href":"https:\/\/demoweb.info\/sexshop001\/wp-json\/wp\/v2\/media\/45618"}],"wp:attachment":[{"href":"https:\/\/demoweb.info\/sexshop001\/wp-json\/wp\/v2\/media?parent=45617"}],"wp:term":[{"taxonomy":"product_cat","embeddable":true,"href":"https:\/\/demoweb.info\/sexshop001\/wp-json\/wp\/v2\/product_cat?post=45617"},{"taxonomy":"product_tag","embeddable":true,"href":"https:\/\/demoweb.info\/sexshop001\/wp-json\/wp\/v2\/product_tag?post=45617"}],"curies":[{"name":"wp","href":"https:\/\/api.w.org\/{rel}","templated":true}]}}