{"id":45421,"date":"2022-01-22T15:12:11","date_gmt":"2022-01-22T14:12:11","guid":{"rendered":"https:\/\/demoweb.info\/sexshop001\/producto\/el-juego-de-la-lujuria\/"},"modified":"2022-01-22T15:12:11","modified_gmt":"2022-01-22T14:12:11","slug":"el-juego-de-la-lujuria","status":"publish","type":"product","link":"https:\/\/demoweb.info\/sexshop001\/producto\/el-juego-de-la-lujuria\/","title":{"rendered":"EL JUEGO DE LA LUJURIA"},"content":{"rendered":"<p><strong>EL JUEGO DE LA LUJURIA<\/strong><\/p>\n<p>Emma Hart<\/p>\n<p>Serie: Juegos del Placer, 3<\/p>\n<p><em>Su pasado ha sido un infierno, cargado solo de angustia. Sin embargo, \u00e9l es el \u00fanico que podr\u00e1 ense\u00f1arle qu\u00e9 significa vivir.<\/em><\/p>\n<p>Abbi Jenkins nunca imagin\u00f3 que un d\u00eda saldr\u00eda de entre los muros de la instituci\u00f3n mental en la que ha vivido durante un a\u00f1o. Pero ello no significa que haya olvidado lo que all\u00ed ha sucedido. Abbi sabe que la \u00fanica manera de combatir la depresi\u00f3n es a trav\u00e9s del ballet, que m\u00e1s que una afici\u00f3n es su sue\u00f1o. El ballet \u2013y la escuela de artes Julliard\u2013 se convertir\u00e1n en su raz\u00f3n de ser. Blake Smith sali\u00f3 de Londres por una sola raz\u00f3n.<\/p>\n<p>Cuando llega a la ciudad de Nueva York, jura que cumplir\u00e1 la promesa que un d\u00eda hizo a su hermana: entrar en Julliard. Blake ser\u00e1 emparejado con Abbi en clase; en ella ve un dolor que ya ha visto antes, y por ella luchar\u00e1 para salvarla de s\u00ed misma.<\/p>\n<ul>\n<li>P\u00e1ginas: 272<\/li>\n<li>Formato: Tapa blanda con solapa<\/li>\n<\/ul>\n","protected":false},"excerpt":{"rendered":"<p>EL JUEGO DE LA LUJURIA Emma Hart Serie: Juegos del Placer, 3 Su pasado ha sido un infierno, cargado solo<\/p>\n","protected":false},"featured_media":45422,"comment_status":"open","ping_status":"open","template":"","meta":[],"product_cat":[414],"product_tag":[415,714],"class_list":["post-45421","product","type-product","status-publish","has-post-thumbnail","hentry","product_cat-libros","product_tag-random-house","product_tag-terciopelo"],"bundled_by":[],"bundle_stock_status":"instock","bundle_stock_quantity":2,"bundle_virtual":false,"bundle_layout":"","bundle_add_to_cart_form_location":"","bundle_editable_in_cart":false,"bundle_sold_individually_context":"","bundle_item_grouping":"","bundle_min_size":"","bundle_max_size":"","bundled_items":[],"yoast_head":"<!-- This site is optimized with the Yoast SEO plugin v20.6 - https:\/\/yoast.com\/wordpress\/plugins\/seo\/ -->\n<title>EL JUEGO DE LA LUJURIA - Tienda Er\u00f3tica<\/title>\n<meta name=\"robots\" content=\"noindex, follow, max-snippet:-1, max-image-preview:large, max-video-preview:-1\" \/>\n<meta property=\"og:locale\" content=\"es_ES\" \/>\n<meta property=\"og:type\" content=\"article\" \/>\n<meta property=\"og:title\" content=\"EL JUEGO DE LA LUJURIA - Tienda Er\u00f3tica\" \/>\n<meta property=\"og:description\" content=\"EL JUEGO DE LA LUJURIA Emma Hart Serie: Juegos del Placer, 3 Su pasado ha sido un infierno, cargado solo\" \/>\n<meta property=\"og:url\" content=\"https:\/\/demoweb.info\/sexshop001\/producto\/el-juego-de-la-lujuria\/\" \/>\n<meta property=\"og:site_name\" content=\"Tienda Er\u00f3tica\" \/>\n<meta property=\"og:image\" content=\"https:\/\/demoweb.info\/sexshop001\/wp-content\/uploads\/2022\/01\/EL-JUEGO-DE-LA-LUJURIA.jpg\" \/>\n\t<meta property=\"og:image:width\" content=\"550\" \/>\n\t<meta property=\"og:image:height\" content=\"550\" \/>\n\t<meta property=\"og:image:type\" content=\"image\/jpeg\" \/>\n<meta name=\"twitter:card\" content=\"summary_large_image\" \/>\n<meta name=\"twitter:label1\" content=\"Tiempo de lectura\" \/>\n\t<meta name=\"twitter:data1\" content=\"1 minuto\" \/>\n<script type=\"application\/ld+json\" class=\"yoast-schema-graph\">{\"@context\":\"https:\/\/schema.org\",\"@graph\":[{\"@type\":\"WebPage\",\"@id\":\"https:\/\/demoweb.info\/sexshop001\/producto\/el-juego-de-la-lujuria\/\",\"url\":\"https:\/\/demoweb.info\/sexshop001\/producto\/el-juego-de-la-lujuria\/\",\"name\":\"EL JUEGO DE LA LUJURIA - Tienda Er\u00f3tica\",\"isPartOf\":{\"@id\":\"https:\/\/demoweb.info\/sexshop001\/#website\"},\"datePublished\":\"2022-01-22T14:12:11+00:00\",\"dateModified\":\"2022-01-22T14:12:11+00:00\",\"breadcrumb\":{\"@id\":\"https:\/\/demoweb.info\/sexshop001\/producto\/el-juego-de-la-lujuria\/#breadcrumb\"},\"inLanguage\":\"es\",\"potentialAction\":[{\"@type\":\"ReadAction\",\"target\":[\"https:\/\/demoweb.info\/sexshop001\/producto\/el-juego-de-la-lujuria\/\"]}]},{\"@type\":\"BreadcrumbList\",\"@id\":\"https:\/\/demoweb.info\/sexshop001\/producto\/el-juego-de-la-lujuria\/#breadcrumb\",\"itemListElement\":[{\"@type\":\"ListItem\",\"position\":1,\"name\":\"Portada\",\"item\":\"https:\/\/demoweb.info\/sexshop001\/\"},{\"@type\":\"ListItem\",\"position\":2,\"name\":\"Tienda\",\"item\":\"https:\/\/demoweb.info\/sexshop001\/tienda\/\"},{\"@type\":\"ListItem\",\"position\":3,\"name\":\"EL JUEGO DE LA LUJURIA\"}]},{\"@type\":\"WebSite\",\"@id\":\"https:\/\/demoweb.info\/sexshop001\/#website\",\"url\":\"https:\/\/demoweb.info\/sexshop001\/\",\"name\":\"Tienda Er\u00f3tica\",\"description\":\"DEMOWEB SL\",\"potentialAction\":[{\"@type\":\"SearchAction\",\"target\":{\"@type\":\"EntryPoint\",\"urlTemplate\":\"https:\/\/demoweb.info\/sexshop001\/?s={search_term_string}\"},\"query-input\":\"required name=search_term_string\"}],\"inLanguage\":\"es\"}]}<\/script>\n<!-- \/ Yoast SEO plugin. -->","yoast_head_json":{"title":"EL JUEGO DE LA LUJURIA - Tienda Er\u00f3tica","robots":{"index":"noindex","follow":"follow","max-snippet":"max-snippet:-1","max-image-preview":"max-image-preview:large","max-video-preview":"max-video-preview:-1"},"og_locale":"es_ES","og_type":"article","og_title":"EL JUEGO DE LA LUJURIA - Tienda Er\u00f3tica","og_description":"EL JUEGO DE LA LUJURIA Emma Hart Serie: Juegos del Placer, 3 Su pasado ha sido un infierno, cargado solo","og_url":"https:\/\/demoweb.info\/sexshop001\/producto\/el-juego-de-la-lujuria\/","og_site_name":"Tienda Er\u00f3tica","og_image":[{"width":550,"height":550,"url":"https:\/\/demoweb.info\/sexshop001\/wp-content\/uploads\/2022\/01\/EL-JUEGO-DE-LA-LUJURIA.jpg","type":"image\/jpeg"}],"twitter_card":"summary_large_image","twitter_misc":{"Tiempo de lectura":"1 minuto"},"schema":{"@context":"https:\/\/schema.org","@graph":[{"@type":"WebPage","@id":"https:\/\/demoweb.info\/sexshop001\/producto\/el-juego-de-la-lujuria\/","url":"https:\/\/demoweb.info\/sexshop001\/producto\/el-juego-de-la-lujuria\/","name":"EL JUEGO DE LA LUJURIA - Tienda Er\u00f3tica","isPartOf":{"@id":"https:\/\/demoweb.info\/sexshop001\/#website"},"datePublished":"2022-01-22T14:12:11+00:00","dateModified":"2022-01-22T14:12:11+00:00","breadcrumb":{"@id":"https:\/\/demoweb.info\/sexshop001\/producto\/el-juego-de-la-lujuria\/#breadcrumb"},"inLanguage":"es","potentialAction":[{"@type":"ReadAction","target":["https:\/\/demoweb.info\/sexshop001\/producto\/el-juego-de-la-lujuria\/"]}]},{"@type":"BreadcrumbList","@id":"https:\/\/demoweb.info\/sexshop001\/producto\/el-juego-de-la-lujuria\/#breadcrumb","itemListElement":[{"@type":"ListItem","position":1,"name":"Portada","item":"https:\/\/demoweb.info\/sexshop001\/"},{"@type":"ListItem","position":2,"name":"Tienda","item":"https:\/\/demoweb.info\/sexshop001\/tienda\/"},{"@type":"ListItem","position":3,"name":"EL JUEGO DE LA LUJURIA"}]},{"@type":"WebSite","@id":"https:\/\/demoweb.info\/sexshop001\/#website","url":"https:\/\/demoweb.info\/sexshop001\/","name":"Tienda Er\u00f3tica","description":"DEMOWEB SL","potentialAction":[{"@type":"SearchAction","target":{"@type":"EntryPoint","urlTemplate":"https:\/\/demoweb.info\/sexshop001\/?s={search_term_string}"},"query-input":"required name=search_term_string"}],"inLanguage":"es"}]}},"_links":{"self":[{"href":"https:\/\/demoweb.info\/sexshop001\/wp-json\/wp\/v3\/product\/45421","targetHints":{"allow":["GET"]}}],"collection":[{"href":"https:\/\/demoweb.info\/sexshop001\/wp-json\/wp\/v3\/product"}],"about":[{"href":"https:\/\/demoweb.info\/sexshop001\/wp-json\/wp\/v2\/types\/product"}],"replies":[{"embeddable":true,"href":"https:\/\/demoweb.info\/sexshop001\/wp-json\/wp\/v2\/comments?post=45421"}],"wp:featuredmedia":[{"embeddable":true,"href":"https:\/\/demoweb.info\/sexshop001\/wp-json\/wp\/v2\/media\/45422"}],"wp:attachment":[{"href":"https:\/\/demoweb.info\/sexshop001\/wp-json\/wp\/v2\/media?parent=45421"}],"wp:term":[{"taxonomy":"product_cat","embeddable":true,"href":"https:\/\/demoweb.info\/sexshop001\/wp-json\/wp\/v2\/product_cat?post=45421"},{"taxonomy":"product_tag","embeddable":true,"href":"https:\/\/demoweb.info\/sexshop001\/wp-json\/wp\/v2\/product_tag?post=45421"}],"curies":[{"name":"wp","href":"https:\/\/api.w.org\/{rel}","templated":true}]}}