{"id":45419,"date":"2022-01-22T15:11:58","date_gmt":"2022-01-22T14:11:58","guid":{"rendered":"https:\/\/demoweb.info\/sexshop001\/producto\/el-juego-de-la-pasion-2\/"},"modified":"2022-01-22T15:12:09","modified_gmt":"2022-01-22T14:12:09","slug":"el-juego-de-la-pasion-2","status":"publish","type":"product","link":"https:\/\/demoweb.info\/sexshop001\/producto\/el-juego-de-la-pasion-2\/","title":{"rendered":"EL JUEGO DE LA PASI\u00d3N"},"content":{"rendered":"<p><strong>EL JUEGO DE LA PASI\u00d3N<\/strong><\/p>\n<p>Emma Hart<\/p>\n<p>Serie: Juegos del Placer, 2<\/p>\n<p><em>Segunda entrega de la serie Juegos del Placer, best seller internacional de novela er\u00f3tica. <\/em><\/p>\n<p>Aston Banks nunca pretendi\u00f3 acercarse a Megan Harper, ni siquiera aquella noche. \u00c9l se niega a reconocer que vive cautivo de su pasado y que ella es capaz de romper cualquier muro que el construya en cuanto ella se lo proponga. Traicionar a Braden con Aston no estaba en la lista de cosas por hacer que Megan se hab\u00eda trazado, pero en cuanto ella se da cuenta que existe alguien que no es tan arrogante como Braden, no puede resistirse a los encantos de Aston.<\/p>\n<p>El pasado de Aston es mucho m\u00e1s complejo de lo que Megan nunca pudo haber imaginado, as\u00ed que mientras el intent alejarse, su amor por \u00e9l se va hacienda cada d\u00eda m\u00e1s fuerte que los demonios que a persiguen a Aston. Y ahora, el tendr\u00e1 que luchar contra todos esos sentimientos que el mantiene enterrados.<\/p>\n<p>\u00bfQu\u00e9 esconde Aston? \u00bfContra qu\u00e9 o qui\u00e9n es con lo que ha estado luchando durante tantos a\u00f1os? Mantener una relaci\u00f3n en secreto nunca hab\u00eda sido tan peligroso.<\/p>\n<ul>\n<li>P\u00e1ginas: 224<\/li>\n<li>Formato: Tapa blanda con solapa<\/li>\n<\/ul>\n","protected":false},"excerpt":{"rendered":"<p>EL JUEGO DE LA PASI\u00d3N Emma Hart Serie: Juegos del Placer, 2 Segunda entrega de la serie Juegos del Placer,<\/p>\n","protected":false},"featured_media":45420,"comment_status":"open","ping_status":"open","template":"","meta":[],"product_cat":[414],"product_tag":[415,1426],"class_list":["post-45419","product","type-product","status-publish","has-post-thumbnail","hentry","product_cat-libros","product_tag-random-house","product_tag-terciopelo-debolsillo"],"bundled_by":[],"bundle_stock_status":"instock","bundle_stock_quantity":2,"bundle_virtual":false,"bundle_layout":"","bundle_add_to_cart_form_location":"","bundle_editable_in_cart":false,"bundle_sold_individually_context":"","bundle_item_grouping":"","bundle_min_size":"","bundle_max_size":"","bundled_items":[],"yoast_head":"<!-- This site is optimized with the Yoast SEO plugin v20.6 - https:\/\/yoast.com\/wordpress\/plugins\/seo\/ -->\n<title>EL JUEGO DE LA PASI\u00d3N - Tienda Er\u00f3tica<\/title>\n<meta name=\"robots\" content=\"noindex, follow, max-snippet:-1, max-image-preview:large, max-video-preview:-1\" \/>\n<meta property=\"og:locale\" content=\"es_ES\" \/>\n<meta property=\"og:type\" content=\"article\" \/>\n<meta property=\"og:title\" content=\"EL JUEGO DE LA PASI\u00d3N - Tienda Er\u00f3tica\" \/>\n<meta property=\"og:description\" content=\"EL JUEGO DE LA PASI\u00d3N Emma Hart Serie: Juegos del Placer, 2 Segunda entrega de la serie Juegos del Placer,\" \/>\n<meta property=\"og:url\" content=\"https:\/\/demoweb.info\/sexshop001\/producto\/el-juego-de-la-pasion-2\/\" \/>\n<meta property=\"og:site_name\" content=\"Tienda Er\u00f3tica\" \/>\n<meta property=\"article:modified_time\" content=\"2022-01-22T14:12:09+00:00\" \/>\n<meta property=\"og:image\" content=\"https:\/\/demoweb.info\/sexshop001\/wp-content\/uploads\/2022\/01\/EL-JUEGO-DE-LA-PASION-1.jpg\" \/>\n\t<meta property=\"og:image:width\" content=\"550\" \/>\n\t<meta property=\"og:image:height\" content=\"550\" \/>\n\t<meta property=\"og:image:type\" content=\"image\/jpeg\" \/>\n<meta name=\"twitter:card\" content=\"summary_large_image\" \/>\n<meta name=\"twitter:label1\" content=\"Tiempo de lectura\" \/>\n\t<meta name=\"twitter:data1\" content=\"1 minuto\" \/>\n<script type=\"application\/ld+json\" class=\"yoast-schema-graph\">{\"@context\":\"https:\/\/schema.org\",\"@graph\":[{\"@type\":\"WebPage\",\"@id\":\"https:\/\/demoweb.info\/sexshop001\/producto\/el-juego-de-la-pasion-2\/\",\"url\":\"https:\/\/demoweb.info\/sexshop001\/producto\/el-juego-de-la-pasion-2\/\",\"name\":\"EL JUEGO DE LA PASI\u00d3N - Tienda Er\u00f3tica\",\"isPartOf\":{\"@id\":\"https:\/\/demoweb.info\/sexshop001\/#website\"},\"datePublished\":\"2022-01-22T14:11:58+00:00\",\"dateModified\":\"2022-01-22T14:12:09+00:00\",\"breadcrumb\":{\"@id\":\"https:\/\/demoweb.info\/sexshop001\/producto\/el-juego-de-la-pasion-2\/#breadcrumb\"},\"inLanguage\":\"es\",\"potentialAction\":[{\"@type\":\"ReadAction\",\"target\":[\"https:\/\/demoweb.info\/sexshop001\/producto\/el-juego-de-la-pasion-2\/\"]}]},{\"@type\":\"BreadcrumbList\",\"@id\":\"https:\/\/demoweb.info\/sexshop001\/producto\/el-juego-de-la-pasion-2\/#breadcrumb\",\"itemListElement\":[{\"@type\":\"ListItem\",\"position\":1,\"name\":\"Portada\",\"item\":\"https:\/\/demoweb.info\/sexshop001\/\"},{\"@type\":\"ListItem\",\"position\":2,\"name\":\"Tienda\",\"item\":\"https:\/\/demoweb.info\/sexshop001\/tienda\/\"},{\"@type\":\"ListItem\",\"position\":3,\"name\":\"EL JUEGO DE LA PASI\u00d3N\"}]},{\"@type\":\"WebSite\",\"@id\":\"https:\/\/demoweb.info\/sexshop001\/#website\",\"url\":\"https:\/\/demoweb.info\/sexshop001\/\",\"name\":\"Tienda Er\u00f3tica\",\"description\":\"DEMOWEB SL\",\"potentialAction\":[{\"@type\":\"SearchAction\",\"target\":{\"@type\":\"EntryPoint\",\"urlTemplate\":\"https:\/\/demoweb.info\/sexshop001\/?s={search_term_string}\"},\"query-input\":\"required name=search_term_string\"}],\"inLanguage\":\"es\"}]}<\/script>\n<!-- \/ Yoast SEO plugin. -->","yoast_head_json":{"title":"EL JUEGO DE LA PASI\u00d3N - Tienda Er\u00f3tica","robots":{"index":"noindex","follow":"follow","max-snippet":"max-snippet:-1","max-image-preview":"max-image-preview:large","max-video-preview":"max-video-preview:-1"},"og_locale":"es_ES","og_type":"article","og_title":"EL JUEGO DE LA PASI\u00d3N - Tienda Er\u00f3tica","og_description":"EL JUEGO DE LA PASI\u00d3N Emma Hart Serie: Juegos del Placer, 2 Segunda entrega de la serie Juegos del Placer,","og_url":"https:\/\/demoweb.info\/sexshop001\/producto\/el-juego-de-la-pasion-2\/","og_site_name":"Tienda Er\u00f3tica","article_modified_time":"2022-01-22T14:12:09+00:00","og_image":[{"width":550,"height":550,"url":"https:\/\/demoweb.info\/sexshop001\/wp-content\/uploads\/2022\/01\/EL-JUEGO-DE-LA-PASION-1.jpg","type":"image\/jpeg"}],"twitter_card":"summary_large_image","twitter_misc":{"Tiempo de lectura":"1 minuto"},"schema":{"@context":"https:\/\/schema.org","@graph":[{"@type":"WebPage","@id":"https:\/\/demoweb.info\/sexshop001\/producto\/el-juego-de-la-pasion-2\/","url":"https:\/\/demoweb.info\/sexshop001\/producto\/el-juego-de-la-pasion-2\/","name":"EL JUEGO DE LA PASI\u00d3N - Tienda Er\u00f3tica","isPartOf":{"@id":"https:\/\/demoweb.info\/sexshop001\/#website"},"datePublished":"2022-01-22T14:11:58+00:00","dateModified":"2022-01-22T14:12:09+00:00","breadcrumb":{"@id":"https:\/\/demoweb.info\/sexshop001\/producto\/el-juego-de-la-pasion-2\/#breadcrumb"},"inLanguage":"es","potentialAction":[{"@type":"ReadAction","target":["https:\/\/demoweb.info\/sexshop001\/producto\/el-juego-de-la-pasion-2\/"]}]},{"@type":"BreadcrumbList","@id":"https:\/\/demoweb.info\/sexshop001\/producto\/el-juego-de-la-pasion-2\/#breadcrumb","itemListElement":[{"@type":"ListItem","position":1,"name":"Portada","item":"https:\/\/demoweb.info\/sexshop001\/"},{"@type":"ListItem","position":2,"name":"Tienda","item":"https:\/\/demoweb.info\/sexshop001\/tienda\/"},{"@type":"ListItem","position":3,"name":"EL JUEGO DE LA PASI\u00d3N"}]},{"@type":"WebSite","@id":"https:\/\/demoweb.info\/sexshop001\/#website","url":"https:\/\/demoweb.info\/sexshop001\/","name":"Tienda Er\u00f3tica","description":"DEMOWEB SL","potentialAction":[{"@type":"SearchAction","target":{"@type":"EntryPoint","urlTemplate":"https:\/\/demoweb.info\/sexshop001\/?s={search_term_string}"},"query-input":"required name=search_term_string"}],"inLanguage":"es"}]}},"_links":{"self":[{"href":"https:\/\/demoweb.info\/sexshop001\/wp-json\/wp\/v3\/product\/45419","targetHints":{"allow":["GET"]}}],"collection":[{"href":"https:\/\/demoweb.info\/sexshop001\/wp-json\/wp\/v3\/product"}],"about":[{"href":"https:\/\/demoweb.info\/sexshop001\/wp-json\/wp\/v2\/types\/product"}],"replies":[{"embeddable":true,"href":"https:\/\/demoweb.info\/sexshop001\/wp-json\/wp\/v2\/comments?post=45419"}],"wp:featuredmedia":[{"embeddable":true,"href":"https:\/\/demoweb.info\/sexshop001\/wp-json\/wp\/v2\/media\/45420"}],"wp:attachment":[{"href":"https:\/\/demoweb.info\/sexshop001\/wp-json\/wp\/v2\/media?parent=45419"}],"wp:term":[{"taxonomy":"product_cat","embeddable":true,"href":"https:\/\/demoweb.info\/sexshop001\/wp-json\/wp\/v2\/product_cat?post=45419"},{"taxonomy":"product_tag","embeddable":true,"href":"https:\/\/demoweb.info\/sexshop001\/wp-json\/wp\/v2\/product_tag?post=45419"}],"curies":[{"name":"wp","href":"https:\/\/api.w.org\/{rel}","templated":true}]}}