{"id":45417,"date":"2022-01-22T15:11:58","date_gmt":"2022-01-22T14:11:58","guid":{"rendered":"https:\/\/demoweb.info\/sexshop001\/producto\/el-juego-del-amor\/"},"modified":"2022-01-22T15:12:08","modified_gmt":"2022-01-22T14:12:08","slug":"el-juego-del-amor","status":"publish","type":"product","link":"https:\/\/demoweb.info\/sexshop001\/producto\/el-juego-del-amor\/","title":{"rendered":"EL JUEGO DEL AMOR"},"content":{"rendered":"<p><strong>EL JUEGO DEL AMOR<\/strong><\/p>\n<p>Emma Hart<\/p>\n<p>Serie: Juegos del Placer, 1<\/p>\n<p><em>\u00bfEl reto de \u00e9l? Enamorarla perdidamente. \u00bfEl de ella? Simplemente jugar. Hasta que la vida cambia las reglas del jugo.<\/em><\/p>\n<p>Maddie odia profundamente a Braden. Arrogante, ego\u00edsta y el playboy de la Universidad de California, Braden es todo lo que Pearce, el hermano de Maddie, le ha ense\u00f1ado a despreciar. Entonces, \u00bfpor qu\u00e9 cuando las chicas de la universidad le retan a jugar a un juego, ella les dice simplemente que no? Braden desea ardientemente a la peque\u00f1a Maddie, y har\u00e1 todo lo que est\u00e9 en sus manos por tenerla; por ello accede a hacer todo lo necesario para enamorarla. Despu\u00e9s de todo, es la \u00fanica forma de conseguir lo que desea, sexo&#8230;<\/p>\n<p>Pero pronto Braden descubrir\u00e1 que en Maddie hay mucho m\u00e1s que una simple ni\u00f1a de Brooklyn. Y Maddie se dar\u00e1 cuenta de que Braden no es solo una erecci\u00f3n andante, descubrir\u00e1 sus sentimientos. \u00c9l tambi\u00e9n es dulce y divertido. Y eso significa peligro. Probablemente eso es justo lo que ambos necesitan.<\/p>\n<ul>\n<li>P\u00e1ginas: 304<\/li>\n<li>Formato: Tapa blanda con solapa<\/li>\n<\/ul>\n","protected":false},"excerpt":{"rendered":"<p>EL JUEGO DEL AMOR Emma Hart Serie: Juegos del Placer, 1 \u00bfEl reto de \u00e9l? Enamorarla perdidamente. \u00bfEl de ella?<\/p>\n","protected":false},"featured_media":45418,"comment_status":"open","ping_status":"open","template":"","meta":[],"product_cat":[414],"product_tag":[415,1426],"class_list":["post-45417","product","type-product","status-publish","has-post-thumbnail","hentry","product_cat-libros","product_tag-random-house","product_tag-terciopelo-debolsillo"],"bundled_by":[],"bundle_stock_status":"instock","bundle_stock_quantity":1,"bundle_virtual":false,"bundle_layout":"","bundle_add_to_cart_form_location":"","bundle_editable_in_cart":false,"bundle_sold_individually_context":"","bundle_item_grouping":"","bundle_min_size":"","bundle_max_size":"","bundled_items":[],"yoast_head":"<!-- This site is optimized with the Yoast SEO plugin v20.6 - https:\/\/yoast.com\/wordpress\/plugins\/seo\/ -->\n<title>EL JUEGO DEL AMOR - Tienda Er\u00f3tica<\/title>\n<meta name=\"robots\" content=\"noindex, follow, max-snippet:-1, max-image-preview:large, max-video-preview:-1\" \/>\n<meta property=\"og:locale\" content=\"es_ES\" \/>\n<meta property=\"og:type\" content=\"article\" \/>\n<meta property=\"og:title\" content=\"EL JUEGO DEL AMOR - Tienda Er\u00f3tica\" \/>\n<meta property=\"og:description\" content=\"EL JUEGO DEL AMOR Emma Hart Serie: Juegos del Placer, 1 \u00bfEl reto de \u00e9l? Enamorarla perdidamente. \u00bfEl de ella?\" \/>\n<meta property=\"og:url\" content=\"https:\/\/demoweb.info\/sexshop001\/producto\/el-juego-del-amor\/\" \/>\n<meta property=\"og:site_name\" content=\"Tienda Er\u00f3tica\" \/>\n<meta property=\"article:modified_time\" content=\"2022-01-22T14:12:08+00:00\" \/>\n<meta property=\"og:image\" content=\"https:\/\/demoweb.info\/sexshop001\/wp-content\/uploads\/2022\/01\/EL-JUEGO-DEL-AMOR.jpg\" \/>\n\t<meta property=\"og:image:width\" content=\"550\" \/>\n\t<meta property=\"og:image:height\" content=\"550\" \/>\n\t<meta property=\"og:image:type\" content=\"image\/jpeg\" \/>\n<meta name=\"twitter:card\" content=\"summary_large_image\" \/>\n<meta name=\"twitter:label1\" content=\"Tiempo de lectura\" \/>\n\t<meta name=\"twitter:data1\" content=\"1 minuto\" \/>\n<script type=\"application\/ld+json\" class=\"yoast-schema-graph\">{\"@context\":\"https:\/\/schema.org\",\"@graph\":[{\"@type\":\"WebPage\",\"@id\":\"https:\/\/demoweb.info\/sexshop001\/producto\/el-juego-del-amor\/\",\"url\":\"https:\/\/demoweb.info\/sexshop001\/producto\/el-juego-del-amor\/\",\"name\":\"EL JUEGO DEL AMOR - Tienda Er\u00f3tica\",\"isPartOf\":{\"@id\":\"https:\/\/demoweb.info\/sexshop001\/#website\"},\"datePublished\":\"2022-01-22T14:11:58+00:00\",\"dateModified\":\"2022-01-22T14:12:08+00:00\",\"breadcrumb\":{\"@id\":\"https:\/\/demoweb.info\/sexshop001\/producto\/el-juego-del-amor\/#breadcrumb\"},\"inLanguage\":\"es\",\"potentialAction\":[{\"@type\":\"ReadAction\",\"target\":[\"https:\/\/demoweb.info\/sexshop001\/producto\/el-juego-del-amor\/\"]}]},{\"@type\":\"BreadcrumbList\",\"@id\":\"https:\/\/demoweb.info\/sexshop001\/producto\/el-juego-del-amor\/#breadcrumb\",\"itemListElement\":[{\"@type\":\"ListItem\",\"position\":1,\"name\":\"Portada\",\"item\":\"https:\/\/demoweb.info\/sexshop001\/\"},{\"@type\":\"ListItem\",\"position\":2,\"name\":\"Tienda\",\"item\":\"https:\/\/demoweb.info\/sexshop001\/tienda\/\"},{\"@type\":\"ListItem\",\"position\":3,\"name\":\"EL JUEGO DEL AMOR\"}]},{\"@type\":\"WebSite\",\"@id\":\"https:\/\/demoweb.info\/sexshop001\/#website\",\"url\":\"https:\/\/demoweb.info\/sexshop001\/\",\"name\":\"Tienda Er\u00f3tica\",\"description\":\"DEMOWEB SL\",\"potentialAction\":[{\"@type\":\"SearchAction\",\"target\":{\"@type\":\"EntryPoint\",\"urlTemplate\":\"https:\/\/demoweb.info\/sexshop001\/?s={search_term_string}\"},\"query-input\":\"required name=search_term_string\"}],\"inLanguage\":\"es\"}]}<\/script>\n<!-- \/ Yoast SEO plugin. -->","yoast_head_json":{"title":"EL JUEGO DEL AMOR - Tienda Er\u00f3tica","robots":{"index":"noindex","follow":"follow","max-snippet":"max-snippet:-1","max-image-preview":"max-image-preview:large","max-video-preview":"max-video-preview:-1"},"og_locale":"es_ES","og_type":"article","og_title":"EL JUEGO DEL AMOR - Tienda Er\u00f3tica","og_description":"EL JUEGO DEL AMOR Emma Hart Serie: Juegos del Placer, 1 \u00bfEl reto de \u00e9l? Enamorarla perdidamente. \u00bfEl de ella?","og_url":"https:\/\/demoweb.info\/sexshop001\/producto\/el-juego-del-amor\/","og_site_name":"Tienda Er\u00f3tica","article_modified_time":"2022-01-22T14:12:08+00:00","og_image":[{"width":550,"height":550,"url":"https:\/\/demoweb.info\/sexshop001\/wp-content\/uploads\/2022\/01\/EL-JUEGO-DEL-AMOR.jpg","type":"image\/jpeg"}],"twitter_card":"summary_large_image","twitter_misc":{"Tiempo de lectura":"1 minuto"},"schema":{"@context":"https:\/\/schema.org","@graph":[{"@type":"WebPage","@id":"https:\/\/demoweb.info\/sexshop001\/producto\/el-juego-del-amor\/","url":"https:\/\/demoweb.info\/sexshop001\/producto\/el-juego-del-amor\/","name":"EL JUEGO DEL AMOR - Tienda Er\u00f3tica","isPartOf":{"@id":"https:\/\/demoweb.info\/sexshop001\/#website"},"datePublished":"2022-01-22T14:11:58+00:00","dateModified":"2022-01-22T14:12:08+00:00","breadcrumb":{"@id":"https:\/\/demoweb.info\/sexshop001\/producto\/el-juego-del-amor\/#breadcrumb"},"inLanguage":"es","potentialAction":[{"@type":"ReadAction","target":["https:\/\/demoweb.info\/sexshop001\/producto\/el-juego-del-amor\/"]}]},{"@type":"BreadcrumbList","@id":"https:\/\/demoweb.info\/sexshop001\/producto\/el-juego-del-amor\/#breadcrumb","itemListElement":[{"@type":"ListItem","position":1,"name":"Portada","item":"https:\/\/demoweb.info\/sexshop001\/"},{"@type":"ListItem","position":2,"name":"Tienda","item":"https:\/\/demoweb.info\/sexshop001\/tienda\/"},{"@type":"ListItem","position":3,"name":"EL JUEGO DEL AMOR"}]},{"@type":"WebSite","@id":"https:\/\/demoweb.info\/sexshop001\/#website","url":"https:\/\/demoweb.info\/sexshop001\/","name":"Tienda Er\u00f3tica","description":"DEMOWEB SL","potentialAction":[{"@type":"SearchAction","target":{"@type":"EntryPoint","urlTemplate":"https:\/\/demoweb.info\/sexshop001\/?s={search_term_string}"},"query-input":"required name=search_term_string"}],"inLanguage":"es"}]}},"_links":{"self":[{"href":"https:\/\/demoweb.info\/sexshop001\/wp-json\/wp\/v3\/product\/45417","targetHints":{"allow":["GET"]}}],"collection":[{"href":"https:\/\/demoweb.info\/sexshop001\/wp-json\/wp\/v3\/product"}],"about":[{"href":"https:\/\/demoweb.info\/sexshop001\/wp-json\/wp\/v2\/types\/product"}],"replies":[{"embeddable":true,"href":"https:\/\/demoweb.info\/sexshop001\/wp-json\/wp\/v2\/comments?post=45417"}],"wp:featuredmedia":[{"embeddable":true,"href":"https:\/\/demoweb.info\/sexshop001\/wp-json\/wp\/v2\/media\/45418"}],"wp:attachment":[{"href":"https:\/\/demoweb.info\/sexshop001\/wp-json\/wp\/v2\/media?parent=45417"}],"wp:term":[{"taxonomy":"product_cat","embeddable":true,"href":"https:\/\/demoweb.info\/sexshop001\/wp-json\/wp\/v2\/product_cat?post=45417"},{"taxonomy":"product_tag","embeddable":true,"href":"https:\/\/demoweb.info\/sexshop001\/wp-json\/wp\/v2\/product_tag?post=45417"}],"curies":[{"name":"wp","href":"https:\/\/api.w.org\/{rel}","templated":true}]}}