{"id":45249,"date":"2022-01-22T15:10:12","date_gmt":"2022-01-22T14:10:12","guid":{"rendered":"https:\/\/demoweb.info\/sexshop001\/producto\/ouch-brown-mordaza-sin-aberturas\/"},"modified":"2022-01-22T15:10:21","modified_gmt":"2022-01-22T14:10:21","slug":"ouch-brown-mordaza-sin-aberturas","status":"publish","type":"product","link":"https:\/\/demoweb.info\/sexshop001\/producto\/ouch-brown-mordaza-sin-aberturas\/","title":{"rendered":"OUCH BROWN MORDAZA SIN ABERTURAS"},"content":{"rendered":"<p><strong>OUCH BROWN SOLID BALL GAG FLESH <\/strong><\/p>\n<p>\u00bfTe gustan las travesuras? Entonces, con esta exclusiva mordaza de bola, conseguir\u00e1s que tu pareja sumisa permanezca callada. Sus correas de piel marr\u00f3n de calidad presentan una elegante costura en toda su extensi\u00f3n y disponen de 10 orificios distintos para ajustar la longitud. \u00a1Un tama\u00f1o vale para la mayor\u00eda!<\/p>\n<p>Esta mordaza incluye cuatro orificios de respiraci\u00f3n en la parte trasera y uno en la frontal, perfecta para quienes se inician en los juegos de sumisi\u00f3n. Puedes usar este juguete en solitario o combinado con otros fant\u00e1sticos productos Ouch!.<\/p>\n<p>Di\u00e1metro de la bola: 4.4 cm<\/p>\n<p>Tama\u00f1o de la mordaza: 18,5 cm &#8211; 13 cm<\/p>\n","protected":false},"excerpt":{"rendered":"<p>OUCH BROWN SOLID BALL GAG FLESH \u00bfTe gustan las travesuras? Entonces, con esta exclusiva mordaza de bola, conseguir\u00e1s que tu<\/p>\n","protected":false},"featured_media":45250,"comment_status":"open","ping_status":"open","template":"","meta":[],"product_cat":[288],"product_tag":[1284,302],"class_list":["post-45249","product","type-product","status-publish","has-post-thumbnail","hentry","product_cat-mordazas","product_tag-ouch-brown","product_tag-shots"],"bundled_by":[],"bundle_stock_status":"instock","bundle_stock_quantity":1,"bundle_virtual":false,"bundle_layout":"","bundle_add_to_cart_form_location":"","bundle_editable_in_cart":false,"bundle_sold_individually_context":"","bundle_item_grouping":"","bundle_min_size":"","bundle_max_size":"","bundled_items":[],"yoast_head":"<!-- This site is optimized with the Yoast SEO plugin v20.6 - https:\/\/yoast.com\/wordpress\/plugins\/seo\/ -->\n<title>OUCH BROWN MORDAZA SIN ABERTURAS - Tienda Er\u00f3tica<\/title>\n<meta name=\"robots\" content=\"noindex, follow, max-snippet:-1, max-image-preview:large, max-video-preview:-1\" \/>\n<meta property=\"og:locale\" content=\"es_ES\" \/>\n<meta property=\"og:type\" content=\"article\" \/>\n<meta property=\"og:title\" content=\"OUCH BROWN MORDAZA SIN ABERTURAS - Tienda Er\u00f3tica\" \/>\n<meta property=\"og:description\" content=\"OUCH BROWN SOLID BALL GAG FLESH \u00bfTe gustan las travesuras? Entonces, con esta exclusiva mordaza de bola, conseguir\u00e1s que tu\" \/>\n<meta property=\"og:url\" content=\"https:\/\/demoweb.info\/sexshop001\/producto\/ouch-brown-mordaza-sin-aberturas\/\" \/>\n<meta property=\"og:site_name\" content=\"Tienda Er\u00f3tica\" \/>\n<meta property=\"article:modified_time\" content=\"2022-01-22T14:10:21+00:00\" \/>\n<meta property=\"og:image\" content=\"https:\/\/demoweb.info\/sexshop001\/wp-content\/uploads\/2022\/01\/OUCH-BROWN-MORDAZA-SIN-ABERTURAS.jpg\" \/>\n\t<meta property=\"og:image:width\" content=\"550\" \/>\n\t<meta property=\"og:image:height\" content=\"550\" \/>\n\t<meta property=\"og:image:type\" content=\"image\/jpeg\" \/>\n<meta name=\"twitter:card\" content=\"summary_large_image\" \/>\n<meta name=\"twitter:label1\" content=\"Tiempo de lectura\" \/>\n\t<meta name=\"twitter:data1\" content=\"1 minuto\" \/>\n<script type=\"application\/ld+json\" class=\"yoast-schema-graph\">{\"@context\":\"https:\/\/schema.org\",\"@graph\":[{\"@type\":\"WebPage\",\"@id\":\"https:\/\/demoweb.info\/sexshop001\/producto\/ouch-brown-mordaza-sin-aberturas\/\",\"url\":\"https:\/\/demoweb.info\/sexshop001\/producto\/ouch-brown-mordaza-sin-aberturas\/\",\"name\":\"OUCH BROWN MORDAZA SIN ABERTURAS - Tienda Er\u00f3tica\",\"isPartOf\":{\"@id\":\"https:\/\/demoweb.info\/sexshop001\/#website\"},\"datePublished\":\"2022-01-22T14:10:12+00:00\",\"dateModified\":\"2022-01-22T14:10:21+00:00\",\"breadcrumb\":{\"@id\":\"https:\/\/demoweb.info\/sexshop001\/producto\/ouch-brown-mordaza-sin-aberturas\/#breadcrumb\"},\"inLanguage\":\"es\",\"potentialAction\":[{\"@type\":\"ReadAction\",\"target\":[\"https:\/\/demoweb.info\/sexshop001\/producto\/ouch-brown-mordaza-sin-aberturas\/\"]}]},{\"@type\":\"BreadcrumbList\",\"@id\":\"https:\/\/demoweb.info\/sexshop001\/producto\/ouch-brown-mordaza-sin-aberturas\/#breadcrumb\",\"itemListElement\":[{\"@type\":\"ListItem\",\"position\":1,\"name\":\"Portada\",\"item\":\"https:\/\/demoweb.info\/sexshop001\/\"},{\"@type\":\"ListItem\",\"position\":2,\"name\":\"Tienda\",\"item\":\"https:\/\/demoweb.info\/sexshop001\/tienda\/\"},{\"@type\":\"ListItem\",\"position\":3,\"name\":\"OUCH BROWN MORDAZA SIN ABERTURAS\"}]},{\"@type\":\"WebSite\",\"@id\":\"https:\/\/demoweb.info\/sexshop001\/#website\",\"url\":\"https:\/\/demoweb.info\/sexshop001\/\",\"name\":\"Tienda Er\u00f3tica\",\"description\":\"DEMOWEB SL\",\"potentialAction\":[{\"@type\":\"SearchAction\",\"target\":{\"@type\":\"EntryPoint\",\"urlTemplate\":\"https:\/\/demoweb.info\/sexshop001\/?s={search_term_string}\"},\"query-input\":\"required name=search_term_string\"}],\"inLanguage\":\"es\"}]}<\/script>\n<!-- \/ Yoast SEO plugin. -->","yoast_head_json":{"title":"OUCH BROWN MORDAZA SIN ABERTURAS - Tienda Er\u00f3tica","robots":{"index":"noindex","follow":"follow","max-snippet":"max-snippet:-1","max-image-preview":"max-image-preview:large","max-video-preview":"max-video-preview:-1"},"og_locale":"es_ES","og_type":"article","og_title":"OUCH BROWN MORDAZA SIN ABERTURAS - Tienda Er\u00f3tica","og_description":"OUCH BROWN SOLID BALL GAG FLESH \u00bfTe gustan las travesuras? Entonces, con esta exclusiva mordaza de bola, conseguir\u00e1s que tu","og_url":"https:\/\/demoweb.info\/sexshop001\/producto\/ouch-brown-mordaza-sin-aberturas\/","og_site_name":"Tienda Er\u00f3tica","article_modified_time":"2022-01-22T14:10:21+00:00","og_image":[{"width":550,"height":550,"url":"https:\/\/demoweb.info\/sexshop001\/wp-content\/uploads\/2022\/01\/OUCH-BROWN-MORDAZA-SIN-ABERTURAS.jpg","type":"image\/jpeg"}],"twitter_card":"summary_large_image","twitter_misc":{"Tiempo de lectura":"1 minuto"},"schema":{"@context":"https:\/\/schema.org","@graph":[{"@type":"WebPage","@id":"https:\/\/demoweb.info\/sexshop001\/producto\/ouch-brown-mordaza-sin-aberturas\/","url":"https:\/\/demoweb.info\/sexshop001\/producto\/ouch-brown-mordaza-sin-aberturas\/","name":"OUCH BROWN MORDAZA SIN ABERTURAS - Tienda Er\u00f3tica","isPartOf":{"@id":"https:\/\/demoweb.info\/sexshop001\/#website"},"datePublished":"2022-01-22T14:10:12+00:00","dateModified":"2022-01-22T14:10:21+00:00","breadcrumb":{"@id":"https:\/\/demoweb.info\/sexshop001\/producto\/ouch-brown-mordaza-sin-aberturas\/#breadcrumb"},"inLanguage":"es","potentialAction":[{"@type":"ReadAction","target":["https:\/\/demoweb.info\/sexshop001\/producto\/ouch-brown-mordaza-sin-aberturas\/"]}]},{"@type":"BreadcrumbList","@id":"https:\/\/demoweb.info\/sexshop001\/producto\/ouch-brown-mordaza-sin-aberturas\/#breadcrumb","itemListElement":[{"@type":"ListItem","position":1,"name":"Portada","item":"https:\/\/demoweb.info\/sexshop001\/"},{"@type":"ListItem","position":2,"name":"Tienda","item":"https:\/\/demoweb.info\/sexshop001\/tienda\/"},{"@type":"ListItem","position":3,"name":"OUCH BROWN MORDAZA SIN ABERTURAS"}]},{"@type":"WebSite","@id":"https:\/\/demoweb.info\/sexshop001\/#website","url":"https:\/\/demoweb.info\/sexshop001\/","name":"Tienda Er\u00f3tica","description":"DEMOWEB SL","potentialAction":[{"@type":"SearchAction","target":{"@type":"EntryPoint","urlTemplate":"https:\/\/demoweb.info\/sexshop001\/?s={search_term_string}"},"query-input":"required name=search_term_string"}],"inLanguage":"es"}]}},"_links":{"self":[{"href":"https:\/\/demoweb.info\/sexshop001\/wp-json\/wp\/v3\/product\/45249","targetHints":{"allow":["GET"]}}],"collection":[{"href":"https:\/\/demoweb.info\/sexshop001\/wp-json\/wp\/v3\/product"}],"about":[{"href":"https:\/\/demoweb.info\/sexshop001\/wp-json\/wp\/v2\/types\/product"}],"replies":[{"embeddable":true,"href":"https:\/\/demoweb.info\/sexshop001\/wp-json\/wp\/v2\/comments?post=45249"}],"wp:featuredmedia":[{"embeddable":true,"href":"https:\/\/demoweb.info\/sexshop001\/wp-json\/wp\/v2\/media\/45250"}],"wp:attachment":[{"href":"https:\/\/demoweb.info\/sexshop001\/wp-json\/wp\/v2\/media?parent=45249"}],"wp:term":[{"taxonomy":"product_cat","embeddable":true,"href":"https:\/\/demoweb.info\/sexshop001\/wp-json\/wp\/v2\/product_cat?post=45249"},{"taxonomy":"product_tag","embeddable":true,"href":"https:\/\/demoweb.info\/sexshop001\/wp-json\/wp\/v2\/product_tag?post=45249"}],"curies":[{"name":"wp","href":"https:\/\/api.w.org\/{rel}","templated":true}]}}