{"id":45231,"date":"2022-01-22T15:10:12","date_gmt":"2022-01-22T14:10:12","guid":{"rendered":"https:\/\/demoweb.info\/sexshop001\/producto\/inya-coochy-bolas-rosas\/"},"modified":"2022-01-22T15:10:12","modified_gmt":"2022-01-22T14:10:12","slug":"inya-coochy-bolas-rosas","status":"publish","type":"product","link":"https:\/\/demoweb.info\/sexshop001\/producto\/inya-coochy-bolas-rosas\/","title":{"rendered":"INYA COOCHY BOLAS ROSAS"},"content":{"rendered":"<p><strong>INYA COOCHY BALLS PINK<\/strong><\/p>\n<p>Inya son las bolas perfecta para <strong>fortalecer los m\u00fasculos de la vagina<\/strong> y m\u00e1s agradable a la piel, gracias a la silicona con la que estan fabricadas, puede insertarse sin el menor esfuerzo.<\/p>\n<p>Debido a sus movimientos suaves pero perceptibles,  puede proporcionar gran placer cuando se utiliza. Capacitan a los m\u00fasculos de la vagina para aumentar el control y la intensidad al hacer el amor.<br \/>\n,<br \/>\nPeso: 56 g<\/p>\n","protected":false},"excerpt":{"rendered":"<p>INYA COOCHY BALLS PINK Inya son las bolas perfecta para fortalecer los m\u00fasculos de la vagina y m\u00e1s agradable a<\/p>\n","protected":false},"featured_media":45232,"comment_status":"open","ping_status":"open","template":"","meta":[],"product_cat":[320],"product_tag":[667,666],"class_list":["post-45231","product","type-product","status-publish","has-post-thumbnail","hentry","product_cat-silicona-bolas-y-huevos","product_tag-inya","product_tag-nsnovelties"],"bundled_by":[],"bundle_stock_status":"outofstock","bundle_stock_quantity":0,"bundle_virtual":false,"bundle_layout":"","bundle_add_to_cart_form_location":"","bundle_editable_in_cart":false,"bundle_sold_individually_context":"","bundle_item_grouping":"","bundle_min_size":"","bundle_max_size":"","bundled_items":[],"yoast_head":"<!-- This site is optimized with the Yoast SEO plugin v20.6 - https:\/\/yoast.com\/wordpress\/plugins\/seo\/ -->\n<title>INYA COOCHY BOLAS ROSAS - Tienda Er\u00f3tica<\/title>\n<meta name=\"robots\" content=\"noindex, follow, max-snippet:-1, max-image-preview:large, max-video-preview:-1\" \/>\n<meta property=\"og:locale\" content=\"es_ES\" \/>\n<meta property=\"og:type\" content=\"article\" \/>\n<meta property=\"og:title\" content=\"INYA COOCHY BOLAS ROSAS - Tienda Er\u00f3tica\" \/>\n<meta property=\"og:description\" content=\"INYA COOCHY BALLS PINK Inya son las bolas perfecta para fortalecer los m\u00fasculos de la vagina y m\u00e1s agradable a\" \/>\n<meta property=\"og:url\" content=\"https:\/\/demoweb.info\/sexshop001\/producto\/inya-coochy-bolas-rosas\/\" \/>\n<meta property=\"og:site_name\" content=\"Tienda Er\u00f3tica\" \/>\n<meta property=\"og:image\" content=\"https:\/\/demoweb.info\/sexshop001\/wp-content\/uploads\/2022\/01\/INYA-COOCHY-BOLAS-ROSAS.jpg\" \/>\n\t<meta property=\"og:image:width\" content=\"550\" \/>\n\t<meta property=\"og:image:height\" content=\"550\" \/>\n\t<meta property=\"og:image:type\" content=\"image\/jpeg\" \/>\n<meta name=\"twitter:card\" content=\"summary_large_image\" \/>\n<script type=\"application\/ld+json\" class=\"yoast-schema-graph\">{\"@context\":\"https:\/\/schema.org\",\"@graph\":[{\"@type\":\"WebPage\",\"@id\":\"https:\/\/demoweb.info\/sexshop001\/producto\/inya-coochy-bolas-rosas\/\",\"url\":\"https:\/\/demoweb.info\/sexshop001\/producto\/inya-coochy-bolas-rosas\/\",\"name\":\"INYA COOCHY BOLAS ROSAS - Tienda Er\u00f3tica\",\"isPartOf\":{\"@id\":\"https:\/\/demoweb.info\/sexshop001\/#website\"},\"datePublished\":\"2022-01-22T14:10:12+00:00\",\"dateModified\":\"2022-01-22T14:10:12+00:00\",\"breadcrumb\":{\"@id\":\"https:\/\/demoweb.info\/sexshop001\/producto\/inya-coochy-bolas-rosas\/#breadcrumb\"},\"inLanguage\":\"es\",\"potentialAction\":[{\"@type\":\"ReadAction\",\"target\":[\"https:\/\/demoweb.info\/sexshop001\/producto\/inya-coochy-bolas-rosas\/\"]}]},{\"@type\":\"BreadcrumbList\",\"@id\":\"https:\/\/demoweb.info\/sexshop001\/producto\/inya-coochy-bolas-rosas\/#breadcrumb\",\"itemListElement\":[{\"@type\":\"ListItem\",\"position\":1,\"name\":\"Portada\",\"item\":\"https:\/\/demoweb.info\/sexshop001\/\"},{\"@type\":\"ListItem\",\"position\":2,\"name\":\"Tienda\",\"item\":\"https:\/\/demoweb.info\/sexshop001\/tienda\/\"},{\"@type\":\"ListItem\",\"position\":3,\"name\":\"INYA COOCHY BOLAS ROSAS\"}]},{\"@type\":\"WebSite\",\"@id\":\"https:\/\/demoweb.info\/sexshop001\/#website\",\"url\":\"https:\/\/demoweb.info\/sexshop001\/\",\"name\":\"Tienda Er\u00f3tica\",\"description\":\"DEMOWEB SL\",\"potentialAction\":[{\"@type\":\"SearchAction\",\"target\":{\"@type\":\"EntryPoint\",\"urlTemplate\":\"https:\/\/demoweb.info\/sexshop001\/?s={search_term_string}\"},\"query-input\":\"required name=search_term_string\"}],\"inLanguage\":\"es\"}]}<\/script>\n<!-- \/ Yoast SEO plugin. -->","yoast_head_json":{"title":"INYA COOCHY BOLAS ROSAS - Tienda Er\u00f3tica","robots":{"index":"noindex","follow":"follow","max-snippet":"max-snippet:-1","max-image-preview":"max-image-preview:large","max-video-preview":"max-video-preview:-1"},"og_locale":"es_ES","og_type":"article","og_title":"INYA COOCHY BOLAS ROSAS - Tienda Er\u00f3tica","og_description":"INYA COOCHY BALLS PINK Inya son las bolas perfecta para fortalecer los m\u00fasculos de la vagina y m\u00e1s agradable a","og_url":"https:\/\/demoweb.info\/sexshop001\/producto\/inya-coochy-bolas-rosas\/","og_site_name":"Tienda Er\u00f3tica","og_image":[{"width":550,"height":550,"url":"https:\/\/demoweb.info\/sexshop001\/wp-content\/uploads\/2022\/01\/INYA-COOCHY-BOLAS-ROSAS.jpg","type":"image\/jpeg"}],"twitter_card":"summary_large_image","schema":{"@context":"https:\/\/schema.org","@graph":[{"@type":"WebPage","@id":"https:\/\/demoweb.info\/sexshop001\/producto\/inya-coochy-bolas-rosas\/","url":"https:\/\/demoweb.info\/sexshop001\/producto\/inya-coochy-bolas-rosas\/","name":"INYA COOCHY BOLAS ROSAS - Tienda Er\u00f3tica","isPartOf":{"@id":"https:\/\/demoweb.info\/sexshop001\/#website"},"datePublished":"2022-01-22T14:10:12+00:00","dateModified":"2022-01-22T14:10:12+00:00","breadcrumb":{"@id":"https:\/\/demoweb.info\/sexshop001\/producto\/inya-coochy-bolas-rosas\/#breadcrumb"},"inLanguage":"es","potentialAction":[{"@type":"ReadAction","target":["https:\/\/demoweb.info\/sexshop001\/producto\/inya-coochy-bolas-rosas\/"]}]},{"@type":"BreadcrumbList","@id":"https:\/\/demoweb.info\/sexshop001\/producto\/inya-coochy-bolas-rosas\/#breadcrumb","itemListElement":[{"@type":"ListItem","position":1,"name":"Portada","item":"https:\/\/demoweb.info\/sexshop001\/"},{"@type":"ListItem","position":2,"name":"Tienda","item":"https:\/\/demoweb.info\/sexshop001\/tienda\/"},{"@type":"ListItem","position":3,"name":"INYA COOCHY BOLAS ROSAS"}]},{"@type":"WebSite","@id":"https:\/\/demoweb.info\/sexshop001\/#website","url":"https:\/\/demoweb.info\/sexshop001\/","name":"Tienda Er\u00f3tica","description":"DEMOWEB SL","potentialAction":[{"@type":"SearchAction","target":{"@type":"EntryPoint","urlTemplate":"https:\/\/demoweb.info\/sexshop001\/?s={search_term_string}"},"query-input":"required name=search_term_string"}],"inLanguage":"es"}]}},"_links":{"self":[{"href":"https:\/\/demoweb.info\/sexshop001\/wp-json\/wp\/v3\/product\/45231","targetHints":{"allow":["GET"]}}],"collection":[{"href":"https:\/\/demoweb.info\/sexshop001\/wp-json\/wp\/v3\/product"}],"about":[{"href":"https:\/\/demoweb.info\/sexshop001\/wp-json\/wp\/v2\/types\/product"}],"replies":[{"embeddable":true,"href":"https:\/\/demoweb.info\/sexshop001\/wp-json\/wp\/v2\/comments?post=45231"}],"wp:featuredmedia":[{"embeddable":true,"href":"https:\/\/demoweb.info\/sexshop001\/wp-json\/wp\/v2\/media\/45232"}],"wp:attachment":[{"href":"https:\/\/demoweb.info\/sexshop001\/wp-json\/wp\/v2\/media?parent=45231"}],"wp:term":[{"taxonomy":"product_cat","embeddable":true,"href":"https:\/\/demoweb.info\/sexshop001\/wp-json\/wp\/v2\/product_cat?post=45231"},{"taxonomy":"product_tag","embeddable":true,"href":"https:\/\/demoweb.info\/sexshop001\/wp-json\/wp\/v2\/product_tag?post=45231"}],"curies":[{"name":"wp","href":"https:\/\/api.w.org\/{rel}","templated":true}]}}