{"id":45209,"date":"2022-01-22T15:09:51","date_gmt":"2022-01-22T14:09:51","guid":{"rendered":"https:\/\/demoweb.info\/sexshop001\/producto\/el-origen-del-deseo-cronicas-del-templo-i\/"},"modified":"2022-01-22T15:09:57","modified_gmt":"2022-01-22T14:09:57","slug":"el-origen-del-deseo-cronicas-del-templo-i","status":"publish","type":"product","link":"https:\/\/demoweb.info\/sexshop001\/producto\/el-origen-del-deseo-cronicas-del-templo-i\/","title":{"rendered":"EL ORIGEN DEL DESEO. CR\u00d3NICAS DEL TEMPLO I"},"content":{"rendered":"<p><strong>EL ORIGEN DEL DESEO. CR\u00d3NICAS DEL TEMPLO I<\/strong><\/p>\n<p><strong>Noelia Amarillo.<\/strong><\/p>\n<p>Eberhar no se atrev\u00eda a expresar sus deseos m\u00e1s que dos \u00fanicos d\u00edas al a\u00f1o. Y uno de esos dos d\u00edas de uno de esos a\u00f1os, Sof\u00eda tuvo la suerte de toparse con \u00e9l.<\/p>\n<p>\u00c9l es distinto de todas las personas que ella haya conocido. Est\u00e1 enamorado, confundido y asustado, todo por culpa de una fantas\u00eda que es una obsesi\u00f3n; una obsesi\u00f3n de la que reniega. Sin embargo Sof\u00eda disfruta demasiado con los deseos de los dem\u00e1s como para consentir que \u00e9l no la haga part\u00edcipe del suyo. As\u00ed que averigua que las fantas\u00edas de Eberhard est\u00e1n \u00edntimamente relacionadas con&#8230; \u00bfDe verdad quieres saberlo?<\/p>\n<p>160 P\u00e1ginas.<\/p>\n<p>Tapa blanda.<\/p>\n","protected":false},"excerpt":{"rendered":"<p>EL ORIGEN DEL DESEO. CR\u00d3NICAS DEL TEMPLO I Noelia Amarillo. Eberhar no se atrev\u00eda a expresar sus deseos m\u00e1s que<\/p>\n","protected":false},"featured_media":45210,"comment_status":"open","ping_status":"open","template":"","meta":[],"product_cat":[414],"product_tag":[415,714],"class_list":["post-45209","product","type-product","status-publish","has-post-thumbnail","hentry","product_cat-libros","product_tag-random-house","product_tag-terciopelo"],"bundled_by":[],"bundle_stock_status":"instock","bundle_stock_quantity":4,"bundle_virtual":false,"bundle_layout":"","bundle_add_to_cart_form_location":"","bundle_editable_in_cart":false,"bundle_sold_individually_context":"","bundle_item_grouping":"","bundle_min_size":"","bundle_max_size":"","bundled_items":[],"yoast_head":"<!-- This site is optimized with the Yoast SEO plugin v20.6 - https:\/\/yoast.com\/wordpress\/plugins\/seo\/ -->\n<title>EL ORIGEN DEL DESEO. CR\u00d3NICAS DEL TEMPLO I - Tienda Er\u00f3tica<\/title>\n<meta name=\"robots\" content=\"noindex, follow, max-snippet:-1, max-image-preview:large, max-video-preview:-1\" \/>\n<meta property=\"og:locale\" content=\"es_ES\" \/>\n<meta property=\"og:type\" content=\"article\" \/>\n<meta property=\"og:title\" content=\"EL ORIGEN DEL DESEO. CR\u00d3NICAS DEL TEMPLO I - Tienda Er\u00f3tica\" \/>\n<meta property=\"og:description\" content=\"EL ORIGEN DEL DESEO. CR\u00d3NICAS DEL TEMPLO I Noelia Amarillo. Eberhar no se atrev\u00eda a expresar sus deseos m\u00e1s que\" \/>\n<meta property=\"og:url\" content=\"https:\/\/demoweb.info\/sexshop001\/producto\/el-origen-del-deseo-cronicas-del-templo-i\/\" \/>\n<meta property=\"og:site_name\" content=\"Tienda Er\u00f3tica\" \/>\n<meta property=\"article:modified_time\" content=\"2022-01-22T14:09:57+00:00\" \/>\n<meta property=\"og:image\" content=\"https:\/\/demoweb.info\/sexshop001\/wp-content\/uploads\/2022\/01\/EL-ORIGEN-DEL-DESEO.-CRONICAS-DEL-TEMPLO-I.jpg\" \/>\n\t<meta property=\"og:image:width\" content=\"550\" \/>\n\t<meta property=\"og:image:height\" content=\"550\" \/>\n\t<meta property=\"og:image:type\" content=\"image\/jpeg\" \/>\n<meta name=\"twitter:card\" content=\"summary_large_image\" \/>\n<meta name=\"twitter:label1\" content=\"Tiempo de lectura\" \/>\n\t<meta name=\"twitter:data1\" content=\"1 minuto\" \/>\n<script type=\"application\/ld+json\" class=\"yoast-schema-graph\">{\"@context\":\"https:\/\/schema.org\",\"@graph\":[{\"@type\":\"WebPage\",\"@id\":\"https:\/\/demoweb.info\/sexshop001\/producto\/el-origen-del-deseo-cronicas-del-templo-i\/\",\"url\":\"https:\/\/demoweb.info\/sexshop001\/producto\/el-origen-del-deseo-cronicas-del-templo-i\/\",\"name\":\"EL ORIGEN DEL DESEO. CR\u00d3NICAS DEL TEMPLO I - Tienda Er\u00f3tica\",\"isPartOf\":{\"@id\":\"https:\/\/demoweb.info\/sexshop001\/#website\"},\"datePublished\":\"2022-01-22T14:09:51+00:00\",\"dateModified\":\"2022-01-22T14:09:57+00:00\",\"breadcrumb\":{\"@id\":\"https:\/\/demoweb.info\/sexshop001\/producto\/el-origen-del-deseo-cronicas-del-templo-i\/#breadcrumb\"},\"inLanguage\":\"es\",\"potentialAction\":[{\"@type\":\"ReadAction\",\"target\":[\"https:\/\/demoweb.info\/sexshop001\/producto\/el-origen-del-deseo-cronicas-del-templo-i\/\"]}]},{\"@type\":\"BreadcrumbList\",\"@id\":\"https:\/\/demoweb.info\/sexshop001\/producto\/el-origen-del-deseo-cronicas-del-templo-i\/#breadcrumb\",\"itemListElement\":[{\"@type\":\"ListItem\",\"position\":1,\"name\":\"Portada\",\"item\":\"https:\/\/demoweb.info\/sexshop001\/\"},{\"@type\":\"ListItem\",\"position\":2,\"name\":\"Tienda\",\"item\":\"https:\/\/demoweb.info\/sexshop001\/tienda\/\"},{\"@type\":\"ListItem\",\"position\":3,\"name\":\"EL ORIGEN DEL DESEO. CR\u00d3NICAS DEL TEMPLO I\"}]},{\"@type\":\"WebSite\",\"@id\":\"https:\/\/demoweb.info\/sexshop001\/#website\",\"url\":\"https:\/\/demoweb.info\/sexshop001\/\",\"name\":\"Tienda Er\u00f3tica\",\"description\":\"DEMOWEB SL\",\"potentialAction\":[{\"@type\":\"SearchAction\",\"target\":{\"@type\":\"EntryPoint\",\"urlTemplate\":\"https:\/\/demoweb.info\/sexshop001\/?s={search_term_string}\"},\"query-input\":\"required name=search_term_string\"}],\"inLanguage\":\"es\"}]}<\/script>\n<!-- \/ Yoast SEO plugin. -->","yoast_head_json":{"title":"EL ORIGEN DEL DESEO. CR\u00d3NICAS DEL TEMPLO I - Tienda Er\u00f3tica","robots":{"index":"noindex","follow":"follow","max-snippet":"max-snippet:-1","max-image-preview":"max-image-preview:large","max-video-preview":"max-video-preview:-1"},"og_locale":"es_ES","og_type":"article","og_title":"EL ORIGEN DEL DESEO. CR\u00d3NICAS DEL TEMPLO I - Tienda Er\u00f3tica","og_description":"EL ORIGEN DEL DESEO. CR\u00d3NICAS DEL TEMPLO I Noelia Amarillo. Eberhar no se atrev\u00eda a expresar sus deseos m\u00e1s que","og_url":"https:\/\/demoweb.info\/sexshop001\/producto\/el-origen-del-deseo-cronicas-del-templo-i\/","og_site_name":"Tienda Er\u00f3tica","article_modified_time":"2022-01-22T14:09:57+00:00","og_image":[{"width":550,"height":550,"url":"https:\/\/demoweb.info\/sexshop001\/wp-content\/uploads\/2022\/01\/EL-ORIGEN-DEL-DESEO.-CRONICAS-DEL-TEMPLO-I.jpg","type":"image\/jpeg"}],"twitter_card":"summary_large_image","twitter_misc":{"Tiempo de lectura":"1 minuto"},"schema":{"@context":"https:\/\/schema.org","@graph":[{"@type":"WebPage","@id":"https:\/\/demoweb.info\/sexshop001\/producto\/el-origen-del-deseo-cronicas-del-templo-i\/","url":"https:\/\/demoweb.info\/sexshop001\/producto\/el-origen-del-deseo-cronicas-del-templo-i\/","name":"EL ORIGEN DEL DESEO. CR\u00d3NICAS DEL TEMPLO I - Tienda Er\u00f3tica","isPartOf":{"@id":"https:\/\/demoweb.info\/sexshop001\/#website"},"datePublished":"2022-01-22T14:09:51+00:00","dateModified":"2022-01-22T14:09:57+00:00","breadcrumb":{"@id":"https:\/\/demoweb.info\/sexshop001\/producto\/el-origen-del-deseo-cronicas-del-templo-i\/#breadcrumb"},"inLanguage":"es","potentialAction":[{"@type":"ReadAction","target":["https:\/\/demoweb.info\/sexshop001\/producto\/el-origen-del-deseo-cronicas-del-templo-i\/"]}]},{"@type":"BreadcrumbList","@id":"https:\/\/demoweb.info\/sexshop001\/producto\/el-origen-del-deseo-cronicas-del-templo-i\/#breadcrumb","itemListElement":[{"@type":"ListItem","position":1,"name":"Portada","item":"https:\/\/demoweb.info\/sexshop001\/"},{"@type":"ListItem","position":2,"name":"Tienda","item":"https:\/\/demoweb.info\/sexshop001\/tienda\/"},{"@type":"ListItem","position":3,"name":"EL ORIGEN DEL DESEO. CR\u00d3NICAS DEL TEMPLO I"}]},{"@type":"WebSite","@id":"https:\/\/demoweb.info\/sexshop001\/#website","url":"https:\/\/demoweb.info\/sexshop001\/","name":"Tienda Er\u00f3tica","description":"DEMOWEB SL","potentialAction":[{"@type":"SearchAction","target":{"@type":"EntryPoint","urlTemplate":"https:\/\/demoweb.info\/sexshop001\/?s={search_term_string}"},"query-input":"required name=search_term_string"}],"inLanguage":"es"}]}},"_links":{"self":[{"href":"https:\/\/demoweb.info\/sexshop001\/wp-json\/wp\/v3\/product\/45209","targetHints":{"allow":["GET"]}}],"collection":[{"href":"https:\/\/demoweb.info\/sexshop001\/wp-json\/wp\/v3\/product"}],"about":[{"href":"https:\/\/demoweb.info\/sexshop001\/wp-json\/wp\/v2\/types\/product"}],"replies":[{"embeddable":true,"href":"https:\/\/demoweb.info\/sexshop001\/wp-json\/wp\/v2\/comments?post=45209"}],"wp:featuredmedia":[{"embeddable":true,"href":"https:\/\/demoweb.info\/sexshop001\/wp-json\/wp\/v2\/media\/45210"}],"wp:attachment":[{"href":"https:\/\/demoweb.info\/sexshop001\/wp-json\/wp\/v2\/media?parent=45209"}],"wp:term":[{"taxonomy":"product_cat","embeddable":true,"href":"https:\/\/demoweb.info\/sexshop001\/wp-json\/wp\/v2\/product_cat?post=45209"},{"taxonomy":"product_tag","embeddable":true,"href":"https:\/\/demoweb.info\/sexshop001\/wp-json\/wp\/v2\/product_tag?post=45209"}],"curies":[{"name":"wp","href":"https:\/\/api.w.org\/{rel}","templated":true}]}}