{"id":45145,"date":"2022-01-22T15:09:13","date_gmt":"2022-01-22T14:09:13","guid":{"rendered":"https:\/\/demoweb.info\/sexshop001\/producto\/emperor-pene-realistico-natural-2\/"},"modified":"2022-01-22T15:09:20","modified_gmt":"2022-01-22T14:09:20","slug":"emperor-pene-realistico-natural-2","status":"publish","type":"product","link":"https:\/\/demoweb.info\/sexshop001\/producto\/emperor-pene-realistico-natural-2\/","title":{"rendered":"EMPEROR PENE REAL\u00cdSTICO NATURAL"},"content":{"rendered":"<p><strong>EMPEROR FLESH 8 INCH<\/strong><\/p>\n<p>Fant\u00e1stico pene real\u00edstico de color natural, con base de succi\u00f3n f\u00e1cil de adaptar a cualquier superficie.<\/p>\n<p>Medidas insertables: 17 x 5 cm<\/p>\n","protected":false},"excerpt":{"rendered":"<p>EMPEROR FLESH 8 INCH Fant\u00e1stico pene real\u00edstico de color natural, con base de succi\u00f3n f\u00e1cil de adaptar a cualquier superficie.<\/p>\n","protected":false},"featured_media":45146,"comment_status":"open","ping_status":"open","template":"","meta":[],"product_cat":[386],"product_tag":[660,955],"class_list":["post-45145","product","type-product","status-publish","has-post-thumbnail","hentry","product_cat-realisticos","product_tag-calexotics","product_tag-emperor"],"bundled_by":[],"bundle_stock_status":"outofstock","bundle_stock_quantity":0,"bundle_virtual":false,"bundle_layout":"","bundle_add_to_cart_form_location":"","bundle_editable_in_cart":false,"bundle_sold_individually_context":"","bundle_item_grouping":"","bundle_min_size":"","bundle_max_size":"","bundled_items":[],"yoast_head":"<!-- This site is optimized with the Yoast SEO plugin v20.6 - https:\/\/yoast.com\/wordpress\/plugins\/seo\/ -->\n<title>EMPEROR PENE REAL\u00cdSTICO NATURAL - Tienda Er\u00f3tica<\/title>\n<meta name=\"robots\" content=\"noindex, follow, max-snippet:-1, max-image-preview:large, max-video-preview:-1\" \/>\n<meta property=\"og:locale\" content=\"es_ES\" \/>\n<meta property=\"og:type\" content=\"article\" \/>\n<meta property=\"og:title\" content=\"EMPEROR PENE REAL\u00cdSTICO NATURAL - Tienda Er\u00f3tica\" \/>\n<meta property=\"og:description\" content=\"EMPEROR FLESH 8 INCH Fant\u00e1stico pene real\u00edstico de color natural, con base de succi\u00f3n f\u00e1cil de adaptar a cualquier superficie.\" \/>\n<meta property=\"og:url\" content=\"https:\/\/demoweb.info\/sexshop001\/producto\/emperor-pene-realistico-natural-2\/\" \/>\n<meta property=\"og:site_name\" content=\"Tienda Er\u00f3tica\" \/>\n<meta property=\"article:modified_time\" content=\"2022-01-22T14:09:20+00:00\" \/>\n<meta property=\"og:image\" content=\"https:\/\/demoweb.info\/sexshop001\/wp-content\/uploads\/2022\/01\/EMPEROR-PENE-REALISTICO-NATURAL-2.jpg\" \/>\n\t<meta property=\"og:image:width\" content=\"550\" \/>\n\t<meta property=\"og:image:height\" content=\"550\" \/>\n\t<meta property=\"og:image:type\" content=\"image\/jpeg\" \/>\n<meta name=\"twitter:card\" content=\"summary_large_image\" \/>\n<script type=\"application\/ld+json\" class=\"yoast-schema-graph\">{\"@context\":\"https:\/\/schema.org\",\"@graph\":[{\"@type\":\"WebPage\",\"@id\":\"https:\/\/demoweb.info\/sexshop001\/producto\/emperor-pene-realistico-natural-2\/\",\"url\":\"https:\/\/demoweb.info\/sexshop001\/producto\/emperor-pene-realistico-natural-2\/\",\"name\":\"EMPEROR PENE REAL\u00cdSTICO NATURAL - Tienda Er\u00f3tica\",\"isPartOf\":{\"@id\":\"https:\/\/demoweb.info\/sexshop001\/#website\"},\"datePublished\":\"2022-01-22T14:09:13+00:00\",\"dateModified\":\"2022-01-22T14:09:20+00:00\",\"breadcrumb\":{\"@id\":\"https:\/\/demoweb.info\/sexshop001\/producto\/emperor-pene-realistico-natural-2\/#breadcrumb\"},\"inLanguage\":\"es\",\"potentialAction\":[{\"@type\":\"ReadAction\",\"target\":[\"https:\/\/demoweb.info\/sexshop001\/producto\/emperor-pene-realistico-natural-2\/\"]}]},{\"@type\":\"BreadcrumbList\",\"@id\":\"https:\/\/demoweb.info\/sexshop001\/producto\/emperor-pene-realistico-natural-2\/#breadcrumb\",\"itemListElement\":[{\"@type\":\"ListItem\",\"position\":1,\"name\":\"Portada\",\"item\":\"https:\/\/demoweb.info\/sexshop001\/\"},{\"@type\":\"ListItem\",\"position\":2,\"name\":\"Tienda\",\"item\":\"https:\/\/demoweb.info\/sexshop001\/tienda\/\"},{\"@type\":\"ListItem\",\"position\":3,\"name\":\"EMPEROR PENE REAL\u00cdSTICO NATURAL\"}]},{\"@type\":\"WebSite\",\"@id\":\"https:\/\/demoweb.info\/sexshop001\/#website\",\"url\":\"https:\/\/demoweb.info\/sexshop001\/\",\"name\":\"Tienda Er\u00f3tica\",\"description\":\"DEMOWEB SL\",\"potentialAction\":[{\"@type\":\"SearchAction\",\"target\":{\"@type\":\"EntryPoint\",\"urlTemplate\":\"https:\/\/demoweb.info\/sexshop001\/?s={search_term_string}\"},\"query-input\":\"required name=search_term_string\"}],\"inLanguage\":\"es\"}]}<\/script>\n<!-- \/ Yoast SEO plugin. -->","yoast_head_json":{"title":"EMPEROR PENE REAL\u00cdSTICO NATURAL - Tienda Er\u00f3tica","robots":{"index":"noindex","follow":"follow","max-snippet":"max-snippet:-1","max-image-preview":"max-image-preview:large","max-video-preview":"max-video-preview:-1"},"og_locale":"es_ES","og_type":"article","og_title":"EMPEROR PENE REAL\u00cdSTICO NATURAL - Tienda Er\u00f3tica","og_description":"EMPEROR FLESH 8 INCH Fant\u00e1stico pene real\u00edstico de color natural, con base de succi\u00f3n f\u00e1cil de adaptar a cualquier superficie.","og_url":"https:\/\/demoweb.info\/sexshop001\/producto\/emperor-pene-realistico-natural-2\/","og_site_name":"Tienda Er\u00f3tica","article_modified_time":"2022-01-22T14:09:20+00:00","og_image":[{"width":550,"height":550,"url":"https:\/\/demoweb.info\/sexshop001\/wp-content\/uploads\/2022\/01\/EMPEROR-PENE-REALISTICO-NATURAL-2.jpg","type":"image\/jpeg"}],"twitter_card":"summary_large_image","schema":{"@context":"https:\/\/schema.org","@graph":[{"@type":"WebPage","@id":"https:\/\/demoweb.info\/sexshop001\/producto\/emperor-pene-realistico-natural-2\/","url":"https:\/\/demoweb.info\/sexshop001\/producto\/emperor-pene-realistico-natural-2\/","name":"EMPEROR PENE REAL\u00cdSTICO NATURAL - Tienda Er\u00f3tica","isPartOf":{"@id":"https:\/\/demoweb.info\/sexshop001\/#website"},"datePublished":"2022-01-22T14:09:13+00:00","dateModified":"2022-01-22T14:09:20+00:00","breadcrumb":{"@id":"https:\/\/demoweb.info\/sexshop001\/producto\/emperor-pene-realistico-natural-2\/#breadcrumb"},"inLanguage":"es","potentialAction":[{"@type":"ReadAction","target":["https:\/\/demoweb.info\/sexshop001\/producto\/emperor-pene-realistico-natural-2\/"]}]},{"@type":"BreadcrumbList","@id":"https:\/\/demoweb.info\/sexshop001\/producto\/emperor-pene-realistico-natural-2\/#breadcrumb","itemListElement":[{"@type":"ListItem","position":1,"name":"Portada","item":"https:\/\/demoweb.info\/sexshop001\/"},{"@type":"ListItem","position":2,"name":"Tienda","item":"https:\/\/demoweb.info\/sexshop001\/tienda\/"},{"@type":"ListItem","position":3,"name":"EMPEROR PENE REAL\u00cdSTICO NATURAL"}]},{"@type":"WebSite","@id":"https:\/\/demoweb.info\/sexshop001\/#website","url":"https:\/\/demoweb.info\/sexshop001\/","name":"Tienda Er\u00f3tica","description":"DEMOWEB SL","potentialAction":[{"@type":"SearchAction","target":{"@type":"EntryPoint","urlTemplate":"https:\/\/demoweb.info\/sexshop001\/?s={search_term_string}"},"query-input":"required name=search_term_string"}],"inLanguage":"es"}]}},"_links":{"self":[{"href":"https:\/\/demoweb.info\/sexshop001\/wp-json\/wp\/v3\/product\/45145","targetHints":{"allow":["GET"]}}],"collection":[{"href":"https:\/\/demoweb.info\/sexshop001\/wp-json\/wp\/v3\/product"}],"about":[{"href":"https:\/\/demoweb.info\/sexshop001\/wp-json\/wp\/v2\/types\/product"}],"replies":[{"embeddable":true,"href":"https:\/\/demoweb.info\/sexshop001\/wp-json\/wp\/v2\/comments?post=45145"}],"wp:featuredmedia":[{"embeddable":true,"href":"https:\/\/demoweb.info\/sexshop001\/wp-json\/wp\/v2\/media\/45146"}],"wp:attachment":[{"href":"https:\/\/demoweb.info\/sexshop001\/wp-json\/wp\/v2\/media?parent=45145"}],"wp:term":[{"taxonomy":"product_cat","embeddable":true,"href":"https:\/\/demoweb.info\/sexshop001\/wp-json\/wp\/v2\/product_cat?post=45145"},{"taxonomy":"product_tag","embeddable":true,"href":"https:\/\/demoweb.info\/sexshop001\/wp-json\/wp\/v2\/product_tag?post=45145"}],"curies":[{"name":"wp","href":"https:\/\/api.w.org\/{rel}","templated":true}]}}