{"id":45098,"date":"2022-01-22T15:08:38","date_gmt":"2022-01-22T14:08:38","guid":{"rendered":"https:\/\/demoweb.info\/sexshop001\/producto\/desnuda-el-affaire-blackstone-i\/"},"modified":"2022-01-22T15:08:52","modified_gmt":"2022-01-22T14:08:52","slug":"desnuda-el-affaire-blackstone-i","status":"publish","type":"product","link":"https:\/\/demoweb.info\/sexshop001\/producto\/desnuda-el-affaire-blackstone-i\/","title":{"rendered":"DESNUDA. EL AFFAIRE BLACKSTONE I"},"content":{"rendered":"<p><strong>DESNUDA. EL AFFAIRE BLACKSTONE I.<\/strong><\/p>\n<p><strong>Raine Miller. <\/strong><\/p>\n<p>Un fruto prohibido es especialmente tentador.No hay que resistirse, morderlo es delicioso&#8230;Primera parte de la trilog\u00eda er\u00f3tica que ha seducido a las lectoras de \u00abCincuenta sombras\u00bb.El compr\u00f3 mi fotograf\u00eda y posey\u00f3 mi alma&#8230;Ethan Blackstone es un hombre rico, sexy y protector. Dirige su propia compa\u00f1\u00eda de seguridad priva da y ahora est\u00e1 inmerso en la organizaci\u00f3n de los Juegos Ol\u00edmpicos 2012. Brynne Bennet es una chica americana con un pasado que contin\u00faa aterroriz\u00e1ndola en sus pesadillas y por el que recibe tratamiento psicol\u00f3gico. Vive en Londres, donde intenta empezar de nuevo mientras compagina sus estudios de arte con su trabajo como modelo.Ambos se encuentran de manera fortuita en una exposici\u00f3n de fotograf\u00eda en la que ella participa. Entre los dos surge de inmediato una atracci\u00f3n magn\u00e9tica que los acerca de forma peligrosa.Pero en esta relaci\u00f3n se esconden secretos. Secretos que oprimen el alma y que dejan profundas cicatrices. \u00bfSer\u00e1 Ethan capaz de liberar a Brynne del pasado que la estigmatiza? \u00bfCeder\u00e1 Brynne a sus encantos, o los espectros que la atormentan volver\u00e1n a resurgir y acabar\u00e1n con la oportunidad de forjar un futuro en com\u00fan?<\/p>\n<p>218 P\u00e1ginas.<\/p>\n","protected":false},"excerpt":{"rendered":"<p>DESNUDA. EL AFFAIRE BLACKSTONE I. Raine Miller. Un fruto prohibido es especialmente tentador.No hay que resistirse, morderlo es delicioso&#8230;Primera parte<\/p>\n","protected":false},"featured_media":45099,"comment_status":"open","ping_status":"open","template":"","meta":[],"product_cat":[414],"product_tag":[722,415],"class_list":["post-45098","product","type-product","status-publish","has-post-thumbnail","hentry","product_cat-libros","product_tag-debolsillo","product_tag-random-house"],"bundled_by":[],"bundle_stock_status":"instock","bundle_stock_quantity":3,"bundle_virtual":false,"bundle_layout":"","bundle_add_to_cart_form_location":"","bundle_editable_in_cart":false,"bundle_sold_individually_context":"","bundle_item_grouping":"","bundle_min_size":"","bundle_max_size":"","bundled_items":[],"yoast_head":"<!-- This site is optimized with the Yoast SEO plugin v20.6 - https:\/\/yoast.com\/wordpress\/plugins\/seo\/ -->\n<title>DESNUDA. EL AFFAIRE BLACKSTONE I - Tienda Er\u00f3tica<\/title>\n<meta name=\"robots\" content=\"noindex, follow, max-snippet:-1, max-image-preview:large, max-video-preview:-1\" \/>\n<meta property=\"og:locale\" content=\"es_ES\" \/>\n<meta property=\"og:type\" content=\"article\" \/>\n<meta property=\"og:title\" content=\"DESNUDA. EL AFFAIRE BLACKSTONE I - Tienda Er\u00f3tica\" \/>\n<meta property=\"og:description\" content=\"DESNUDA. EL AFFAIRE BLACKSTONE I. Raine Miller. Un fruto prohibido es especialmente tentador.No hay que resistirse, morderlo es delicioso&#8230;Primera parte\" \/>\n<meta property=\"og:url\" content=\"https:\/\/demoweb.info\/sexshop001\/producto\/desnuda-el-affaire-blackstone-i\/\" \/>\n<meta property=\"og:site_name\" content=\"Tienda Er\u00f3tica\" \/>\n<meta property=\"article:modified_time\" content=\"2022-01-22T14:08:52+00:00\" \/>\n<meta property=\"og:image\" content=\"https:\/\/demoweb.info\/sexshop001\/wp-content\/uploads\/2022\/01\/DESNUDA.-EL-AFFAIRE-BLACKSTONE-I.jpg\" \/>\n\t<meta property=\"og:image:width\" content=\"550\" \/>\n\t<meta property=\"og:image:height\" content=\"550\" \/>\n\t<meta property=\"og:image:type\" content=\"image\/jpeg\" \/>\n<meta name=\"twitter:card\" content=\"summary_large_image\" \/>\n<meta name=\"twitter:label1\" content=\"Tiempo de lectura\" \/>\n\t<meta name=\"twitter:data1\" content=\"1 minuto\" \/>\n<script type=\"application\/ld+json\" class=\"yoast-schema-graph\">{\"@context\":\"https:\/\/schema.org\",\"@graph\":[{\"@type\":\"WebPage\",\"@id\":\"https:\/\/demoweb.info\/sexshop001\/producto\/desnuda-el-affaire-blackstone-i\/\",\"url\":\"https:\/\/demoweb.info\/sexshop001\/producto\/desnuda-el-affaire-blackstone-i\/\",\"name\":\"DESNUDA. EL AFFAIRE BLACKSTONE I - Tienda Er\u00f3tica\",\"isPartOf\":{\"@id\":\"https:\/\/demoweb.info\/sexshop001\/#website\"},\"datePublished\":\"2022-01-22T14:08:38+00:00\",\"dateModified\":\"2022-01-22T14:08:52+00:00\",\"breadcrumb\":{\"@id\":\"https:\/\/demoweb.info\/sexshop001\/producto\/desnuda-el-affaire-blackstone-i\/#breadcrumb\"},\"inLanguage\":\"es\",\"potentialAction\":[{\"@type\":\"ReadAction\",\"target\":[\"https:\/\/demoweb.info\/sexshop001\/producto\/desnuda-el-affaire-blackstone-i\/\"]}]},{\"@type\":\"BreadcrumbList\",\"@id\":\"https:\/\/demoweb.info\/sexshop001\/producto\/desnuda-el-affaire-blackstone-i\/#breadcrumb\",\"itemListElement\":[{\"@type\":\"ListItem\",\"position\":1,\"name\":\"Portada\",\"item\":\"https:\/\/demoweb.info\/sexshop001\/\"},{\"@type\":\"ListItem\",\"position\":2,\"name\":\"Tienda\",\"item\":\"https:\/\/demoweb.info\/sexshop001\/tienda\/\"},{\"@type\":\"ListItem\",\"position\":3,\"name\":\"DESNUDA. EL AFFAIRE BLACKSTONE I\"}]},{\"@type\":\"WebSite\",\"@id\":\"https:\/\/demoweb.info\/sexshop001\/#website\",\"url\":\"https:\/\/demoweb.info\/sexshop001\/\",\"name\":\"Tienda Er\u00f3tica\",\"description\":\"DEMOWEB SL\",\"potentialAction\":[{\"@type\":\"SearchAction\",\"target\":{\"@type\":\"EntryPoint\",\"urlTemplate\":\"https:\/\/demoweb.info\/sexshop001\/?s={search_term_string}\"},\"query-input\":\"required name=search_term_string\"}],\"inLanguage\":\"es\"}]}<\/script>\n<!-- \/ Yoast SEO plugin. -->","yoast_head_json":{"title":"DESNUDA. EL AFFAIRE BLACKSTONE I - Tienda Er\u00f3tica","robots":{"index":"noindex","follow":"follow","max-snippet":"max-snippet:-1","max-image-preview":"max-image-preview:large","max-video-preview":"max-video-preview:-1"},"og_locale":"es_ES","og_type":"article","og_title":"DESNUDA. EL AFFAIRE BLACKSTONE I - Tienda Er\u00f3tica","og_description":"DESNUDA. EL AFFAIRE BLACKSTONE I. Raine Miller. Un fruto prohibido es especialmente tentador.No hay que resistirse, morderlo es delicioso&#8230;Primera parte","og_url":"https:\/\/demoweb.info\/sexshop001\/producto\/desnuda-el-affaire-blackstone-i\/","og_site_name":"Tienda Er\u00f3tica","article_modified_time":"2022-01-22T14:08:52+00:00","og_image":[{"width":550,"height":550,"url":"https:\/\/demoweb.info\/sexshop001\/wp-content\/uploads\/2022\/01\/DESNUDA.-EL-AFFAIRE-BLACKSTONE-I.jpg","type":"image\/jpeg"}],"twitter_card":"summary_large_image","twitter_misc":{"Tiempo de lectura":"1 minuto"},"schema":{"@context":"https:\/\/schema.org","@graph":[{"@type":"WebPage","@id":"https:\/\/demoweb.info\/sexshop001\/producto\/desnuda-el-affaire-blackstone-i\/","url":"https:\/\/demoweb.info\/sexshop001\/producto\/desnuda-el-affaire-blackstone-i\/","name":"DESNUDA. EL AFFAIRE BLACKSTONE I - Tienda Er\u00f3tica","isPartOf":{"@id":"https:\/\/demoweb.info\/sexshop001\/#website"},"datePublished":"2022-01-22T14:08:38+00:00","dateModified":"2022-01-22T14:08:52+00:00","breadcrumb":{"@id":"https:\/\/demoweb.info\/sexshop001\/producto\/desnuda-el-affaire-blackstone-i\/#breadcrumb"},"inLanguage":"es","potentialAction":[{"@type":"ReadAction","target":["https:\/\/demoweb.info\/sexshop001\/producto\/desnuda-el-affaire-blackstone-i\/"]}]},{"@type":"BreadcrumbList","@id":"https:\/\/demoweb.info\/sexshop001\/producto\/desnuda-el-affaire-blackstone-i\/#breadcrumb","itemListElement":[{"@type":"ListItem","position":1,"name":"Portada","item":"https:\/\/demoweb.info\/sexshop001\/"},{"@type":"ListItem","position":2,"name":"Tienda","item":"https:\/\/demoweb.info\/sexshop001\/tienda\/"},{"@type":"ListItem","position":3,"name":"DESNUDA. EL AFFAIRE BLACKSTONE I"}]},{"@type":"WebSite","@id":"https:\/\/demoweb.info\/sexshop001\/#website","url":"https:\/\/demoweb.info\/sexshop001\/","name":"Tienda Er\u00f3tica","description":"DEMOWEB SL","potentialAction":[{"@type":"SearchAction","target":{"@type":"EntryPoint","urlTemplate":"https:\/\/demoweb.info\/sexshop001\/?s={search_term_string}"},"query-input":"required name=search_term_string"}],"inLanguage":"es"}]}},"_links":{"self":[{"href":"https:\/\/demoweb.info\/sexshop001\/wp-json\/wp\/v3\/product\/45098","targetHints":{"allow":["GET"]}}],"collection":[{"href":"https:\/\/demoweb.info\/sexshop001\/wp-json\/wp\/v3\/product"}],"about":[{"href":"https:\/\/demoweb.info\/sexshop001\/wp-json\/wp\/v2\/types\/product"}],"replies":[{"embeddable":true,"href":"https:\/\/demoweb.info\/sexshop001\/wp-json\/wp\/v2\/comments?post=45098"}],"wp:featuredmedia":[{"embeddable":true,"href":"https:\/\/demoweb.info\/sexshop001\/wp-json\/wp\/v2\/media\/45099"}],"wp:attachment":[{"href":"https:\/\/demoweb.info\/sexshop001\/wp-json\/wp\/v2\/media?parent=45098"}],"wp:term":[{"taxonomy":"product_cat","embeddable":true,"href":"https:\/\/demoweb.info\/sexshop001\/wp-json\/wp\/v2\/product_cat?post=45098"},{"taxonomy":"product_tag","embeddable":true,"href":"https:\/\/demoweb.info\/sexshop001\/wp-json\/wp\/v2\/product_tag?post=45098"}],"curies":[{"name":"wp","href":"https:\/\/api.w.org\/{rel}","templated":true}]}}