{"id":45096,"date":"2022-01-22T15:08:38","date_gmt":"2022-01-22T14:08:38","guid":{"rendered":"https:\/\/demoweb.info\/sexshop001\/producto\/yo-te-miro-trilogia-de-los-sentidos-1\/"},"modified":"2022-01-22T15:08:51","modified_gmt":"2022-01-22T14:08:51","slug":"yo-te-miro-trilogia-de-los-sentidos-1","status":"publish","type":"product","link":"https:\/\/demoweb.info\/sexshop001\/producto\/yo-te-miro-trilogia-de-los-sentidos-1\/","title":{"rendered":"YO TE MIRO. TRILOGIA DE LOS SENTIDOS 1"},"content":{"rendered":"<p><strong>YO TE MIRO. TRILOGIA DE LOS SENTIDOS 1<\/strong><\/p>\n<p><strong>Irene Cao. <\/strong><\/p>\n<p>En esta primera entrega de la \u00abTrilog\u00eda de los sentidos\u00bb la excelencia del buen uso del lenguaje se abraza con la sensorialidad, la sensualidad y el disfrute de los placeres en todo su esplendor. Un relato apetecible y que destila literatura.Si se pudiese capturar el placer, Elena lo har\u00eda con los ojos. Tiene veintinueve a\u00f1os, una belleza inocente y descarada y a\u00fan desconoce la pasi\u00f3n. Su mundo est\u00e1 hecho de arte y colores, los del fresco que est\u00e1 restaurando en Venecia, la m\u00e1gica ciudad que la vio nacer.Hasta que encuentra a Leonardo, un chef de fama internacional que irrumpe en su vida y le da un vuelco a su historia de amor en ciernes con Filippo, a la idea que siempre ha tenido de s\u00ed misma y, sobre todo, a su manera de vivir el sexo. Porque Leonardo, inquilino inesperado en el palacio en el que ella trabaja, llega para abrir las puertas de un para\u00edso inexplorado del que solo \u00e9l posee las llaves. Los secretos de la cocina, de la materia ordinaria que se transforma en sus manos en \u00e9xtasis para el paladar, no son los \u00fanicos que conoce: Leonardo sabe que el placer es una conquista para todos los sentidos, tiene una forma, un olor, un sabor. Y guiar\u00e1 a Elena, la ayudar\u00e1 a superar sus l\u00edmites hasta llegar al conf\u00edn m\u00e1s dulce y extremo de la obsesi\u00f3n. No obstante, hay una condici\u00f3n..<\/p>\n<p>339 P\u00e1ginas.<\/p>\n","protected":false},"excerpt":{"rendered":"<p>YO TE MIRO. TRILOGIA DE LOS SENTIDOS 1 Irene Cao. En esta primera entrega de la \u00abTrilog\u00eda de los sentidos\u00bb<\/p>\n","protected":false},"featured_media":45097,"comment_status":"open","ping_status":"open","template":"","meta":[],"product_cat":[414],"product_tag":[722,415],"class_list":["post-45096","product","type-product","status-publish","has-post-thumbnail","hentry","product_cat-libros","product_tag-debolsillo","product_tag-random-house"],"bundled_by":[],"bundle_stock_status":"instock","bundle_stock_quantity":1,"bundle_virtual":false,"bundle_layout":"","bundle_add_to_cart_form_location":"","bundle_editable_in_cart":false,"bundle_sold_individually_context":"","bundle_item_grouping":"","bundle_min_size":"","bundle_max_size":"","bundled_items":[],"yoast_head":"<!-- This site is optimized with the Yoast SEO plugin v20.6 - https:\/\/yoast.com\/wordpress\/plugins\/seo\/ -->\n<title>YO TE MIRO. TRILOGIA DE LOS SENTIDOS 1 - Tienda Er\u00f3tica<\/title>\n<meta name=\"robots\" content=\"noindex, follow, max-snippet:-1, max-image-preview:large, max-video-preview:-1\" \/>\n<meta property=\"og:locale\" content=\"es_ES\" \/>\n<meta property=\"og:type\" content=\"article\" \/>\n<meta property=\"og:title\" content=\"YO TE MIRO. TRILOGIA DE LOS SENTIDOS 1 - Tienda Er\u00f3tica\" \/>\n<meta property=\"og:description\" content=\"YO TE MIRO. TRILOGIA DE LOS SENTIDOS 1 Irene Cao. En esta primera entrega de la \u00abTrilog\u00eda de los sentidos\u00bb\" \/>\n<meta property=\"og:url\" content=\"https:\/\/demoweb.info\/sexshop001\/producto\/yo-te-miro-trilogia-de-los-sentidos-1\/\" \/>\n<meta property=\"og:site_name\" content=\"Tienda Er\u00f3tica\" \/>\n<meta property=\"article:modified_time\" content=\"2022-01-22T14:08:51+00:00\" \/>\n<meta property=\"og:image\" content=\"https:\/\/demoweb.info\/sexshop001\/wp-content\/uploads\/2022\/01\/YO-TE-MIRO.-TRILOGIA-DE-LOS-SENTIDOS-1.jpg\" \/>\n\t<meta property=\"og:image:width\" content=\"550\" \/>\n\t<meta property=\"og:image:height\" content=\"550\" \/>\n\t<meta property=\"og:image:type\" content=\"image\/jpeg\" \/>\n<meta name=\"twitter:card\" content=\"summary_large_image\" \/>\n<meta name=\"twitter:label1\" content=\"Tiempo de lectura\" \/>\n\t<meta name=\"twitter:data1\" content=\"1 minuto\" \/>\n<script type=\"application\/ld+json\" class=\"yoast-schema-graph\">{\"@context\":\"https:\/\/schema.org\",\"@graph\":[{\"@type\":\"WebPage\",\"@id\":\"https:\/\/demoweb.info\/sexshop001\/producto\/yo-te-miro-trilogia-de-los-sentidos-1\/\",\"url\":\"https:\/\/demoweb.info\/sexshop001\/producto\/yo-te-miro-trilogia-de-los-sentidos-1\/\",\"name\":\"YO TE MIRO. TRILOGIA DE LOS SENTIDOS 1 - Tienda Er\u00f3tica\",\"isPartOf\":{\"@id\":\"https:\/\/demoweb.info\/sexshop001\/#website\"},\"datePublished\":\"2022-01-22T14:08:38+00:00\",\"dateModified\":\"2022-01-22T14:08:51+00:00\",\"breadcrumb\":{\"@id\":\"https:\/\/demoweb.info\/sexshop001\/producto\/yo-te-miro-trilogia-de-los-sentidos-1\/#breadcrumb\"},\"inLanguage\":\"es\",\"potentialAction\":[{\"@type\":\"ReadAction\",\"target\":[\"https:\/\/demoweb.info\/sexshop001\/producto\/yo-te-miro-trilogia-de-los-sentidos-1\/\"]}]},{\"@type\":\"BreadcrumbList\",\"@id\":\"https:\/\/demoweb.info\/sexshop001\/producto\/yo-te-miro-trilogia-de-los-sentidos-1\/#breadcrumb\",\"itemListElement\":[{\"@type\":\"ListItem\",\"position\":1,\"name\":\"Portada\",\"item\":\"https:\/\/demoweb.info\/sexshop001\/\"},{\"@type\":\"ListItem\",\"position\":2,\"name\":\"Tienda\",\"item\":\"https:\/\/demoweb.info\/sexshop001\/tienda\/\"},{\"@type\":\"ListItem\",\"position\":3,\"name\":\"YO TE MIRO. TRILOGIA DE LOS SENTIDOS 1\"}]},{\"@type\":\"WebSite\",\"@id\":\"https:\/\/demoweb.info\/sexshop001\/#website\",\"url\":\"https:\/\/demoweb.info\/sexshop001\/\",\"name\":\"Tienda Er\u00f3tica\",\"description\":\"DEMOWEB SL\",\"potentialAction\":[{\"@type\":\"SearchAction\",\"target\":{\"@type\":\"EntryPoint\",\"urlTemplate\":\"https:\/\/demoweb.info\/sexshop001\/?s={search_term_string}\"},\"query-input\":\"required name=search_term_string\"}],\"inLanguage\":\"es\"}]}<\/script>\n<!-- \/ Yoast SEO plugin. -->","yoast_head_json":{"title":"YO TE MIRO. TRILOGIA DE LOS SENTIDOS 1 - Tienda Er\u00f3tica","robots":{"index":"noindex","follow":"follow","max-snippet":"max-snippet:-1","max-image-preview":"max-image-preview:large","max-video-preview":"max-video-preview:-1"},"og_locale":"es_ES","og_type":"article","og_title":"YO TE MIRO. TRILOGIA DE LOS SENTIDOS 1 - Tienda Er\u00f3tica","og_description":"YO TE MIRO. TRILOGIA DE LOS SENTIDOS 1 Irene Cao. En esta primera entrega de la \u00abTrilog\u00eda de los sentidos\u00bb","og_url":"https:\/\/demoweb.info\/sexshop001\/producto\/yo-te-miro-trilogia-de-los-sentidos-1\/","og_site_name":"Tienda Er\u00f3tica","article_modified_time":"2022-01-22T14:08:51+00:00","og_image":[{"width":550,"height":550,"url":"https:\/\/demoweb.info\/sexshop001\/wp-content\/uploads\/2022\/01\/YO-TE-MIRO.-TRILOGIA-DE-LOS-SENTIDOS-1.jpg","type":"image\/jpeg"}],"twitter_card":"summary_large_image","twitter_misc":{"Tiempo de lectura":"1 minuto"},"schema":{"@context":"https:\/\/schema.org","@graph":[{"@type":"WebPage","@id":"https:\/\/demoweb.info\/sexshop001\/producto\/yo-te-miro-trilogia-de-los-sentidos-1\/","url":"https:\/\/demoweb.info\/sexshop001\/producto\/yo-te-miro-trilogia-de-los-sentidos-1\/","name":"YO TE MIRO. TRILOGIA DE LOS SENTIDOS 1 - Tienda Er\u00f3tica","isPartOf":{"@id":"https:\/\/demoweb.info\/sexshop001\/#website"},"datePublished":"2022-01-22T14:08:38+00:00","dateModified":"2022-01-22T14:08:51+00:00","breadcrumb":{"@id":"https:\/\/demoweb.info\/sexshop001\/producto\/yo-te-miro-trilogia-de-los-sentidos-1\/#breadcrumb"},"inLanguage":"es","potentialAction":[{"@type":"ReadAction","target":["https:\/\/demoweb.info\/sexshop001\/producto\/yo-te-miro-trilogia-de-los-sentidos-1\/"]}]},{"@type":"BreadcrumbList","@id":"https:\/\/demoweb.info\/sexshop001\/producto\/yo-te-miro-trilogia-de-los-sentidos-1\/#breadcrumb","itemListElement":[{"@type":"ListItem","position":1,"name":"Portada","item":"https:\/\/demoweb.info\/sexshop001\/"},{"@type":"ListItem","position":2,"name":"Tienda","item":"https:\/\/demoweb.info\/sexshop001\/tienda\/"},{"@type":"ListItem","position":3,"name":"YO TE MIRO. TRILOGIA DE LOS SENTIDOS 1"}]},{"@type":"WebSite","@id":"https:\/\/demoweb.info\/sexshop001\/#website","url":"https:\/\/demoweb.info\/sexshop001\/","name":"Tienda Er\u00f3tica","description":"DEMOWEB SL","potentialAction":[{"@type":"SearchAction","target":{"@type":"EntryPoint","urlTemplate":"https:\/\/demoweb.info\/sexshop001\/?s={search_term_string}"},"query-input":"required name=search_term_string"}],"inLanguage":"es"}]}},"_links":{"self":[{"href":"https:\/\/demoweb.info\/sexshop001\/wp-json\/wp\/v3\/product\/45096","targetHints":{"allow":["GET"]}}],"collection":[{"href":"https:\/\/demoweb.info\/sexshop001\/wp-json\/wp\/v3\/product"}],"about":[{"href":"https:\/\/demoweb.info\/sexshop001\/wp-json\/wp\/v2\/types\/product"}],"replies":[{"embeddable":true,"href":"https:\/\/demoweb.info\/sexshop001\/wp-json\/wp\/v2\/comments?post=45096"}],"wp:featuredmedia":[{"embeddable":true,"href":"https:\/\/demoweb.info\/sexshop001\/wp-json\/wp\/v2\/media\/45097"}],"wp:attachment":[{"href":"https:\/\/demoweb.info\/sexshop001\/wp-json\/wp\/v2\/media?parent=45096"}],"wp:term":[{"taxonomy":"product_cat","embeddable":true,"href":"https:\/\/demoweb.info\/sexshop001\/wp-json\/wp\/v2\/product_cat?post=45096"},{"taxonomy":"product_tag","embeddable":true,"href":"https:\/\/demoweb.info\/sexshop001\/wp-json\/wp\/v2\/product_tag?post=45096"}],"curies":[{"name":"wp","href":"https:\/\/api.w.org\/{rel}","templated":true}]}}