{"id":45089,"date":"2022-01-22T15:08:38","date_gmt":"2022-01-22T14:08:38","guid":{"rendered":"https:\/\/demoweb.info\/sexshop001\/producto\/tenga-masturbador-vacuum-controller\/"},"modified":"2022-01-22T15:08:47","modified_gmt":"2022-01-22T14:08:47","slug":"tenga-masturbador-vacuum-controller","status":"publish","type":"product","link":"https:\/\/demoweb.info\/sexshop001\/producto\/tenga-masturbador-vacuum-controller\/","title":{"rendered":"TENGA MASTURBADOR VACUUM CONTROLLER"},"content":{"rendered":"<p><strong>TENGA VACUUM CONTROLLER<\/strong><\/p>\n<p><strong>TENGA VACUUM CONTROLLER <\/strong>\u00a1Control de vac\u00edo al alcance tu mano! Este nuevo formato de masturbador para hombre permite alcanzar el m\u00e1ximo placer gracias al VACUUM CONTROLLER con el que podr\u00e1s manipular la presi\u00f3n de vac\u00edo dentro de los productos de la serie TENGA CUP con solo pulsar el bot\u00f3n.<\/p>\n<p>Incluye el masturbador TENGA y el aplique controller compuesto por dos piezas.<\/p>\n<p>Incluye un masturbador tenga de regalo. Las pilas no van inclu\u00eddas.<\/p>\n<p>&#8211; No compatible con la seria TENGA AIR-TECH<\/p>\n<p>Tenga Vacuum te ofrece lo siguiente;<\/p>\n<p>&#8211; Alto poder de succi\u00f3n<br \/>\n&#8211; Fijaci\u00f3n sencilla<br \/>\n&#8211; Control con dos botones de facil uso<br \/>\n&#8211; Adaptadores para modelos standar y ultra size<\/p>\n","protected":false},"excerpt":{"rendered":"<p>TENGA VACUUM CONTROLLER TENGA VACUUM CONTROLLER \u00a1Control de vac\u00edo al alcance tu mano! Este nuevo formato de masturbador para hombre<\/p>\n","protected":false},"featured_media":45090,"comment_status":"open","ping_status":"open","template":"","meta":[],"product_cat":[542],"product_tag":[681,584],"class_list":["post-45089","product","type-product","status-publish","has-post-thumbnail","hentry","product_cat-clasicos","product_tag-cup","product_tag-tenga"],"bundled_by":[],"bundle_stock_status":"instock","bundle_stock_quantity":10,"bundle_virtual":false,"bundle_layout":"","bundle_add_to_cart_form_location":"","bundle_editable_in_cart":false,"bundle_sold_individually_context":"","bundle_item_grouping":"","bundle_min_size":"","bundle_max_size":"","bundled_items":[],"yoast_head":"<!-- This site is optimized with the Yoast SEO plugin v20.6 - https:\/\/yoast.com\/wordpress\/plugins\/seo\/ -->\n<title>TENGA MASTURBADOR VACUUM CONTROLLER - Tienda Er\u00f3tica<\/title>\n<meta name=\"robots\" content=\"noindex, follow, max-snippet:-1, max-image-preview:large, max-video-preview:-1\" \/>\n<meta property=\"og:locale\" content=\"es_ES\" \/>\n<meta property=\"og:type\" content=\"article\" \/>\n<meta property=\"og:title\" content=\"TENGA MASTURBADOR VACUUM CONTROLLER - Tienda Er\u00f3tica\" \/>\n<meta property=\"og:description\" content=\"TENGA VACUUM CONTROLLER TENGA VACUUM CONTROLLER \u00a1Control de vac\u00edo al alcance tu mano! Este nuevo formato de masturbador para hombre\" \/>\n<meta property=\"og:url\" content=\"https:\/\/demoweb.info\/sexshop001\/producto\/tenga-masturbador-vacuum-controller\/\" \/>\n<meta property=\"og:site_name\" content=\"Tienda Er\u00f3tica\" \/>\n<meta property=\"article:modified_time\" content=\"2022-01-22T14:08:47+00:00\" \/>\n<meta property=\"og:image\" content=\"https:\/\/demoweb.info\/sexshop001\/wp-content\/uploads\/2022\/01\/TENGA-MASTURBADOR-VACUUM-CONTROLLER.jpg\" \/>\n\t<meta property=\"og:image:width\" content=\"550\" \/>\n\t<meta property=\"og:image:height\" content=\"550\" \/>\n\t<meta property=\"og:image:type\" content=\"image\/jpeg\" \/>\n<meta name=\"twitter:card\" content=\"summary_large_image\" \/>\n<meta name=\"twitter:label1\" content=\"Tiempo de lectura\" \/>\n\t<meta name=\"twitter:data1\" content=\"1 minuto\" \/>\n<script type=\"application\/ld+json\" class=\"yoast-schema-graph\">{\"@context\":\"https:\/\/schema.org\",\"@graph\":[{\"@type\":\"WebPage\",\"@id\":\"https:\/\/demoweb.info\/sexshop001\/producto\/tenga-masturbador-vacuum-controller\/\",\"url\":\"https:\/\/demoweb.info\/sexshop001\/producto\/tenga-masturbador-vacuum-controller\/\",\"name\":\"TENGA MASTURBADOR VACUUM CONTROLLER - Tienda Er\u00f3tica\",\"isPartOf\":{\"@id\":\"https:\/\/demoweb.info\/sexshop001\/#website\"},\"datePublished\":\"2022-01-22T14:08:38+00:00\",\"dateModified\":\"2022-01-22T14:08:47+00:00\",\"breadcrumb\":{\"@id\":\"https:\/\/demoweb.info\/sexshop001\/producto\/tenga-masturbador-vacuum-controller\/#breadcrumb\"},\"inLanguage\":\"es\",\"potentialAction\":[{\"@type\":\"ReadAction\",\"target\":[\"https:\/\/demoweb.info\/sexshop001\/producto\/tenga-masturbador-vacuum-controller\/\"]}]},{\"@type\":\"BreadcrumbList\",\"@id\":\"https:\/\/demoweb.info\/sexshop001\/producto\/tenga-masturbador-vacuum-controller\/#breadcrumb\",\"itemListElement\":[{\"@type\":\"ListItem\",\"position\":1,\"name\":\"Portada\",\"item\":\"https:\/\/demoweb.info\/sexshop001\/\"},{\"@type\":\"ListItem\",\"position\":2,\"name\":\"Tienda\",\"item\":\"https:\/\/demoweb.info\/sexshop001\/tienda\/\"},{\"@type\":\"ListItem\",\"position\":3,\"name\":\"TENGA MASTURBADOR VACUUM CONTROLLER\"}]},{\"@type\":\"WebSite\",\"@id\":\"https:\/\/demoweb.info\/sexshop001\/#website\",\"url\":\"https:\/\/demoweb.info\/sexshop001\/\",\"name\":\"Tienda Er\u00f3tica\",\"description\":\"DEMOWEB SL\",\"potentialAction\":[{\"@type\":\"SearchAction\",\"target\":{\"@type\":\"EntryPoint\",\"urlTemplate\":\"https:\/\/demoweb.info\/sexshop001\/?s={search_term_string}\"},\"query-input\":\"required name=search_term_string\"}],\"inLanguage\":\"es\"}]}<\/script>\n<!-- \/ Yoast SEO plugin. -->","yoast_head_json":{"title":"TENGA MASTURBADOR VACUUM CONTROLLER - Tienda Er\u00f3tica","robots":{"index":"noindex","follow":"follow","max-snippet":"max-snippet:-1","max-image-preview":"max-image-preview:large","max-video-preview":"max-video-preview:-1"},"og_locale":"es_ES","og_type":"article","og_title":"TENGA MASTURBADOR VACUUM CONTROLLER - Tienda Er\u00f3tica","og_description":"TENGA VACUUM CONTROLLER TENGA VACUUM CONTROLLER \u00a1Control de vac\u00edo al alcance tu mano! Este nuevo formato de masturbador para hombre","og_url":"https:\/\/demoweb.info\/sexshop001\/producto\/tenga-masturbador-vacuum-controller\/","og_site_name":"Tienda Er\u00f3tica","article_modified_time":"2022-01-22T14:08:47+00:00","og_image":[{"width":550,"height":550,"url":"https:\/\/demoweb.info\/sexshop001\/wp-content\/uploads\/2022\/01\/TENGA-MASTURBADOR-VACUUM-CONTROLLER.jpg","type":"image\/jpeg"}],"twitter_card":"summary_large_image","twitter_misc":{"Tiempo de lectura":"1 minuto"},"schema":{"@context":"https:\/\/schema.org","@graph":[{"@type":"WebPage","@id":"https:\/\/demoweb.info\/sexshop001\/producto\/tenga-masturbador-vacuum-controller\/","url":"https:\/\/demoweb.info\/sexshop001\/producto\/tenga-masturbador-vacuum-controller\/","name":"TENGA MASTURBADOR VACUUM CONTROLLER - Tienda Er\u00f3tica","isPartOf":{"@id":"https:\/\/demoweb.info\/sexshop001\/#website"},"datePublished":"2022-01-22T14:08:38+00:00","dateModified":"2022-01-22T14:08:47+00:00","breadcrumb":{"@id":"https:\/\/demoweb.info\/sexshop001\/producto\/tenga-masturbador-vacuum-controller\/#breadcrumb"},"inLanguage":"es","potentialAction":[{"@type":"ReadAction","target":["https:\/\/demoweb.info\/sexshop001\/producto\/tenga-masturbador-vacuum-controller\/"]}]},{"@type":"BreadcrumbList","@id":"https:\/\/demoweb.info\/sexshop001\/producto\/tenga-masturbador-vacuum-controller\/#breadcrumb","itemListElement":[{"@type":"ListItem","position":1,"name":"Portada","item":"https:\/\/demoweb.info\/sexshop001\/"},{"@type":"ListItem","position":2,"name":"Tienda","item":"https:\/\/demoweb.info\/sexshop001\/tienda\/"},{"@type":"ListItem","position":3,"name":"TENGA MASTURBADOR VACUUM CONTROLLER"}]},{"@type":"WebSite","@id":"https:\/\/demoweb.info\/sexshop001\/#website","url":"https:\/\/demoweb.info\/sexshop001\/","name":"Tienda Er\u00f3tica","description":"DEMOWEB SL","potentialAction":[{"@type":"SearchAction","target":{"@type":"EntryPoint","urlTemplate":"https:\/\/demoweb.info\/sexshop001\/?s={search_term_string}"},"query-input":"required name=search_term_string"}],"inLanguage":"es"}]}},"_links":{"self":[{"href":"https:\/\/demoweb.info\/sexshop001\/wp-json\/wp\/v3\/product\/45089","targetHints":{"allow":["GET"]}}],"collection":[{"href":"https:\/\/demoweb.info\/sexshop001\/wp-json\/wp\/v3\/product"}],"about":[{"href":"https:\/\/demoweb.info\/sexshop001\/wp-json\/wp\/v2\/types\/product"}],"replies":[{"embeddable":true,"href":"https:\/\/demoweb.info\/sexshop001\/wp-json\/wp\/v2\/comments?post=45089"}],"wp:featuredmedia":[{"embeddable":true,"href":"https:\/\/demoweb.info\/sexshop001\/wp-json\/wp\/v2\/media\/45090"}],"wp:attachment":[{"href":"https:\/\/demoweb.info\/sexshop001\/wp-json\/wp\/v2\/media?parent=45089"}],"wp:term":[{"taxonomy":"product_cat","embeddable":true,"href":"https:\/\/demoweb.info\/sexshop001\/wp-json\/wp\/v2\/product_cat?post=45089"},{"taxonomy":"product_tag","embeddable":true,"href":"https:\/\/demoweb.info\/sexshop001\/wp-json\/wp\/v2\/product_tag?post=45089"}],"curies":[{"name":"wp","href":"https:\/\/api.w.org\/{rel}","templated":true}]}}