{"id":45056,"date":"2022-01-22T15:08:21","date_gmt":"2022-01-22T14:08:21","guid":{"rendered":"https:\/\/demoweb.info\/sexshop001\/producto\/rich-tapon-anal-oro-12-cm-con-zafiro-morado\/"},"modified":"2022-01-22T15:08:26","modified_gmt":"2022-01-22T14:08:26","slug":"rich-tapon-anal-oro-12-cm-con-zafiro-morado","status":"publish","type":"product","link":"https:\/\/demoweb.info\/sexshop001\/producto\/rich-tapon-anal-oro-12-cm-con-zafiro-morado\/","title":{"rendered":"RICH TAP\u00d3N ANAL ORO 12 CM CON ZAFIRO MORADO"},"content":{"rendered":"<p><strong>RICH GOLD PLUG 12 CM PURPLE SAPPHIRE<\/strong><\/p>\n<p>Con este lujoso tap\u00f3n sin duda experimentar\u00e1s el juego anal de la mejor manera posible A tu piel le encantar\u00e1 su fabuloso tacto y, gracias a su esbelto dise\u00f1o con curvas y a su di\u00e1metrode 3,3 cm, estimular\u00e1s todos tus sentidos al m\u00e1ximo.<\/p>\n<p>Tiene una la longitud de inserci\u00f3n de 12 cm y el final est\u00e1 tan bien dise\u00f1ado que no puede penetrar m\u00e1s de lo previsto. El extremo externo del tap\u00f3n anal presenta un precioso dise\u00f1o de diamante: \u00a1a tu pareja le encantar\u00e1!<\/p>\n<p>Medidas: 12 x 3.3 cm<br \/>\nResistente al agua.<\/p>\n","protected":false},"excerpt":{"rendered":"<p>RICH GOLD PLUG 12 CM PURPLE SAPPHIRE Con este lujoso tap\u00f3n sin duda experimentar\u00e1s el juego anal de la mejor<\/p>\n","protected":false},"featured_media":45057,"comment_status":"open","ping_status":"open","template":"","meta":[],"product_cat":[464],"product_tag":[1418,302],"class_list":["post-45056","product","type-product","status-publish","has-post-thumbnail","hentry","product_cat-metal-plugs","product_tag-rich","product_tag-shots"],"bundled_by":[],"bundle_stock_status":"instock","bundle_stock_quantity":1,"bundle_virtual":false,"bundle_layout":"","bundle_add_to_cart_form_location":"","bundle_editable_in_cart":false,"bundle_sold_individually_context":"","bundle_item_grouping":"","bundle_min_size":"","bundle_max_size":"","bundled_items":[],"yoast_head":"<!-- This site is optimized with the Yoast SEO plugin v20.6 - https:\/\/yoast.com\/wordpress\/plugins\/seo\/ -->\n<title>RICH TAP\u00d3N ANAL ORO 12 CM CON ZAFIRO MORADO - Tienda Er\u00f3tica<\/title>\n<meta name=\"robots\" content=\"noindex, follow, max-snippet:-1, max-image-preview:large, max-video-preview:-1\" \/>\n<meta property=\"og:locale\" content=\"es_ES\" \/>\n<meta property=\"og:type\" content=\"article\" \/>\n<meta property=\"og:title\" content=\"RICH TAP\u00d3N ANAL ORO 12 CM CON ZAFIRO MORADO - Tienda Er\u00f3tica\" \/>\n<meta property=\"og:description\" content=\"RICH GOLD PLUG 12 CM PURPLE SAPPHIRE Con este lujoso tap\u00f3n sin duda experimentar\u00e1s el juego anal de la mejor\" \/>\n<meta property=\"og:url\" content=\"https:\/\/demoweb.info\/sexshop001\/producto\/rich-tapon-anal-oro-12-cm-con-zafiro-morado\/\" \/>\n<meta property=\"og:site_name\" content=\"Tienda Er\u00f3tica\" \/>\n<meta property=\"article:modified_time\" content=\"2022-01-22T14:08:26+00:00\" \/>\n<meta property=\"og:image\" content=\"https:\/\/demoweb.info\/sexshop001\/wp-content\/uploads\/2022\/01\/RICH-TAPON-ANAL-ORO-12-CM-CON-ZAFIRO-MORADO.jpg\" \/>\n\t<meta property=\"og:image:width\" content=\"550\" \/>\n\t<meta property=\"og:image:height\" content=\"550\" \/>\n\t<meta property=\"og:image:type\" content=\"image\/jpeg\" \/>\n<meta name=\"twitter:card\" content=\"summary_large_image\" \/>\n<meta name=\"twitter:label1\" content=\"Tiempo de lectura\" \/>\n\t<meta name=\"twitter:data1\" content=\"1 minuto\" \/>\n<script type=\"application\/ld+json\" class=\"yoast-schema-graph\">{\"@context\":\"https:\/\/schema.org\",\"@graph\":[{\"@type\":\"WebPage\",\"@id\":\"https:\/\/demoweb.info\/sexshop001\/producto\/rich-tapon-anal-oro-12-cm-con-zafiro-morado\/\",\"url\":\"https:\/\/demoweb.info\/sexshop001\/producto\/rich-tapon-anal-oro-12-cm-con-zafiro-morado\/\",\"name\":\"RICH TAP\u00d3N ANAL ORO 12 CM CON ZAFIRO MORADO - Tienda Er\u00f3tica\",\"isPartOf\":{\"@id\":\"https:\/\/demoweb.info\/sexshop001\/#website\"},\"datePublished\":\"2022-01-22T14:08:21+00:00\",\"dateModified\":\"2022-01-22T14:08:26+00:00\",\"breadcrumb\":{\"@id\":\"https:\/\/demoweb.info\/sexshop001\/producto\/rich-tapon-anal-oro-12-cm-con-zafiro-morado\/#breadcrumb\"},\"inLanguage\":\"es\",\"potentialAction\":[{\"@type\":\"ReadAction\",\"target\":[\"https:\/\/demoweb.info\/sexshop001\/producto\/rich-tapon-anal-oro-12-cm-con-zafiro-morado\/\"]}]},{\"@type\":\"BreadcrumbList\",\"@id\":\"https:\/\/demoweb.info\/sexshop001\/producto\/rich-tapon-anal-oro-12-cm-con-zafiro-morado\/#breadcrumb\",\"itemListElement\":[{\"@type\":\"ListItem\",\"position\":1,\"name\":\"Portada\",\"item\":\"https:\/\/demoweb.info\/sexshop001\/\"},{\"@type\":\"ListItem\",\"position\":2,\"name\":\"Tienda\",\"item\":\"https:\/\/demoweb.info\/sexshop001\/tienda\/\"},{\"@type\":\"ListItem\",\"position\":3,\"name\":\"RICH TAP\u00d3N ANAL ORO 12 CM CON ZAFIRO MORADO\"}]},{\"@type\":\"WebSite\",\"@id\":\"https:\/\/demoweb.info\/sexshop001\/#website\",\"url\":\"https:\/\/demoweb.info\/sexshop001\/\",\"name\":\"Tienda Er\u00f3tica\",\"description\":\"DEMOWEB SL\",\"potentialAction\":[{\"@type\":\"SearchAction\",\"target\":{\"@type\":\"EntryPoint\",\"urlTemplate\":\"https:\/\/demoweb.info\/sexshop001\/?s={search_term_string}\"},\"query-input\":\"required name=search_term_string\"}],\"inLanguage\":\"es\"}]}<\/script>\n<!-- \/ Yoast SEO plugin. -->","yoast_head_json":{"title":"RICH TAP\u00d3N ANAL ORO 12 CM CON ZAFIRO MORADO - Tienda Er\u00f3tica","robots":{"index":"noindex","follow":"follow","max-snippet":"max-snippet:-1","max-image-preview":"max-image-preview:large","max-video-preview":"max-video-preview:-1"},"og_locale":"es_ES","og_type":"article","og_title":"RICH TAP\u00d3N ANAL ORO 12 CM CON ZAFIRO MORADO - Tienda Er\u00f3tica","og_description":"RICH GOLD PLUG 12 CM PURPLE SAPPHIRE Con este lujoso tap\u00f3n sin duda experimentar\u00e1s el juego anal de la mejor","og_url":"https:\/\/demoweb.info\/sexshop001\/producto\/rich-tapon-anal-oro-12-cm-con-zafiro-morado\/","og_site_name":"Tienda Er\u00f3tica","article_modified_time":"2022-01-22T14:08:26+00:00","og_image":[{"width":550,"height":550,"url":"https:\/\/demoweb.info\/sexshop001\/wp-content\/uploads\/2022\/01\/RICH-TAPON-ANAL-ORO-12-CM-CON-ZAFIRO-MORADO.jpg","type":"image\/jpeg"}],"twitter_card":"summary_large_image","twitter_misc":{"Tiempo de lectura":"1 minuto"},"schema":{"@context":"https:\/\/schema.org","@graph":[{"@type":"WebPage","@id":"https:\/\/demoweb.info\/sexshop001\/producto\/rich-tapon-anal-oro-12-cm-con-zafiro-morado\/","url":"https:\/\/demoweb.info\/sexshop001\/producto\/rich-tapon-anal-oro-12-cm-con-zafiro-morado\/","name":"RICH TAP\u00d3N ANAL ORO 12 CM CON ZAFIRO MORADO - Tienda Er\u00f3tica","isPartOf":{"@id":"https:\/\/demoweb.info\/sexshop001\/#website"},"datePublished":"2022-01-22T14:08:21+00:00","dateModified":"2022-01-22T14:08:26+00:00","breadcrumb":{"@id":"https:\/\/demoweb.info\/sexshop001\/producto\/rich-tapon-anal-oro-12-cm-con-zafiro-morado\/#breadcrumb"},"inLanguage":"es","potentialAction":[{"@type":"ReadAction","target":["https:\/\/demoweb.info\/sexshop001\/producto\/rich-tapon-anal-oro-12-cm-con-zafiro-morado\/"]}]},{"@type":"BreadcrumbList","@id":"https:\/\/demoweb.info\/sexshop001\/producto\/rich-tapon-anal-oro-12-cm-con-zafiro-morado\/#breadcrumb","itemListElement":[{"@type":"ListItem","position":1,"name":"Portada","item":"https:\/\/demoweb.info\/sexshop001\/"},{"@type":"ListItem","position":2,"name":"Tienda","item":"https:\/\/demoweb.info\/sexshop001\/tienda\/"},{"@type":"ListItem","position":3,"name":"RICH TAP\u00d3N ANAL ORO 12 CM CON ZAFIRO MORADO"}]},{"@type":"WebSite","@id":"https:\/\/demoweb.info\/sexshop001\/#website","url":"https:\/\/demoweb.info\/sexshop001\/","name":"Tienda Er\u00f3tica","description":"DEMOWEB SL","potentialAction":[{"@type":"SearchAction","target":{"@type":"EntryPoint","urlTemplate":"https:\/\/demoweb.info\/sexshop001\/?s={search_term_string}"},"query-input":"required name=search_term_string"}],"inLanguage":"es"}]}},"_links":{"self":[{"href":"https:\/\/demoweb.info\/sexshop001\/wp-json\/wp\/v3\/product\/45056","targetHints":{"allow":["GET"]}}],"collection":[{"href":"https:\/\/demoweb.info\/sexshop001\/wp-json\/wp\/v3\/product"}],"about":[{"href":"https:\/\/demoweb.info\/sexshop001\/wp-json\/wp\/v2\/types\/product"}],"replies":[{"embeddable":true,"href":"https:\/\/demoweb.info\/sexshop001\/wp-json\/wp\/v2\/comments?post=45056"}],"wp:featuredmedia":[{"embeddable":true,"href":"https:\/\/demoweb.info\/sexshop001\/wp-json\/wp\/v2\/media\/45057"}],"wp:attachment":[{"href":"https:\/\/demoweb.info\/sexshop001\/wp-json\/wp\/v2\/media?parent=45056"}],"wp:term":[{"taxonomy":"product_cat","embeddable":true,"href":"https:\/\/demoweb.info\/sexshop001\/wp-json\/wp\/v2\/product_cat?post=45056"},{"taxonomy":"product_tag","embeddable":true,"href":"https:\/\/demoweb.info\/sexshop001\/wp-json\/wp\/v2\/product_tag?post=45056"}],"curies":[{"name":"wp","href":"https:\/\/api.w.org\/{rel}","templated":true}]}}