{"id":44995,"date":"2022-01-22T15:07:54","date_gmt":"2022-01-22T14:07:54","guid":{"rendered":"https:\/\/demoweb.info\/sexshop001\/producto\/latigo-azotador-con-tiras-de-cristal\/"},"modified":"2022-01-22T15:07:54","modified_gmt":"2022-01-22T14:07:54","slug":"latigo-azotador-con-tiras-de-cristal","status":"publish","type":"product","link":"https:\/\/demoweb.info\/sexshop001\/producto\/latigo-azotador-con-tiras-de-cristal\/","title":{"rendered":"L\u00c1TIGO AZOTADOR CON TIRAS DE CRISTAL"},"content":{"rendered":"<p><strong>CRYSTAL WHIP <\/strong><\/p>\n<p>L\u00e1tigo azotador con tiras de cuero y dos finas tiras de cristales brillantes que le dar\u00e1n un toque elegante a tus juegos de bondage.<\/p>\n<p>Tiene mango de madera reforzado que facilita su agarre.<\/p>\n<p>Mide 50 cm de largo.<\/p>\n","protected":false},"excerpt":{"rendered":"<p>CRYSTAL WHIP L\u00e1tigo azotador con tiras de cuero y dos finas tiras de cristales brillantes que le dar\u00e1n un toque<\/p>\n","protected":false},"featured_media":44996,"comment_status":"open","ping_status":"open","template":"","meta":[],"product_cat":[336],"product_tag":[1415,626],"class_list":["post-44995","product","type-product","status-publish","has-post-thumbnail","hentry","product_cat-latigos","product_tag-sex-and-mischief","product_tag-sportsheets"],"bundled_by":[],"bundle_stock_status":"instock","bundle_stock_quantity":1,"bundle_virtual":false,"bundle_layout":"","bundle_add_to_cart_form_location":"","bundle_editable_in_cart":false,"bundle_sold_individually_context":"","bundle_item_grouping":"","bundle_min_size":"","bundle_max_size":"","bundled_items":[],"yoast_head":"<!-- This site is optimized with the Yoast SEO plugin v20.6 - https:\/\/yoast.com\/wordpress\/plugins\/seo\/ -->\n<title>L\u00c1TIGO AZOTADOR CON TIRAS DE CRISTAL - Tienda Er\u00f3tica<\/title>\n<meta name=\"robots\" content=\"noindex, follow, max-snippet:-1, max-image-preview:large, max-video-preview:-1\" \/>\n<meta property=\"og:locale\" content=\"es_ES\" \/>\n<meta property=\"og:type\" content=\"article\" \/>\n<meta property=\"og:title\" content=\"L\u00c1TIGO AZOTADOR CON TIRAS DE CRISTAL - Tienda Er\u00f3tica\" \/>\n<meta property=\"og:description\" content=\"CRYSTAL WHIP L\u00e1tigo azotador con tiras de cuero y dos finas tiras de cristales brillantes que le dar\u00e1n un toque\" \/>\n<meta property=\"og:url\" content=\"https:\/\/demoweb.info\/sexshop001\/producto\/latigo-azotador-con-tiras-de-cristal\/\" \/>\n<meta property=\"og:site_name\" content=\"Tienda Er\u00f3tica\" \/>\n<meta property=\"og:image\" content=\"https:\/\/demoweb.info\/sexshop001\/wp-content\/uploads\/2022\/01\/LATIGO-AZOTADOR-CON-TIRAS-DE-CRISTAL.jpg\" \/>\n\t<meta property=\"og:image:width\" content=\"550\" \/>\n\t<meta property=\"og:image:height\" content=\"550\" \/>\n\t<meta property=\"og:image:type\" content=\"image\/jpeg\" \/>\n<meta name=\"twitter:card\" content=\"summary_large_image\" \/>\n<script type=\"application\/ld+json\" class=\"yoast-schema-graph\">{\"@context\":\"https:\/\/schema.org\",\"@graph\":[{\"@type\":\"WebPage\",\"@id\":\"https:\/\/demoweb.info\/sexshop001\/producto\/latigo-azotador-con-tiras-de-cristal\/\",\"url\":\"https:\/\/demoweb.info\/sexshop001\/producto\/latigo-azotador-con-tiras-de-cristal\/\",\"name\":\"L\u00c1TIGO AZOTADOR CON TIRAS DE CRISTAL - Tienda Er\u00f3tica\",\"isPartOf\":{\"@id\":\"https:\/\/demoweb.info\/sexshop001\/#website\"},\"datePublished\":\"2022-01-22T14:07:54+00:00\",\"dateModified\":\"2022-01-22T14:07:54+00:00\",\"breadcrumb\":{\"@id\":\"https:\/\/demoweb.info\/sexshop001\/producto\/latigo-azotador-con-tiras-de-cristal\/#breadcrumb\"},\"inLanguage\":\"es\",\"potentialAction\":[{\"@type\":\"ReadAction\",\"target\":[\"https:\/\/demoweb.info\/sexshop001\/producto\/latigo-azotador-con-tiras-de-cristal\/\"]}]},{\"@type\":\"BreadcrumbList\",\"@id\":\"https:\/\/demoweb.info\/sexshop001\/producto\/latigo-azotador-con-tiras-de-cristal\/#breadcrumb\",\"itemListElement\":[{\"@type\":\"ListItem\",\"position\":1,\"name\":\"Portada\",\"item\":\"https:\/\/demoweb.info\/sexshop001\/\"},{\"@type\":\"ListItem\",\"position\":2,\"name\":\"Tienda\",\"item\":\"https:\/\/demoweb.info\/sexshop001\/tienda\/\"},{\"@type\":\"ListItem\",\"position\":3,\"name\":\"L\u00c1TIGO AZOTADOR CON TIRAS DE CRISTAL\"}]},{\"@type\":\"WebSite\",\"@id\":\"https:\/\/demoweb.info\/sexshop001\/#website\",\"url\":\"https:\/\/demoweb.info\/sexshop001\/\",\"name\":\"Tienda Er\u00f3tica\",\"description\":\"DEMOWEB SL\",\"potentialAction\":[{\"@type\":\"SearchAction\",\"target\":{\"@type\":\"EntryPoint\",\"urlTemplate\":\"https:\/\/demoweb.info\/sexshop001\/?s={search_term_string}\"},\"query-input\":\"required name=search_term_string\"}],\"inLanguage\":\"es\"}]}<\/script>\n<!-- \/ Yoast SEO plugin. -->","yoast_head_json":{"title":"L\u00c1TIGO AZOTADOR CON TIRAS DE CRISTAL - Tienda Er\u00f3tica","robots":{"index":"noindex","follow":"follow","max-snippet":"max-snippet:-1","max-image-preview":"max-image-preview:large","max-video-preview":"max-video-preview:-1"},"og_locale":"es_ES","og_type":"article","og_title":"L\u00c1TIGO AZOTADOR CON TIRAS DE CRISTAL - Tienda Er\u00f3tica","og_description":"CRYSTAL WHIP L\u00e1tigo azotador con tiras de cuero y dos finas tiras de cristales brillantes que le dar\u00e1n un toque","og_url":"https:\/\/demoweb.info\/sexshop001\/producto\/latigo-azotador-con-tiras-de-cristal\/","og_site_name":"Tienda Er\u00f3tica","og_image":[{"width":550,"height":550,"url":"https:\/\/demoweb.info\/sexshop001\/wp-content\/uploads\/2022\/01\/LATIGO-AZOTADOR-CON-TIRAS-DE-CRISTAL.jpg","type":"image\/jpeg"}],"twitter_card":"summary_large_image","schema":{"@context":"https:\/\/schema.org","@graph":[{"@type":"WebPage","@id":"https:\/\/demoweb.info\/sexshop001\/producto\/latigo-azotador-con-tiras-de-cristal\/","url":"https:\/\/demoweb.info\/sexshop001\/producto\/latigo-azotador-con-tiras-de-cristal\/","name":"L\u00c1TIGO AZOTADOR CON TIRAS DE CRISTAL - Tienda Er\u00f3tica","isPartOf":{"@id":"https:\/\/demoweb.info\/sexshop001\/#website"},"datePublished":"2022-01-22T14:07:54+00:00","dateModified":"2022-01-22T14:07:54+00:00","breadcrumb":{"@id":"https:\/\/demoweb.info\/sexshop001\/producto\/latigo-azotador-con-tiras-de-cristal\/#breadcrumb"},"inLanguage":"es","potentialAction":[{"@type":"ReadAction","target":["https:\/\/demoweb.info\/sexshop001\/producto\/latigo-azotador-con-tiras-de-cristal\/"]}]},{"@type":"BreadcrumbList","@id":"https:\/\/demoweb.info\/sexshop001\/producto\/latigo-azotador-con-tiras-de-cristal\/#breadcrumb","itemListElement":[{"@type":"ListItem","position":1,"name":"Portada","item":"https:\/\/demoweb.info\/sexshop001\/"},{"@type":"ListItem","position":2,"name":"Tienda","item":"https:\/\/demoweb.info\/sexshop001\/tienda\/"},{"@type":"ListItem","position":3,"name":"L\u00c1TIGO AZOTADOR CON TIRAS DE CRISTAL"}]},{"@type":"WebSite","@id":"https:\/\/demoweb.info\/sexshop001\/#website","url":"https:\/\/demoweb.info\/sexshop001\/","name":"Tienda Er\u00f3tica","description":"DEMOWEB SL","potentialAction":[{"@type":"SearchAction","target":{"@type":"EntryPoint","urlTemplate":"https:\/\/demoweb.info\/sexshop001\/?s={search_term_string}"},"query-input":"required name=search_term_string"}],"inLanguage":"es"}]}},"_links":{"self":[{"href":"https:\/\/demoweb.info\/sexshop001\/wp-json\/wp\/v3\/product\/44995","targetHints":{"allow":["GET"]}}],"collection":[{"href":"https:\/\/demoweb.info\/sexshop001\/wp-json\/wp\/v3\/product"}],"about":[{"href":"https:\/\/demoweb.info\/sexshop001\/wp-json\/wp\/v2\/types\/product"}],"replies":[{"embeddable":true,"href":"https:\/\/demoweb.info\/sexshop001\/wp-json\/wp\/v2\/comments?post=44995"}],"wp:featuredmedia":[{"embeddable":true,"href":"https:\/\/demoweb.info\/sexshop001\/wp-json\/wp\/v2\/media\/44996"}],"wp:attachment":[{"href":"https:\/\/demoweb.info\/sexshop001\/wp-json\/wp\/v2\/media?parent=44995"}],"wp:term":[{"taxonomy":"product_cat","embeddable":true,"href":"https:\/\/demoweb.info\/sexshop001\/wp-json\/wp\/v2\/product_cat?post=44995"},{"taxonomy":"product_tag","embeddable":true,"href":"https:\/\/demoweb.info\/sexshop001\/wp-json\/wp\/v2\/product_tag?post=44995"}],"curies":[{"name":"wp","href":"https:\/\/api.w.org\/{rel}","templated":true}]}}