{"id":44970,"date":"2022-01-22T15:07:39","date_gmt":"2022-01-22T14:07:39","guid":{"rendered":"https:\/\/demoweb.info\/sexshop001\/producto\/gballs-2-app-lagoon-rosa\/"},"modified":"2022-01-22T15:07:39","modified_gmt":"2022-01-22T14:07:39","slug":"gballs-2-app-lagoon-rosa","status":"publish","type":"product","link":"https:\/\/demoweb.info\/sexshop001\/producto\/gballs-2-app-lagoon-rosa\/","title":{"rendered":"GBALLS 2 APP LAGOON ROSA"},"content":{"rendered":"<p><strong>GBALLS 2 APP LAGOON PINK<\/strong><\/p>\n<p>Fant\u00e1stico dise\u00f1o de bolas chinas, ergon\u00f3mico y con forma \u00fanica. <strong>G BALLS 2<\/strong> que est\u00e1 fabricado en silicona, se adapta a la forma de cada mujer. Anat\u00f3micamente dise\u00f1ado, con la participaci\u00f3n de expertos ginecol\u00f3gicos, este juguete seguro que llegar\u00e1 a cualquier punto con las m\u00e1s intensas vibraciones estimulantes. Se puede conectar con la app del m\u00f3vil para realizar tus ejercicios diarios. Dispone de un cord\u00f3n para f\u00e1cil extracci\u00f3n.<\/p>\n<p>\n&#8211; Resistente al agua.<br \/>\n&#8211; Silicone m\u00e9dica flexible.<br \/>\n&#8211; Cargador magn\u00e9tico..<br \/>\n&#8211; Estuche de almacenamiento y Manual del usuario.<br \/>\nApps compatibles: Search for Magic Kegel on APP Store or Google play<\/p>\n","protected":false},"excerpt":{"rendered":"<p>GBALLS 2 APP LAGOON PINK Fant\u00e1stico dise\u00f1o de bolas chinas, ergon\u00f3mico y con forma \u00fanica. G BALLS 2 que est\u00e1<\/p>\n","protected":false},"featured_media":44971,"comment_status":"open","ping_status":"open","template":"","meta":[],"product_cat":[476],"product_tag":[1410,1412],"class_list":["post-44970","product","type-product","status-publish","has-post-thumbnail","hentry","product_cat-silicona-balas-y-huevos","product_tag-ft-london-llp","product_tag-gballs"],"bundled_by":[],"bundle_stock_status":"instock","bundle_stock_quantity":2,"bundle_virtual":false,"bundle_layout":"","bundle_add_to_cart_form_location":"","bundle_editable_in_cart":false,"bundle_sold_individually_context":"","bundle_item_grouping":"","bundle_min_size":"","bundle_max_size":"","bundled_items":[],"yoast_head":"<!-- This site is optimized with the Yoast SEO plugin v20.6 - https:\/\/yoast.com\/wordpress\/plugins\/seo\/ -->\n<title>GBALLS 2 APP LAGOON ROSA - Tienda Er\u00f3tica<\/title>\n<meta name=\"robots\" content=\"noindex, follow, max-snippet:-1, max-image-preview:large, max-video-preview:-1\" \/>\n<meta property=\"og:locale\" content=\"es_ES\" \/>\n<meta property=\"og:type\" content=\"article\" \/>\n<meta property=\"og:title\" content=\"GBALLS 2 APP LAGOON ROSA - Tienda Er\u00f3tica\" \/>\n<meta property=\"og:description\" content=\"GBALLS 2 APP LAGOON PINK Fant\u00e1stico dise\u00f1o de bolas chinas, ergon\u00f3mico y con forma \u00fanica. G BALLS 2 que est\u00e1\" \/>\n<meta property=\"og:url\" content=\"https:\/\/demoweb.info\/sexshop001\/producto\/gballs-2-app-lagoon-rosa\/\" \/>\n<meta property=\"og:site_name\" content=\"Tienda Er\u00f3tica\" \/>\n<meta property=\"og:image\" content=\"https:\/\/demoweb.info\/sexshop001\/wp-content\/uploads\/2022\/01\/GBALLS-2-APP-LAGOON-ROSA.jpg\" \/>\n\t<meta property=\"og:image:width\" content=\"550\" \/>\n\t<meta property=\"og:image:height\" content=\"550\" \/>\n\t<meta property=\"og:image:type\" content=\"image\/jpeg\" \/>\n<meta name=\"twitter:card\" content=\"summary_large_image\" \/>\n<meta name=\"twitter:label1\" content=\"Tiempo de lectura\" \/>\n\t<meta name=\"twitter:data1\" content=\"1 minuto\" \/>\n<script type=\"application\/ld+json\" class=\"yoast-schema-graph\">{\"@context\":\"https:\/\/schema.org\",\"@graph\":[{\"@type\":\"WebPage\",\"@id\":\"https:\/\/demoweb.info\/sexshop001\/producto\/gballs-2-app-lagoon-rosa\/\",\"url\":\"https:\/\/demoweb.info\/sexshop001\/producto\/gballs-2-app-lagoon-rosa\/\",\"name\":\"GBALLS 2 APP LAGOON ROSA - Tienda Er\u00f3tica\",\"isPartOf\":{\"@id\":\"https:\/\/demoweb.info\/sexshop001\/#website\"},\"datePublished\":\"2022-01-22T14:07:39+00:00\",\"dateModified\":\"2022-01-22T14:07:39+00:00\",\"breadcrumb\":{\"@id\":\"https:\/\/demoweb.info\/sexshop001\/producto\/gballs-2-app-lagoon-rosa\/#breadcrumb\"},\"inLanguage\":\"es\",\"potentialAction\":[{\"@type\":\"ReadAction\",\"target\":[\"https:\/\/demoweb.info\/sexshop001\/producto\/gballs-2-app-lagoon-rosa\/\"]}]},{\"@type\":\"BreadcrumbList\",\"@id\":\"https:\/\/demoweb.info\/sexshop001\/producto\/gballs-2-app-lagoon-rosa\/#breadcrumb\",\"itemListElement\":[{\"@type\":\"ListItem\",\"position\":1,\"name\":\"Portada\",\"item\":\"https:\/\/demoweb.info\/sexshop001\/\"},{\"@type\":\"ListItem\",\"position\":2,\"name\":\"Tienda\",\"item\":\"https:\/\/demoweb.info\/sexshop001\/tienda\/\"},{\"@type\":\"ListItem\",\"position\":3,\"name\":\"GBALLS 2 APP LAGOON ROSA\"}]},{\"@type\":\"WebSite\",\"@id\":\"https:\/\/demoweb.info\/sexshop001\/#website\",\"url\":\"https:\/\/demoweb.info\/sexshop001\/\",\"name\":\"Tienda Er\u00f3tica\",\"description\":\"DEMOWEB SL\",\"potentialAction\":[{\"@type\":\"SearchAction\",\"target\":{\"@type\":\"EntryPoint\",\"urlTemplate\":\"https:\/\/demoweb.info\/sexshop001\/?s={search_term_string}\"},\"query-input\":\"required name=search_term_string\"}],\"inLanguage\":\"es\"}]}<\/script>\n<!-- \/ Yoast SEO plugin. -->","yoast_head_json":{"title":"GBALLS 2 APP LAGOON ROSA - Tienda Er\u00f3tica","robots":{"index":"noindex","follow":"follow","max-snippet":"max-snippet:-1","max-image-preview":"max-image-preview:large","max-video-preview":"max-video-preview:-1"},"og_locale":"es_ES","og_type":"article","og_title":"GBALLS 2 APP LAGOON ROSA - Tienda Er\u00f3tica","og_description":"GBALLS 2 APP LAGOON PINK Fant\u00e1stico dise\u00f1o de bolas chinas, ergon\u00f3mico y con forma \u00fanica. G BALLS 2 que est\u00e1","og_url":"https:\/\/demoweb.info\/sexshop001\/producto\/gballs-2-app-lagoon-rosa\/","og_site_name":"Tienda Er\u00f3tica","og_image":[{"width":550,"height":550,"url":"https:\/\/demoweb.info\/sexshop001\/wp-content\/uploads\/2022\/01\/GBALLS-2-APP-LAGOON-ROSA.jpg","type":"image\/jpeg"}],"twitter_card":"summary_large_image","twitter_misc":{"Tiempo de lectura":"1 minuto"},"schema":{"@context":"https:\/\/schema.org","@graph":[{"@type":"WebPage","@id":"https:\/\/demoweb.info\/sexshop001\/producto\/gballs-2-app-lagoon-rosa\/","url":"https:\/\/demoweb.info\/sexshop001\/producto\/gballs-2-app-lagoon-rosa\/","name":"GBALLS 2 APP LAGOON ROSA - Tienda Er\u00f3tica","isPartOf":{"@id":"https:\/\/demoweb.info\/sexshop001\/#website"},"datePublished":"2022-01-22T14:07:39+00:00","dateModified":"2022-01-22T14:07:39+00:00","breadcrumb":{"@id":"https:\/\/demoweb.info\/sexshop001\/producto\/gballs-2-app-lagoon-rosa\/#breadcrumb"},"inLanguage":"es","potentialAction":[{"@type":"ReadAction","target":["https:\/\/demoweb.info\/sexshop001\/producto\/gballs-2-app-lagoon-rosa\/"]}]},{"@type":"BreadcrumbList","@id":"https:\/\/demoweb.info\/sexshop001\/producto\/gballs-2-app-lagoon-rosa\/#breadcrumb","itemListElement":[{"@type":"ListItem","position":1,"name":"Portada","item":"https:\/\/demoweb.info\/sexshop001\/"},{"@type":"ListItem","position":2,"name":"Tienda","item":"https:\/\/demoweb.info\/sexshop001\/tienda\/"},{"@type":"ListItem","position":3,"name":"GBALLS 2 APP LAGOON ROSA"}]},{"@type":"WebSite","@id":"https:\/\/demoweb.info\/sexshop001\/#website","url":"https:\/\/demoweb.info\/sexshop001\/","name":"Tienda Er\u00f3tica","description":"DEMOWEB SL","potentialAction":[{"@type":"SearchAction","target":{"@type":"EntryPoint","urlTemplate":"https:\/\/demoweb.info\/sexshop001\/?s={search_term_string}"},"query-input":"required name=search_term_string"}],"inLanguage":"es"}]}},"_links":{"self":[{"href":"https:\/\/demoweb.info\/sexshop001\/wp-json\/wp\/v3\/product\/44970","targetHints":{"allow":["GET"]}}],"collection":[{"href":"https:\/\/demoweb.info\/sexshop001\/wp-json\/wp\/v3\/product"}],"about":[{"href":"https:\/\/demoweb.info\/sexshop001\/wp-json\/wp\/v2\/types\/product"}],"replies":[{"embeddable":true,"href":"https:\/\/demoweb.info\/sexshop001\/wp-json\/wp\/v2\/comments?post=44970"}],"wp:featuredmedia":[{"embeddable":true,"href":"https:\/\/demoweb.info\/sexshop001\/wp-json\/wp\/v2\/media\/44971"}],"wp:attachment":[{"href":"https:\/\/demoweb.info\/sexshop001\/wp-json\/wp\/v2\/media?parent=44970"}],"wp:term":[{"taxonomy":"product_cat","embeddable":true,"href":"https:\/\/demoweb.info\/sexshop001\/wp-json\/wp\/v2\/product_cat?post=44970"},{"taxonomy":"product_tag","embeddable":true,"href":"https:\/\/demoweb.info\/sexshop001\/wp-json\/wp\/v2\/product_tag?post=44970"}],"curies":[{"name":"wp","href":"https:\/\/api.w.org\/{rel}","templated":true}]}}