{"id":44944,"date":"2022-01-22T15:07:24","date_gmt":"2022-01-22T14:07:24","guid":{"rendered":"https:\/\/demoweb.info\/sexshop001\/producto\/monster-energy-500-ml\/"},"modified":"2022-01-22T15:07:24","modified_gmt":"2022-01-22T14:07:24","slug":"monster-energy-500-ml","status":"publish","type":"product","link":"https:\/\/demoweb.info\/sexshop001\/producto\/monster-energy-500-ml\/","title":{"rendered":"MONSTER ENERGY 500 ML"},"content":{"rendered":"<p>&gt;<strong>MONSTER ENERGY 500 ML<\/strong><\/p>\n<\/p>\n<p><span style=&quot;font-size:12px&quot;><span style=&quot;font-family:arial,helvetica,sans-serif&quot;>Bebida energ\u00e9tica Monster Energy, lata de 500 ml.<\/span><\/span><\/p>\n<p><span style=&quot;font-size:12px&quot;><span style=&quot;font-family:arial,helvetica,sans-serif&quot;><strong>Ingredientes: <\/strong><\/span><\/span><\/p>\n<p><span style=&quot;font-size:12px&quot;><span style=&quot;font-family:arial,helvetica,sans-serif&quot;>Agua Carbonatada, Sacarosa, Jarabe de Glucosa, \u00c1cido c\u00edtrico, Aromas naturales, Taurina (0,4%), Regulador de la acidez (Citrato S\u00f3dico), Colorantes (Antocianina E163), Extracto de ra\u00edz de Panax Ginseng (0,08%), L-Carnitina L-Tartrata (0,04%), Cafe\u00edna (0,03%), Conservantes (\u00c1cido S\u00f3rbico, \u00c1cido benzoico), Vitaminas (B2, B3, B6, B12), Cloruro s\u00f3dico, D-Glucoronolactona, Inositol , Extracto de semilla de guaran\u00e1 (0,002%), Edulcorantes (Sucralosa), Malto dextrina.<\/span><\/span><\/p>\n","protected":false},"excerpt":{"rendered":"<p>&gt;MONSTER ENERGY 500 ML Bebida energ\u00e9tica Monster Energy, lata de 500 ml. Ingredientes: Agua Carbonatada, Sacarosa, Jarabe de Glucosa, \u00c1cido<\/p>\n","protected":false},"featured_media":1450,"comment_status":"open","ping_status":"open","template":"","meta":[],"product_cat":[709],"product_tag":[1409],"class_list":["post-44944","product","type-product","status-publish","has-post-thumbnail","hentry","product_cat-bebidas-energeticas","product_tag-monster-energy"],"bundled_by":[],"bundle_stock_status":"outofstock","bundle_stock_quantity":0,"bundle_virtual":false,"bundle_layout":"","bundle_add_to_cart_form_location":"","bundle_editable_in_cart":false,"bundle_sold_individually_context":"","bundle_item_grouping":"","bundle_min_size":"","bundle_max_size":"","bundled_items":[],"yoast_head":"<!-- This site is optimized with the Yoast SEO plugin v20.6 - https:\/\/yoast.com\/wordpress\/plugins\/seo\/ -->\n<title>MONSTER ENERGY 500 ML - Tienda Er\u00f3tica<\/title>\n<meta name=\"robots\" content=\"noindex, follow, max-snippet:-1, max-image-preview:large, max-video-preview:-1\" \/>\n<meta property=\"og:locale\" content=\"es_ES\" \/>\n<meta property=\"og:type\" content=\"article\" \/>\n<meta property=\"og:title\" content=\"MONSTER ENERGY 500 ML - Tienda Er\u00f3tica\" \/>\n<meta property=\"og:description\" content=\"&gt;MONSTER ENERGY 500 ML Bebida energ\u00e9tica Monster Energy, lata de 500 ml. Ingredientes: Agua Carbonatada, Sacarosa, Jarabe de Glucosa, \u00c1cido\" \/>\n<meta property=\"og:url\" content=\"https:\/\/demoweb.info\/sexshop001\/producto\/monster-energy-500-ml\/\" \/>\n<meta property=\"og:site_name\" content=\"Tienda Er\u00f3tica\" \/>\n<meta property=\"og:image\" content=\"https:\/\/demoweb.info\/sexshop001\/wp-content\/uploads\/2021\/10\/MONSTER-ENERGY-500-ML.jpg\" \/>\n\t<meta property=\"og:image:width\" content=\"550\" \/>\n\t<meta property=\"og:image:height\" content=\"550\" \/>\n\t<meta property=\"og:image:type\" content=\"image\/jpeg\" \/>\n<meta name=\"twitter:card\" content=\"summary_large_image\" \/>\n<script type=\"application\/ld+json\" class=\"yoast-schema-graph\">{\"@context\":\"https:\/\/schema.org\",\"@graph\":[{\"@type\":\"WebPage\",\"@id\":\"https:\/\/demoweb.info\/sexshop001\/producto\/monster-energy-500-ml\/\",\"url\":\"https:\/\/demoweb.info\/sexshop001\/producto\/monster-energy-500-ml\/\",\"name\":\"MONSTER ENERGY 500 ML - Tienda Er\u00f3tica\",\"isPartOf\":{\"@id\":\"https:\/\/demoweb.info\/sexshop001\/#website\"},\"datePublished\":\"2022-01-22T14:07:24+00:00\",\"dateModified\":\"2022-01-22T14:07:24+00:00\",\"breadcrumb\":{\"@id\":\"https:\/\/demoweb.info\/sexshop001\/producto\/monster-energy-500-ml\/#breadcrumb\"},\"inLanguage\":\"es\",\"potentialAction\":[{\"@type\":\"ReadAction\",\"target\":[\"https:\/\/demoweb.info\/sexshop001\/producto\/monster-energy-500-ml\/\"]}]},{\"@type\":\"BreadcrumbList\",\"@id\":\"https:\/\/demoweb.info\/sexshop001\/producto\/monster-energy-500-ml\/#breadcrumb\",\"itemListElement\":[{\"@type\":\"ListItem\",\"position\":1,\"name\":\"Portada\",\"item\":\"https:\/\/demoweb.info\/sexshop001\/\"},{\"@type\":\"ListItem\",\"position\":2,\"name\":\"Tienda\",\"item\":\"https:\/\/demoweb.info\/sexshop001\/tienda\/\"},{\"@type\":\"ListItem\",\"position\":3,\"name\":\"MONSTER ENERGY 500 ML\"}]},{\"@type\":\"WebSite\",\"@id\":\"https:\/\/demoweb.info\/sexshop001\/#website\",\"url\":\"https:\/\/demoweb.info\/sexshop001\/\",\"name\":\"Tienda Er\u00f3tica\",\"description\":\"DEMOWEB SL\",\"potentialAction\":[{\"@type\":\"SearchAction\",\"target\":{\"@type\":\"EntryPoint\",\"urlTemplate\":\"https:\/\/demoweb.info\/sexshop001\/?s={search_term_string}\"},\"query-input\":\"required name=search_term_string\"}],\"inLanguage\":\"es\"}]}<\/script>\n<!-- \/ Yoast SEO plugin. -->","yoast_head_json":{"title":"MONSTER ENERGY 500 ML - Tienda Er\u00f3tica","robots":{"index":"noindex","follow":"follow","max-snippet":"max-snippet:-1","max-image-preview":"max-image-preview:large","max-video-preview":"max-video-preview:-1"},"og_locale":"es_ES","og_type":"article","og_title":"MONSTER ENERGY 500 ML - Tienda Er\u00f3tica","og_description":"&gt;MONSTER ENERGY 500 ML Bebida energ\u00e9tica Monster Energy, lata de 500 ml. Ingredientes: Agua Carbonatada, Sacarosa, Jarabe de Glucosa, \u00c1cido","og_url":"https:\/\/demoweb.info\/sexshop001\/producto\/monster-energy-500-ml\/","og_site_name":"Tienda Er\u00f3tica","og_image":[{"width":550,"height":550,"url":"https:\/\/demoweb.info\/sexshop001\/wp-content\/uploads\/2021\/10\/MONSTER-ENERGY-500-ML.jpg","type":"image\/jpeg"}],"twitter_card":"summary_large_image","schema":{"@context":"https:\/\/schema.org","@graph":[{"@type":"WebPage","@id":"https:\/\/demoweb.info\/sexshop001\/producto\/monster-energy-500-ml\/","url":"https:\/\/demoweb.info\/sexshop001\/producto\/monster-energy-500-ml\/","name":"MONSTER ENERGY 500 ML - Tienda Er\u00f3tica","isPartOf":{"@id":"https:\/\/demoweb.info\/sexshop001\/#website"},"datePublished":"2022-01-22T14:07:24+00:00","dateModified":"2022-01-22T14:07:24+00:00","breadcrumb":{"@id":"https:\/\/demoweb.info\/sexshop001\/producto\/monster-energy-500-ml\/#breadcrumb"},"inLanguage":"es","potentialAction":[{"@type":"ReadAction","target":["https:\/\/demoweb.info\/sexshop001\/producto\/monster-energy-500-ml\/"]}]},{"@type":"BreadcrumbList","@id":"https:\/\/demoweb.info\/sexshop001\/producto\/monster-energy-500-ml\/#breadcrumb","itemListElement":[{"@type":"ListItem","position":1,"name":"Portada","item":"https:\/\/demoweb.info\/sexshop001\/"},{"@type":"ListItem","position":2,"name":"Tienda","item":"https:\/\/demoweb.info\/sexshop001\/tienda\/"},{"@type":"ListItem","position":3,"name":"MONSTER ENERGY 500 ML"}]},{"@type":"WebSite","@id":"https:\/\/demoweb.info\/sexshop001\/#website","url":"https:\/\/demoweb.info\/sexshop001\/","name":"Tienda Er\u00f3tica","description":"DEMOWEB SL","potentialAction":[{"@type":"SearchAction","target":{"@type":"EntryPoint","urlTemplate":"https:\/\/demoweb.info\/sexshop001\/?s={search_term_string}"},"query-input":"required name=search_term_string"}],"inLanguage":"es"}]}},"_links":{"self":[{"href":"https:\/\/demoweb.info\/sexshop001\/wp-json\/wp\/v3\/product\/44944","targetHints":{"allow":["GET"]}}],"collection":[{"href":"https:\/\/demoweb.info\/sexshop001\/wp-json\/wp\/v3\/product"}],"about":[{"href":"https:\/\/demoweb.info\/sexshop001\/wp-json\/wp\/v2\/types\/product"}],"replies":[{"embeddable":true,"href":"https:\/\/demoweb.info\/sexshop001\/wp-json\/wp\/v2\/comments?post=44944"}],"wp:featuredmedia":[{"embeddable":true,"href":"https:\/\/demoweb.info\/sexshop001\/wp-json\/wp\/v2\/media\/1450"}],"wp:attachment":[{"href":"https:\/\/demoweb.info\/sexshop001\/wp-json\/wp\/v2\/media?parent=44944"}],"wp:term":[{"taxonomy":"product_cat","embeddable":true,"href":"https:\/\/demoweb.info\/sexshop001\/wp-json\/wp\/v2\/product_cat?post=44944"},{"taxonomy":"product_tag","embeddable":true,"href":"https:\/\/demoweb.info\/sexshop001\/wp-json\/wp\/v2\/product_tag?post=44944"}],"curies":[{"name":"wp","href":"https:\/\/api.w.org\/{rel}","templated":true}]}}