{"id":44819,"date":"2022-01-22T15:05:56","date_gmt":"2022-01-22T14:05:56","guid":{"rendered":"https:\/\/demoweb.info\/sexshop001\/producto\/el-anillo-wingman-para-el-pene-negro\/"},"modified":"2022-01-22T15:06:07","modified_gmt":"2022-01-22T14:06:07","slug":"el-anillo-wingman-para-el-pene-negro","status":"publish","type":"product","link":"https:\/\/demoweb.info\/sexshop001\/producto\/el-anillo-wingman-para-el-pene-negro\/","title":{"rendered":"EL ANILLO WINGMAN PARA EL PENE NEGRO"},"content":{"rendered":"<p><strong>THE WINGMAN COCK RING BLACK<\/strong><\/p>\n<p>Prolongar la diversi\u00f3n y llegar al placer con este lujoso <strong>the wingman Cockring.<\/strong> Basta con pulsar el bot\u00f3n de f\u00e1cil acceso en la bala para disfrutar con diferentes<strong> velocidades potentes<\/strong> para la estimulaci\u00f3n incre\u00edble. Con un solo bot\u00f3n de apagado\/encendido hace que sea f\u00e1cil de operar, con vibraciones silenciosas mientr\u00e1s el cosquilleo te ofrecer\u00e1 el orgasmo m\u00e1s intenso que jam\u00e1s hayas imaginado. Es perfecto para aumentar el placer del usuario, as\u00ed como ofrecer la estimulaci\u00f3n cl\u00edtoris emocionante para su pareja. Ll\u00e9velo en la ducha o hidromasaje y convertir el ba\u00f1o en vez de placer!<\/p>\n<p>Di\u00e1metro: 2,6 cm<\/p>\n","protected":false},"excerpt":{"rendered":"<p>THE WINGMAN COCK RING BLACK Prolongar la diversi\u00f3n y llegar al placer con este lujoso the wingman Cockring. Basta con<\/p>\n","protected":false},"featured_media":44820,"comment_status":"open","ping_status":"open","template":"","meta":[],"product_cat":[438],"product_tag":[693,259],"class_list":["post-44819","product","type-product","status-publish","has-post-thumbnail","hentry","product_cat-con-vibrador-anillos","product_tag-fantasy-c-ringz","product_tag-pipedream"],"bundled_by":[],"bundle_stock_status":"instock","bundle_stock_quantity":1,"bundle_virtual":false,"bundle_layout":"","bundle_add_to_cart_form_location":"","bundle_editable_in_cart":false,"bundle_sold_individually_context":"","bundle_item_grouping":"","bundle_min_size":"","bundle_max_size":"","bundled_items":[],"yoast_head":"<!-- This site is optimized with the Yoast SEO plugin v20.6 - https:\/\/yoast.com\/wordpress\/plugins\/seo\/ -->\n<title>EL ANILLO WINGMAN PARA EL PENE NEGRO - Tienda Er\u00f3tica<\/title>\n<meta name=\"robots\" content=\"noindex, follow, max-snippet:-1, max-image-preview:large, max-video-preview:-1\" \/>\n<meta property=\"og:locale\" content=\"es_ES\" \/>\n<meta property=\"og:type\" content=\"article\" \/>\n<meta property=\"og:title\" content=\"EL ANILLO WINGMAN PARA EL PENE NEGRO - Tienda Er\u00f3tica\" \/>\n<meta property=\"og:description\" content=\"THE WINGMAN COCK RING BLACK Prolongar la diversi\u00f3n y llegar al placer con este lujoso the wingman Cockring. Basta con\" \/>\n<meta property=\"og:url\" content=\"https:\/\/demoweb.info\/sexshop001\/producto\/el-anillo-wingman-para-el-pene-negro\/\" \/>\n<meta property=\"og:site_name\" content=\"Tienda Er\u00f3tica\" \/>\n<meta property=\"article:modified_time\" content=\"2022-01-22T14:06:07+00:00\" \/>\n<meta property=\"og:image\" content=\"https:\/\/demoweb.info\/sexshop001\/wp-content\/uploads\/2022\/01\/EL-ANILLO-WINGMAN-PARA-EL-PENE-NEGRO.jpg\" \/>\n\t<meta property=\"og:image:width\" content=\"550\" \/>\n\t<meta property=\"og:image:height\" content=\"550\" \/>\n\t<meta property=\"og:image:type\" content=\"image\/jpeg\" \/>\n<meta name=\"twitter:card\" content=\"summary_large_image\" \/>\n<meta name=\"twitter:label1\" content=\"Tiempo de lectura\" \/>\n\t<meta name=\"twitter:data1\" content=\"1 minuto\" \/>\n<script type=\"application\/ld+json\" class=\"yoast-schema-graph\">{\"@context\":\"https:\/\/schema.org\",\"@graph\":[{\"@type\":\"WebPage\",\"@id\":\"https:\/\/demoweb.info\/sexshop001\/producto\/el-anillo-wingman-para-el-pene-negro\/\",\"url\":\"https:\/\/demoweb.info\/sexshop001\/producto\/el-anillo-wingman-para-el-pene-negro\/\",\"name\":\"EL ANILLO WINGMAN PARA EL PENE NEGRO - Tienda Er\u00f3tica\",\"isPartOf\":{\"@id\":\"https:\/\/demoweb.info\/sexshop001\/#website\"},\"datePublished\":\"2022-01-22T14:05:56+00:00\",\"dateModified\":\"2022-01-22T14:06:07+00:00\",\"breadcrumb\":{\"@id\":\"https:\/\/demoweb.info\/sexshop001\/producto\/el-anillo-wingman-para-el-pene-negro\/#breadcrumb\"},\"inLanguage\":\"es\",\"potentialAction\":[{\"@type\":\"ReadAction\",\"target\":[\"https:\/\/demoweb.info\/sexshop001\/producto\/el-anillo-wingman-para-el-pene-negro\/\"]}]},{\"@type\":\"BreadcrumbList\",\"@id\":\"https:\/\/demoweb.info\/sexshop001\/producto\/el-anillo-wingman-para-el-pene-negro\/#breadcrumb\",\"itemListElement\":[{\"@type\":\"ListItem\",\"position\":1,\"name\":\"Portada\",\"item\":\"https:\/\/demoweb.info\/sexshop001\/\"},{\"@type\":\"ListItem\",\"position\":2,\"name\":\"Tienda\",\"item\":\"https:\/\/demoweb.info\/sexshop001\/tienda\/\"},{\"@type\":\"ListItem\",\"position\":3,\"name\":\"EL ANILLO WINGMAN PARA EL PENE NEGRO\"}]},{\"@type\":\"WebSite\",\"@id\":\"https:\/\/demoweb.info\/sexshop001\/#website\",\"url\":\"https:\/\/demoweb.info\/sexshop001\/\",\"name\":\"Tienda Er\u00f3tica\",\"description\":\"DEMOWEB SL\",\"potentialAction\":[{\"@type\":\"SearchAction\",\"target\":{\"@type\":\"EntryPoint\",\"urlTemplate\":\"https:\/\/demoweb.info\/sexshop001\/?s={search_term_string}\"},\"query-input\":\"required name=search_term_string\"}],\"inLanguage\":\"es\"}]}<\/script>\n<!-- \/ Yoast SEO plugin. -->","yoast_head_json":{"title":"EL ANILLO WINGMAN PARA EL PENE NEGRO - Tienda Er\u00f3tica","robots":{"index":"noindex","follow":"follow","max-snippet":"max-snippet:-1","max-image-preview":"max-image-preview:large","max-video-preview":"max-video-preview:-1"},"og_locale":"es_ES","og_type":"article","og_title":"EL ANILLO WINGMAN PARA EL PENE NEGRO - Tienda Er\u00f3tica","og_description":"THE WINGMAN COCK RING BLACK Prolongar la diversi\u00f3n y llegar al placer con este lujoso the wingman Cockring. Basta con","og_url":"https:\/\/demoweb.info\/sexshop001\/producto\/el-anillo-wingman-para-el-pene-negro\/","og_site_name":"Tienda Er\u00f3tica","article_modified_time":"2022-01-22T14:06:07+00:00","og_image":[{"width":550,"height":550,"url":"https:\/\/demoweb.info\/sexshop001\/wp-content\/uploads\/2022\/01\/EL-ANILLO-WINGMAN-PARA-EL-PENE-NEGRO.jpg","type":"image\/jpeg"}],"twitter_card":"summary_large_image","twitter_misc":{"Tiempo de lectura":"1 minuto"},"schema":{"@context":"https:\/\/schema.org","@graph":[{"@type":"WebPage","@id":"https:\/\/demoweb.info\/sexshop001\/producto\/el-anillo-wingman-para-el-pene-negro\/","url":"https:\/\/demoweb.info\/sexshop001\/producto\/el-anillo-wingman-para-el-pene-negro\/","name":"EL ANILLO WINGMAN PARA EL PENE NEGRO - Tienda Er\u00f3tica","isPartOf":{"@id":"https:\/\/demoweb.info\/sexshop001\/#website"},"datePublished":"2022-01-22T14:05:56+00:00","dateModified":"2022-01-22T14:06:07+00:00","breadcrumb":{"@id":"https:\/\/demoweb.info\/sexshop001\/producto\/el-anillo-wingman-para-el-pene-negro\/#breadcrumb"},"inLanguage":"es","potentialAction":[{"@type":"ReadAction","target":["https:\/\/demoweb.info\/sexshop001\/producto\/el-anillo-wingman-para-el-pene-negro\/"]}]},{"@type":"BreadcrumbList","@id":"https:\/\/demoweb.info\/sexshop001\/producto\/el-anillo-wingman-para-el-pene-negro\/#breadcrumb","itemListElement":[{"@type":"ListItem","position":1,"name":"Portada","item":"https:\/\/demoweb.info\/sexshop001\/"},{"@type":"ListItem","position":2,"name":"Tienda","item":"https:\/\/demoweb.info\/sexshop001\/tienda\/"},{"@type":"ListItem","position":3,"name":"EL ANILLO WINGMAN PARA EL PENE NEGRO"}]},{"@type":"WebSite","@id":"https:\/\/demoweb.info\/sexshop001\/#website","url":"https:\/\/demoweb.info\/sexshop001\/","name":"Tienda Er\u00f3tica","description":"DEMOWEB SL","potentialAction":[{"@type":"SearchAction","target":{"@type":"EntryPoint","urlTemplate":"https:\/\/demoweb.info\/sexshop001\/?s={search_term_string}"},"query-input":"required name=search_term_string"}],"inLanguage":"es"}]}},"_links":{"self":[{"href":"https:\/\/demoweb.info\/sexshop001\/wp-json\/wp\/v3\/product\/44819","targetHints":{"allow":["GET"]}}],"collection":[{"href":"https:\/\/demoweb.info\/sexshop001\/wp-json\/wp\/v3\/product"}],"about":[{"href":"https:\/\/demoweb.info\/sexshop001\/wp-json\/wp\/v2\/types\/product"}],"replies":[{"embeddable":true,"href":"https:\/\/demoweb.info\/sexshop001\/wp-json\/wp\/v2\/comments?post=44819"}],"wp:featuredmedia":[{"embeddable":true,"href":"https:\/\/demoweb.info\/sexshop001\/wp-json\/wp\/v2\/media\/44820"}],"wp:attachment":[{"href":"https:\/\/demoweb.info\/sexshop001\/wp-json\/wp\/v2\/media?parent=44819"}],"wp:term":[{"taxonomy":"product_cat","embeddable":true,"href":"https:\/\/demoweb.info\/sexshop001\/wp-json\/wp\/v2\/product_cat?post=44819"},{"taxonomy":"product_tag","embeddable":true,"href":"https:\/\/demoweb.info\/sexshop001\/wp-json\/wp\/v2\/product_tag?post=44819"}],"curies":[{"name":"wp","href":"https:\/\/api.w.org\/{rel}","templated":true}]}}