{"id":44778,"date":"2022-01-22T15:05:40","date_gmt":"2022-01-22T14:05:40","guid":{"rendered":"https:\/\/demoweb.info\/sexshop001\/producto\/colours-pleasures-dildo-thin-8\/"},"modified":"2022-01-22T15:05:44","modified_gmt":"2022-01-22T14:05:44","slug":"colours-pleasures-dildo-thin-8","status":"publish","type":"product","link":"https:\/\/demoweb.info\/sexshop001\/producto\/colours-pleasures-dildo-thin-8\/","title":{"rendered":"COLOURS PLEASURES DILDO THIN 8"},"content":{"rendered":"<p><strong>COLOURS DILDO PLEASURES THIN 8<\/strong><\/p>\n<p>El galardonado COLOURS PLEASURES est\u00e1 ahora disponible en super delgado edici\u00f3n. Es de silicona de calidad superior para una sensaci\u00f3n de satisfacci\u00f3n m\u00e1xima, con una ventosa en su base para mayor placer.<\/p>\n<p>Medidas: 20 cm x 4 cm<\/p>\n<p>Disponible en varios colores y tama\u00f1os.<\/p>\n","protected":false},"excerpt":{"rendered":"<p>COLOURS DILDO PLEASURES THIN 8 El galardonado COLOURS PLEASURES est\u00e1 ahora disponible en super delgado edici\u00f3n. Es de silicona de<\/p>\n","protected":false},"featured_media":44779,"comment_status":"open","ping_status":"open","template":"","meta":[],"product_cat":[386],"product_tag":[903,666],"class_list":["post-44778","product","type-product","status-publish","has-post-thumbnail","hentry","product_cat-realisticos","product_tag-colours","product_tag-nsnovelties"],"bundled_by":[],"bundle_stock_status":"outofstock","bundle_stock_quantity":0,"bundle_virtual":false,"bundle_layout":"","bundle_add_to_cart_form_location":"","bundle_editable_in_cart":false,"bundle_sold_individually_context":"","bundle_item_grouping":"","bundle_min_size":"","bundle_max_size":"","bundled_items":[],"yoast_head":"<!-- This site is optimized with the Yoast SEO plugin v20.6 - https:\/\/yoast.com\/wordpress\/plugins\/seo\/ -->\n<title>COLOURS PLEASURES DILDO THIN 8 - Tienda Er\u00f3tica<\/title>\n<meta name=\"robots\" content=\"noindex, follow, max-snippet:-1, max-image-preview:large, max-video-preview:-1\" \/>\n<meta property=\"og:locale\" content=\"es_ES\" \/>\n<meta property=\"og:type\" content=\"article\" \/>\n<meta property=\"og:title\" content=\"COLOURS PLEASURES DILDO THIN 8 - Tienda Er\u00f3tica\" \/>\n<meta property=\"og:description\" content=\"COLOURS DILDO PLEASURES THIN 8 El galardonado COLOURS PLEASURES est\u00e1 ahora disponible en super delgado edici\u00f3n. Es de silicona de\" \/>\n<meta property=\"og:url\" content=\"https:\/\/demoweb.info\/sexshop001\/producto\/colours-pleasures-dildo-thin-8\/\" \/>\n<meta property=\"og:site_name\" content=\"Tienda Er\u00f3tica\" \/>\n<meta property=\"article:modified_time\" content=\"2022-01-22T14:05:44+00:00\" \/>\n<meta property=\"og:image\" content=\"https:\/\/demoweb.info\/sexshop001\/wp-content\/uploads\/2022\/01\/COLOURS-PLEASURES-DILDO-THIN-8.jpg\" \/>\n\t<meta property=\"og:image:width\" content=\"550\" \/>\n\t<meta property=\"og:image:height\" content=\"550\" \/>\n\t<meta property=\"og:image:type\" content=\"image\/jpeg\" \/>\n<meta name=\"twitter:card\" content=\"summary_large_image\" \/>\n<script type=\"application\/ld+json\" class=\"yoast-schema-graph\">{\"@context\":\"https:\/\/schema.org\",\"@graph\":[{\"@type\":\"WebPage\",\"@id\":\"https:\/\/demoweb.info\/sexshop001\/producto\/colours-pleasures-dildo-thin-8\/\",\"url\":\"https:\/\/demoweb.info\/sexshop001\/producto\/colours-pleasures-dildo-thin-8\/\",\"name\":\"COLOURS PLEASURES DILDO THIN 8 - Tienda Er\u00f3tica\",\"isPartOf\":{\"@id\":\"https:\/\/demoweb.info\/sexshop001\/#website\"},\"datePublished\":\"2022-01-22T14:05:40+00:00\",\"dateModified\":\"2022-01-22T14:05:44+00:00\",\"breadcrumb\":{\"@id\":\"https:\/\/demoweb.info\/sexshop001\/producto\/colours-pleasures-dildo-thin-8\/#breadcrumb\"},\"inLanguage\":\"es\",\"potentialAction\":[{\"@type\":\"ReadAction\",\"target\":[\"https:\/\/demoweb.info\/sexshop001\/producto\/colours-pleasures-dildo-thin-8\/\"]}]},{\"@type\":\"BreadcrumbList\",\"@id\":\"https:\/\/demoweb.info\/sexshop001\/producto\/colours-pleasures-dildo-thin-8\/#breadcrumb\",\"itemListElement\":[{\"@type\":\"ListItem\",\"position\":1,\"name\":\"Portada\",\"item\":\"https:\/\/demoweb.info\/sexshop001\/\"},{\"@type\":\"ListItem\",\"position\":2,\"name\":\"Tienda\",\"item\":\"https:\/\/demoweb.info\/sexshop001\/tienda\/\"},{\"@type\":\"ListItem\",\"position\":3,\"name\":\"COLOURS PLEASURES DILDO THIN 8\"}]},{\"@type\":\"WebSite\",\"@id\":\"https:\/\/demoweb.info\/sexshop001\/#website\",\"url\":\"https:\/\/demoweb.info\/sexshop001\/\",\"name\":\"Tienda Er\u00f3tica\",\"description\":\"DEMOWEB SL\",\"potentialAction\":[{\"@type\":\"SearchAction\",\"target\":{\"@type\":\"EntryPoint\",\"urlTemplate\":\"https:\/\/demoweb.info\/sexshop001\/?s={search_term_string}\"},\"query-input\":\"required name=search_term_string\"}],\"inLanguage\":\"es\"}]}<\/script>\n<!-- \/ Yoast SEO plugin. -->","yoast_head_json":{"title":"COLOURS PLEASURES DILDO THIN 8 - Tienda Er\u00f3tica","robots":{"index":"noindex","follow":"follow","max-snippet":"max-snippet:-1","max-image-preview":"max-image-preview:large","max-video-preview":"max-video-preview:-1"},"og_locale":"es_ES","og_type":"article","og_title":"COLOURS PLEASURES DILDO THIN 8 - Tienda Er\u00f3tica","og_description":"COLOURS DILDO PLEASURES THIN 8 El galardonado COLOURS PLEASURES est\u00e1 ahora disponible en super delgado edici\u00f3n. Es de silicona de","og_url":"https:\/\/demoweb.info\/sexshop001\/producto\/colours-pleasures-dildo-thin-8\/","og_site_name":"Tienda Er\u00f3tica","article_modified_time":"2022-01-22T14:05:44+00:00","og_image":[{"width":550,"height":550,"url":"https:\/\/demoweb.info\/sexshop001\/wp-content\/uploads\/2022\/01\/COLOURS-PLEASURES-DILDO-THIN-8.jpg","type":"image\/jpeg"}],"twitter_card":"summary_large_image","schema":{"@context":"https:\/\/schema.org","@graph":[{"@type":"WebPage","@id":"https:\/\/demoweb.info\/sexshop001\/producto\/colours-pleasures-dildo-thin-8\/","url":"https:\/\/demoweb.info\/sexshop001\/producto\/colours-pleasures-dildo-thin-8\/","name":"COLOURS PLEASURES DILDO THIN 8 - Tienda Er\u00f3tica","isPartOf":{"@id":"https:\/\/demoweb.info\/sexshop001\/#website"},"datePublished":"2022-01-22T14:05:40+00:00","dateModified":"2022-01-22T14:05:44+00:00","breadcrumb":{"@id":"https:\/\/demoweb.info\/sexshop001\/producto\/colours-pleasures-dildo-thin-8\/#breadcrumb"},"inLanguage":"es","potentialAction":[{"@type":"ReadAction","target":["https:\/\/demoweb.info\/sexshop001\/producto\/colours-pleasures-dildo-thin-8\/"]}]},{"@type":"BreadcrumbList","@id":"https:\/\/demoweb.info\/sexshop001\/producto\/colours-pleasures-dildo-thin-8\/#breadcrumb","itemListElement":[{"@type":"ListItem","position":1,"name":"Portada","item":"https:\/\/demoweb.info\/sexshop001\/"},{"@type":"ListItem","position":2,"name":"Tienda","item":"https:\/\/demoweb.info\/sexshop001\/tienda\/"},{"@type":"ListItem","position":3,"name":"COLOURS PLEASURES DILDO THIN 8"}]},{"@type":"WebSite","@id":"https:\/\/demoweb.info\/sexshop001\/#website","url":"https:\/\/demoweb.info\/sexshop001\/","name":"Tienda Er\u00f3tica","description":"DEMOWEB SL","potentialAction":[{"@type":"SearchAction","target":{"@type":"EntryPoint","urlTemplate":"https:\/\/demoweb.info\/sexshop001\/?s={search_term_string}"},"query-input":"required name=search_term_string"}],"inLanguage":"es"}]}},"_links":{"self":[{"href":"https:\/\/demoweb.info\/sexshop001\/wp-json\/wp\/v3\/product\/44778","targetHints":{"allow":["GET"]}}],"collection":[{"href":"https:\/\/demoweb.info\/sexshop001\/wp-json\/wp\/v3\/product"}],"about":[{"href":"https:\/\/demoweb.info\/sexshop001\/wp-json\/wp\/v2\/types\/product"}],"replies":[{"embeddable":true,"href":"https:\/\/demoweb.info\/sexshop001\/wp-json\/wp\/v2\/comments?post=44778"}],"wp:featuredmedia":[{"embeddable":true,"href":"https:\/\/demoweb.info\/sexshop001\/wp-json\/wp\/v2\/media\/44779"}],"wp:attachment":[{"href":"https:\/\/demoweb.info\/sexshop001\/wp-json\/wp\/v2\/media?parent=44778"}],"wp:term":[{"taxonomy":"product_cat","embeddable":true,"href":"https:\/\/demoweb.info\/sexshop001\/wp-json\/wp\/v2\/product_cat?post=44778"},{"taxonomy":"product_tag","embeddable":true,"href":"https:\/\/demoweb.info\/sexshop001\/wp-json\/wp\/v2\/product_tag?post=44778"}],"curies":[{"name":"wp","href":"https:\/\/api.w.org\/{rel}","templated":true}]}}