{"id":44772,"date":"2022-01-22T15:05:40","date_gmt":"2022-01-22T14:05:40","guid":{"rendered":"https:\/\/demoweb.info\/sexshop001\/producto\/pdx-mega-bator-usb-masturbador-masculino-ano-negro\/"},"modified":"2022-01-22T15:05:41","modified_gmt":"2022-01-22T14:05:41","slug":"pdx-mega-bator-usb-masturbador-masculino-ano-negro","status":"publish","type":"product","link":"https:\/\/demoweb.info\/sexshop001\/producto\/pdx-mega-bator-usb-masturbador-masculino-ano-negro\/","title":{"rendered":"PDX MEGA BATOR USB MASTURBADOR MASCULINO ANO NEGRO"},"content":{"rendered":"<p><strong>PDX MEGA BATOR ASS BLACK<\/strong><\/p>\n<p>\u00a1Prep\u00e1rate para el m\u00e1s incre\u00edble, m\u00e1s intenso y m\u00e1s avanzado masturbador masculino nunca antes imaginado! El vibrante<strong> Mega-Bator<\/strong> es el masturbador de potencia m\u00e1xima que hace todo el trabajo por ti!<\/p>\n<p>A diferencia de los masturbadores ordinarios que apenas se mueven arriba y abajo, la vibraci\u00f3n y rotaci\u00f3n avanzada de <strong>Mega-Bator<\/strong> y el mecanismo de vibraci\u00f3n le da un nuevo giro a la masturbaci\u00f3n masculina! Combina el movimiento circular con <strong>15 patrones<\/strong> de emocionante vibraci\u00f3n. Disfruta del sexo sin cables y con manos libres, siempre que quieras, donde quieras y todo el tiempo que quieras, sin ning\u00fan tipo de compromiso!<\/p>\n<p>El masturbador se adapta a casi todos los tama\u00f1os y es resistente al agua. Recargable con USB y tiene un adaptador ajustable para m\u00f3viles.<\/p>\n<p>Medidas Insertables: 12 cm x 4 cm<\/p>\n","protected":false},"excerpt":{"rendered":"<p>PDX MEGA BATOR ASS BLACK \u00a1Prep\u00e1rate para el m\u00e1s incre\u00edble, m\u00e1s intenso y m\u00e1s avanzado masturbador masculino nunca antes imaginado!<\/p>\n","protected":false},"featured_media":44773,"comment_status":"open","ping_status":"open","template":"","meta":[],"product_cat":[468],"product_tag":[561,259],"class_list":["post-44772","product","type-product","status-publish","has-post-thumbnail","hentry","product_cat-anos","product_tag-extreme-toyz","product_tag-pipedream"],"bundled_by":[],"bundle_stock_status":"outofstock","bundle_stock_quantity":0,"bundle_virtual":false,"bundle_layout":"","bundle_add_to_cart_form_location":"","bundle_editable_in_cart":false,"bundle_sold_individually_context":"","bundle_item_grouping":"","bundle_min_size":"","bundle_max_size":"","bundled_items":[],"yoast_head":"<!-- This site is optimized with the Yoast SEO plugin v20.6 - https:\/\/yoast.com\/wordpress\/plugins\/seo\/ -->\n<title>PDX MEGA BATOR USB MASTURBADOR MASCULINO ANO NEGRO - Tienda Er\u00f3tica<\/title>\n<meta name=\"robots\" content=\"noindex, follow, max-snippet:-1, max-image-preview:large, max-video-preview:-1\" \/>\n<meta property=\"og:locale\" content=\"es_ES\" \/>\n<meta property=\"og:type\" content=\"article\" \/>\n<meta property=\"og:title\" content=\"PDX MEGA BATOR USB MASTURBADOR MASCULINO ANO NEGRO - Tienda Er\u00f3tica\" \/>\n<meta property=\"og:description\" content=\"PDX MEGA BATOR ASS BLACK \u00a1Prep\u00e1rate para el m\u00e1s incre\u00edble, m\u00e1s intenso y m\u00e1s avanzado masturbador masculino nunca antes imaginado!\" \/>\n<meta property=\"og:url\" content=\"https:\/\/demoweb.info\/sexshop001\/producto\/pdx-mega-bator-usb-masturbador-masculino-ano-negro\/\" \/>\n<meta property=\"og:site_name\" content=\"Tienda Er\u00f3tica\" \/>\n<meta property=\"article:modified_time\" content=\"2022-01-22T14:05:41+00:00\" \/>\n<meta property=\"og:image\" content=\"https:\/\/demoweb.info\/sexshop001\/wp-content\/uploads\/2022\/01\/PDX-MEGA-BATOR-USB-MASTURBADOR-MASCULINO-ANO-NEGRO.jpg\" \/>\n\t<meta property=\"og:image:width\" content=\"550\" \/>\n\t<meta property=\"og:image:height\" content=\"550\" \/>\n\t<meta property=\"og:image:type\" content=\"image\/jpeg\" \/>\n<meta name=\"twitter:card\" content=\"summary_large_image\" \/>\n<meta name=\"twitter:label1\" content=\"Tiempo de lectura\" \/>\n\t<meta name=\"twitter:data1\" content=\"1 minuto\" \/>\n<script type=\"application\/ld+json\" class=\"yoast-schema-graph\">{\"@context\":\"https:\/\/schema.org\",\"@graph\":[{\"@type\":\"WebPage\",\"@id\":\"https:\/\/demoweb.info\/sexshop001\/producto\/pdx-mega-bator-usb-masturbador-masculino-ano-negro\/\",\"url\":\"https:\/\/demoweb.info\/sexshop001\/producto\/pdx-mega-bator-usb-masturbador-masculino-ano-negro\/\",\"name\":\"PDX MEGA BATOR USB MASTURBADOR MASCULINO ANO NEGRO - Tienda Er\u00f3tica\",\"isPartOf\":{\"@id\":\"https:\/\/demoweb.info\/sexshop001\/#website\"},\"datePublished\":\"2022-01-22T14:05:40+00:00\",\"dateModified\":\"2022-01-22T14:05:41+00:00\",\"breadcrumb\":{\"@id\":\"https:\/\/demoweb.info\/sexshop001\/producto\/pdx-mega-bator-usb-masturbador-masculino-ano-negro\/#breadcrumb\"},\"inLanguage\":\"es\",\"potentialAction\":[{\"@type\":\"ReadAction\",\"target\":[\"https:\/\/demoweb.info\/sexshop001\/producto\/pdx-mega-bator-usb-masturbador-masculino-ano-negro\/\"]}]},{\"@type\":\"BreadcrumbList\",\"@id\":\"https:\/\/demoweb.info\/sexshop001\/producto\/pdx-mega-bator-usb-masturbador-masculino-ano-negro\/#breadcrumb\",\"itemListElement\":[{\"@type\":\"ListItem\",\"position\":1,\"name\":\"Portada\",\"item\":\"https:\/\/demoweb.info\/sexshop001\/\"},{\"@type\":\"ListItem\",\"position\":2,\"name\":\"Tienda\",\"item\":\"https:\/\/demoweb.info\/sexshop001\/tienda\/\"},{\"@type\":\"ListItem\",\"position\":3,\"name\":\"PDX MEGA BATOR USB MASTURBADOR MASCULINO ANO NEGRO\"}]},{\"@type\":\"WebSite\",\"@id\":\"https:\/\/demoweb.info\/sexshop001\/#website\",\"url\":\"https:\/\/demoweb.info\/sexshop001\/\",\"name\":\"Tienda Er\u00f3tica\",\"description\":\"DEMOWEB SL\",\"potentialAction\":[{\"@type\":\"SearchAction\",\"target\":{\"@type\":\"EntryPoint\",\"urlTemplate\":\"https:\/\/demoweb.info\/sexshop001\/?s={search_term_string}\"},\"query-input\":\"required name=search_term_string\"}],\"inLanguage\":\"es\"}]}<\/script>\n<!-- \/ Yoast SEO plugin. -->","yoast_head_json":{"title":"PDX MEGA BATOR USB MASTURBADOR MASCULINO ANO NEGRO - Tienda Er\u00f3tica","robots":{"index":"noindex","follow":"follow","max-snippet":"max-snippet:-1","max-image-preview":"max-image-preview:large","max-video-preview":"max-video-preview:-1"},"og_locale":"es_ES","og_type":"article","og_title":"PDX MEGA BATOR USB MASTURBADOR MASCULINO ANO NEGRO - Tienda Er\u00f3tica","og_description":"PDX MEGA BATOR ASS BLACK \u00a1Prep\u00e1rate para el m\u00e1s incre\u00edble, m\u00e1s intenso y m\u00e1s avanzado masturbador masculino nunca antes imaginado!","og_url":"https:\/\/demoweb.info\/sexshop001\/producto\/pdx-mega-bator-usb-masturbador-masculino-ano-negro\/","og_site_name":"Tienda Er\u00f3tica","article_modified_time":"2022-01-22T14:05:41+00:00","og_image":[{"width":550,"height":550,"url":"https:\/\/demoweb.info\/sexshop001\/wp-content\/uploads\/2022\/01\/PDX-MEGA-BATOR-USB-MASTURBADOR-MASCULINO-ANO-NEGRO.jpg","type":"image\/jpeg"}],"twitter_card":"summary_large_image","twitter_misc":{"Tiempo de lectura":"1 minuto"},"schema":{"@context":"https:\/\/schema.org","@graph":[{"@type":"WebPage","@id":"https:\/\/demoweb.info\/sexshop001\/producto\/pdx-mega-bator-usb-masturbador-masculino-ano-negro\/","url":"https:\/\/demoweb.info\/sexshop001\/producto\/pdx-mega-bator-usb-masturbador-masculino-ano-negro\/","name":"PDX MEGA BATOR USB MASTURBADOR MASCULINO ANO NEGRO - Tienda Er\u00f3tica","isPartOf":{"@id":"https:\/\/demoweb.info\/sexshop001\/#website"},"datePublished":"2022-01-22T14:05:40+00:00","dateModified":"2022-01-22T14:05:41+00:00","breadcrumb":{"@id":"https:\/\/demoweb.info\/sexshop001\/producto\/pdx-mega-bator-usb-masturbador-masculino-ano-negro\/#breadcrumb"},"inLanguage":"es","potentialAction":[{"@type":"ReadAction","target":["https:\/\/demoweb.info\/sexshop001\/producto\/pdx-mega-bator-usb-masturbador-masculino-ano-negro\/"]}]},{"@type":"BreadcrumbList","@id":"https:\/\/demoweb.info\/sexshop001\/producto\/pdx-mega-bator-usb-masturbador-masculino-ano-negro\/#breadcrumb","itemListElement":[{"@type":"ListItem","position":1,"name":"Portada","item":"https:\/\/demoweb.info\/sexshop001\/"},{"@type":"ListItem","position":2,"name":"Tienda","item":"https:\/\/demoweb.info\/sexshop001\/tienda\/"},{"@type":"ListItem","position":3,"name":"PDX MEGA BATOR USB MASTURBADOR MASCULINO ANO NEGRO"}]},{"@type":"WebSite","@id":"https:\/\/demoweb.info\/sexshop001\/#website","url":"https:\/\/demoweb.info\/sexshop001\/","name":"Tienda Er\u00f3tica","description":"DEMOWEB SL","potentialAction":[{"@type":"SearchAction","target":{"@type":"EntryPoint","urlTemplate":"https:\/\/demoweb.info\/sexshop001\/?s={search_term_string}"},"query-input":"required name=search_term_string"}],"inLanguage":"es"}]}},"_links":{"self":[{"href":"https:\/\/demoweb.info\/sexshop001\/wp-json\/wp\/v3\/product\/44772","targetHints":{"allow":["GET"]}}],"collection":[{"href":"https:\/\/demoweb.info\/sexshop001\/wp-json\/wp\/v3\/product"}],"about":[{"href":"https:\/\/demoweb.info\/sexshop001\/wp-json\/wp\/v2\/types\/product"}],"replies":[{"embeddable":true,"href":"https:\/\/demoweb.info\/sexshop001\/wp-json\/wp\/v2\/comments?post=44772"}],"wp:featuredmedia":[{"embeddable":true,"href":"https:\/\/demoweb.info\/sexshop001\/wp-json\/wp\/v2\/media\/44773"}],"wp:attachment":[{"href":"https:\/\/demoweb.info\/sexshop001\/wp-json\/wp\/v2\/media?parent=44772"}],"wp:term":[{"taxonomy":"product_cat","embeddable":true,"href":"https:\/\/demoweb.info\/sexshop001\/wp-json\/wp\/v2\/product_cat?post=44772"},{"taxonomy":"product_tag","embeddable":true,"href":"https:\/\/demoweb.info\/sexshop001\/wp-json\/wp\/v2\/product_tag?post=44772"}],"curies":[{"name":"wp","href":"https:\/\/api.w.org\/{rel}","templated":true}]}}