{"id":44750,"date":"2022-01-22T15:05:16","date_gmt":"2022-01-22T14:05:16","guid":{"rendered":"https:\/\/demoweb.info\/sexshop001\/producto\/fantasy-c-ringz-funda-anillo-para-el-pene-y-testiculos\/"},"modified":"2022-01-22T15:05:27","modified_gmt":"2022-01-22T14:05:27","slug":"fantasy-c-ringz-funda-anillo-para-el-pene-y-testiculos","status":"publish","type":"product","link":"https:\/\/demoweb.info\/sexshop001\/producto\/fantasy-c-ringz-funda-anillo-para-el-pene-y-testiculos\/","title":{"rendered":"FANTASY C-RINGZ FUNDA ANILLO PARA EL PENE Y TEST\u00cdCULOS"},"content":{"rendered":"<p><strong>FANTASY C-RINGZ COCK PIPE WITH BALL STRETCHER<\/strong><\/p>\n<p><span style=&quot;font-size:14px&quot;><strong>Fantasy C-ringz<\/strong> es la gama de anillos m\u00e1s completa. Su dise\u00f1o ha sido revisado para estimular a la perfecci\u00f3n el pene y todos sus sentidos, cada uno ha sido dise\u00f1ado por un equipo de ingenieros de Pipedream.<\/span><\/p>\n<p><span style=&quot;font-size:14px&quot;>Este anillo combina dos de las sensaciones favoritas del hombre con un rendimiento incre\u00edble. El anillo de material TPR suave se adapta como un guante mientras que sus mejores amigos se mantienen c\u00f3modos y seguros.<\/span><\/p>\n<p><span style=&quot;font-size:14px&quot;>Usted siempre estar\u00e1 listo para la acci\u00f3n y experimentar\u00e1 un aumento tanto en tama\u00f1o como en grosor.<\/span><\/p>\n<ul>\n<li><span style=&quot;font-size:14px&quot;>Di\u00e1metro posterior del anillo: 3.5 cm<\/span><\/li>\n<li><span style=&quot;font-size:14px&quot;>Di\u00e1metro frontal del anillo: 3.2 cm<\/span><\/li>\n<li><span style=&quot;font-size:14px&quot;>Profundidad del anillo: 3 cm<\/span><\/li>\n<li><span style=&quot;font-size:14px&quot;>Longitud de la bolsa: 2.5 cm<\/span><\/li>\n<\/ul>\n<p><span style=&quot;font-size:14px&quot;>Incluye muestra de lubricante y limpiador de juguetes.<\/span><\/p>\n","protected":false},"excerpt":{"rendered":"<p>FANTASY C-RINGZ COCK PIPE WITH BALL STRETCHER Fantasy C-ringz es la gama de anillos m\u00e1s completa. Su dise\u00f1o ha sido<\/p>\n","protected":false},"featured_media":44751,"comment_status":"open","ping_status":"open","template":"","meta":[],"product_cat":[1239],"product_tag":[693,259],"class_list":["post-44750","product","type-product","status-publish","has-post-thumbnail","hentry","product_cat-arneses-accesorios-pene-bdsm","product_tag-fantasy-c-ringz","product_tag-pipedream"],"bundled_by":[],"bundle_stock_status":"instock","bundle_stock_quantity":2,"bundle_virtual":false,"bundle_layout":"","bundle_add_to_cart_form_location":"","bundle_editable_in_cart":false,"bundle_sold_individually_context":"","bundle_item_grouping":"","bundle_min_size":"","bundle_max_size":"","bundled_items":[],"yoast_head":"<!-- This site is optimized with the Yoast SEO plugin v20.6 - https:\/\/yoast.com\/wordpress\/plugins\/seo\/ -->\n<title>FANTASY C-RINGZ FUNDA ANILLO PARA EL PENE Y TEST\u00cdCULOS - Tienda Er\u00f3tica<\/title>\n<meta name=\"robots\" content=\"noindex, follow, max-snippet:-1, max-image-preview:large, max-video-preview:-1\" \/>\n<meta property=\"og:locale\" content=\"es_ES\" \/>\n<meta property=\"og:type\" content=\"article\" \/>\n<meta property=\"og:title\" content=\"FANTASY C-RINGZ FUNDA ANILLO PARA EL PENE Y TEST\u00cdCULOS - Tienda Er\u00f3tica\" \/>\n<meta property=\"og:description\" content=\"FANTASY C-RINGZ COCK PIPE WITH BALL STRETCHER Fantasy C-ringz es la gama de anillos m\u00e1s completa. Su dise\u00f1o ha sido\" \/>\n<meta property=\"og:url\" content=\"https:\/\/demoweb.info\/sexshop001\/producto\/fantasy-c-ringz-funda-anillo-para-el-pene-y-testiculos\/\" \/>\n<meta property=\"og:site_name\" content=\"Tienda Er\u00f3tica\" \/>\n<meta property=\"article:modified_time\" content=\"2022-01-22T14:05:27+00:00\" \/>\n<meta property=\"og:image\" content=\"https:\/\/demoweb.info\/sexshop001\/wp-content\/uploads\/2022\/01\/FANTASY-C-RINGZ-FUNDA-ANILLO-PARA-EL-PENE-Y-TESTICULOS.jpg\" \/>\n\t<meta property=\"og:image:width\" content=\"550\" \/>\n\t<meta property=\"og:image:height\" content=\"550\" \/>\n\t<meta property=\"og:image:type\" content=\"image\/jpeg\" \/>\n<meta name=\"twitter:card\" content=\"summary_large_image\" \/>\n<meta name=\"twitter:label1\" content=\"Tiempo de lectura\" \/>\n\t<meta name=\"twitter:data1\" content=\"1 minuto\" \/>\n<script type=\"application\/ld+json\" class=\"yoast-schema-graph\">{\"@context\":\"https:\/\/schema.org\",\"@graph\":[{\"@type\":\"WebPage\",\"@id\":\"https:\/\/demoweb.info\/sexshop001\/producto\/fantasy-c-ringz-funda-anillo-para-el-pene-y-testiculos\/\",\"url\":\"https:\/\/demoweb.info\/sexshop001\/producto\/fantasy-c-ringz-funda-anillo-para-el-pene-y-testiculos\/\",\"name\":\"FANTASY C-RINGZ FUNDA ANILLO PARA EL PENE Y TEST\u00cdCULOS - Tienda Er\u00f3tica\",\"isPartOf\":{\"@id\":\"https:\/\/demoweb.info\/sexshop001\/#website\"},\"datePublished\":\"2022-01-22T14:05:16+00:00\",\"dateModified\":\"2022-01-22T14:05:27+00:00\",\"breadcrumb\":{\"@id\":\"https:\/\/demoweb.info\/sexshop001\/producto\/fantasy-c-ringz-funda-anillo-para-el-pene-y-testiculos\/#breadcrumb\"},\"inLanguage\":\"es\",\"potentialAction\":[{\"@type\":\"ReadAction\",\"target\":[\"https:\/\/demoweb.info\/sexshop001\/producto\/fantasy-c-ringz-funda-anillo-para-el-pene-y-testiculos\/\"]}]},{\"@type\":\"BreadcrumbList\",\"@id\":\"https:\/\/demoweb.info\/sexshop001\/producto\/fantasy-c-ringz-funda-anillo-para-el-pene-y-testiculos\/#breadcrumb\",\"itemListElement\":[{\"@type\":\"ListItem\",\"position\":1,\"name\":\"Portada\",\"item\":\"https:\/\/demoweb.info\/sexshop001\/\"},{\"@type\":\"ListItem\",\"position\":2,\"name\":\"Tienda\",\"item\":\"https:\/\/demoweb.info\/sexshop001\/tienda\/\"},{\"@type\":\"ListItem\",\"position\":3,\"name\":\"FANTASY C-RINGZ FUNDA ANILLO PARA EL PENE Y TEST\u00cdCULOS\"}]},{\"@type\":\"WebSite\",\"@id\":\"https:\/\/demoweb.info\/sexshop001\/#website\",\"url\":\"https:\/\/demoweb.info\/sexshop001\/\",\"name\":\"Tienda Er\u00f3tica\",\"description\":\"DEMOWEB SL\",\"potentialAction\":[{\"@type\":\"SearchAction\",\"target\":{\"@type\":\"EntryPoint\",\"urlTemplate\":\"https:\/\/demoweb.info\/sexshop001\/?s={search_term_string}\"},\"query-input\":\"required name=search_term_string\"}],\"inLanguage\":\"es\"}]}<\/script>\n<!-- \/ Yoast SEO plugin. -->","yoast_head_json":{"title":"FANTASY C-RINGZ FUNDA ANILLO PARA EL PENE Y TEST\u00cdCULOS - Tienda Er\u00f3tica","robots":{"index":"noindex","follow":"follow","max-snippet":"max-snippet:-1","max-image-preview":"max-image-preview:large","max-video-preview":"max-video-preview:-1"},"og_locale":"es_ES","og_type":"article","og_title":"FANTASY C-RINGZ FUNDA ANILLO PARA EL PENE Y TEST\u00cdCULOS - Tienda Er\u00f3tica","og_description":"FANTASY C-RINGZ COCK PIPE WITH BALL STRETCHER Fantasy C-ringz es la gama de anillos m\u00e1s completa. Su dise\u00f1o ha sido","og_url":"https:\/\/demoweb.info\/sexshop001\/producto\/fantasy-c-ringz-funda-anillo-para-el-pene-y-testiculos\/","og_site_name":"Tienda Er\u00f3tica","article_modified_time":"2022-01-22T14:05:27+00:00","og_image":[{"width":550,"height":550,"url":"https:\/\/demoweb.info\/sexshop001\/wp-content\/uploads\/2022\/01\/FANTASY-C-RINGZ-FUNDA-ANILLO-PARA-EL-PENE-Y-TESTICULOS.jpg","type":"image\/jpeg"}],"twitter_card":"summary_large_image","twitter_misc":{"Tiempo de lectura":"1 minuto"},"schema":{"@context":"https:\/\/schema.org","@graph":[{"@type":"WebPage","@id":"https:\/\/demoweb.info\/sexshop001\/producto\/fantasy-c-ringz-funda-anillo-para-el-pene-y-testiculos\/","url":"https:\/\/demoweb.info\/sexshop001\/producto\/fantasy-c-ringz-funda-anillo-para-el-pene-y-testiculos\/","name":"FANTASY C-RINGZ FUNDA ANILLO PARA EL PENE Y TEST\u00cdCULOS - Tienda Er\u00f3tica","isPartOf":{"@id":"https:\/\/demoweb.info\/sexshop001\/#website"},"datePublished":"2022-01-22T14:05:16+00:00","dateModified":"2022-01-22T14:05:27+00:00","breadcrumb":{"@id":"https:\/\/demoweb.info\/sexshop001\/producto\/fantasy-c-ringz-funda-anillo-para-el-pene-y-testiculos\/#breadcrumb"},"inLanguage":"es","potentialAction":[{"@type":"ReadAction","target":["https:\/\/demoweb.info\/sexshop001\/producto\/fantasy-c-ringz-funda-anillo-para-el-pene-y-testiculos\/"]}]},{"@type":"BreadcrumbList","@id":"https:\/\/demoweb.info\/sexshop001\/producto\/fantasy-c-ringz-funda-anillo-para-el-pene-y-testiculos\/#breadcrumb","itemListElement":[{"@type":"ListItem","position":1,"name":"Portada","item":"https:\/\/demoweb.info\/sexshop001\/"},{"@type":"ListItem","position":2,"name":"Tienda","item":"https:\/\/demoweb.info\/sexshop001\/tienda\/"},{"@type":"ListItem","position":3,"name":"FANTASY C-RINGZ FUNDA ANILLO PARA EL PENE Y TEST\u00cdCULOS"}]},{"@type":"WebSite","@id":"https:\/\/demoweb.info\/sexshop001\/#website","url":"https:\/\/demoweb.info\/sexshop001\/","name":"Tienda Er\u00f3tica","description":"DEMOWEB SL","potentialAction":[{"@type":"SearchAction","target":{"@type":"EntryPoint","urlTemplate":"https:\/\/demoweb.info\/sexshop001\/?s={search_term_string}"},"query-input":"required name=search_term_string"}],"inLanguage":"es"}]}},"_links":{"self":[{"href":"https:\/\/demoweb.info\/sexshop001\/wp-json\/wp\/v3\/product\/44750","targetHints":{"allow":["GET"]}}],"collection":[{"href":"https:\/\/demoweb.info\/sexshop001\/wp-json\/wp\/v3\/product"}],"about":[{"href":"https:\/\/demoweb.info\/sexshop001\/wp-json\/wp\/v2\/types\/product"}],"replies":[{"embeddable":true,"href":"https:\/\/demoweb.info\/sexshop001\/wp-json\/wp\/v2\/comments?post=44750"}],"wp:featuredmedia":[{"embeddable":true,"href":"https:\/\/demoweb.info\/sexshop001\/wp-json\/wp\/v2\/media\/44751"}],"wp:attachment":[{"href":"https:\/\/demoweb.info\/sexshop001\/wp-json\/wp\/v2\/media?parent=44750"}],"wp:term":[{"taxonomy":"product_cat","embeddable":true,"href":"https:\/\/demoweb.info\/sexshop001\/wp-json\/wp\/v2\/product_cat?post=44750"},{"taxonomy":"product_tag","embeddable":true,"href":"https:\/\/demoweb.info\/sexshop001\/wp-json\/wp\/v2\/product_tag?post=44750"}],"curies":[{"name":"wp","href":"https:\/\/api.w.org\/{rel}","templated":true}]}}