{"id":44679,"date":"2022-01-22T15:04:40","date_gmt":"2022-01-22T14:04:40","guid":{"rendered":"https:\/\/demoweb.info\/sexshop001\/producto\/pantalon-cuero-hombre-azul\/"},"modified":"2022-01-22T15:04:43","modified_gmt":"2022-01-22T14:04:43","slug":"pantalon-cuero-hombre-azul","status":"publish","type":"product","link":"https:\/\/demoweb.info\/sexshop001\/producto\/pantalon-cuero-hombre-azul\/","title":{"rendered":"PANTAL\u00d3N CUERO HOMBRE-AZUL"},"content":{"rendered":"<p><strong>SPORT SHORTS BLUE, <\/strong>pantalones tipo short para hombre pensados para complementar con el resto de la colecci\u00f3n BDSM de Rouge garments.Son de cuero negro, con rayas azules que marcan el estilo sport en los laterales.<\/p>\n<p>Fant\u00e1stica ocasi\u00f3n para conseguir una est\u00e9tica BDSM.<\/p><\/p>\n","protected":false},"excerpt":{"rendered":"<p>SPORT SHORTS BLUE, pantalones tipo short para hombre pensados para complementar con el resto de la colecci\u00f3n BDSM de Rouge<\/p>\n","protected":false},"featured_media":44680,"comment_status":"open","ping_status":"open","template":"","meta":[],"product_cat":[1397],"product_tag":[1396],"class_list":["post-44679","product","type-product","status-publish","has-post-thumbnail","hentry","product_cat-para-el-lenceria-bdsm","product_tag-rouge-garments"],"bundled_by":[],"bundle_stock_status":"instock","bundle_stock_quantity":1,"bundle_virtual":false,"bundle_layout":"","bundle_add_to_cart_form_location":"","bundle_editable_in_cart":false,"bundle_sold_individually_context":"","bundle_item_grouping":"","bundle_min_size":"","bundle_max_size":"","bundled_items":[],"yoast_head":"<!-- This site is optimized with the Yoast SEO plugin v20.6 - https:\/\/yoast.com\/wordpress\/plugins\/seo\/ -->\n<title>PANTAL\u00d3N CUERO HOMBRE-AZUL - Tienda Er\u00f3tica<\/title>\n<meta name=\"robots\" content=\"noindex, follow, max-snippet:-1, max-image-preview:large, max-video-preview:-1\" \/>\n<meta property=\"og:locale\" content=\"es_ES\" \/>\n<meta property=\"og:type\" content=\"article\" \/>\n<meta property=\"og:title\" content=\"PANTAL\u00d3N CUERO HOMBRE-AZUL - Tienda Er\u00f3tica\" \/>\n<meta property=\"og:description\" content=\"SPORT SHORTS BLUE, pantalones tipo short para hombre pensados para complementar con el resto de la colecci\u00f3n BDSM de Rouge\" \/>\n<meta property=\"og:url\" content=\"https:\/\/demoweb.info\/sexshop001\/producto\/pantalon-cuero-hombre-azul\/\" \/>\n<meta property=\"og:site_name\" content=\"Tienda Er\u00f3tica\" \/>\n<meta property=\"article:modified_time\" content=\"2022-01-22T14:04:43+00:00\" \/>\n<meta property=\"og:image\" content=\"https:\/\/demoweb.info\/sexshop001\/wp-content\/uploads\/2022\/01\/PANTALON-CUERO-HOMBRE-AZUL.jpg\" \/>\n\t<meta property=\"og:image:width\" content=\"550\" \/>\n\t<meta property=\"og:image:height\" content=\"550\" \/>\n\t<meta property=\"og:image:type\" content=\"image\/jpeg\" \/>\n<meta name=\"twitter:card\" content=\"summary_large_image\" \/>\n<script type=\"application\/ld+json\" class=\"yoast-schema-graph\">{\"@context\":\"https:\/\/schema.org\",\"@graph\":[{\"@type\":\"WebPage\",\"@id\":\"https:\/\/demoweb.info\/sexshop001\/producto\/pantalon-cuero-hombre-azul\/\",\"url\":\"https:\/\/demoweb.info\/sexshop001\/producto\/pantalon-cuero-hombre-azul\/\",\"name\":\"PANTAL\u00d3N CUERO HOMBRE-AZUL - Tienda Er\u00f3tica\",\"isPartOf\":{\"@id\":\"https:\/\/demoweb.info\/sexshop001\/#website\"},\"datePublished\":\"2022-01-22T14:04:40+00:00\",\"dateModified\":\"2022-01-22T14:04:43+00:00\",\"breadcrumb\":{\"@id\":\"https:\/\/demoweb.info\/sexshop001\/producto\/pantalon-cuero-hombre-azul\/#breadcrumb\"},\"inLanguage\":\"es\",\"potentialAction\":[{\"@type\":\"ReadAction\",\"target\":[\"https:\/\/demoweb.info\/sexshop001\/producto\/pantalon-cuero-hombre-azul\/\"]}]},{\"@type\":\"BreadcrumbList\",\"@id\":\"https:\/\/demoweb.info\/sexshop001\/producto\/pantalon-cuero-hombre-azul\/#breadcrumb\",\"itemListElement\":[{\"@type\":\"ListItem\",\"position\":1,\"name\":\"Portada\",\"item\":\"https:\/\/demoweb.info\/sexshop001\/\"},{\"@type\":\"ListItem\",\"position\":2,\"name\":\"Tienda\",\"item\":\"https:\/\/demoweb.info\/sexshop001\/tienda\/\"},{\"@type\":\"ListItem\",\"position\":3,\"name\":\"PANTAL\u00d3N CUERO HOMBRE-AZUL\"}]},{\"@type\":\"WebSite\",\"@id\":\"https:\/\/demoweb.info\/sexshop001\/#website\",\"url\":\"https:\/\/demoweb.info\/sexshop001\/\",\"name\":\"Tienda Er\u00f3tica\",\"description\":\"DEMOWEB SL\",\"potentialAction\":[{\"@type\":\"SearchAction\",\"target\":{\"@type\":\"EntryPoint\",\"urlTemplate\":\"https:\/\/demoweb.info\/sexshop001\/?s={search_term_string}\"},\"query-input\":\"required name=search_term_string\"}],\"inLanguage\":\"es\"}]}<\/script>\n<!-- \/ Yoast SEO plugin. -->","yoast_head_json":{"title":"PANTAL\u00d3N CUERO HOMBRE-AZUL - Tienda Er\u00f3tica","robots":{"index":"noindex","follow":"follow","max-snippet":"max-snippet:-1","max-image-preview":"max-image-preview:large","max-video-preview":"max-video-preview:-1"},"og_locale":"es_ES","og_type":"article","og_title":"PANTAL\u00d3N CUERO HOMBRE-AZUL - Tienda Er\u00f3tica","og_description":"SPORT SHORTS BLUE, pantalones tipo short para hombre pensados para complementar con el resto de la colecci\u00f3n BDSM de Rouge","og_url":"https:\/\/demoweb.info\/sexshop001\/producto\/pantalon-cuero-hombre-azul\/","og_site_name":"Tienda Er\u00f3tica","article_modified_time":"2022-01-22T14:04:43+00:00","og_image":[{"width":550,"height":550,"url":"https:\/\/demoweb.info\/sexshop001\/wp-content\/uploads\/2022\/01\/PANTALON-CUERO-HOMBRE-AZUL.jpg","type":"image\/jpeg"}],"twitter_card":"summary_large_image","schema":{"@context":"https:\/\/schema.org","@graph":[{"@type":"WebPage","@id":"https:\/\/demoweb.info\/sexshop001\/producto\/pantalon-cuero-hombre-azul\/","url":"https:\/\/demoweb.info\/sexshop001\/producto\/pantalon-cuero-hombre-azul\/","name":"PANTAL\u00d3N CUERO HOMBRE-AZUL - Tienda Er\u00f3tica","isPartOf":{"@id":"https:\/\/demoweb.info\/sexshop001\/#website"},"datePublished":"2022-01-22T14:04:40+00:00","dateModified":"2022-01-22T14:04:43+00:00","breadcrumb":{"@id":"https:\/\/demoweb.info\/sexshop001\/producto\/pantalon-cuero-hombre-azul\/#breadcrumb"},"inLanguage":"es","potentialAction":[{"@type":"ReadAction","target":["https:\/\/demoweb.info\/sexshop001\/producto\/pantalon-cuero-hombre-azul\/"]}]},{"@type":"BreadcrumbList","@id":"https:\/\/demoweb.info\/sexshop001\/producto\/pantalon-cuero-hombre-azul\/#breadcrumb","itemListElement":[{"@type":"ListItem","position":1,"name":"Portada","item":"https:\/\/demoweb.info\/sexshop001\/"},{"@type":"ListItem","position":2,"name":"Tienda","item":"https:\/\/demoweb.info\/sexshop001\/tienda\/"},{"@type":"ListItem","position":3,"name":"PANTAL\u00d3N CUERO HOMBRE-AZUL"}]},{"@type":"WebSite","@id":"https:\/\/demoweb.info\/sexshop001\/#website","url":"https:\/\/demoweb.info\/sexshop001\/","name":"Tienda Er\u00f3tica","description":"DEMOWEB SL","potentialAction":[{"@type":"SearchAction","target":{"@type":"EntryPoint","urlTemplate":"https:\/\/demoweb.info\/sexshop001\/?s={search_term_string}"},"query-input":"required name=search_term_string"}],"inLanguage":"es"}]}},"_links":{"self":[{"href":"https:\/\/demoweb.info\/sexshop001\/wp-json\/wp\/v3\/product\/44679","targetHints":{"allow":["GET"]}}],"collection":[{"href":"https:\/\/demoweb.info\/sexshop001\/wp-json\/wp\/v3\/product"}],"about":[{"href":"https:\/\/demoweb.info\/sexshop001\/wp-json\/wp\/v2\/types\/product"}],"replies":[{"embeddable":true,"href":"https:\/\/demoweb.info\/sexshop001\/wp-json\/wp\/v2\/comments?post=44679"}],"wp:featuredmedia":[{"embeddable":true,"href":"https:\/\/demoweb.info\/sexshop001\/wp-json\/wp\/v2\/media\/44680"}],"wp:attachment":[{"href":"https:\/\/demoweb.info\/sexshop001\/wp-json\/wp\/v2\/media?parent=44679"}],"wp:term":[{"taxonomy":"product_cat","embeddable":true,"href":"https:\/\/demoweb.info\/sexshop001\/wp-json\/wp\/v2\/product_cat?post=44679"},{"taxonomy":"product_tag","embeddable":true,"href":"https:\/\/demoweb.info\/sexshop001\/wp-json\/wp\/v2\/product_tag?post=44679"}],"curies":[{"name":"wp","href":"https:\/\/api.w.org\/{rel}","templated":true}]}}