{"id":44662,"date":"2022-01-22T15:04:22","date_gmt":"2022-01-22T14:04:22","guid":{"rendered":"https:\/\/demoweb.info\/sexshop001\/producto\/clit-kit-para-ella\/"},"modified":"2022-01-22T15:04:33","modified_gmt":"2022-01-22T14:04:33","slug":"clit-kit-para-ella","status":"publish","type":"product","link":"https:\/\/demoweb.info\/sexshop001\/producto\/clit-kit-para-ella\/","title":{"rendered":"CLIT KIT PARA ELLA"},"content":{"rendered":"<p><strong>HER CLIT KIT <\/strong>.Pensado para las mujeres atrevidas que disponen de un kit completo para sus momento m\u00e1s \u00edntimos. Se trata de un poderoso estimulador con distintas velocidades. Dispone de un masajeador compacto con cuatro puntos de placer \u00fanico. Utiliza el gel de exitaci\u00f3n para lograr el m\u00e1ximos placer y utiliza la manga del conejito, suave y el\u00e1stica, para lograr el orgasmo m\u00e1s intenso.<\/p>\n<p>Seguro para tu cuerpo, sin olor y libre de ftalato.<\/p>\n<p>Incluye:un masajeador compacto, un estimulador ergon\u00f3mico con muchas velocidades, un gel excitante y dos fundas con efecto lengua y cabeza de conejito.<\/p>\n","protected":false},"excerpt":{"rendered":"<p>HER CLIT KIT .Pensado para las mujeres atrevidas que disponen de un kit completo para sus momento m\u00e1s \u00edntimos. Se<\/p>\n","protected":false},"featured_media":44663,"comment_status":"open","ping_status":"open","template":"","meta":[],"product_cat":[1053],"product_tag":[660,1287],"class_list":["post-44662","product","type-product","status-publish","has-post-thumbnail","hentry","product_cat-ella-juguetes-kits","product_tag-calexotics","product_tag-kits"],"bundled_by":[],"bundle_stock_status":"instock","bundle_stock_quantity":1,"bundle_virtual":false,"bundle_layout":"","bundle_add_to_cart_form_location":"","bundle_editable_in_cart":false,"bundle_sold_individually_context":"","bundle_item_grouping":"","bundle_min_size":"","bundle_max_size":"","bundled_items":[],"yoast_head":"<!-- This site is optimized with the Yoast SEO plugin v20.6 - https:\/\/yoast.com\/wordpress\/plugins\/seo\/ -->\n<title>CLIT KIT PARA ELLA - Tienda Er\u00f3tica<\/title>\n<meta name=\"robots\" content=\"noindex, follow, max-snippet:-1, max-image-preview:large, max-video-preview:-1\" \/>\n<meta property=\"og:locale\" content=\"es_ES\" \/>\n<meta property=\"og:type\" content=\"article\" \/>\n<meta property=\"og:title\" content=\"CLIT KIT PARA ELLA - Tienda Er\u00f3tica\" \/>\n<meta property=\"og:description\" content=\"HER CLIT KIT .Pensado para las mujeres atrevidas que disponen de un kit completo para sus momento m\u00e1s \u00edntimos. Se\" \/>\n<meta property=\"og:url\" content=\"https:\/\/demoweb.info\/sexshop001\/producto\/clit-kit-para-ella\/\" \/>\n<meta property=\"og:site_name\" content=\"Tienda Er\u00f3tica\" \/>\n<meta property=\"article:modified_time\" content=\"2022-01-22T14:04:33+00:00\" \/>\n<meta property=\"og:image\" content=\"https:\/\/demoweb.info\/sexshop001\/wp-content\/uploads\/2022\/01\/CLIT-KIT-PARA-ELLA.jpg\" \/>\n\t<meta property=\"og:image:width\" content=\"550\" \/>\n\t<meta property=\"og:image:height\" content=\"550\" \/>\n\t<meta property=\"og:image:type\" content=\"image\/jpeg\" \/>\n<meta name=\"twitter:card\" content=\"summary_large_image\" \/>\n<meta name=\"twitter:label1\" content=\"Tiempo de lectura\" \/>\n\t<meta name=\"twitter:data1\" content=\"1 minuto\" \/>\n<script type=\"application\/ld+json\" class=\"yoast-schema-graph\">{\"@context\":\"https:\/\/schema.org\",\"@graph\":[{\"@type\":\"WebPage\",\"@id\":\"https:\/\/demoweb.info\/sexshop001\/producto\/clit-kit-para-ella\/\",\"url\":\"https:\/\/demoweb.info\/sexshop001\/producto\/clit-kit-para-ella\/\",\"name\":\"CLIT KIT PARA ELLA - Tienda Er\u00f3tica\",\"isPartOf\":{\"@id\":\"https:\/\/demoweb.info\/sexshop001\/#website\"},\"datePublished\":\"2022-01-22T14:04:22+00:00\",\"dateModified\":\"2022-01-22T14:04:33+00:00\",\"breadcrumb\":{\"@id\":\"https:\/\/demoweb.info\/sexshop001\/producto\/clit-kit-para-ella\/#breadcrumb\"},\"inLanguage\":\"es\",\"potentialAction\":[{\"@type\":\"ReadAction\",\"target\":[\"https:\/\/demoweb.info\/sexshop001\/producto\/clit-kit-para-ella\/\"]}]},{\"@type\":\"BreadcrumbList\",\"@id\":\"https:\/\/demoweb.info\/sexshop001\/producto\/clit-kit-para-ella\/#breadcrumb\",\"itemListElement\":[{\"@type\":\"ListItem\",\"position\":1,\"name\":\"Portada\",\"item\":\"https:\/\/demoweb.info\/sexshop001\/\"},{\"@type\":\"ListItem\",\"position\":2,\"name\":\"Tienda\",\"item\":\"https:\/\/demoweb.info\/sexshop001\/tienda\/\"},{\"@type\":\"ListItem\",\"position\":3,\"name\":\"CLIT KIT PARA ELLA\"}]},{\"@type\":\"WebSite\",\"@id\":\"https:\/\/demoweb.info\/sexshop001\/#website\",\"url\":\"https:\/\/demoweb.info\/sexshop001\/\",\"name\":\"Tienda Er\u00f3tica\",\"description\":\"DEMOWEB SL\",\"potentialAction\":[{\"@type\":\"SearchAction\",\"target\":{\"@type\":\"EntryPoint\",\"urlTemplate\":\"https:\/\/demoweb.info\/sexshop001\/?s={search_term_string}\"},\"query-input\":\"required name=search_term_string\"}],\"inLanguage\":\"es\"}]}<\/script>\n<!-- \/ Yoast SEO plugin. -->","yoast_head_json":{"title":"CLIT KIT PARA ELLA - Tienda Er\u00f3tica","robots":{"index":"noindex","follow":"follow","max-snippet":"max-snippet:-1","max-image-preview":"max-image-preview:large","max-video-preview":"max-video-preview:-1"},"og_locale":"es_ES","og_type":"article","og_title":"CLIT KIT PARA ELLA - Tienda Er\u00f3tica","og_description":"HER CLIT KIT .Pensado para las mujeres atrevidas que disponen de un kit completo para sus momento m\u00e1s \u00edntimos. Se","og_url":"https:\/\/demoweb.info\/sexshop001\/producto\/clit-kit-para-ella\/","og_site_name":"Tienda Er\u00f3tica","article_modified_time":"2022-01-22T14:04:33+00:00","og_image":[{"width":550,"height":550,"url":"https:\/\/demoweb.info\/sexshop001\/wp-content\/uploads\/2022\/01\/CLIT-KIT-PARA-ELLA.jpg","type":"image\/jpeg"}],"twitter_card":"summary_large_image","twitter_misc":{"Tiempo de lectura":"1 minuto"},"schema":{"@context":"https:\/\/schema.org","@graph":[{"@type":"WebPage","@id":"https:\/\/demoweb.info\/sexshop001\/producto\/clit-kit-para-ella\/","url":"https:\/\/demoweb.info\/sexshop001\/producto\/clit-kit-para-ella\/","name":"CLIT KIT PARA ELLA - Tienda Er\u00f3tica","isPartOf":{"@id":"https:\/\/demoweb.info\/sexshop001\/#website"},"datePublished":"2022-01-22T14:04:22+00:00","dateModified":"2022-01-22T14:04:33+00:00","breadcrumb":{"@id":"https:\/\/demoweb.info\/sexshop001\/producto\/clit-kit-para-ella\/#breadcrumb"},"inLanguage":"es","potentialAction":[{"@type":"ReadAction","target":["https:\/\/demoweb.info\/sexshop001\/producto\/clit-kit-para-ella\/"]}]},{"@type":"BreadcrumbList","@id":"https:\/\/demoweb.info\/sexshop001\/producto\/clit-kit-para-ella\/#breadcrumb","itemListElement":[{"@type":"ListItem","position":1,"name":"Portada","item":"https:\/\/demoweb.info\/sexshop001\/"},{"@type":"ListItem","position":2,"name":"Tienda","item":"https:\/\/demoweb.info\/sexshop001\/tienda\/"},{"@type":"ListItem","position":3,"name":"CLIT KIT PARA ELLA"}]},{"@type":"WebSite","@id":"https:\/\/demoweb.info\/sexshop001\/#website","url":"https:\/\/demoweb.info\/sexshop001\/","name":"Tienda Er\u00f3tica","description":"DEMOWEB SL","potentialAction":[{"@type":"SearchAction","target":{"@type":"EntryPoint","urlTemplate":"https:\/\/demoweb.info\/sexshop001\/?s={search_term_string}"},"query-input":"required name=search_term_string"}],"inLanguage":"es"}]}},"_links":{"self":[{"href":"https:\/\/demoweb.info\/sexshop001\/wp-json\/wp\/v3\/product\/44662","targetHints":{"allow":["GET"]}}],"collection":[{"href":"https:\/\/demoweb.info\/sexshop001\/wp-json\/wp\/v3\/product"}],"about":[{"href":"https:\/\/demoweb.info\/sexshop001\/wp-json\/wp\/v2\/types\/product"}],"replies":[{"embeddable":true,"href":"https:\/\/demoweb.info\/sexshop001\/wp-json\/wp\/v2\/comments?post=44662"}],"wp:featuredmedia":[{"embeddable":true,"href":"https:\/\/demoweb.info\/sexshop001\/wp-json\/wp\/v2\/media\/44663"}],"wp:attachment":[{"href":"https:\/\/demoweb.info\/sexshop001\/wp-json\/wp\/v2\/media?parent=44662"}],"wp:term":[{"taxonomy":"product_cat","embeddable":true,"href":"https:\/\/demoweb.info\/sexshop001\/wp-json\/wp\/v2\/product_cat?post=44662"},{"taxonomy":"product_tag","embeddable":true,"href":"https:\/\/demoweb.info\/sexshop001\/wp-json\/wp\/v2\/product_tag?post=44662"}],"curies":[{"name":"wp","href":"https:\/\/api.w.org\/{rel}","templated":true}]}}