{"id":44619,"date":"2022-01-22T15:04:06","date_gmt":"2022-01-22T14:04:06","guid":{"rendered":"https:\/\/demoweb.info\/sexshop001\/producto\/fantasy-c-ringz-conejito-vibrador-con-plug\/"},"modified":"2022-01-22T15:04:08","modified_gmt":"2022-01-22T14:04:08","slug":"fantasy-c-ringz-conejito-vibrador-con-plug","status":"publish","type":"product","link":"https:\/\/demoweb.info\/sexshop001\/producto\/fantasy-c-ringz-conejito-vibrador-con-plug\/","title":{"rendered":"FANTASY C-RINGZ CONEJITO VIBRADOR CON PLUG"},"content":{"rendered":"<p><strong>FANTASY C-RINGZ ASS-GASM VIBRATING RABBIT<\/strong><\/p>\n<p><strong>Fantasy C-ringz<\/strong> es la gama de anillos m\u00e1s completa. Su dise\u00f1o ha sido revisado para estimular a la perfecci\u00f3n el pene y todos sus sentidos, cada uno ha sido dise\u00f1ado por un equipo de ingenieros de Pipedream.<\/p>\n<p>Cuando usted est\u00e1 buscando un anillo de parejas-friendly que ofrece eyaculaciones explosivas y orgasmos alucinantes, el <span style=&quot;font-size:11px&quot;><strong>ASS-GASM VIBRATING RABBIT<\/strong> <\/span>es la elecci\u00f3n perfecta. Hecho de silicona suave como la seda, este anillo vibrador de triple acci\u00f3n es un plug port\u00e1til P-spot, conejo vibrador y anillo para el pene todo en uno.<\/p>\n<p>Con ambos anillos envueltos y ajustados alrededor de su eje y las test\u00edculos, se puede complacer a su pareja y extender la diversi\u00f3n mientras disfruta de un masaje de pr\u00f3stata incre\u00edble.<\/p>\n<p>Elija entre cinco patrones de pulsaci\u00f3n y vea como las poderosas vibraciones activan las orejas del conejo. Dos balas micro impermeables envuelven las orejas de conejo en un frenes\u00ed, haciendo de este dispositivo reforzador de la erecci\u00f3n lo mejor para la pareja. A ella le encantar\u00e1n las vibraciones del cl\u00edtoris en forma de puntos del conejo que se burlan y agradan a su cl\u00edtoris, mientras \u00e9l disfruta de la estimulaci\u00f3n P-Spot.<\/p>\n<ul>\n<li>Di\u00e1metro Anillo para el pene: 3.4 cm<\/li>\n<li>Di\u00e1metro Anillo para los test\u00edculos: 2.8 cm<\/li>\n<li>Medidas del plug: 8.5 cm x 3 cm<\/li>\n<\/ul>\n<p>Funciona con 2 pilas AAA no incluidas.<\/p>\n<p>Incluye muestra de lubricante y limpiador de juguetes.<\/p>\n","protected":false},"excerpt":{"rendered":"<p>FANTASY C-RINGZ ASS-GASM VIBRATING RABBIT Fantasy C-ringz es la gama de anillos m\u00e1s completa. Su dise\u00f1o ha sido revisado para<\/p>\n","protected":false},"featured_media":44620,"comment_status":"open","ping_status":"open","template":"","meta":[],"product_cat":[338],"product_tag":[693,259],"class_list":["post-44619","product","type-product","status-publish","has-post-thumbnail","hentry","product_cat-silicona-plugs","product_tag-fantasy-c-ringz","product_tag-pipedream"],"bundled_by":[],"bundle_stock_status":"outofstock","bundle_stock_quantity":0,"bundle_virtual":false,"bundle_layout":"","bundle_add_to_cart_form_location":"","bundle_editable_in_cart":false,"bundle_sold_individually_context":"","bundle_item_grouping":"","bundle_min_size":"","bundle_max_size":"","bundled_items":[],"yoast_head":"<!-- This site is optimized with the Yoast SEO plugin v20.6 - https:\/\/yoast.com\/wordpress\/plugins\/seo\/ -->\n<title>FANTASY C-RINGZ CONEJITO VIBRADOR CON PLUG - Tienda Er\u00f3tica<\/title>\n<meta name=\"robots\" content=\"noindex, follow, max-snippet:-1, max-image-preview:large, max-video-preview:-1\" \/>\n<meta property=\"og:locale\" content=\"es_ES\" \/>\n<meta property=\"og:type\" content=\"article\" \/>\n<meta property=\"og:title\" content=\"FANTASY C-RINGZ CONEJITO VIBRADOR CON PLUG - Tienda Er\u00f3tica\" \/>\n<meta property=\"og:description\" content=\"FANTASY C-RINGZ ASS-GASM VIBRATING RABBIT Fantasy C-ringz es la gama de anillos m\u00e1s completa. Su dise\u00f1o ha sido revisado para\" \/>\n<meta property=\"og:url\" content=\"https:\/\/demoweb.info\/sexshop001\/producto\/fantasy-c-ringz-conejito-vibrador-con-plug\/\" \/>\n<meta property=\"og:site_name\" content=\"Tienda Er\u00f3tica\" \/>\n<meta property=\"article:modified_time\" content=\"2022-01-22T14:04:08+00:00\" \/>\n<meta property=\"og:image\" content=\"https:\/\/demoweb.info\/sexshop001\/wp-content\/uploads\/2022\/01\/FANTASY-C-RINGZ-CONEJITO-VIBRADOR-CON-PLUG.jpg\" \/>\n\t<meta property=\"og:image:width\" content=\"550\" \/>\n\t<meta property=\"og:image:height\" content=\"550\" \/>\n\t<meta property=\"og:image:type\" content=\"image\/jpeg\" \/>\n<meta name=\"twitter:card\" content=\"summary_large_image\" \/>\n<meta name=\"twitter:label1\" content=\"Tiempo de lectura\" \/>\n\t<meta name=\"twitter:data1\" content=\"1 minuto\" \/>\n<script type=\"application\/ld+json\" class=\"yoast-schema-graph\">{\"@context\":\"https:\/\/schema.org\",\"@graph\":[{\"@type\":\"WebPage\",\"@id\":\"https:\/\/demoweb.info\/sexshop001\/producto\/fantasy-c-ringz-conejito-vibrador-con-plug\/\",\"url\":\"https:\/\/demoweb.info\/sexshop001\/producto\/fantasy-c-ringz-conejito-vibrador-con-plug\/\",\"name\":\"FANTASY C-RINGZ CONEJITO VIBRADOR CON PLUG - Tienda Er\u00f3tica\",\"isPartOf\":{\"@id\":\"https:\/\/demoweb.info\/sexshop001\/#website\"},\"datePublished\":\"2022-01-22T14:04:06+00:00\",\"dateModified\":\"2022-01-22T14:04:08+00:00\",\"breadcrumb\":{\"@id\":\"https:\/\/demoweb.info\/sexshop001\/producto\/fantasy-c-ringz-conejito-vibrador-con-plug\/#breadcrumb\"},\"inLanguage\":\"es\",\"potentialAction\":[{\"@type\":\"ReadAction\",\"target\":[\"https:\/\/demoweb.info\/sexshop001\/producto\/fantasy-c-ringz-conejito-vibrador-con-plug\/\"]}]},{\"@type\":\"BreadcrumbList\",\"@id\":\"https:\/\/demoweb.info\/sexshop001\/producto\/fantasy-c-ringz-conejito-vibrador-con-plug\/#breadcrumb\",\"itemListElement\":[{\"@type\":\"ListItem\",\"position\":1,\"name\":\"Portada\",\"item\":\"https:\/\/demoweb.info\/sexshop001\/\"},{\"@type\":\"ListItem\",\"position\":2,\"name\":\"Tienda\",\"item\":\"https:\/\/demoweb.info\/sexshop001\/tienda\/\"},{\"@type\":\"ListItem\",\"position\":3,\"name\":\"FANTASY C-RINGZ CONEJITO VIBRADOR CON PLUG\"}]},{\"@type\":\"WebSite\",\"@id\":\"https:\/\/demoweb.info\/sexshop001\/#website\",\"url\":\"https:\/\/demoweb.info\/sexshop001\/\",\"name\":\"Tienda Er\u00f3tica\",\"description\":\"DEMOWEB SL\",\"potentialAction\":[{\"@type\":\"SearchAction\",\"target\":{\"@type\":\"EntryPoint\",\"urlTemplate\":\"https:\/\/demoweb.info\/sexshop001\/?s={search_term_string}\"},\"query-input\":\"required name=search_term_string\"}],\"inLanguage\":\"es\"}]}<\/script>\n<!-- \/ Yoast SEO plugin. -->","yoast_head_json":{"title":"FANTASY C-RINGZ CONEJITO VIBRADOR CON PLUG - Tienda Er\u00f3tica","robots":{"index":"noindex","follow":"follow","max-snippet":"max-snippet:-1","max-image-preview":"max-image-preview:large","max-video-preview":"max-video-preview:-1"},"og_locale":"es_ES","og_type":"article","og_title":"FANTASY C-RINGZ CONEJITO VIBRADOR CON PLUG - Tienda Er\u00f3tica","og_description":"FANTASY C-RINGZ ASS-GASM VIBRATING RABBIT Fantasy C-ringz es la gama de anillos m\u00e1s completa. Su dise\u00f1o ha sido revisado para","og_url":"https:\/\/demoweb.info\/sexshop001\/producto\/fantasy-c-ringz-conejito-vibrador-con-plug\/","og_site_name":"Tienda Er\u00f3tica","article_modified_time":"2022-01-22T14:04:08+00:00","og_image":[{"width":550,"height":550,"url":"https:\/\/demoweb.info\/sexshop001\/wp-content\/uploads\/2022\/01\/FANTASY-C-RINGZ-CONEJITO-VIBRADOR-CON-PLUG.jpg","type":"image\/jpeg"}],"twitter_card":"summary_large_image","twitter_misc":{"Tiempo de lectura":"1 minuto"},"schema":{"@context":"https:\/\/schema.org","@graph":[{"@type":"WebPage","@id":"https:\/\/demoweb.info\/sexshop001\/producto\/fantasy-c-ringz-conejito-vibrador-con-plug\/","url":"https:\/\/demoweb.info\/sexshop001\/producto\/fantasy-c-ringz-conejito-vibrador-con-plug\/","name":"FANTASY C-RINGZ CONEJITO VIBRADOR CON PLUG - Tienda Er\u00f3tica","isPartOf":{"@id":"https:\/\/demoweb.info\/sexshop001\/#website"},"datePublished":"2022-01-22T14:04:06+00:00","dateModified":"2022-01-22T14:04:08+00:00","breadcrumb":{"@id":"https:\/\/demoweb.info\/sexshop001\/producto\/fantasy-c-ringz-conejito-vibrador-con-plug\/#breadcrumb"},"inLanguage":"es","potentialAction":[{"@type":"ReadAction","target":["https:\/\/demoweb.info\/sexshop001\/producto\/fantasy-c-ringz-conejito-vibrador-con-plug\/"]}]},{"@type":"BreadcrumbList","@id":"https:\/\/demoweb.info\/sexshop001\/producto\/fantasy-c-ringz-conejito-vibrador-con-plug\/#breadcrumb","itemListElement":[{"@type":"ListItem","position":1,"name":"Portada","item":"https:\/\/demoweb.info\/sexshop001\/"},{"@type":"ListItem","position":2,"name":"Tienda","item":"https:\/\/demoweb.info\/sexshop001\/tienda\/"},{"@type":"ListItem","position":3,"name":"FANTASY C-RINGZ CONEJITO VIBRADOR CON PLUG"}]},{"@type":"WebSite","@id":"https:\/\/demoweb.info\/sexshop001\/#website","url":"https:\/\/demoweb.info\/sexshop001\/","name":"Tienda Er\u00f3tica","description":"DEMOWEB SL","potentialAction":[{"@type":"SearchAction","target":{"@type":"EntryPoint","urlTemplate":"https:\/\/demoweb.info\/sexshop001\/?s={search_term_string}"},"query-input":"required name=search_term_string"}],"inLanguage":"es"}]}},"_links":{"self":[{"href":"https:\/\/demoweb.info\/sexshop001\/wp-json\/wp\/v3\/product\/44619","targetHints":{"allow":["GET"]}}],"collection":[{"href":"https:\/\/demoweb.info\/sexshop001\/wp-json\/wp\/v3\/product"}],"about":[{"href":"https:\/\/demoweb.info\/sexshop001\/wp-json\/wp\/v2\/types\/product"}],"replies":[{"embeddable":true,"href":"https:\/\/demoweb.info\/sexshop001\/wp-json\/wp\/v2\/comments?post=44619"}],"wp:featuredmedia":[{"embeddable":true,"href":"https:\/\/demoweb.info\/sexshop001\/wp-json\/wp\/v2\/media\/44620"}],"wp:attachment":[{"href":"https:\/\/demoweb.info\/sexshop001\/wp-json\/wp\/v2\/media?parent=44619"}],"wp:term":[{"taxonomy":"product_cat","embeddable":true,"href":"https:\/\/demoweb.info\/sexshop001\/wp-json\/wp\/v2\/product_cat?post=44619"},{"taxonomy":"product_tag","embeddable":true,"href":"https:\/\/demoweb.info\/sexshop001\/wp-json\/wp\/v2\/product_tag?post=44619"}],"curies":[{"name":"wp","href":"https:\/\/api.w.org\/{rel}","templated":true}]}}