{"id":44615,"date":"2022-01-22T15:04:06","date_gmt":"2022-01-22T14:04:06","guid":{"rendered":"https:\/\/demoweb.info\/sexshop001\/producto\/fantasy-c-ringz-anillo-vibrador-conejito\/"},"modified":"2022-01-22T15:04:06","modified_gmt":"2022-01-22T14:04:06","slug":"fantasy-c-ringz-anillo-vibrador-conejito","status":"publish","type":"product","link":"https:\/\/demoweb.info\/sexshop001\/producto\/fantasy-c-ringz-anillo-vibrador-conejito\/","title":{"rendered":"FANTASY C-RINGZ ANILLO VIBRADOR CONEJITO"},"content":{"rendered":"<p><strong>FANTASY C-RINGZ WONDERFUL WABBIT<\/strong><\/p>\n<p><strong>Fantasy C-ringz<\/strong> es la gama de anillos m\u00e1s completa. Su dise\u00f1o ha sido revisado para estimular a la perfecci\u00f3n el pene y todos sus sentidos, cada uno ha sido dise\u00f1ado por un equipo de ingenieros de Pipedream.<\/p>\n<p><em>\u00a1Duplica el placer y la diversi\u00f3n, dos balas vibradoras son mejor que una sola!<\/em><\/p>\n<p>El vers\u00e1til anillo de parejas Wabbit es el potenciador definitivo de la erecci\u00f3n que funciona como un anillo para el pene, estimulador del cl\u00edtoris y tickler todo en uno. Una bala ofrece estimulaci\u00f3n del cl\u00edtoris con el aleteo de loas orejitas de conejo, y la otra palpita contra sus test\u00edculos para un zumbido emocionante. El ajustado anillo garantiza una erecci\u00f3n m\u00e1s dura y un placer prolongado para los dos.<\/p>\n<p>Fabricado en material TPR flexible, es libre de ftalatos y f\u00e1cil de usar. Elija la velocidad deseada desde el control remoto, las poderosas vibraciones har\u00e1n del sexo una experiencia incre\u00edble. \u00c9l va a durar m\u00e1s tiempo y disfrutar\u00e1 de un cosquilleo de leng\u00fceta abajo, mientras ella disfruta de la excitante estimulaci\u00f3n del cl\u00edtoris.<\/p>\n<p>Di\u00e1metro: 2.6 cm<\/p>\n<p>Funciona con 2 pilas AA no incluidas.<\/p>\n<p>Incluye muestra de lubricante y limpiador de juguetes.<\/p>\n","protected":false},"excerpt":{"rendered":"<p>FANTASY C-RINGZ WONDERFUL WABBIT Fantasy C-ringz es la gama de anillos m\u00e1s completa. Su dise\u00f1o ha sido revisado para estimular<\/p>\n","protected":false},"featured_media":44616,"comment_status":"open","ping_status":"open","template":"","meta":[],"product_cat":[438],"product_tag":[693,259],"class_list":["post-44615","product","type-product","status-publish","has-post-thumbnail","hentry","product_cat-con-vibrador-anillos","product_tag-fantasy-c-ringz","product_tag-pipedream"],"bundled_by":[],"bundle_stock_status":"instock","bundle_stock_quantity":2,"bundle_virtual":false,"bundle_layout":"","bundle_add_to_cart_form_location":"","bundle_editable_in_cart":false,"bundle_sold_individually_context":"","bundle_item_grouping":"","bundle_min_size":"","bundle_max_size":"","bundled_items":[],"yoast_head":"<!-- This site is optimized with the Yoast SEO plugin v20.6 - https:\/\/yoast.com\/wordpress\/plugins\/seo\/ -->\n<title>FANTASY C-RINGZ ANILLO VIBRADOR CONEJITO - Tienda Er\u00f3tica<\/title>\n<meta name=\"robots\" content=\"noindex, follow, max-snippet:-1, max-image-preview:large, max-video-preview:-1\" \/>\n<meta property=\"og:locale\" content=\"es_ES\" \/>\n<meta property=\"og:type\" content=\"article\" \/>\n<meta property=\"og:title\" content=\"FANTASY C-RINGZ ANILLO VIBRADOR CONEJITO - Tienda Er\u00f3tica\" \/>\n<meta property=\"og:description\" content=\"FANTASY C-RINGZ WONDERFUL WABBIT Fantasy C-ringz es la gama de anillos m\u00e1s completa. Su dise\u00f1o ha sido revisado para estimular\" \/>\n<meta property=\"og:url\" content=\"https:\/\/demoweb.info\/sexshop001\/producto\/fantasy-c-ringz-anillo-vibrador-conejito\/\" \/>\n<meta property=\"og:site_name\" content=\"Tienda Er\u00f3tica\" \/>\n<meta property=\"og:image\" content=\"https:\/\/demoweb.info\/sexshop001\/wp-content\/uploads\/2022\/01\/FANTASY-C-RINGZ-ANILLO-VIBRADOR-CONEJITO.jpg\" \/>\n\t<meta property=\"og:image:width\" content=\"550\" \/>\n\t<meta property=\"og:image:height\" content=\"550\" \/>\n\t<meta property=\"og:image:type\" content=\"image\/jpeg\" \/>\n<meta name=\"twitter:card\" content=\"summary_large_image\" \/>\n<meta name=\"twitter:label1\" content=\"Tiempo de lectura\" \/>\n\t<meta name=\"twitter:data1\" content=\"1 minuto\" \/>\n<script type=\"application\/ld+json\" class=\"yoast-schema-graph\">{\"@context\":\"https:\/\/schema.org\",\"@graph\":[{\"@type\":\"WebPage\",\"@id\":\"https:\/\/demoweb.info\/sexshop001\/producto\/fantasy-c-ringz-anillo-vibrador-conejito\/\",\"url\":\"https:\/\/demoweb.info\/sexshop001\/producto\/fantasy-c-ringz-anillo-vibrador-conejito\/\",\"name\":\"FANTASY C-RINGZ ANILLO VIBRADOR CONEJITO - Tienda Er\u00f3tica\",\"isPartOf\":{\"@id\":\"https:\/\/demoweb.info\/sexshop001\/#website\"},\"datePublished\":\"2022-01-22T14:04:06+00:00\",\"dateModified\":\"2022-01-22T14:04:06+00:00\",\"breadcrumb\":{\"@id\":\"https:\/\/demoweb.info\/sexshop001\/producto\/fantasy-c-ringz-anillo-vibrador-conejito\/#breadcrumb\"},\"inLanguage\":\"es\",\"potentialAction\":[{\"@type\":\"ReadAction\",\"target\":[\"https:\/\/demoweb.info\/sexshop001\/producto\/fantasy-c-ringz-anillo-vibrador-conejito\/\"]}]},{\"@type\":\"BreadcrumbList\",\"@id\":\"https:\/\/demoweb.info\/sexshop001\/producto\/fantasy-c-ringz-anillo-vibrador-conejito\/#breadcrumb\",\"itemListElement\":[{\"@type\":\"ListItem\",\"position\":1,\"name\":\"Portada\",\"item\":\"https:\/\/demoweb.info\/sexshop001\/\"},{\"@type\":\"ListItem\",\"position\":2,\"name\":\"Tienda\",\"item\":\"https:\/\/demoweb.info\/sexshop001\/tienda\/\"},{\"@type\":\"ListItem\",\"position\":3,\"name\":\"FANTASY C-RINGZ ANILLO VIBRADOR CONEJITO\"}]},{\"@type\":\"WebSite\",\"@id\":\"https:\/\/demoweb.info\/sexshop001\/#website\",\"url\":\"https:\/\/demoweb.info\/sexshop001\/\",\"name\":\"Tienda Er\u00f3tica\",\"description\":\"DEMOWEB SL\",\"potentialAction\":[{\"@type\":\"SearchAction\",\"target\":{\"@type\":\"EntryPoint\",\"urlTemplate\":\"https:\/\/demoweb.info\/sexshop001\/?s={search_term_string}\"},\"query-input\":\"required name=search_term_string\"}],\"inLanguage\":\"es\"}]}<\/script>\n<!-- \/ Yoast SEO plugin. -->","yoast_head_json":{"title":"FANTASY C-RINGZ ANILLO VIBRADOR CONEJITO - Tienda Er\u00f3tica","robots":{"index":"noindex","follow":"follow","max-snippet":"max-snippet:-1","max-image-preview":"max-image-preview:large","max-video-preview":"max-video-preview:-1"},"og_locale":"es_ES","og_type":"article","og_title":"FANTASY C-RINGZ ANILLO VIBRADOR CONEJITO - Tienda Er\u00f3tica","og_description":"FANTASY C-RINGZ WONDERFUL WABBIT Fantasy C-ringz es la gama de anillos m\u00e1s completa. Su dise\u00f1o ha sido revisado para estimular","og_url":"https:\/\/demoweb.info\/sexshop001\/producto\/fantasy-c-ringz-anillo-vibrador-conejito\/","og_site_name":"Tienda Er\u00f3tica","og_image":[{"width":550,"height":550,"url":"https:\/\/demoweb.info\/sexshop001\/wp-content\/uploads\/2022\/01\/FANTASY-C-RINGZ-ANILLO-VIBRADOR-CONEJITO.jpg","type":"image\/jpeg"}],"twitter_card":"summary_large_image","twitter_misc":{"Tiempo de lectura":"1 minuto"},"schema":{"@context":"https:\/\/schema.org","@graph":[{"@type":"WebPage","@id":"https:\/\/demoweb.info\/sexshop001\/producto\/fantasy-c-ringz-anillo-vibrador-conejito\/","url":"https:\/\/demoweb.info\/sexshop001\/producto\/fantasy-c-ringz-anillo-vibrador-conejito\/","name":"FANTASY C-RINGZ ANILLO VIBRADOR CONEJITO - Tienda Er\u00f3tica","isPartOf":{"@id":"https:\/\/demoweb.info\/sexshop001\/#website"},"datePublished":"2022-01-22T14:04:06+00:00","dateModified":"2022-01-22T14:04:06+00:00","breadcrumb":{"@id":"https:\/\/demoweb.info\/sexshop001\/producto\/fantasy-c-ringz-anillo-vibrador-conejito\/#breadcrumb"},"inLanguage":"es","potentialAction":[{"@type":"ReadAction","target":["https:\/\/demoweb.info\/sexshop001\/producto\/fantasy-c-ringz-anillo-vibrador-conejito\/"]}]},{"@type":"BreadcrumbList","@id":"https:\/\/demoweb.info\/sexshop001\/producto\/fantasy-c-ringz-anillo-vibrador-conejito\/#breadcrumb","itemListElement":[{"@type":"ListItem","position":1,"name":"Portada","item":"https:\/\/demoweb.info\/sexshop001\/"},{"@type":"ListItem","position":2,"name":"Tienda","item":"https:\/\/demoweb.info\/sexshop001\/tienda\/"},{"@type":"ListItem","position":3,"name":"FANTASY C-RINGZ ANILLO VIBRADOR CONEJITO"}]},{"@type":"WebSite","@id":"https:\/\/demoweb.info\/sexshop001\/#website","url":"https:\/\/demoweb.info\/sexshop001\/","name":"Tienda Er\u00f3tica","description":"DEMOWEB SL","potentialAction":[{"@type":"SearchAction","target":{"@type":"EntryPoint","urlTemplate":"https:\/\/demoweb.info\/sexshop001\/?s={search_term_string}"},"query-input":"required name=search_term_string"}],"inLanguage":"es"}]}},"_links":{"self":[{"href":"https:\/\/demoweb.info\/sexshop001\/wp-json\/wp\/v3\/product\/44615","targetHints":{"allow":["GET"]}}],"collection":[{"href":"https:\/\/demoweb.info\/sexshop001\/wp-json\/wp\/v3\/product"}],"about":[{"href":"https:\/\/demoweb.info\/sexshop001\/wp-json\/wp\/v2\/types\/product"}],"replies":[{"embeddable":true,"href":"https:\/\/demoweb.info\/sexshop001\/wp-json\/wp\/v2\/comments?post=44615"}],"wp:featuredmedia":[{"embeddable":true,"href":"https:\/\/demoweb.info\/sexshop001\/wp-json\/wp\/v2\/media\/44616"}],"wp:attachment":[{"href":"https:\/\/demoweb.info\/sexshop001\/wp-json\/wp\/v2\/media?parent=44615"}],"wp:term":[{"taxonomy":"product_cat","embeddable":true,"href":"https:\/\/demoweb.info\/sexshop001\/wp-json\/wp\/v2\/product_cat?post=44615"},{"taxonomy":"product_tag","embeddable":true,"href":"https:\/\/demoweb.info\/sexshop001\/wp-json\/wp\/v2\/product_tag?post=44615"}],"curies":[{"name":"wp","href":"https:\/\/api.w.org\/{rel}","templated":true}]}}