{"id":44603,"date":"2022-01-22T15:03:43","date_gmt":"2022-01-22T14:03:43","guid":{"rendered":"https:\/\/demoweb.info\/sexshop001\/producto\/fantasy-c-ringz-anillo-doble-con-vibracion\/"},"modified":"2022-01-22T15:03:57","modified_gmt":"2022-01-22T14:03:57","slug":"fantasy-c-ringz-anillo-doble-con-vibracion","status":"publish","type":"product","link":"https:\/\/demoweb.info\/sexshop001\/producto\/fantasy-c-ringz-anillo-doble-con-vibracion\/","title":{"rendered":"FANTASY C-RINGZ ANILLO DOBLE CON VIBRACI\u00d3N"},"content":{"rendered":"<p><strong>FANTASY C-RINGZ VIBRATING PROLONG PERFORMANCE<\/strong><\/p>\n<p><strong>Fantasy C-ringz<\/strong> es la gama de anillos m\u00e1s completa. Su dise\u00f1o ha sido revisado para estimular a la perfecci\u00f3n el pene y todos sus sentidos, cada uno ha sido dise\u00f1ado por un equipo de ingenieros de Pipedream.<\/p>\n<p>Descubre el anillo incre\u00edble de nivel profesional que proporciona a su pareja en el control total de la diversi\u00f3n. \u00c9l va a disfrutar de erecciones m\u00e1s gruesas y plenas, eyaculaciones prolongadas y un aumento general en su confianza. A ella le encantar\u00e1n las excitantes vibraciones y la resistencia aumentada. Ambos podr\u00e9is disfrutar de las m\u00e1s potentes vibraciones tan solo pulsando un bot\u00f3n.<\/p>\n<p>Fabricado con silicona de alta calidad, libre de ftalatos este anillo se coloca f\u00e1cilmente para proporcionarle el m\u00e1ximo confort. Pruebe los dos anillos coloc\u00e1ndolos detr\u00e1s de todo su paquete para un ajuste extra.<\/p>\n<ul>\n<li>Di\u00e1metro anillo peque\u00f1o: 2.5 cm<\/li>\n<li>Di\u00e1mtero anillo grande: 4.3 cm<\/li>\n<\/ul>\n<p>Funciona con 3 pilas LR44 incluidas.<\/p>\n<p>Incluye muestra de lubricante y limpiador de juguetes.<\/p>\n","protected":false},"excerpt":{"rendered":"<p>FANTASY C-RINGZ VIBRATING PROLONG PERFORMANCE Fantasy C-ringz es la gama de anillos m\u00e1s completa. Su dise\u00f1o ha sido revisado para<\/p>\n","protected":false},"featured_media":44604,"comment_status":"open","ping_status":"open","template":"","meta":[],"product_cat":[438],"product_tag":[693,259],"class_list":["post-44603","product","type-product","status-publish","has-post-thumbnail","hentry","product_cat-con-vibrador-anillos","product_tag-fantasy-c-ringz","product_tag-pipedream"],"bundled_by":[],"bundle_stock_status":"instock","bundle_stock_quantity":3,"bundle_virtual":false,"bundle_layout":"","bundle_add_to_cart_form_location":"","bundle_editable_in_cart":false,"bundle_sold_individually_context":"","bundle_item_grouping":"","bundle_min_size":"","bundle_max_size":"","bundled_items":[],"yoast_head":"<!-- This site is optimized with the Yoast SEO plugin v20.6 - https:\/\/yoast.com\/wordpress\/plugins\/seo\/ -->\n<title>FANTASY C-RINGZ ANILLO DOBLE CON VIBRACI\u00d3N - Tienda Er\u00f3tica<\/title>\n<meta name=\"robots\" content=\"noindex, follow, max-snippet:-1, max-image-preview:large, max-video-preview:-1\" \/>\n<meta property=\"og:locale\" content=\"es_ES\" \/>\n<meta property=\"og:type\" content=\"article\" \/>\n<meta property=\"og:title\" content=\"FANTASY C-RINGZ ANILLO DOBLE CON VIBRACI\u00d3N - Tienda Er\u00f3tica\" \/>\n<meta property=\"og:description\" content=\"FANTASY C-RINGZ VIBRATING PROLONG PERFORMANCE Fantasy C-ringz es la gama de anillos m\u00e1s completa. Su dise\u00f1o ha sido revisado para\" \/>\n<meta property=\"og:url\" content=\"https:\/\/demoweb.info\/sexshop001\/producto\/fantasy-c-ringz-anillo-doble-con-vibracion\/\" \/>\n<meta property=\"og:site_name\" content=\"Tienda Er\u00f3tica\" \/>\n<meta property=\"article:modified_time\" content=\"2022-01-22T14:03:57+00:00\" \/>\n<meta property=\"og:image\" content=\"https:\/\/demoweb.info\/sexshop001\/wp-content\/uploads\/2022\/01\/FANTASY-C-RINGZ-ANILLO-DOBLE-CON-VIBRACION.jpg\" \/>\n\t<meta property=\"og:image:width\" content=\"550\" \/>\n\t<meta property=\"og:image:height\" content=\"550\" \/>\n\t<meta property=\"og:image:type\" content=\"image\/jpeg\" \/>\n<meta name=\"twitter:card\" content=\"summary_large_image\" \/>\n<meta name=\"twitter:label1\" content=\"Tiempo de lectura\" \/>\n\t<meta name=\"twitter:data1\" content=\"1 minuto\" \/>\n<script type=\"application\/ld+json\" class=\"yoast-schema-graph\">{\"@context\":\"https:\/\/schema.org\",\"@graph\":[{\"@type\":\"WebPage\",\"@id\":\"https:\/\/demoweb.info\/sexshop001\/producto\/fantasy-c-ringz-anillo-doble-con-vibracion\/\",\"url\":\"https:\/\/demoweb.info\/sexshop001\/producto\/fantasy-c-ringz-anillo-doble-con-vibracion\/\",\"name\":\"FANTASY C-RINGZ ANILLO DOBLE CON VIBRACI\u00d3N - Tienda Er\u00f3tica\",\"isPartOf\":{\"@id\":\"https:\/\/demoweb.info\/sexshop001\/#website\"},\"datePublished\":\"2022-01-22T14:03:43+00:00\",\"dateModified\":\"2022-01-22T14:03:57+00:00\",\"breadcrumb\":{\"@id\":\"https:\/\/demoweb.info\/sexshop001\/producto\/fantasy-c-ringz-anillo-doble-con-vibracion\/#breadcrumb\"},\"inLanguage\":\"es\",\"potentialAction\":[{\"@type\":\"ReadAction\",\"target\":[\"https:\/\/demoweb.info\/sexshop001\/producto\/fantasy-c-ringz-anillo-doble-con-vibracion\/\"]}]},{\"@type\":\"BreadcrumbList\",\"@id\":\"https:\/\/demoweb.info\/sexshop001\/producto\/fantasy-c-ringz-anillo-doble-con-vibracion\/#breadcrumb\",\"itemListElement\":[{\"@type\":\"ListItem\",\"position\":1,\"name\":\"Portada\",\"item\":\"https:\/\/demoweb.info\/sexshop001\/\"},{\"@type\":\"ListItem\",\"position\":2,\"name\":\"Tienda\",\"item\":\"https:\/\/demoweb.info\/sexshop001\/tienda\/\"},{\"@type\":\"ListItem\",\"position\":3,\"name\":\"FANTASY C-RINGZ ANILLO DOBLE CON VIBRACI\u00d3N\"}]},{\"@type\":\"WebSite\",\"@id\":\"https:\/\/demoweb.info\/sexshop001\/#website\",\"url\":\"https:\/\/demoweb.info\/sexshop001\/\",\"name\":\"Tienda Er\u00f3tica\",\"description\":\"DEMOWEB SL\",\"potentialAction\":[{\"@type\":\"SearchAction\",\"target\":{\"@type\":\"EntryPoint\",\"urlTemplate\":\"https:\/\/demoweb.info\/sexshop001\/?s={search_term_string}\"},\"query-input\":\"required name=search_term_string\"}],\"inLanguage\":\"es\"}]}<\/script>\n<!-- \/ Yoast SEO plugin. -->","yoast_head_json":{"title":"FANTASY C-RINGZ ANILLO DOBLE CON VIBRACI\u00d3N - Tienda Er\u00f3tica","robots":{"index":"noindex","follow":"follow","max-snippet":"max-snippet:-1","max-image-preview":"max-image-preview:large","max-video-preview":"max-video-preview:-1"},"og_locale":"es_ES","og_type":"article","og_title":"FANTASY C-RINGZ ANILLO DOBLE CON VIBRACI\u00d3N - Tienda Er\u00f3tica","og_description":"FANTASY C-RINGZ VIBRATING PROLONG PERFORMANCE Fantasy C-ringz es la gama de anillos m\u00e1s completa. Su dise\u00f1o ha sido revisado para","og_url":"https:\/\/demoweb.info\/sexshop001\/producto\/fantasy-c-ringz-anillo-doble-con-vibracion\/","og_site_name":"Tienda Er\u00f3tica","article_modified_time":"2022-01-22T14:03:57+00:00","og_image":[{"width":550,"height":550,"url":"https:\/\/demoweb.info\/sexshop001\/wp-content\/uploads\/2022\/01\/FANTASY-C-RINGZ-ANILLO-DOBLE-CON-VIBRACION.jpg","type":"image\/jpeg"}],"twitter_card":"summary_large_image","twitter_misc":{"Tiempo de lectura":"1 minuto"},"schema":{"@context":"https:\/\/schema.org","@graph":[{"@type":"WebPage","@id":"https:\/\/demoweb.info\/sexshop001\/producto\/fantasy-c-ringz-anillo-doble-con-vibracion\/","url":"https:\/\/demoweb.info\/sexshop001\/producto\/fantasy-c-ringz-anillo-doble-con-vibracion\/","name":"FANTASY C-RINGZ ANILLO DOBLE CON VIBRACI\u00d3N - Tienda Er\u00f3tica","isPartOf":{"@id":"https:\/\/demoweb.info\/sexshop001\/#website"},"datePublished":"2022-01-22T14:03:43+00:00","dateModified":"2022-01-22T14:03:57+00:00","breadcrumb":{"@id":"https:\/\/demoweb.info\/sexshop001\/producto\/fantasy-c-ringz-anillo-doble-con-vibracion\/#breadcrumb"},"inLanguage":"es","potentialAction":[{"@type":"ReadAction","target":["https:\/\/demoweb.info\/sexshop001\/producto\/fantasy-c-ringz-anillo-doble-con-vibracion\/"]}]},{"@type":"BreadcrumbList","@id":"https:\/\/demoweb.info\/sexshop001\/producto\/fantasy-c-ringz-anillo-doble-con-vibracion\/#breadcrumb","itemListElement":[{"@type":"ListItem","position":1,"name":"Portada","item":"https:\/\/demoweb.info\/sexshop001\/"},{"@type":"ListItem","position":2,"name":"Tienda","item":"https:\/\/demoweb.info\/sexshop001\/tienda\/"},{"@type":"ListItem","position":3,"name":"FANTASY C-RINGZ ANILLO DOBLE CON VIBRACI\u00d3N"}]},{"@type":"WebSite","@id":"https:\/\/demoweb.info\/sexshop001\/#website","url":"https:\/\/demoweb.info\/sexshop001\/","name":"Tienda Er\u00f3tica","description":"DEMOWEB SL","potentialAction":[{"@type":"SearchAction","target":{"@type":"EntryPoint","urlTemplate":"https:\/\/demoweb.info\/sexshop001\/?s={search_term_string}"},"query-input":"required name=search_term_string"}],"inLanguage":"es"}]}},"_links":{"self":[{"href":"https:\/\/demoweb.info\/sexshop001\/wp-json\/wp\/v3\/product\/44603","targetHints":{"allow":["GET"]}}],"collection":[{"href":"https:\/\/demoweb.info\/sexshop001\/wp-json\/wp\/v3\/product"}],"about":[{"href":"https:\/\/demoweb.info\/sexshop001\/wp-json\/wp\/v2\/types\/product"}],"replies":[{"embeddable":true,"href":"https:\/\/demoweb.info\/sexshop001\/wp-json\/wp\/v2\/comments?post=44603"}],"wp:featuredmedia":[{"embeddable":true,"href":"https:\/\/demoweb.info\/sexshop001\/wp-json\/wp\/v2\/media\/44604"}],"wp:attachment":[{"href":"https:\/\/demoweb.info\/sexshop001\/wp-json\/wp\/v2\/media?parent=44603"}],"wp:term":[{"taxonomy":"product_cat","embeddable":true,"href":"https:\/\/demoweb.info\/sexshop001\/wp-json\/wp\/v2\/product_cat?post=44603"},{"taxonomy":"product_tag","embeddable":true,"href":"https:\/\/demoweb.info\/sexshop001\/wp-json\/wp\/v2\/product_tag?post=44603"}],"curies":[{"name":"wp","href":"https:\/\/api.w.org\/{rel}","templated":true}]}}