{"id":44581,"date":"2022-01-22T15:03:43","date_gmt":"2022-01-22T14:03:43","guid":{"rendered":"https:\/\/demoweb.info\/sexshop001\/producto\/fantasy-c-ringz-pene-con-anillo-vibrador-de-silicona\/"},"modified":"2022-01-22T15:03:43","modified_gmt":"2022-01-22T14:03:43","slug":"fantasy-c-ringz-pene-con-anillo-vibrador-de-silicona","status":"publish","type":"product","link":"https:\/\/demoweb.info\/sexshop001\/producto\/fantasy-c-ringz-pene-con-anillo-vibrador-de-silicona\/","title":{"rendered":"FANTASY C-RINGZ PENE CON ANILLO VIBRADOR DE SILICONA"},"content":{"rendered":"<p><strong>FANTASY C-RINGZ SILICONE DOUBLE PENE RABBIT<\/strong><\/p>\n<p><strong>Fantasy C-ringz<\/strong> es la gama de anillos m\u00e1s completa. Su dise\u00f1o ha sido revisado para estimular a la perfecci\u00f3n el pene y todos sus sentidos, cada uno ha sido dise\u00f1ado por un equipo de ingenieros de Pipedream.<\/p>\n<p>Su calidad es extrema, potenciar\u00e1s la erecci\u00f3n y conseguir\u00e1s retardar la eyaculaci\u00f3n .<\/p>\n<p><span style=&quot;font-size:11px&quot;><strong>FANTASY C-RINGZ SILICONE DOUBLE PENE RABBIT<\/strong> <\/span>est\u00e1 orientado a la pareja. \u00bfTe gustan los trios? \u00bfquieres experimentar? \u00a1Este juguete te permitir\u00e1 una triple estimulaci\u00f3n! Penetraci\u00f3n vaginal, anal y estimulaci\u00f3n clitorial, fabricado en silicona de m\u00e1xima calidad, tacto suave, confortable y una potente vibraci\u00f3n.. Cierra los ojos e imaginatelo en el acto.. \u00a1el trio se har\u00e1 una realidad!<\/p>\n<p>Fantasy silicone incorpora un dildo tiene 17.8 cm de largo x 2.5 cm de ancho, adem\u00e1s dispone de vibrador a trav\u00e9s de la bala vibradora extraible. Incorpora tambi\u00e9n un potente estimulador clitoriano.<\/p>\n<ul>\n<li>Coloca un anillo en la base del pene y a la vez que penetras introduce el otro dildo anal.<\/li>\n<li>Dos balas vibradoras ultra potentes.<\/li>\n<li>Fabricado 100% en Silicona Elite y Balas en Abs muy confortable.<\/li>\n<li>Se ajusta a todos los tama\u00f1os de Pene.<\/li>\n<li>Funciona con 2 pilas AAA (No incluidas).<\/li>\n<\/ul>\n<p>Incluye muestra de lubricante y limpiador de juguetes.<\/p>\n","protected":false},"excerpt":{"rendered":"<p>FANTASY C-RINGZ SILICONE DOUBLE PENE RABBIT Fantasy C-ringz es la gama de anillos m\u00e1s completa. Su dise\u00f1o ha sido revisado<\/p>\n","protected":false},"featured_media":44582,"comment_status":"open","ping_status":"open","template":"","meta":[],"product_cat":[438],"product_tag":[693,259],"class_list":["post-44581","product","type-product","status-publish","has-post-thumbnail","hentry","product_cat-con-vibrador-anillos","product_tag-fantasy-c-ringz","product_tag-pipedream"],"bundled_by":[],"bundle_stock_status":"outofstock","bundle_stock_quantity":0,"bundle_virtual":false,"bundle_layout":"","bundle_add_to_cart_form_location":"","bundle_editable_in_cart":false,"bundle_sold_individually_context":"","bundle_item_grouping":"","bundle_min_size":"","bundle_max_size":"","bundled_items":[],"yoast_head":"<!-- This site is optimized with the Yoast SEO plugin v20.6 - https:\/\/yoast.com\/wordpress\/plugins\/seo\/ -->\n<title>FANTASY C-RINGZ PENE CON ANILLO VIBRADOR DE SILICONA - Tienda Er\u00f3tica<\/title>\n<meta name=\"robots\" content=\"noindex, follow, max-snippet:-1, max-image-preview:large, max-video-preview:-1\" \/>\n<meta property=\"og:locale\" content=\"es_ES\" \/>\n<meta property=\"og:type\" content=\"article\" \/>\n<meta property=\"og:title\" content=\"FANTASY C-RINGZ PENE CON ANILLO VIBRADOR DE SILICONA - Tienda Er\u00f3tica\" \/>\n<meta property=\"og:description\" content=\"FANTASY C-RINGZ SILICONE DOUBLE PENE RABBIT Fantasy C-ringz es la gama de anillos m\u00e1s completa. Su dise\u00f1o ha sido revisado\" \/>\n<meta property=\"og:url\" content=\"https:\/\/demoweb.info\/sexshop001\/producto\/fantasy-c-ringz-pene-con-anillo-vibrador-de-silicona\/\" \/>\n<meta property=\"og:site_name\" content=\"Tienda Er\u00f3tica\" \/>\n<meta property=\"og:image\" content=\"https:\/\/demoweb.info\/sexshop001\/wp-content\/uploads\/2022\/01\/FANTASY-C-RINGZ-PENE-CON-ANILLO-VIBRADOR-DE-SILICONA.jpg\" \/>\n\t<meta property=\"og:image:width\" content=\"550\" \/>\n\t<meta property=\"og:image:height\" content=\"550\" \/>\n\t<meta property=\"og:image:type\" content=\"image\/jpeg\" \/>\n<meta name=\"twitter:card\" content=\"summary_large_image\" \/>\n<meta name=\"twitter:label1\" content=\"Tiempo de lectura\" \/>\n\t<meta name=\"twitter:data1\" content=\"1 minuto\" \/>\n<script type=\"application\/ld+json\" class=\"yoast-schema-graph\">{\"@context\":\"https:\/\/schema.org\",\"@graph\":[{\"@type\":\"WebPage\",\"@id\":\"https:\/\/demoweb.info\/sexshop001\/producto\/fantasy-c-ringz-pene-con-anillo-vibrador-de-silicona\/\",\"url\":\"https:\/\/demoweb.info\/sexshop001\/producto\/fantasy-c-ringz-pene-con-anillo-vibrador-de-silicona\/\",\"name\":\"FANTASY C-RINGZ PENE CON ANILLO VIBRADOR DE SILICONA - Tienda Er\u00f3tica\",\"isPartOf\":{\"@id\":\"https:\/\/demoweb.info\/sexshop001\/#website\"},\"datePublished\":\"2022-01-22T14:03:43+00:00\",\"dateModified\":\"2022-01-22T14:03:43+00:00\",\"breadcrumb\":{\"@id\":\"https:\/\/demoweb.info\/sexshop001\/producto\/fantasy-c-ringz-pene-con-anillo-vibrador-de-silicona\/#breadcrumb\"},\"inLanguage\":\"es\",\"potentialAction\":[{\"@type\":\"ReadAction\",\"target\":[\"https:\/\/demoweb.info\/sexshop001\/producto\/fantasy-c-ringz-pene-con-anillo-vibrador-de-silicona\/\"]}]},{\"@type\":\"BreadcrumbList\",\"@id\":\"https:\/\/demoweb.info\/sexshop001\/producto\/fantasy-c-ringz-pene-con-anillo-vibrador-de-silicona\/#breadcrumb\",\"itemListElement\":[{\"@type\":\"ListItem\",\"position\":1,\"name\":\"Portada\",\"item\":\"https:\/\/demoweb.info\/sexshop001\/\"},{\"@type\":\"ListItem\",\"position\":2,\"name\":\"Tienda\",\"item\":\"https:\/\/demoweb.info\/sexshop001\/tienda\/\"},{\"@type\":\"ListItem\",\"position\":3,\"name\":\"FANTASY C-RINGZ PENE CON ANILLO VIBRADOR DE SILICONA\"}]},{\"@type\":\"WebSite\",\"@id\":\"https:\/\/demoweb.info\/sexshop001\/#website\",\"url\":\"https:\/\/demoweb.info\/sexshop001\/\",\"name\":\"Tienda Er\u00f3tica\",\"description\":\"DEMOWEB SL\",\"potentialAction\":[{\"@type\":\"SearchAction\",\"target\":{\"@type\":\"EntryPoint\",\"urlTemplate\":\"https:\/\/demoweb.info\/sexshop001\/?s={search_term_string}\"},\"query-input\":\"required name=search_term_string\"}],\"inLanguage\":\"es\"}]}<\/script>\n<!-- \/ Yoast SEO plugin. -->","yoast_head_json":{"title":"FANTASY C-RINGZ PENE CON ANILLO VIBRADOR DE SILICONA - Tienda Er\u00f3tica","robots":{"index":"noindex","follow":"follow","max-snippet":"max-snippet:-1","max-image-preview":"max-image-preview:large","max-video-preview":"max-video-preview:-1"},"og_locale":"es_ES","og_type":"article","og_title":"FANTASY C-RINGZ PENE CON ANILLO VIBRADOR DE SILICONA - Tienda Er\u00f3tica","og_description":"FANTASY C-RINGZ SILICONE DOUBLE PENE RABBIT Fantasy C-ringz es la gama de anillos m\u00e1s completa. Su dise\u00f1o ha sido revisado","og_url":"https:\/\/demoweb.info\/sexshop001\/producto\/fantasy-c-ringz-pene-con-anillo-vibrador-de-silicona\/","og_site_name":"Tienda Er\u00f3tica","og_image":[{"width":550,"height":550,"url":"https:\/\/demoweb.info\/sexshop001\/wp-content\/uploads\/2022\/01\/FANTASY-C-RINGZ-PENE-CON-ANILLO-VIBRADOR-DE-SILICONA.jpg","type":"image\/jpeg"}],"twitter_card":"summary_large_image","twitter_misc":{"Tiempo de lectura":"1 minuto"},"schema":{"@context":"https:\/\/schema.org","@graph":[{"@type":"WebPage","@id":"https:\/\/demoweb.info\/sexshop001\/producto\/fantasy-c-ringz-pene-con-anillo-vibrador-de-silicona\/","url":"https:\/\/demoweb.info\/sexshop001\/producto\/fantasy-c-ringz-pene-con-anillo-vibrador-de-silicona\/","name":"FANTASY C-RINGZ PENE CON ANILLO VIBRADOR DE SILICONA - Tienda Er\u00f3tica","isPartOf":{"@id":"https:\/\/demoweb.info\/sexshop001\/#website"},"datePublished":"2022-01-22T14:03:43+00:00","dateModified":"2022-01-22T14:03:43+00:00","breadcrumb":{"@id":"https:\/\/demoweb.info\/sexshop001\/producto\/fantasy-c-ringz-pene-con-anillo-vibrador-de-silicona\/#breadcrumb"},"inLanguage":"es","potentialAction":[{"@type":"ReadAction","target":["https:\/\/demoweb.info\/sexshop001\/producto\/fantasy-c-ringz-pene-con-anillo-vibrador-de-silicona\/"]}]},{"@type":"BreadcrumbList","@id":"https:\/\/demoweb.info\/sexshop001\/producto\/fantasy-c-ringz-pene-con-anillo-vibrador-de-silicona\/#breadcrumb","itemListElement":[{"@type":"ListItem","position":1,"name":"Portada","item":"https:\/\/demoweb.info\/sexshop001\/"},{"@type":"ListItem","position":2,"name":"Tienda","item":"https:\/\/demoweb.info\/sexshop001\/tienda\/"},{"@type":"ListItem","position":3,"name":"FANTASY C-RINGZ PENE CON ANILLO VIBRADOR DE SILICONA"}]},{"@type":"WebSite","@id":"https:\/\/demoweb.info\/sexshop001\/#website","url":"https:\/\/demoweb.info\/sexshop001\/","name":"Tienda Er\u00f3tica","description":"DEMOWEB SL","potentialAction":[{"@type":"SearchAction","target":{"@type":"EntryPoint","urlTemplate":"https:\/\/demoweb.info\/sexshop001\/?s={search_term_string}"},"query-input":"required name=search_term_string"}],"inLanguage":"es"}]}},"_links":{"self":[{"href":"https:\/\/demoweb.info\/sexshop001\/wp-json\/wp\/v3\/product\/44581","targetHints":{"allow":["GET"]}}],"collection":[{"href":"https:\/\/demoweb.info\/sexshop001\/wp-json\/wp\/v3\/product"}],"about":[{"href":"https:\/\/demoweb.info\/sexshop001\/wp-json\/wp\/v2\/types\/product"}],"replies":[{"embeddable":true,"href":"https:\/\/demoweb.info\/sexshop001\/wp-json\/wp\/v2\/comments?post=44581"}],"wp:featuredmedia":[{"embeddable":true,"href":"https:\/\/demoweb.info\/sexshop001\/wp-json\/wp\/v2\/media\/44582"}],"wp:attachment":[{"href":"https:\/\/demoweb.info\/sexshop001\/wp-json\/wp\/v2\/media?parent=44581"}],"wp:term":[{"taxonomy":"product_cat","embeddable":true,"href":"https:\/\/demoweb.info\/sexshop001\/wp-json\/wp\/v2\/product_cat?post=44581"},{"taxonomy":"product_tag","embeddable":true,"href":"https:\/\/demoweb.info\/sexshop001\/wp-json\/wp\/v2\/product_tag?post=44581"}],"curies":[{"name":"wp","href":"https:\/\/api.w.org\/{rel}","templated":true}]}}