{"id":44577,"date":"2022-01-22T15:03:19","date_gmt":"2022-01-22T14:03:19","guid":{"rendered":"https:\/\/demoweb.info\/sexshop001\/producto\/fantasy-c-ringz-anillo-vibrador-doble-penetracion\/"},"modified":"2022-01-22T15:03:39","modified_gmt":"2022-01-22T14:03:39","slug":"fantasy-c-ringz-anillo-vibrador-doble-penetracion","status":"publish","type":"product","link":"https:\/\/demoweb.info\/sexshop001\/producto\/fantasy-c-ringz-anillo-vibrador-doble-penetracion\/","title":{"rendered":"FANTASY C-RINGZ ANILLO VIBRADOR DOBLE PENETRACI\u00d3N"},"content":{"rendered":"<p><strong>FANTASY C-RINGZ POSABLE PARTNER DOUBLE PENE<\/strong><\/p>\n<p><strong>Fantasy C-ringz<\/strong> es la gama de anillos m\u00e1s completa. Su dise\u00f1o ha sido revisado para estimular a la perfecci\u00f3n el pene y todos sus sentidos, cada uno ha sido dise\u00f1ado por un equipo de ingenieros de Pipedream.<\/p>\n<p>Fabricado en silicona de alta calidad, libre de ftalatos, este penetrador cuenta con un estimulador de silicona flexible que se mantiene en cualquier posici\u00f3n. El anillo para el pene de silicona el\u00e1stica pone un parche en las decepciones de rendimiento, mientras que el excitador de cuentas suave proporciona una estimulaci\u00f3n adicional durante la doble penetraci\u00f3n. Se puede utilizar por v\u00eda vaginal o analmente con resultados igualmente sorprendentes.<\/p>\n<p>Medidas Insertables: 14 cm x 3 cm<\/p>\n<p>Funciona con 3 pilas LR44 incluidas.<\/p>\n<p>Incluye muestra de lubricante y limpiador de juguetes.<\/p>\n","protected":false},"excerpt":{"rendered":"<p>FANTASY C-RINGZ POSABLE PARTNER DOUBLE PENE Fantasy C-ringz es la gama de anillos m\u00e1s completa. Su dise\u00f1o ha sido revisado<\/p>\n","protected":false},"featured_media":44578,"comment_status":"open","ping_status":"open","template":"","meta":[],"product_cat":[295],"product_tag":[693,259],"class_list":["post-44577","product","type-product","status-publish","has-post-thumbnail","hentry","product_cat-vibradores-plugs","product_tag-fantasy-c-ringz","product_tag-pipedream"],"bundled_by":[],"bundle_stock_status":"instock","bundle_stock_quantity":6,"bundle_virtual":false,"bundle_layout":"","bundle_add_to_cart_form_location":"","bundle_editable_in_cart":false,"bundle_sold_individually_context":"","bundle_item_grouping":"","bundle_min_size":"","bundle_max_size":"","bundled_items":[],"yoast_head":"<!-- This site is optimized with the Yoast SEO plugin v20.6 - https:\/\/yoast.com\/wordpress\/plugins\/seo\/ -->\n<title>FANTASY C-RINGZ ANILLO VIBRADOR DOBLE PENETRACI\u00d3N - Tienda Er\u00f3tica<\/title>\n<meta name=\"robots\" content=\"noindex, follow, max-snippet:-1, max-image-preview:large, max-video-preview:-1\" \/>\n<meta property=\"og:locale\" content=\"es_ES\" \/>\n<meta property=\"og:type\" content=\"article\" \/>\n<meta property=\"og:title\" content=\"FANTASY C-RINGZ ANILLO VIBRADOR DOBLE PENETRACI\u00d3N - Tienda Er\u00f3tica\" \/>\n<meta property=\"og:description\" content=\"FANTASY C-RINGZ POSABLE PARTNER DOUBLE PENE Fantasy C-ringz es la gama de anillos m\u00e1s completa. Su dise\u00f1o ha sido revisado\" \/>\n<meta property=\"og:url\" content=\"https:\/\/demoweb.info\/sexshop001\/producto\/fantasy-c-ringz-anillo-vibrador-doble-penetracion\/\" \/>\n<meta property=\"og:site_name\" content=\"Tienda Er\u00f3tica\" \/>\n<meta property=\"article:modified_time\" content=\"2022-01-22T14:03:39+00:00\" \/>\n<meta property=\"og:image\" content=\"https:\/\/demoweb.info\/sexshop001\/wp-content\/uploads\/2022\/01\/FANTASY-C-RINGZ-ANILLO-VIBRADOR-DOBLE-PENETRACION.jpg\" \/>\n\t<meta property=\"og:image:width\" content=\"550\" \/>\n\t<meta property=\"og:image:height\" content=\"550\" \/>\n\t<meta property=\"og:image:type\" content=\"image\/jpeg\" \/>\n<meta name=\"twitter:card\" content=\"summary_large_image\" \/>\n<meta name=\"twitter:label1\" content=\"Tiempo de lectura\" \/>\n\t<meta name=\"twitter:data1\" content=\"1 minuto\" \/>\n<script type=\"application\/ld+json\" class=\"yoast-schema-graph\">{\"@context\":\"https:\/\/schema.org\",\"@graph\":[{\"@type\":\"WebPage\",\"@id\":\"https:\/\/demoweb.info\/sexshop001\/producto\/fantasy-c-ringz-anillo-vibrador-doble-penetracion\/\",\"url\":\"https:\/\/demoweb.info\/sexshop001\/producto\/fantasy-c-ringz-anillo-vibrador-doble-penetracion\/\",\"name\":\"FANTASY C-RINGZ ANILLO VIBRADOR DOBLE PENETRACI\u00d3N - Tienda Er\u00f3tica\",\"isPartOf\":{\"@id\":\"https:\/\/demoweb.info\/sexshop001\/#website\"},\"datePublished\":\"2022-01-22T14:03:19+00:00\",\"dateModified\":\"2022-01-22T14:03:39+00:00\",\"breadcrumb\":{\"@id\":\"https:\/\/demoweb.info\/sexshop001\/producto\/fantasy-c-ringz-anillo-vibrador-doble-penetracion\/#breadcrumb\"},\"inLanguage\":\"es\",\"potentialAction\":[{\"@type\":\"ReadAction\",\"target\":[\"https:\/\/demoweb.info\/sexshop001\/producto\/fantasy-c-ringz-anillo-vibrador-doble-penetracion\/\"]}]},{\"@type\":\"BreadcrumbList\",\"@id\":\"https:\/\/demoweb.info\/sexshop001\/producto\/fantasy-c-ringz-anillo-vibrador-doble-penetracion\/#breadcrumb\",\"itemListElement\":[{\"@type\":\"ListItem\",\"position\":1,\"name\":\"Portada\",\"item\":\"https:\/\/demoweb.info\/sexshop001\/\"},{\"@type\":\"ListItem\",\"position\":2,\"name\":\"Tienda\",\"item\":\"https:\/\/demoweb.info\/sexshop001\/tienda\/\"},{\"@type\":\"ListItem\",\"position\":3,\"name\":\"FANTASY C-RINGZ ANILLO VIBRADOR DOBLE PENETRACI\u00d3N\"}]},{\"@type\":\"WebSite\",\"@id\":\"https:\/\/demoweb.info\/sexshop001\/#website\",\"url\":\"https:\/\/demoweb.info\/sexshop001\/\",\"name\":\"Tienda Er\u00f3tica\",\"description\":\"DEMOWEB SL\",\"potentialAction\":[{\"@type\":\"SearchAction\",\"target\":{\"@type\":\"EntryPoint\",\"urlTemplate\":\"https:\/\/demoweb.info\/sexshop001\/?s={search_term_string}\"},\"query-input\":\"required name=search_term_string\"}],\"inLanguage\":\"es\"}]}<\/script>\n<!-- \/ Yoast SEO plugin. -->","yoast_head_json":{"title":"FANTASY C-RINGZ ANILLO VIBRADOR DOBLE PENETRACI\u00d3N - Tienda Er\u00f3tica","robots":{"index":"noindex","follow":"follow","max-snippet":"max-snippet:-1","max-image-preview":"max-image-preview:large","max-video-preview":"max-video-preview:-1"},"og_locale":"es_ES","og_type":"article","og_title":"FANTASY C-RINGZ ANILLO VIBRADOR DOBLE PENETRACI\u00d3N - Tienda Er\u00f3tica","og_description":"FANTASY C-RINGZ POSABLE PARTNER DOUBLE PENE Fantasy C-ringz es la gama de anillos m\u00e1s completa. Su dise\u00f1o ha sido revisado","og_url":"https:\/\/demoweb.info\/sexshop001\/producto\/fantasy-c-ringz-anillo-vibrador-doble-penetracion\/","og_site_name":"Tienda Er\u00f3tica","article_modified_time":"2022-01-22T14:03:39+00:00","og_image":[{"width":550,"height":550,"url":"https:\/\/demoweb.info\/sexshop001\/wp-content\/uploads\/2022\/01\/FANTASY-C-RINGZ-ANILLO-VIBRADOR-DOBLE-PENETRACION.jpg","type":"image\/jpeg"}],"twitter_card":"summary_large_image","twitter_misc":{"Tiempo de lectura":"1 minuto"},"schema":{"@context":"https:\/\/schema.org","@graph":[{"@type":"WebPage","@id":"https:\/\/demoweb.info\/sexshop001\/producto\/fantasy-c-ringz-anillo-vibrador-doble-penetracion\/","url":"https:\/\/demoweb.info\/sexshop001\/producto\/fantasy-c-ringz-anillo-vibrador-doble-penetracion\/","name":"FANTASY C-RINGZ ANILLO VIBRADOR DOBLE PENETRACI\u00d3N - Tienda Er\u00f3tica","isPartOf":{"@id":"https:\/\/demoweb.info\/sexshop001\/#website"},"datePublished":"2022-01-22T14:03:19+00:00","dateModified":"2022-01-22T14:03:39+00:00","breadcrumb":{"@id":"https:\/\/demoweb.info\/sexshop001\/producto\/fantasy-c-ringz-anillo-vibrador-doble-penetracion\/#breadcrumb"},"inLanguage":"es","potentialAction":[{"@type":"ReadAction","target":["https:\/\/demoweb.info\/sexshop001\/producto\/fantasy-c-ringz-anillo-vibrador-doble-penetracion\/"]}]},{"@type":"BreadcrumbList","@id":"https:\/\/demoweb.info\/sexshop001\/producto\/fantasy-c-ringz-anillo-vibrador-doble-penetracion\/#breadcrumb","itemListElement":[{"@type":"ListItem","position":1,"name":"Portada","item":"https:\/\/demoweb.info\/sexshop001\/"},{"@type":"ListItem","position":2,"name":"Tienda","item":"https:\/\/demoweb.info\/sexshop001\/tienda\/"},{"@type":"ListItem","position":3,"name":"FANTASY C-RINGZ ANILLO VIBRADOR DOBLE PENETRACI\u00d3N"}]},{"@type":"WebSite","@id":"https:\/\/demoweb.info\/sexshop001\/#website","url":"https:\/\/demoweb.info\/sexshop001\/","name":"Tienda Er\u00f3tica","description":"DEMOWEB SL","potentialAction":[{"@type":"SearchAction","target":{"@type":"EntryPoint","urlTemplate":"https:\/\/demoweb.info\/sexshop001\/?s={search_term_string}"},"query-input":"required name=search_term_string"}],"inLanguage":"es"}]}},"_links":{"self":[{"href":"https:\/\/demoweb.info\/sexshop001\/wp-json\/wp\/v3\/product\/44577","targetHints":{"allow":["GET"]}}],"collection":[{"href":"https:\/\/demoweb.info\/sexshop001\/wp-json\/wp\/v3\/product"}],"about":[{"href":"https:\/\/demoweb.info\/sexshop001\/wp-json\/wp\/v2\/types\/product"}],"replies":[{"embeddable":true,"href":"https:\/\/demoweb.info\/sexshop001\/wp-json\/wp\/v2\/comments?post=44577"}],"wp:featuredmedia":[{"embeddable":true,"href":"https:\/\/demoweb.info\/sexshop001\/wp-json\/wp\/v2\/media\/44578"}],"wp:attachment":[{"href":"https:\/\/demoweb.info\/sexshop001\/wp-json\/wp\/v2\/media?parent=44577"}],"wp:term":[{"taxonomy":"product_cat","embeddable":true,"href":"https:\/\/demoweb.info\/sexshop001\/wp-json\/wp\/v2\/product_cat?post=44577"},{"taxonomy":"product_tag","embeddable":true,"href":"https:\/\/demoweb.info\/sexshop001\/wp-json\/wp\/v2\/product_tag?post=44577"}],"curies":[{"name":"wp","href":"https:\/\/api.w.org\/{rel}","templated":true}]}}