{"id":44572,"date":"2022-01-22T15:03:19","date_gmt":"2022-01-22T14:03:19","guid":{"rendered":"https:\/\/demoweb.info\/sexshop001\/producto\/king-cock-pene-eyaculador-carne-9-cm\/"},"modified":"2022-01-22T15:03:36","modified_gmt":"2022-01-22T14:03:36","slug":"king-cock-pene-eyaculador-carne-9-cm","status":"publish","type":"product","link":"https:\/\/demoweb.info\/sexshop001\/producto\/king-cock-pene-eyaculador-carne-9-cm\/","title":{"rendered":"KING COCK PENE EYACULADOR CARNE 9 CM"},"content":{"rendered":"<p><strong>KING COCK SQUIRTING COCK &#8211; FLESH 9<\/strong><\/p>\n<p>Este Rey Cock Squirter es ultra-realista y va a satisfacer todos tus antojos de cum-play! Esculpida con incre\u00edble atenci\u00f3n al detalle y con un exclusivo Jugo Jizzle apret\u00f3n de bulbo, el Rey Cock Squirterses uno de los consoladores m\u00e1s satisfactorios en el mercado! Cada Rey Cock Squirter es libre de ftalatos, libre de l\u00e1tex, de cuerpo fuerte, hipoalerg\u00e9nica, y orgullosamente hecho en los EE.UU.<\/p>\n<p>Medidas Insertables: 18.4 cm x5 cm<\/p>\n","protected":false},"excerpt":{"rendered":"<p>KING COCK SQUIRTING COCK &#8211; FLESH 9 Este Rey Cock Squirter es ultra-realista y va a satisfacer todos tus antojos<\/p>\n","protected":false},"featured_media":44573,"comment_status":"open","ping_status":"open","template":"","meta":[],"product_cat":[1243],"product_tag":[489,259],"class_list":["post-44572","product","type-product","status-publish","has-post-thumbnail","hentry","product_cat-eyaculadores","product_tag-king-cock","product_tag-pipedream"],"bundled_by":[],"bundle_stock_status":"instock","bundle_stock_quantity":3,"bundle_virtual":false,"bundle_layout":"","bundle_add_to_cart_form_location":"","bundle_editable_in_cart":false,"bundle_sold_individually_context":"","bundle_item_grouping":"","bundle_min_size":"","bundle_max_size":"","bundled_items":[],"yoast_head":"<!-- This site is optimized with the Yoast SEO plugin v20.6 - https:\/\/yoast.com\/wordpress\/plugins\/seo\/ -->\n<title>KING COCK PENE EYACULADOR CARNE 9 CM - Tienda Er\u00f3tica<\/title>\n<meta name=\"robots\" content=\"noindex, follow, max-snippet:-1, max-image-preview:large, max-video-preview:-1\" \/>\n<meta property=\"og:locale\" content=\"es_ES\" \/>\n<meta property=\"og:type\" content=\"article\" \/>\n<meta property=\"og:title\" content=\"KING COCK PENE EYACULADOR CARNE 9 CM - Tienda Er\u00f3tica\" \/>\n<meta property=\"og:description\" content=\"KING COCK SQUIRTING COCK &#8211; FLESH 9 Este Rey Cock Squirter es ultra-realista y va a satisfacer todos tus antojos\" \/>\n<meta property=\"og:url\" content=\"https:\/\/demoweb.info\/sexshop001\/producto\/king-cock-pene-eyaculador-carne-9-cm\/\" \/>\n<meta property=\"og:site_name\" content=\"Tienda Er\u00f3tica\" \/>\n<meta property=\"article:modified_time\" content=\"2022-01-22T14:03:36+00:00\" \/>\n<meta property=\"og:image\" content=\"https:\/\/demoweb.info\/sexshop001\/wp-content\/uploads\/2022\/01\/KING-COCK-PENE-EYACULADOR-CARNE-9-CM.jpg\" \/>\n\t<meta property=\"og:image:width\" content=\"550\" \/>\n\t<meta property=\"og:image:height\" content=\"550\" \/>\n\t<meta property=\"og:image:type\" content=\"image\/jpeg\" \/>\n<meta name=\"twitter:card\" content=\"summary_large_image\" \/>\n<script type=\"application\/ld+json\" class=\"yoast-schema-graph\">{\"@context\":\"https:\/\/schema.org\",\"@graph\":[{\"@type\":\"WebPage\",\"@id\":\"https:\/\/demoweb.info\/sexshop001\/producto\/king-cock-pene-eyaculador-carne-9-cm\/\",\"url\":\"https:\/\/demoweb.info\/sexshop001\/producto\/king-cock-pene-eyaculador-carne-9-cm\/\",\"name\":\"KING COCK PENE EYACULADOR CARNE 9 CM - Tienda Er\u00f3tica\",\"isPartOf\":{\"@id\":\"https:\/\/demoweb.info\/sexshop001\/#website\"},\"datePublished\":\"2022-01-22T14:03:19+00:00\",\"dateModified\":\"2022-01-22T14:03:36+00:00\",\"breadcrumb\":{\"@id\":\"https:\/\/demoweb.info\/sexshop001\/producto\/king-cock-pene-eyaculador-carne-9-cm\/#breadcrumb\"},\"inLanguage\":\"es\",\"potentialAction\":[{\"@type\":\"ReadAction\",\"target\":[\"https:\/\/demoweb.info\/sexshop001\/producto\/king-cock-pene-eyaculador-carne-9-cm\/\"]}]},{\"@type\":\"BreadcrumbList\",\"@id\":\"https:\/\/demoweb.info\/sexshop001\/producto\/king-cock-pene-eyaculador-carne-9-cm\/#breadcrumb\",\"itemListElement\":[{\"@type\":\"ListItem\",\"position\":1,\"name\":\"Portada\",\"item\":\"https:\/\/demoweb.info\/sexshop001\/\"},{\"@type\":\"ListItem\",\"position\":2,\"name\":\"Tienda\",\"item\":\"https:\/\/demoweb.info\/sexshop001\/tienda\/\"},{\"@type\":\"ListItem\",\"position\":3,\"name\":\"KING COCK PENE EYACULADOR CARNE 9 CM\"}]},{\"@type\":\"WebSite\",\"@id\":\"https:\/\/demoweb.info\/sexshop001\/#website\",\"url\":\"https:\/\/demoweb.info\/sexshop001\/\",\"name\":\"Tienda Er\u00f3tica\",\"description\":\"DEMOWEB SL\",\"potentialAction\":[{\"@type\":\"SearchAction\",\"target\":{\"@type\":\"EntryPoint\",\"urlTemplate\":\"https:\/\/demoweb.info\/sexshop001\/?s={search_term_string}\"},\"query-input\":\"required name=search_term_string\"}],\"inLanguage\":\"es\"}]}<\/script>\n<!-- \/ Yoast SEO plugin. -->","yoast_head_json":{"title":"KING COCK PENE EYACULADOR CARNE 9 CM - Tienda Er\u00f3tica","robots":{"index":"noindex","follow":"follow","max-snippet":"max-snippet:-1","max-image-preview":"max-image-preview:large","max-video-preview":"max-video-preview:-1"},"og_locale":"es_ES","og_type":"article","og_title":"KING COCK PENE EYACULADOR CARNE 9 CM - Tienda Er\u00f3tica","og_description":"KING COCK SQUIRTING COCK &#8211; FLESH 9 Este Rey Cock Squirter es ultra-realista y va a satisfacer todos tus antojos","og_url":"https:\/\/demoweb.info\/sexshop001\/producto\/king-cock-pene-eyaculador-carne-9-cm\/","og_site_name":"Tienda Er\u00f3tica","article_modified_time":"2022-01-22T14:03:36+00:00","og_image":[{"width":550,"height":550,"url":"https:\/\/demoweb.info\/sexshop001\/wp-content\/uploads\/2022\/01\/KING-COCK-PENE-EYACULADOR-CARNE-9-CM.jpg","type":"image\/jpeg"}],"twitter_card":"summary_large_image","schema":{"@context":"https:\/\/schema.org","@graph":[{"@type":"WebPage","@id":"https:\/\/demoweb.info\/sexshop001\/producto\/king-cock-pene-eyaculador-carne-9-cm\/","url":"https:\/\/demoweb.info\/sexshop001\/producto\/king-cock-pene-eyaculador-carne-9-cm\/","name":"KING COCK PENE EYACULADOR CARNE 9 CM - Tienda Er\u00f3tica","isPartOf":{"@id":"https:\/\/demoweb.info\/sexshop001\/#website"},"datePublished":"2022-01-22T14:03:19+00:00","dateModified":"2022-01-22T14:03:36+00:00","breadcrumb":{"@id":"https:\/\/demoweb.info\/sexshop001\/producto\/king-cock-pene-eyaculador-carne-9-cm\/#breadcrumb"},"inLanguage":"es","potentialAction":[{"@type":"ReadAction","target":["https:\/\/demoweb.info\/sexshop001\/producto\/king-cock-pene-eyaculador-carne-9-cm\/"]}]},{"@type":"BreadcrumbList","@id":"https:\/\/demoweb.info\/sexshop001\/producto\/king-cock-pene-eyaculador-carne-9-cm\/#breadcrumb","itemListElement":[{"@type":"ListItem","position":1,"name":"Portada","item":"https:\/\/demoweb.info\/sexshop001\/"},{"@type":"ListItem","position":2,"name":"Tienda","item":"https:\/\/demoweb.info\/sexshop001\/tienda\/"},{"@type":"ListItem","position":3,"name":"KING COCK PENE EYACULADOR CARNE 9 CM"}]},{"@type":"WebSite","@id":"https:\/\/demoweb.info\/sexshop001\/#website","url":"https:\/\/demoweb.info\/sexshop001\/","name":"Tienda Er\u00f3tica","description":"DEMOWEB SL","potentialAction":[{"@type":"SearchAction","target":{"@type":"EntryPoint","urlTemplate":"https:\/\/demoweb.info\/sexshop001\/?s={search_term_string}"},"query-input":"required name=search_term_string"}],"inLanguage":"es"}]}},"_links":{"self":[{"href":"https:\/\/demoweb.info\/sexshop001\/wp-json\/wp\/v3\/product\/44572","targetHints":{"allow":["GET"]}}],"collection":[{"href":"https:\/\/demoweb.info\/sexshop001\/wp-json\/wp\/v3\/product"}],"about":[{"href":"https:\/\/demoweb.info\/sexshop001\/wp-json\/wp\/v2\/types\/product"}],"replies":[{"embeddable":true,"href":"https:\/\/demoweb.info\/sexshop001\/wp-json\/wp\/v2\/comments?post=44572"}],"wp:featuredmedia":[{"embeddable":true,"href":"https:\/\/demoweb.info\/sexshop001\/wp-json\/wp\/v2\/media\/44573"}],"wp:attachment":[{"href":"https:\/\/demoweb.info\/sexshop001\/wp-json\/wp\/v2\/media?parent=44572"}],"wp:term":[{"taxonomy":"product_cat","embeddable":true,"href":"https:\/\/demoweb.info\/sexshop001\/wp-json\/wp\/v2\/product_cat?post=44572"},{"taxonomy":"product_tag","embeddable":true,"href":"https:\/\/demoweb.info\/sexshop001\/wp-json\/wp\/v2\/product_tag?post=44572"}],"curies":[{"name":"wp","href":"https:\/\/api.w.org\/{rel}","templated":true}]}}